{"id":919,"date":"2022-07-11T16:45:16","date_gmt":"2022-07-11T14:45:16","guid":{"rendered":"https:\/\/konyha.app\/?post_type=product&#038;p=919"},"modified":"2025-07-30T15:25:32","modified_gmt":"2025-07-30T13:25:32","slug":"sult-burgonya-szalmakrumpli-koret-nasi-finom","status":"publish","type":"product","link":"https:\/\/minifry.app\/ro\/product\/sult-burgonya-szalmakrumpli-koret-nasi-finom\/","title":{"rendered":"Cartofi pr\u0103ji\u021bi"},"content":{"rendered":"<p>Cartofii pr\u0103ji\u021bi clasici, fie c\u0103 sunt rotunzi sau \u00een form\u0103 de barc\u0103, sunt printre cele mai apreciate garnituri din meniul restaurantelor de tip fast-food! Un lucru este sigur: cartofii proasp\u0103t pr\u0103ji\u021bi \u0219i crocan\u021bi sunt savura\u021bi de toat\u0103 lumea, indiferent de forma lor!<\/p>\n<p>\u00cencearc\u0103 Sosurile al\u0103turi de ei!<\/p>\n<p>&nbsp;<\/p>","protected":false},"excerpt":{"rendered":"<p><strong data-start=\"83\" data-end=\"130\">\u201eCartofi pr\u0103ji\u021bi \u2013 simpli, dar de ne\u00eenvins!\u201d<\/strong><br data-start=\"130\" data-end=\"133\" \/>Varia\u021biuni de cartofi pr\u0103ji\u021bi aurii \u0219i crocante, care sunt perfect aromate la fiecare mu\u0219c\u0103tur\u0103 \u0219i crocante la exterior, iar la interior moi. Cel mai bun \u00eenso\u021bitor pentru orice fel de m\u00e2ncare!<\/p>","protected":false},"featured_media":1420,"template":"","meta":[],"product_brand":[],"product_cat":[158],"product_tag":[262,84,75,105,263,258],"class_list":{"0":"post-919","1":"product","2":"type-product","3":"status-publish","4":"has-post-thumbnail","6":"product_cat-koretek-hu","7":"product_tag-csonakburgonya","8":"product_tag-friss","9":"product_tag-gyorsetelek","10":"product_tag-hasabburgonya","11":"product_tag-kerekburgonya","12":"product_tag-puha","14":"first","15":"instock","16":"shipping-taxable","17":"purchasable","18":"product-type-simple"},"yoast_head":"<!-- This site is optimized with the Yoast SEO plugin v24.5 - https:\/\/yoast.com\/wordpress\/plugins\/seo\/ -->\n<title>S\u00fclt burgonya - minifry.app<\/title>\n<meta name=\"description\" content=\"S\u00fclt burgonya vari\u00e1ci\u00f3k, amelyek aranybarn\u00e1ra vannak s\u00fctve, k\u00edv\u00fcl roppan\u00f3sak, bel\u00fcl puh\u00e1k. M\u00e1rtogat\u00f3sokkal vagy \u00f6n\u00e1ll\u00f3an, mindig a legjobb v\u00e1laszt\u00e1s!\" \/>\n<meta name=\"robots\" content=\"index, follow, max-snippet:-1, max-image-preview:large, max-video-preview:-1\" \/>\n<link rel=\"canonical\" href=\"https:\/\/minifry.app\/ro\/product\/sult-burgonya-szalmakrumpli-koret-nasi-finom\/\" \/>\n<meta property=\"og:locale\" content=\"ro_RO\" \/>\n<meta property=\"og:type\" content=\"article\" \/>\n<meta property=\"og:title\" content=\"S\u00fclt burgonya - minifry.app\" \/>\n<meta property=\"og:description\" content=\"S\u00fclt burgonya vari\u00e1ci\u00f3k, amelyek aranybarn\u00e1ra vannak s\u00fctve, k\u00edv\u00fcl roppan\u00f3sak, bel\u00fcl puh\u00e1k. M\u00e1rtogat\u00f3sokkal vagy \u00f6n\u00e1ll\u00f3an, mindig a legjobb v\u00e1laszt\u00e1s!\" \/>\n<meta property=\"og:url\" content=\"https:\/\/minifry.app\/ro\/product\/sult-burgonya-szalmakrumpli-koret-nasi-finom\/\" \/>\n<meta property=\"og:site_name\" content=\"minifry.app\" \/>\n<meta property=\"article:modified_time\" content=\"2025-07-30T13:25:32+00:00\" \/>\n<meta property=\"og:image\" content=\"https:\/\/minifry.app\/wp-content\/uploads\/2022\/07\/sult-burgonya.png\" \/>\n\t<meta property=\"og:image:width\" content=\"441\" \/>\n\t<meta property=\"og:image:height\" content=\"441\" \/>\n\t<meta property=\"og:image:type\" content=\"image\/png\" \/>\n<meta name=\"twitter:card\" content=\"summary_large_image\" \/>\n<meta name=\"twitter:label1\" content=\"Timp estimat pentru citire\" \/>\n\t<meta name=\"twitter:data1\" content=\"1 minut\" \/>\n<script type=\"application\/ld+json\" class=\"yoast-schema-graph\">{\"@context\":\"https:\/\/schema.org\",\"@graph\":[{\"@type\":\"WebPage\",\"@id\":\"https:\/\/minifry.app\/product\/sult-burgonya-szalmakrumpli-koret-nasi-finom\/\",\"url\":\"https:\/\/minifry.app\/product\/sult-burgonya-szalmakrumpli-koret-nasi-finom\/\",\"name\":\"S\u00fclt burgonya - minifry.app\",\"isPartOf\":{\"@id\":\"https:\/\/minifry.app\/#website\"},\"primaryImageOfPage\":{\"@id\":\"https:\/\/minifry.app\/product\/sult-burgonya-szalmakrumpli-koret-nasi-finom\/#primaryimage\"},\"image\":{\"@id\":\"https:\/\/minifry.app\/product\/sult-burgonya-szalmakrumpli-koret-nasi-finom\/#primaryimage\"},\"thumbnailUrl\":\"https:\/\/minifry.app\/wp-content\/uploads\/2022\/07\/sult-burgonya.png\",\"datePublished\":\"2022-07-11T14:45:16+00:00\",\"dateModified\":\"2025-07-30T13:25:32+00:00\",\"description\":\"S\u00fclt burgonya vari\u00e1ci\u00f3k, amelyek aranybarn\u00e1ra vannak s\u00fctve, k\u00edv\u00fcl roppan\u00f3sak, bel\u00fcl puh\u00e1k. M\u00e1rtogat\u00f3sokkal vagy \u00f6n\u00e1ll\u00f3an, mindig a legjobb v\u00e1laszt\u00e1s!\",\"breadcrumb\":{\"@id\":\"https:\/\/minifry.app\/product\/sult-burgonya-szalmakrumpli-koret-nasi-finom\/#breadcrumb\"},\"inLanguage\":\"ro-RO\",\"potentialAction\":[{\"@type\":\"ReadAction\",\"target\":[\"https:\/\/minifry.app\/product\/sult-burgonya-szalmakrumpli-koret-nasi-finom\/\"]}]},{\"@type\":\"ImageObject\",\"inLanguage\":\"ro-RO\",\"@id\":\"https:\/\/minifry.app\/product\/sult-burgonya-szalmakrumpli-koret-nasi-finom\/#primaryimage\",\"url\":\"https:\/\/minifry.app\/wp-content\/uploads\/2022\/07\/sult-burgonya.png\",\"contentUrl\":\"https:\/\/minifry.app\/wp-content\/uploads\/2022\/07\/sult-burgonya.png\",\"width\":441,\"height\":441,\"caption\":\"s\u00fclt burgonya cs\u00f3nakburgonya klasszikus burgonya kerek burgonya finom friss puha minifry.app\"},{\"@type\":\"BreadcrumbList\",\"@id\":\"https:\/\/minifry.app\/product\/sult-burgonya-szalmakrumpli-koret-nasi-finom\/#breadcrumb\",\"itemListElement\":[{\"@type\":\"ListItem\",\"position\":1,\"name\":\"Kezd\u0151lap\",\"item\":\"https:\/\/minifry.app\/\"},{\"@type\":\"ListItem\",\"position\":2,\"name\":\"K\u00edn\u00e1latunk\",\"item\":\"https:\/\/minifry.app\/shop\/\"},{\"@type\":\"ListItem\",\"position\":3,\"name\":\"S\u00fclt burgonya\"}]},{\"@type\":\"WebSite\",\"@id\":\"https:\/\/minifry.app\/#website\",\"url\":\"https:\/\/minifry.app\/\",\"name\":\"minifry.app\",\"description\":\"\",\"publisher\":{\"@id\":\"https:\/\/minifry.app\/#organization\"},\"potentialAction\":[{\"@type\":\"SearchAction\",\"target\":{\"@type\":\"EntryPoint\",\"urlTemplate\":\"https:\/\/minifry.app\/?s={search_term_string}\"},\"query-input\":{\"@type\":\"PropertyValueSpecification\",\"valueRequired\":true,\"valueName\":\"search_term_string\"}}],\"inLanguage\":\"ro-RO\"},{\"@type\":\"Organization\",\"@id\":\"https:\/\/minifry.app\/#organization\",\"name\":\"DBVCORP SRL\",\"url\":\"https:\/\/minifry.app\/\",\"logo\":{\"@type\":\"ImageObject\",\"inLanguage\":\"ro-RO\",\"@id\":\"https:\/\/minifry.app\/#\/schema\/logo\/image\/\",\"url\":\"https:\/\/minifry.app\/wp-content\/uploads\/2025\/03\/cropped-logo-uj-20-x-15-cm-20-x-10-cm-masolata_20250314_103645_0000.png\",\"contentUrl\":\"https:\/\/minifry.app\/wp-content\/uploads\/2025\/03\/cropped-logo-uj-20-x-15-cm-20-x-10-cm-masolata_20250314_103645_0000.png\",\"width\":1992,\"height\":674,\"caption\":\"DBVCORP SRL\"},\"image\":{\"@id\":\"https:\/\/minifry.app\/#\/schema\/logo\/image\/\"}}]}<\/script>\n<!-- \/ Yoast SEO plugin. -->","yoast_head_json":{"title":"S\u00fclt burgonya - minifry.app","description":"S\u00fclt burgonya vari\u00e1ci\u00f3k, amelyek aranybarn\u00e1ra vannak s\u00fctve, k\u00edv\u00fcl roppan\u00f3sak, bel\u00fcl puh\u00e1k. M\u00e1rtogat\u00f3sokkal vagy \u00f6n\u00e1ll\u00f3an, mindig a legjobb v\u00e1laszt\u00e1s!","robots":{"index":"index","follow":"follow","max-snippet":"max-snippet:-1","max-image-preview":"max-image-preview:large","max-video-preview":"max-video-preview:-1"},"canonical":"https:\/\/minifry.app\/ro\/product\/sult-burgonya-szalmakrumpli-koret-nasi-finom\/","og_locale":"ro_RO","og_type":"article","og_title":"S\u00fclt burgonya - minifry.app","og_description":"S\u00fclt burgonya vari\u00e1ci\u00f3k, amelyek aranybarn\u00e1ra vannak s\u00fctve, k\u00edv\u00fcl roppan\u00f3sak, bel\u00fcl puh\u00e1k. M\u00e1rtogat\u00f3sokkal vagy \u00f6n\u00e1ll\u00f3an, mindig a legjobb v\u00e1laszt\u00e1s!","og_url":"https:\/\/minifry.app\/ro\/product\/sult-burgonya-szalmakrumpli-koret-nasi-finom\/","og_site_name":"minifry.app","article_modified_time":"2025-07-30T13:25:32+00:00","og_image":[{"width":441,"height":441,"url":"https:\/\/minifry.app\/wp-content\/uploads\/2022\/07\/sult-burgonya.png","type":"image\/png"}],"twitter_card":"summary_large_image","twitter_misc":{"Timp estimat pentru citire":"1 minut"},"schema":{"@context":"https:\/\/schema.org","@graph":[{"@type":"WebPage","@id":"https:\/\/minifry.app\/product\/sult-burgonya-szalmakrumpli-koret-nasi-finom\/","url":"https:\/\/minifry.app\/product\/sult-burgonya-szalmakrumpli-koret-nasi-finom\/","name":"S\u00fclt burgonya - minifry.app","isPartOf":{"@id":"https:\/\/minifry.app\/#website"},"primaryImageOfPage":{"@id":"https:\/\/minifry.app\/product\/sult-burgonya-szalmakrumpli-koret-nasi-finom\/#primaryimage"},"image":{"@id":"https:\/\/minifry.app\/product\/sult-burgonya-szalmakrumpli-koret-nasi-finom\/#primaryimage"},"thumbnailUrl":"https:\/\/minifry.app\/wp-content\/uploads\/2022\/07\/sult-burgonya.png","datePublished":"2022-07-11T14:45:16+00:00","dateModified":"2025-07-30T13:25:32+00:00","description":"S\u00fclt burgonya vari\u00e1ci\u00f3k, amelyek aranybarn\u00e1ra vannak s\u00fctve, k\u00edv\u00fcl roppan\u00f3sak, bel\u00fcl puh\u00e1k. M\u00e1rtogat\u00f3sokkal vagy \u00f6n\u00e1ll\u00f3an, mindig a legjobb v\u00e1laszt\u00e1s!","breadcrumb":{"@id":"https:\/\/minifry.app\/product\/sult-burgonya-szalmakrumpli-koret-nasi-finom\/#breadcrumb"},"inLanguage":"ro-RO","potentialAction":[{"@type":"ReadAction","target":["https:\/\/minifry.app\/product\/sult-burgonya-szalmakrumpli-koret-nasi-finom\/"]}]},{"@type":"ImageObject","inLanguage":"ro-RO","@id":"https:\/\/minifry.app\/product\/sult-burgonya-szalmakrumpli-koret-nasi-finom\/#primaryimage","url":"https:\/\/minifry.app\/wp-content\/uploads\/2022\/07\/sult-burgonya.png","contentUrl":"https:\/\/minifry.app\/wp-content\/uploads\/2022\/07\/sult-burgonya.png","width":441,"height":441,"caption":"s\u00fclt burgonya cs\u00f3nakburgonya klasszikus burgonya kerek burgonya finom friss puha minifry.app"},{"@type":"BreadcrumbList","@id":"https:\/\/minifry.app\/product\/sult-burgonya-szalmakrumpli-koret-nasi-finom\/#breadcrumb","itemListElement":[{"@type":"ListItem","position":1,"name":"Kezd\u0151lap","item":"https:\/\/minifry.app\/"},{"@type":"ListItem","position":2,"name":"K\u00edn\u00e1latunk","item":"https:\/\/minifry.app\/shop\/"},{"@type":"ListItem","position":3,"name":"S\u00fclt burgonya"}]},{"@type":"WebSite","@id":"https:\/\/minifry.app\/#website","url":"https:\/\/minifry.app\/","name":"minifry.app","description":"","publisher":{"@id":"https:\/\/minifry.app\/#organization"},"potentialAction":[{"@type":"SearchAction","target":{"@type":"EntryPoint","urlTemplate":"https:\/\/minifry.app\/?s={search_term_string}"},"query-input":{"@type":"PropertyValueSpecification","valueRequired":true,"valueName":"search_term_string"}}],"inLanguage":"ro-RO"},{"@type":"Organization","@id":"https:\/\/minifry.app\/#organization","name":"DBVCORP SRL","url":"https:\/\/minifry.app\/","logo":{"@type":"ImageObject","inLanguage":"ro-RO","@id":"https:\/\/minifry.app\/#\/schema\/logo\/image\/","url":"https:\/\/minifry.app\/wp-content\/uploads\/2025\/03\/cropped-logo-uj-20-x-15-cm-20-x-10-cm-masolata_20250314_103645_0000.png","contentUrl":"https:\/\/minifry.app\/wp-content\/uploads\/2025\/03\/cropped-logo-uj-20-x-15-cm-20-x-10-cm-masolata_20250314_103645_0000.png","width":1992,"height":674,"caption":"DBVCORP SRL"},"image":{"@id":"https:\/\/minifry.app\/#\/schema\/logo\/image\/"}}]}},"_links":{"self":[{"href":"https:\/\/minifry.app\/ro\/wp-json\/wp\/v2\/product\/919","targetHints":{"allow":["GET"]}}],"collection":[{"href":"https:\/\/minifry.app\/ro\/wp-json\/wp\/v2\/product"}],"about":[{"href":"https:\/\/minifry.app\/ro\/wp-json\/wp\/v2\/types\/product"}],"wp:featuredmedia":[{"embeddable":true,"href":"https:\/\/minifry.app\/ro\/wp-json\/wp\/v2\/media\/1420"}],"wp:attachment":[{"href":"https:\/\/minifry.app\/ro\/wp-json\/wp\/v2\/media?parent=919"}],"wp:term":[{"taxonomy":"product_brand","embeddable":true,"href":"https:\/\/minifry.app\/ro\/wp-json\/wp\/v2\/product_brand?post=919"},{"taxonomy":"product_cat","embeddable":true,"href":"https:\/\/minifry.app\/ro\/wp-json\/wp\/v2\/product_cat?post=919"},{"taxonomy":"product_tag","embeddable":true,"href":"https:\/\/minifry.app\/ro\/wp-json\/wp\/v2\/product_tag?post=919"}],"curies":[{"name":"wp","href":"https:\/\/api.w.org\/{rel}","templated":true}]}}