{"id":321,"date":"2022-06-13T13:44:06","date_gmt":"2022-06-13T11:44:06","guid":{"rendered":"https:\/\/demo.afthemes.com\/ramp\/product\/import-placeholder-for-58\/"},"modified":"2025-07-30T15:10:37","modified_gmt":"2025-07-30T13:10:37","slug":"fuszeres-ropogos-sult-csirkeszarny-pack","status":"publish","type":"product","link":"https:\/\/minifry.app\/ro\/product\/fuszeres-ropogos-sult-csirkeszarny-pack\/","title":{"rendered":"Aripi de Pui Pr\u0103jite Crocante Pack"},"content":{"rendered":"<p>Aripioare de pui crocante Pack \u2013 o explozie de gust la fiecare \u00eembuc\u0103tur\u0103, pe care nu ar trebui s\u0103 o ratezi.<br data-start=\"815\" data-end=\"818\" \/>Aripioare de pui proasp\u0103t pr\u0103jite, extra crocante, perfect condimentate, al\u0103turi de cartofi pr\u0103ji\u021bi proasp\u0103t f\u0103cu\u021bi, iar la final, totul este \u00eenso\u021bit de o b\u0103utur\u0103 r\u0103coritoare delicioas\u0103. Un pachet plin de gust, care \u00ee\u021bi va energiza orice moment! Fii preg\u0103tit, acest pachet va disp\u0103rea de pe mas\u0103 \u00eentr-o clip\u0103!<\/p>\n<p>Urm\u0103torul este<strong> Doner Pack<\/strong>!<\/p>","protected":false},"excerpt":{"rendered":"<p><strong data-start=\"100\" data-end=\"164\">\u201ePachet de aripioare crocante de pui \u2013 preferatele tale, mai bune c\u00e2nd le \u00eemp\u0103rt\u0103\u0219e\u0219ti!\u201d<\/strong><br data-start=\"164\" data-end=\"167\" \/>Aripioare de pui rumenite, crocante la exterior \u0219i suculente la interior, care te r\u0103sf\u0103\u021b\u0103 la fiecare \u00eembuc\u0103tur\u0103. Alegerea perfect\u0103 dac\u0103 vrei s\u0103 m\u0103n\u00e2nci ceva cu adev\u0103rat delicios al\u0103turi de familie!<\/p>","protected":false},"featured_media":1412,"template":"","meta":[],"product_brand":[],"product_cat":[38],"product_tag":[80,75,105,250,251,81,82,253],"class_list":{"0":"post-321","1":"product","2":"type-product","3":"status-publish","4":"has-post-thumbnail","6":"product_cat-gyors-etelek-hu","7":"product_tag-csirkeszarny","8":"product_tag-gyorsetelek","9":"product_tag-hasabburgonya","10":"product_tag-menu","11":"product_tag-pack","12":"product_tag-ropogos","13":"product_tag-sultcsirke","14":"product_tag-udito","16":"first","17":"instock","18":"featured","19":"shipping-taxable","20":"purchasable","21":"product-type-simple"},"yoast_head":"<!-- This site is optimized with the Yoast SEO plugin v24.5 - https:\/\/yoast.com\/wordpress\/plugins\/seo\/ -->\n<title>Ropog\u00f3s S\u00fclt Csirkesz\u00e1rny Pack - minifry.app<\/title>\n<meta name=\"description\" content=\"Ropog\u00f3s s\u00fclt csirkesz\u00e1rny pack has\u00e1bburgony\u00e1val - a t\u00f6k\u00e9letes p\u00e1ros\u00edt\u00e1s! Klasszikus kedvenc, ami garant\u00e1ltan elcs\u00e1b\u00edt minden falatn\u00e1l!\" \/>\n<meta name=\"robots\" content=\"index, follow, max-snippet:-1, max-image-preview:large, max-video-preview:-1\" \/>\n<link rel=\"canonical\" href=\"https:\/\/minifry.app\/ro\/product\/fuszeres-ropogos-sult-csirkeszarny-pack\/\" \/>\n<meta property=\"og:locale\" content=\"ro_RO\" \/>\n<meta property=\"og:type\" content=\"article\" \/>\n<meta property=\"og:title\" content=\"Ropog\u00f3s S\u00fclt Csirkesz\u00e1rny Pack - minifry.app\" \/>\n<meta property=\"og:description\" content=\"Ropog\u00f3s s\u00fclt csirkesz\u00e1rny pack has\u00e1bburgony\u00e1val - a t\u00f6k\u00e9letes p\u00e1ros\u00edt\u00e1s! Klasszikus kedvenc, ami garant\u00e1ltan elcs\u00e1b\u00edt minden falatn\u00e1l!\" \/>\n<meta property=\"og:url\" content=\"https:\/\/minifry.app\/ro\/product\/fuszeres-ropogos-sult-csirkeszarny-pack\/\" \/>\n<meta property=\"og:site_name\" content=\"minifry.app\" \/>\n<meta property=\"article:modified_time\" content=\"2025-07-30T13:10:37+00:00\" \/>\n<meta property=\"og:image\" content=\"https:\/\/minifry.app\/wp-content\/uploads\/2022\/06\/csirkeszarny-menu-1024x1024.png\" \/>\n\t<meta property=\"og:image:width\" content=\"1024\" \/>\n\t<meta property=\"og:image:height\" content=\"1024\" \/>\n\t<meta property=\"og:image:type\" content=\"image\/png\" \/>\n<meta name=\"twitter:card\" content=\"summary_large_image\" \/>\n<meta name=\"twitter:label1\" content=\"Timp estimat pentru citire\" \/>\n\t<meta name=\"twitter:data1\" content=\"1 minut\" \/>\n<script type=\"application\/ld+json\" class=\"yoast-schema-graph\">{\"@context\":\"https:\/\/schema.org\",\"@graph\":[{\"@type\":\"WebPage\",\"@id\":\"https:\/\/minifry.app\/product\/fuszeres-ropogos-sult-csirkeszarny-pack\/\",\"url\":\"https:\/\/minifry.app\/product\/fuszeres-ropogos-sult-csirkeszarny-pack\/\",\"name\":\"Ropog\u00f3s S\u00fclt Csirkesz\u00e1rny Pack - minifry.app\",\"isPartOf\":{\"@id\":\"https:\/\/minifry.app\/#website\"},\"primaryImageOfPage\":{\"@id\":\"https:\/\/minifry.app\/product\/fuszeres-ropogos-sult-csirkeszarny-pack\/#primaryimage\"},\"image\":{\"@id\":\"https:\/\/minifry.app\/product\/fuszeres-ropogos-sult-csirkeszarny-pack\/#primaryimage\"},\"thumbnailUrl\":\"https:\/\/minifry.app\/wp-content\/uploads\/2022\/06\/csirkeszarny-menu.png\",\"datePublished\":\"2022-06-13T11:44:06+00:00\",\"dateModified\":\"2025-07-30T13:10:37+00:00\",\"description\":\"Ropog\u00f3s s\u00fclt csirkesz\u00e1rny pack has\u00e1bburgony\u00e1val - a t\u00f6k\u00e9letes p\u00e1ros\u00edt\u00e1s! Klasszikus kedvenc, ami garant\u00e1ltan elcs\u00e1b\u00edt minden falatn\u00e1l!\",\"breadcrumb\":{\"@id\":\"https:\/\/minifry.app\/product\/fuszeres-ropogos-sult-csirkeszarny-pack\/#breadcrumb\"},\"inLanguage\":\"ro-RO\",\"potentialAction\":[{\"@type\":\"ReadAction\",\"target\":[\"https:\/\/minifry.app\/product\/fuszeres-ropogos-sult-csirkeszarny-pack\/\"]}]},{\"@type\":\"ImageObject\",\"inLanguage\":\"ro-RO\",\"@id\":\"https:\/\/minifry.app\/product\/fuszeres-ropogos-sult-csirkeszarny-pack\/#primaryimage\",\"url\":\"https:\/\/minifry.app\/wp-content\/uploads\/2022\/06\/csirkeszarny-menu.png\",\"contentUrl\":\"https:\/\/minifry.app\/wp-content\/uploads\/2022\/06\/csirkeszarny-menu.png\",\"width\":2000,\"height\":2000,\"caption\":\"s\u00fclt csirkesz\u00e1rny men\u00fc friss ropog\u00f3s bund\u00e1ban s\u00fcltburgony\u00e1val friss h\u0171s\u00edt\u0151 \u00fcdit\u0151vel minifry.app\"},{\"@type\":\"BreadcrumbList\",\"@id\":\"https:\/\/minifry.app\/product\/fuszeres-ropogos-sult-csirkeszarny-pack\/#breadcrumb\",\"itemListElement\":[{\"@type\":\"ListItem\",\"position\":1,\"name\":\"Kezd\u0151lap\",\"item\":\"https:\/\/minifry.app\/\"},{\"@type\":\"ListItem\",\"position\":2,\"name\":\"K\u00edn\u00e1latunk\",\"item\":\"https:\/\/minifry.app\/shop\/\"},{\"@type\":\"ListItem\",\"position\":3,\"name\":\"Ropog\u00f3s S\u00fclt Csirkesz\u00e1rny Pack\"}]},{\"@type\":\"WebSite\",\"@id\":\"https:\/\/minifry.app\/#website\",\"url\":\"https:\/\/minifry.app\/\",\"name\":\"minifry.app\",\"description\":\"\",\"publisher\":{\"@id\":\"https:\/\/minifry.app\/#organization\"},\"potentialAction\":[{\"@type\":\"SearchAction\",\"target\":{\"@type\":\"EntryPoint\",\"urlTemplate\":\"https:\/\/minifry.app\/?s={search_term_string}\"},\"query-input\":{\"@type\":\"PropertyValueSpecification\",\"valueRequired\":true,\"valueName\":\"search_term_string\"}}],\"inLanguage\":\"ro-RO\"},{\"@type\":\"Organization\",\"@id\":\"https:\/\/minifry.app\/#organization\",\"name\":\"DBVCORP SRL\",\"url\":\"https:\/\/minifry.app\/\",\"logo\":{\"@type\":\"ImageObject\",\"inLanguage\":\"ro-RO\",\"@id\":\"https:\/\/minifry.app\/#\/schema\/logo\/image\/\",\"url\":\"https:\/\/minifry.app\/wp-content\/uploads\/2025\/03\/cropped-logo-uj-20-x-15-cm-20-x-10-cm-masolata_20250314_103645_0000.png\",\"contentUrl\":\"https:\/\/minifry.app\/wp-content\/uploads\/2025\/03\/cropped-logo-uj-20-x-15-cm-20-x-10-cm-masolata_20250314_103645_0000.png\",\"width\":1992,\"height\":674,\"caption\":\"DBVCORP SRL\"},\"image\":{\"@id\":\"https:\/\/minifry.app\/#\/schema\/logo\/image\/\"}}]}<\/script>\n<!-- \/ Yoast SEO plugin. -->","yoast_head_json":{"title":"Ropog\u00f3s S\u00fclt Csirkesz\u00e1rny Pack - minifry.app","description":"Ropog\u00f3s s\u00fclt csirkesz\u00e1rny pack has\u00e1bburgony\u00e1val - a t\u00f6k\u00e9letes p\u00e1ros\u00edt\u00e1s! Klasszikus kedvenc, ami garant\u00e1ltan elcs\u00e1b\u00edt minden falatn\u00e1l!","robots":{"index":"index","follow":"follow","max-snippet":"max-snippet:-1","max-image-preview":"max-image-preview:large","max-video-preview":"max-video-preview:-1"},"canonical":"https:\/\/minifry.app\/ro\/product\/fuszeres-ropogos-sult-csirkeszarny-pack\/","og_locale":"ro_RO","og_type":"article","og_title":"Ropog\u00f3s S\u00fclt Csirkesz\u00e1rny Pack - minifry.app","og_description":"Ropog\u00f3s s\u00fclt csirkesz\u00e1rny pack has\u00e1bburgony\u00e1val - a t\u00f6k\u00e9letes p\u00e1ros\u00edt\u00e1s! Klasszikus kedvenc, ami garant\u00e1ltan elcs\u00e1b\u00edt minden falatn\u00e1l!","og_url":"https:\/\/minifry.app\/ro\/product\/fuszeres-ropogos-sult-csirkeszarny-pack\/","og_site_name":"minifry.app","article_modified_time":"2025-07-30T13:10:37+00:00","og_image":[{"width":1024,"height":1024,"url":"https:\/\/minifry.app\/wp-content\/uploads\/2022\/06\/csirkeszarny-menu-1024x1024.png","type":"image\/png"}],"twitter_card":"summary_large_image","twitter_misc":{"Timp estimat pentru citire":"1 minut"},"schema":{"@context":"https:\/\/schema.org","@graph":[{"@type":"WebPage","@id":"https:\/\/minifry.app\/product\/fuszeres-ropogos-sult-csirkeszarny-pack\/","url":"https:\/\/minifry.app\/product\/fuszeres-ropogos-sult-csirkeszarny-pack\/","name":"Ropog\u00f3s S\u00fclt Csirkesz\u00e1rny Pack - minifry.app","isPartOf":{"@id":"https:\/\/minifry.app\/#website"},"primaryImageOfPage":{"@id":"https:\/\/minifry.app\/product\/fuszeres-ropogos-sult-csirkeszarny-pack\/#primaryimage"},"image":{"@id":"https:\/\/minifry.app\/product\/fuszeres-ropogos-sult-csirkeszarny-pack\/#primaryimage"},"thumbnailUrl":"https:\/\/minifry.app\/wp-content\/uploads\/2022\/06\/csirkeszarny-menu.png","datePublished":"2022-06-13T11:44:06+00:00","dateModified":"2025-07-30T13:10:37+00:00","description":"Ropog\u00f3s s\u00fclt csirkesz\u00e1rny pack has\u00e1bburgony\u00e1val - a t\u00f6k\u00e9letes p\u00e1ros\u00edt\u00e1s! Klasszikus kedvenc, ami garant\u00e1ltan elcs\u00e1b\u00edt minden falatn\u00e1l!","breadcrumb":{"@id":"https:\/\/minifry.app\/product\/fuszeres-ropogos-sult-csirkeszarny-pack\/#breadcrumb"},"inLanguage":"ro-RO","potentialAction":[{"@type":"ReadAction","target":["https:\/\/minifry.app\/product\/fuszeres-ropogos-sult-csirkeszarny-pack\/"]}]},{"@type":"ImageObject","inLanguage":"ro-RO","@id":"https:\/\/minifry.app\/product\/fuszeres-ropogos-sult-csirkeszarny-pack\/#primaryimage","url":"https:\/\/minifry.app\/wp-content\/uploads\/2022\/06\/csirkeszarny-menu.png","contentUrl":"https:\/\/minifry.app\/wp-content\/uploads\/2022\/06\/csirkeszarny-menu.png","width":2000,"height":2000,"caption":"s\u00fclt csirkesz\u00e1rny men\u00fc friss ropog\u00f3s bund\u00e1ban s\u00fcltburgony\u00e1val friss h\u0171s\u00edt\u0151 \u00fcdit\u0151vel minifry.app"},{"@type":"BreadcrumbList","@id":"https:\/\/minifry.app\/product\/fuszeres-ropogos-sult-csirkeszarny-pack\/#breadcrumb","itemListElement":[{"@type":"ListItem","position":1,"name":"Kezd\u0151lap","item":"https:\/\/minifry.app\/"},{"@type":"ListItem","position":2,"name":"K\u00edn\u00e1latunk","item":"https:\/\/minifry.app\/shop\/"},{"@type":"ListItem","position":3,"name":"Ropog\u00f3s S\u00fclt Csirkesz\u00e1rny Pack"}]},{"@type":"WebSite","@id":"https:\/\/minifry.app\/#website","url":"https:\/\/minifry.app\/","name":"minifry.app","description":"","publisher":{"@id":"https:\/\/minifry.app\/#organization"},"potentialAction":[{"@type":"SearchAction","target":{"@type":"EntryPoint","urlTemplate":"https:\/\/minifry.app\/?s={search_term_string}"},"query-input":{"@type":"PropertyValueSpecification","valueRequired":true,"valueName":"search_term_string"}}],"inLanguage":"ro-RO"},{"@type":"Organization","@id":"https:\/\/minifry.app\/#organization","name":"DBVCORP SRL","url":"https:\/\/minifry.app\/","logo":{"@type":"ImageObject","inLanguage":"ro-RO","@id":"https:\/\/minifry.app\/#\/schema\/logo\/image\/","url":"https:\/\/minifry.app\/wp-content\/uploads\/2025\/03\/cropped-logo-uj-20-x-15-cm-20-x-10-cm-masolata_20250314_103645_0000.png","contentUrl":"https:\/\/minifry.app\/wp-content\/uploads\/2025\/03\/cropped-logo-uj-20-x-15-cm-20-x-10-cm-masolata_20250314_103645_0000.png","width":1992,"height":674,"caption":"DBVCORP SRL"},"image":{"@id":"https:\/\/minifry.app\/#\/schema\/logo\/image\/"}}]}},"_links":{"self":[{"href":"https:\/\/minifry.app\/ro\/wp-json\/wp\/v2\/product\/321","targetHints":{"allow":["GET"]}}],"collection":[{"href":"https:\/\/minifry.app\/ro\/wp-json\/wp\/v2\/product"}],"about":[{"href":"https:\/\/minifry.app\/ro\/wp-json\/wp\/v2\/types\/product"}],"wp:featuredmedia":[{"embeddable":true,"href":"https:\/\/minifry.app\/ro\/wp-json\/wp\/v2\/media\/1412"}],"wp:attachment":[{"href":"https:\/\/minifry.app\/ro\/wp-json\/wp\/v2\/media?parent=321"}],"wp:term":[{"taxonomy":"product_brand","embeddable":true,"href":"https:\/\/minifry.app\/ro\/wp-json\/wp\/v2\/product_brand?post=321"},{"taxonomy":"product_cat","embeddable":true,"href":"https:\/\/minifry.app\/ro\/wp-json\/wp\/v2\/product_cat?post=321"},{"taxonomy":"product_tag","embeddable":true,"href":"https:\/\/minifry.app\/ro\/wp-json\/wp\/v2\/product_tag?post=321"}],"curies":[{"name":"wp","href":"https:\/\/api.w.org\/{rel}","templated":true}]}}