{"id":320,"date":"2022-06-13T13:44:06","date_gmt":"2022-06-13T11:44:06","guid":{"rendered":"https:\/\/demo.afthemes.com\/ramp\/product\/import-placeholder-for-48\/"},"modified":"2025-07-30T15:10:37","modified_gmt":"2025-07-30T13:10:37","slug":"doner-kebab-pitaban-friss-csirkehussal","status":"publish","type":"product","link":"https:\/\/minifry.app\/ro\/product\/doner-kebab-pitaban-friss-csirkehussal\/","title":{"rendered":"Doner Kebab"},"content":{"rendered":"<p>Lenele Doner Kebab const\u0103 \u00een pita moale, carnea suculent\u0103 \u0219i condimentat\u0103, legumele crocante \u0219i sosurile cremoase care se combin\u0103 perfect. Toate acestea, \u00eentr-o singur\u0103 mu\u0219c\u0103tur\u0103, \u00ee\u021bi dau energie pentru \u00eentreaga zi. Proasp\u0103t, rapid \u0219i pur \u0219i simplu nu te po\u021bi opri p\u00e2n\u0103 nu se termin\u0103! Fiecare \u00eembuc\u0103tur\u0103 de d\u00f6ner kebab con\u021bine ritmul ora\u0219ului \u2013 energic, plin de savoare \u0219i mereu perfect.<\/p>\n<p>\u00cencearc\u0103 \u0219i Mini Box-ul!<\/p>\n<p>&nbsp;<\/p>","protected":false},"excerpt":{"rendered":"<p><strong>Doner Kebab \u2013 rapid, dar niciodat\u0103 plictisitor.<\/strong><\/p>\n<p>Carne suculent\u0103, legume crocante \u0219i sosuri perfecte amestecate, toate \u00eentr-o singur\u0103 m\u00e2n\u0103. Proasp\u0103t, condimentat, o adev\u0103rat\u0103 explozie de gust, care te va face s\u0103 nu te opre\u0219ti la o singur\u0103 mu\u0219c\u0103tur\u0103. Un clasic al street food-ului, care este \u00eentotdeauna binevenit atunci c\u00e2nd \u00ee\u021bi dore\u0219ti ceva cu adev\u0103rat delicios!<\/p>","protected":false},"featured_media":870,"template":"","meta":[],"product_brand":[],"product_cat":[38],"product_tag":[87,89,84,88,81,90],"class_list":{"0":"post-320","1":"product","2":"type-product","3":"status-publish","4":"has-post-thumbnail","6":"product_cat-gyors-etelek-hu","7":"product_tag-doner","8":"product_tag-finom","9":"product_tag-friss","10":"product_tag-kebab","11":"product_tag-ropogos","12":"product_tag-szaftos","14":"first","15":"instock","16":"shipping-taxable","17":"purchasable","18":"product-type-simple"},"yoast_head":"<!-- This site is optimized with the Yoast SEO plugin v24.5 - https:\/\/yoast.com\/wordpress\/plugins\/seo\/ -->\n<title>D\u00f6ner Kebab - minifry.app<\/title>\n<meta name=\"description\" content=\"\u201eD\u00f6ner Kebab \u2013 minden falat egy \u00edzbomba. \u201dSzaftos h\u00fas, friss z\u00f6lds\u00e9gek, kr\u00e9mes sz\u00f3sz \u2013 gyors, finom, \u00e9s mindig pazar! Ellen\u00e1llhatatlan \u00edzekkel!\" \/>\n<meta name=\"robots\" content=\"index, follow, max-snippet:-1, max-image-preview:large, max-video-preview:-1\" \/>\n<link rel=\"canonical\" href=\"https:\/\/minifry.app\/ro\/product\/doner-kebab-pitaban-friss-csirkehussal\/\" \/>\n<meta property=\"og:locale\" content=\"ro_RO\" \/>\n<meta property=\"og:type\" content=\"article\" \/>\n<meta property=\"og:title\" content=\"D\u00f6ner Kebab - minifry.app\" \/>\n<meta property=\"og:description\" content=\"\u201eD\u00f6ner Kebab \u2013 minden falat egy \u00edzbomba. \u201dSzaftos h\u00fas, friss z\u00f6lds\u00e9gek, kr\u00e9mes sz\u00f3sz \u2013 gyors, finom, \u00e9s mindig pazar! Ellen\u00e1llhatatlan \u00edzekkel!\" \/>\n<meta property=\"og:url\" content=\"https:\/\/minifry.app\/ro\/product\/doner-kebab-pitaban-friss-csirkehussal\/\" \/>\n<meta property=\"og:site_name\" content=\"minifry.app\" \/>\n<meta property=\"article:modified_time\" content=\"2025-07-30T13:10:37+00:00\" \/>\n<meta property=\"og:image\" content=\"https:\/\/minifry.app\/wp-content\/uploads\/2018\/05\/doner-kebab-scaled.webp\" \/>\n\t<meta property=\"og:image:width\" content=\"2560\" \/>\n\t<meta property=\"og:image:height\" content=\"1350\" \/>\n\t<meta property=\"og:image:type\" content=\"image\/webp\" \/>\n<meta name=\"twitter:card\" content=\"summary_large_image\" \/>\n<meta name=\"twitter:label1\" content=\"Timp estimat pentru citire\" \/>\n\t<meta name=\"twitter:data1\" content=\"1 minut\" \/>\n<script type=\"application\/ld+json\" class=\"yoast-schema-graph\">{\"@context\":\"https:\/\/schema.org\",\"@graph\":[{\"@type\":\"WebPage\",\"@id\":\"https:\/\/minifry.app\/product\/doner-kebab-pitaban-friss-csirkehussal\/\",\"url\":\"https:\/\/minifry.app\/product\/doner-kebab-pitaban-friss-csirkehussal\/\",\"name\":\"D\u00f6ner Kebab - minifry.app\",\"isPartOf\":{\"@id\":\"https:\/\/minifry.app\/#website\"},\"primaryImageOfPage\":{\"@id\":\"https:\/\/minifry.app\/product\/doner-kebab-pitaban-friss-csirkehussal\/#primaryimage\"},\"image\":{\"@id\":\"https:\/\/minifry.app\/product\/doner-kebab-pitaban-friss-csirkehussal\/#primaryimage\"},\"thumbnailUrl\":\"https:\/\/minifry.app\/wp-content\/uploads\/2018\/05\/doner-kebab-scaled.webp\",\"datePublished\":\"2022-06-13T11:44:06+00:00\",\"dateModified\":\"2025-07-30T13:10:37+00:00\",\"description\":\"\u201eD\u00f6ner Kebab \u2013 minden falat egy \u00edzbomba. \u201dSzaftos h\u00fas, friss z\u00f6lds\u00e9gek, kr\u00e9mes sz\u00f3sz \u2013 gyors, finom, \u00e9s mindig pazar! Ellen\u00e1llhatatlan \u00edzekkel!\",\"breadcrumb\":{\"@id\":\"https:\/\/minifry.app\/product\/doner-kebab-pitaban-friss-csirkehussal\/#breadcrumb\"},\"inLanguage\":\"ro-RO\",\"potentialAction\":[{\"@type\":\"ReadAction\",\"target\":[\"https:\/\/minifry.app\/product\/doner-kebab-pitaban-friss-csirkehussal\/\"]}]},{\"@type\":\"ImageObject\",\"inLanguage\":\"ro-RO\",\"@id\":\"https:\/\/minifry.app\/product\/doner-kebab-pitaban-friss-csirkehussal\/#primaryimage\",\"url\":\"https:\/\/minifry.app\/wp-content\/uploads\/2018\/05\/doner-kebab-scaled.webp\",\"contentUrl\":\"https:\/\/minifry.app\/wp-content\/uploads\/2018\/05\/doner-kebab-scaled.webp\",\"width\":2560,\"height\":1350,\"caption\":\"d\u00f6ner kebab gyors \u00e9tel konyha online rendel\u00e9s \u00e9rmih\u00e1lyfalva valea lui mihai csirke fast food minifry.app\"},{\"@type\":\"BreadcrumbList\",\"@id\":\"https:\/\/minifry.app\/product\/doner-kebab-pitaban-friss-csirkehussal\/#breadcrumb\",\"itemListElement\":[{\"@type\":\"ListItem\",\"position\":1,\"name\":\"Kezd\u0151lap\",\"item\":\"https:\/\/minifry.app\/\"},{\"@type\":\"ListItem\",\"position\":2,\"name\":\"K\u00edn\u00e1latunk\",\"item\":\"https:\/\/minifry.app\/shop\/\"},{\"@type\":\"ListItem\",\"position\":3,\"name\":\"D\u00f6ner Kebab\"}]},{\"@type\":\"WebSite\",\"@id\":\"https:\/\/minifry.app\/#website\",\"url\":\"https:\/\/minifry.app\/\",\"name\":\"minifry.app\",\"description\":\"\",\"publisher\":{\"@id\":\"https:\/\/minifry.app\/#organization\"},\"potentialAction\":[{\"@type\":\"SearchAction\",\"target\":{\"@type\":\"EntryPoint\",\"urlTemplate\":\"https:\/\/minifry.app\/?s={search_term_string}\"},\"query-input\":{\"@type\":\"PropertyValueSpecification\",\"valueRequired\":true,\"valueName\":\"search_term_string\"}}],\"inLanguage\":\"ro-RO\"},{\"@type\":\"Organization\",\"@id\":\"https:\/\/minifry.app\/#organization\",\"name\":\"DBVCORP SRL\",\"url\":\"https:\/\/minifry.app\/\",\"logo\":{\"@type\":\"ImageObject\",\"inLanguage\":\"ro-RO\",\"@id\":\"https:\/\/minifry.app\/#\/schema\/logo\/image\/\",\"url\":\"https:\/\/minifry.app\/wp-content\/uploads\/2025\/03\/cropped-logo-uj-20-x-15-cm-20-x-10-cm-masolata_20250314_103645_0000.png\",\"contentUrl\":\"https:\/\/minifry.app\/wp-content\/uploads\/2025\/03\/cropped-logo-uj-20-x-15-cm-20-x-10-cm-masolata_20250314_103645_0000.png\",\"width\":1992,\"height\":674,\"caption\":\"DBVCORP SRL\"},\"image\":{\"@id\":\"https:\/\/minifry.app\/#\/schema\/logo\/image\/\"}}]}<\/script>\n<!-- \/ Yoast SEO plugin. -->","yoast_head_json":{"title":"D\u00f6ner Kebab - minifry.app","description":"\u201eD\u00f6ner Kebab \u2013 minden falat egy \u00edzbomba. \u201dSzaftos h\u00fas, friss z\u00f6lds\u00e9gek, kr\u00e9mes sz\u00f3sz \u2013 gyors, finom, \u00e9s mindig pazar! Ellen\u00e1llhatatlan \u00edzekkel!","robots":{"index":"index","follow":"follow","max-snippet":"max-snippet:-1","max-image-preview":"max-image-preview:large","max-video-preview":"max-video-preview:-1"},"canonical":"https:\/\/minifry.app\/ro\/product\/doner-kebab-pitaban-friss-csirkehussal\/","og_locale":"ro_RO","og_type":"article","og_title":"D\u00f6ner Kebab - minifry.app","og_description":"\u201eD\u00f6ner Kebab \u2013 minden falat egy \u00edzbomba. \u201dSzaftos h\u00fas, friss z\u00f6lds\u00e9gek, kr\u00e9mes sz\u00f3sz \u2013 gyors, finom, \u00e9s mindig pazar! Ellen\u00e1llhatatlan \u00edzekkel!","og_url":"https:\/\/minifry.app\/ro\/product\/doner-kebab-pitaban-friss-csirkehussal\/","og_site_name":"minifry.app","article_modified_time":"2025-07-30T13:10:37+00:00","og_image":[{"width":2560,"height":1350,"url":"https:\/\/minifry.app\/wp-content\/uploads\/2018\/05\/doner-kebab-scaled.webp","type":"image\/webp"}],"twitter_card":"summary_large_image","twitter_misc":{"Timp estimat pentru citire":"1 minut"},"schema":{"@context":"https:\/\/schema.org","@graph":[{"@type":"WebPage","@id":"https:\/\/minifry.app\/product\/doner-kebab-pitaban-friss-csirkehussal\/","url":"https:\/\/minifry.app\/product\/doner-kebab-pitaban-friss-csirkehussal\/","name":"D\u00f6ner Kebab - minifry.app","isPartOf":{"@id":"https:\/\/minifry.app\/#website"},"primaryImageOfPage":{"@id":"https:\/\/minifry.app\/product\/doner-kebab-pitaban-friss-csirkehussal\/#primaryimage"},"image":{"@id":"https:\/\/minifry.app\/product\/doner-kebab-pitaban-friss-csirkehussal\/#primaryimage"},"thumbnailUrl":"https:\/\/minifry.app\/wp-content\/uploads\/2018\/05\/doner-kebab-scaled.webp","datePublished":"2022-06-13T11:44:06+00:00","dateModified":"2025-07-30T13:10:37+00:00","description":"\u201eD\u00f6ner Kebab \u2013 minden falat egy \u00edzbomba. \u201dSzaftos h\u00fas, friss z\u00f6lds\u00e9gek, kr\u00e9mes sz\u00f3sz \u2013 gyors, finom, \u00e9s mindig pazar! Ellen\u00e1llhatatlan \u00edzekkel!","breadcrumb":{"@id":"https:\/\/minifry.app\/product\/doner-kebab-pitaban-friss-csirkehussal\/#breadcrumb"},"inLanguage":"ro-RO","potentialAction":[{"@type":"ReadAction","target":["https:\/\/minifry.app\/product\/doner-kebab-pitaban-friss-csirkehussal\/"]}]},{"@type":"ImageObject","inLanguage":"ro-RO","@id":"https:\/\/minifry.app\/product\/doner-kebab-pitaban-friss-csirkehussal\/#primaryimage","url":"https:\/\/minifry.app\/wp-content\/uploads\/2018\/05\/doner-kebab-scaled.webp","contentUrl":"https:\/\/minifry.app\/wp-content\/uploads\/2018\/05\/doner-kebab-scaled.webp","width":2560,"height":1350,"caption":"d\u00f6ner kebab gyors \u00e9tel konyha online rendel\u00e9s \u00e9rmih\u00e1lyfalva valea lui mihai csirke fast food minifry.app"},{"@type":"BreadcrumbList","@id":"https:\/\/minifry.app\/product\/doner-kebab-pitaban-friss-csirkehussal\/#breadcrumb","itemListElement":[{"@type":"ListItem","position":1,"name":"Kezd\u0151lap","item":"https:\/\/minifry.app\/"},{"@type":"ListItem","position":2,"name":"K\u00edn\u00e1latunk","item":"https:\/\/minifry.app\/shop\/"},{"@type":"ListItem","position":3,"name":"D\u00f6ner Kebab"}]},{"@type":"WebSite","@id":"https:\/\/minifry.app\/#website","url":"https:\/\/minifry.app\/","name":"minifry.app","description":"","publisher":{"@id":"https:\/\/minifry.app\/#organization"},"potentialAction":[{"@type":"SearchAction","target":{"@type":"EntryPoint","urlTemplate":"https:\/\/minifry.app\/?s={search_term_string}"},"query-input":{"@type":"PropertyValueSpecification","valueRequired":true,"valueName":"search_term_string"}}],"inLanguage":"ro-RO"},{"@type":"Organization","@id":"https:\/\/minifry.app\/#organization","name":"DBVCORP SRL","url":"https:\/\/minifry.app\/","logo":{"@type":"ImageObject","inLanguage":"ro-RO","@id":"https:\/\/minifry.app\/#\/schema\/logo\/image\/","url":"https:\/\/minifry.app\/wp-content\/uploads\/2025\/03\/cropped-logo-uj-20-x-15-cm-20-x-10-cm-masolata_20250314_103645_0000.png","contentUrl":"https:\/\/minifry.app\/wp-content\/uploads\/2025\/03\/cropped-logo-uj-20-x-15-cm-20-x-10-cm-masolata_20250314_103645_0000.png","width":1992,"height":674,"caption":"DBVCORP SRL"},"image":{"@id":"https:\/\/minifry.app\/#\/schema\/logo\/image\/"}}]}},"_links":{"self":[{"href":"https:\/\/minifry.app\/ro\/wp-json\/wp\/v2\/product\/320","targetHints":{"allow":["GET"]}}],"collection":[{"href":"https:\/\/minifry.app\/ro\/wp-json\/wp\/v2\/product"}],"about":[{"href":"https:\/\/minifry.app\/ro\/wp-json\/wp\/v2\/types\/product"}],"wp:featuredmedia":[{"embeddable":true,"href":"https:\/\/minifry.app\/ro\/wp-json\/wp\/v2\/media\/870"}],"wp:attachment":[{"href":"https:\/\/minifry.app\/ro\/wp-json\/wp\/v2\/media?parent=320"}],"wp:term":[{"taxonomy":"product_brand","embeddable":true,"href":"https:\/\/minifry.app\/ro\/wp-json\/wp\/v2\/product_brand?post=320"},{"taxonomy":"product_cat","embeddable":true,"href":"https:\/\/minifry.app\/ro\/wp-json\/wp\/v2\/product_cat?post=320"},{"taxonomy":"product_tag","embeddable":true,"href":"https:\/\/minifry.app\/ro\/wp-json\/wp\/v2\/product_tag?post=320"}],"curies":[{"name":"wp","href":"https:\/\/api.w.org\/{rel}","templated":true}]}}