{"id":319,"date":"2022-06-03T13:44:06","date_gmt":"2022-06-03T11:44:06","guid":{"rendered":"https:\/\/demo.afthemes.com\/ramp\/product\/import-placeholder-for-47\/"},"modified":"2025-07-30T15:17:31","modified_gmt":"2025-07-30T13:17:31","slug":"csirkes-pestos-panini-ropogos-melegszendvics","status":"publish","type":"product","link":"https:\/\/minifry.app\/ro\/product\/csirkes-pestos-panini-ropogos-melegszendvics\/","title":{"rendered":"Panini Pui"},"content":{"rendered":"<p>Panini cu pui \u0219i pesto, consumat cald \u0219i proasp\u0103t, ofer\u0103 o senza\u021bie de sa\u021bietate \u0219i confort \u2013 o mu\u0219c\u0103tur\u0103 delicioas\u0103 \u0219i un moment plin de bun\u0103 dispozi\u021bie!<\/p>\n<p>Este alegerea perfect\u0103 pentru orice ocazie, fie c\u0103 este vorba de o mas\u0103 rapid\u0103 de pr\u00e2nz, un picnic sau o cin\u0103 u\u0219oar\u0103.<\/p>\n<p>Ce face acest sandvi\u0219 at\u00e2t de delicios? Gustul unic al c\u0103rnii proasp\u0103t pr\u0103jite \u0219i al pesto-ului \u00eel face irezistibil, a\u0219a c\u0103 acest sandvi\u0219 trebuie neap\u0103rat \u00eencercat! Foarte s\u0103\u021bios, dar totu\u0219i foarte u\u0219or!<\/p>\n<p>\u00cencearc\u0103 \u0219i <a href=\"https:\/\/minifry.app\/ro\/product\/scallop-sashimi-with-meyer-lemon-confit\/\" target=\"_blank\" rel=\"noopener\"><strong>Panini cu \u0219unc\u0103 \u0219i br\u00e2nz\u0103<\/strong><\/a>!<\/p>","protected":false},"excerpt":{"rendered":"<p><strong>\"Panini cu pui \u0219i pesto \u2013 u\u0219or, dar totu\u0219i s\u0103\u021bios.\"<\/strong><\/p>\n<p>Panini cu pui \u0219i pesto satisface at\u00e2t gusturile gurmanzilor, c\u00e2t \u0219i ale celor care prefer\u0103 m\u00e2nc\u0103rurile mai simple. Este alegerea perfect\u0103 pentru mesele \u00een familie sau \u00eent\u00e2lnirile cu prietenii. \u00cencearc\u0103-l chiar ast\u0103zi!<\/p>","protected":false},"featured_media":884,"template":"","meta":[],"product_brand":[],"product_cat":[38],"product_tag":[85,84,75,83,91,86,81],"class_list":{"0":"post-319","1":"product","2":"type-product","3":"status-publish","4":"has-post-thumbnail","6":"product_cat-gyors-etelek-hu","7":"product_tag-csirkes","8":"product_tag-friss","9":"product_tag-gyorsetelek","10":"product_tag-melegszendvics","11":"product_tag-panini","12":"product_tag-pestos","13":"product_tag-ropogos","15":"first","16":"instock","17":"shipping-taxable","18":"purchasable","19":"product-type-simple"},"yoast_head":"<!-- This site is optimized with the Yoast SEO plugin v24.5 - https:\/\/yoast.com\/wordpress\/plugins\/seo\/ -->\n<title>Csirk\u00e9s Pestos Panini - minifry.app<\/title>\n<meta name=\"description\" content=\"Csirk\u00e9s pestos panini t\u00f6k\u00e9letes v\u00e1laszt\u00e1s egy gyors eb\u00e9dre vagy vacsor\u00e1ra, egyszerre laktat\u00f3 \u00e9s \u00edzletes! K\u00f3stold meg \u00e9s engedd, hogy rabul ejtsenek az \u00edzek!\" \/>\n<meta name=\"robots\" content=\"index, follow, max-snippet:-1, max-image-preview:large, max-video-preview:-1\" \/>\n<link rel=\"canonical\" href=\"https:\/\/minifry.app\/ro\/product\/csirkes-pestos-panini-ropogos-melegszendvics\/\" \/>\n<meta property=\"og:locale\" content=\"ro_RO\" \/>\n<meta property=\"og:type\" content=\"article\" \/>\n<meta property=\"og:title\" content=\"Csirk\u00e9s Pestos Panini - minifry.app\" \/>\n<meta property=\"og:description\" content=\"Csirk\u00e9s pestos panini t\u00f6k\u00e9letes v\u00e1laszt\u00e1s egy gyors eb\u00e9dre vagy vacsor\u00e1ra, egyszerre laktat\u00f3 \u00e9s \u00edzletes! K\u00f3stold meg \u00e9s engedd, hogy rabul ejtsenek az \u00edzek!\" \/>\n<meta property=\"og:url\" content=\"https:\/\/minifry.app\/ro\/product\/csirkes-pestos-panini-ropogos-melegszendvics\/\" \/>\n<meta property=\"og:site_name\" content=\"minifry.app\" \/>\n<meta property=\"article:modified_time\" content=\"2025-07-30T13:17:31+00:00\" \/>\n<meta property=\"og:image\" content=\"https:\/\/minifry.app\/wp-content\/uploads\/2022\/07\/cropped-panini1.jpg\" \/>\n\t<meta property=\"og:image:width\" content=\"758\" \/>\n\t<meta property=\"og:image:height\" content=\"450\" \/>\n\t<meta property=\"og:image:type\" content=\"image\/jpeg\" \/>\n<meta name=\"twitter:card\" content=\"summary_large_image\" \/>\n<meta name=\"twitter:label1\" content=\"Timp estimat pentru citire\" \/>\n\t<meta name=\"twitter:data1\" content=\"1 minut\" \/>\n<script type=\"application\/ld+json\" class=\"yoast-schema-graph\">{\"@context\":\"https:\/\/schema.org\",\"@graph\":[{\"@type\":\"WebPage\",\"@id\":\"https:\/\/minifry.app\/product\/csirkes-pestos-panini-ropogos-melegszendvics\/\",\"url\":\"https:\/\/minifry.app\/product\/csirkes-pestos-panini-ropogos-melegszendvics\/\",\"name\":\"Csirk\u00e9s Pestos Panini - minifry.app\",\"isPartOf\":{\"@id\":\"https:\/\/minifry.app\/#website\"},\"primaryImageOfPage\":{\"@id\":\"https:\/\/minifry.app\/product\/csirkes-pestos-panini-ropogos-melegszendvics\/#primaryimage\"},\"image\":{\"@id\":\"https:\/\/minifry.app\/product\/csirkes-pestos-panini-ropogos-melegszendvics\/#primaryimage\"},\"thumbnailUrl\":\"https:\/\/minifry.app\/wp-content\/uploads\/2022\/07\/cropped-panini1.jpg\",\"datePublished\":\"2022-06-03T11:44:06+00:00\",\"dateModified\":\"2025-07-30T13:17:31+00:00\",\"description\":\"Csirk\u00e9s pestos panini t\u00f6k\u00e9letes v\u00e1laszt\u00e1s egy gyors eb\u00e9dre vagy vacsor\u00e1ra, egyszerre laktat\u00f3 \u00e9s \u00edzletes! K\u00f3stold meg \u00e9s engedd, hogy rabul ejtsenek az \u00edzek!\",\"breadcrumb\":{\"@id\":\"https:\/\/minifry.app\/product\/csirkes-pestos-panini-ropogos-melegszendvics\/#breadcrumb\"},\"inLanguage\":\"ro-RO\",\"potentialAction\":[{\"@type\":\"ReadAction\",\"target\":[\"https:\/\/minifry.app\/product\/csirkes-pestos-panini-ropogos-melegszendvics\/\"]}]},{\"@type\":\"ImageObject\",\"inLanguage\":\"ro-RO\",\"@id\":\"https:\/\/minifry.app\/product\/csirkes-pestos-panini-ropogos-melegszendvics\/#primaryimage\",\"url\":\"https:\/\/minifry.app\/wp-content\/uploads\/2022\/07\/cropped-panini1.jpg\",\"contentUrl\":\"https:\/\/minifry.app\/wp-content\/uploads\/2022\/07\/cropped-panini1.jpg\",\"width\":758,\"height\":450,\"caption\":\"csirkes pestos panini melegszendvics online rendel\u00e9s konyha \u00e9rmih\u00e1lyfalva valea lui mihai h\u00e1zhozsz\u00e1llit\u00e1s\"},{\"@type\":\"BreadcrumbList\",\"@id\":\"https:\/\/minifry.app\/product\/csirkes-pestos-panini-ropogos-melegszendvics\/#breadcrumb\",\"itemListElement\":[{\"@type\":\"ListItem\",\"position\":1,\"name\":\"Kezd\u0151lap\",\"item\":\"https:\/\/minifry.app\/\"},{\"@type\":\"ListItem\",\"position\":2,\"name\":\"K\u00edn\u00e1latunk\",\"item\":\"https:\/\/minifry.app\/shop\/\"},{\"@type\":\"ListItem\",\"position\":3,\"name\":\"Csirk\u00e9s Pestos Panini\"}]},{\"@type\":\"WebSite\",\"@id\":\"https:\/\/minifry.app\/#website\",\"url\":\"https:\/\/minifry.app\/\",\"name\":\"minifry.app\",\"description\":\"\",\"publisher\":{\"@id\":\"https:\/\/minifry.app\/#organization\"},\"potentialAction\":[{\"@type\":\"SearchAction\",\"target\":{\"@type\":\"EntryPoint\",\"urlTemplate\":\"https:\/\/minifry.app\/?s={search_term_string}\"},\"query-input\":{\"@type\":\"PropertyValueSpecification\",\"valueRequired\":true,\"valueName\":\"search_term_string\"}}],\"inLanguage\":\"ro-RO\"},{\"@type\":\"Organization\",\"@id\":\"https:\/\/minifry.app\/#organization\",\"name\":\"DBVCORP SRL\",\"url\":\"https:\/\/minifry.app\/\",\"logo\":{\"@type\":\"ImageObject\",\"inLanguage\":\"ro-RO\",\"@id\":\"https:\/\/minifry.app\/#\/schema\/logo\/image\/\",\"url\":\"https:\/\/minifry.app\/wp-content\/uploads\/2025\/03\/cropped-logo-uj-20-x-15-cm-20-x-10-cm-masolata_20250314_103645_0000.png\",\"contentUrl\":\"https:\/\/minifry.app\/wp-content\/uploads\/2025\/03\/cropped-logo-uj-20-x-15-cm-20-x-10-cm-masolata_20250314_103645_0000.png\",\"width\":1992,\"height\":674,\"caption\":\"DBVCORP SRL\"},\"image\":{\"@id\":\"https:\/\/minifry.app\/#\/schema\/logo\/image\/\"}}]}<\/script>\n<!-- \/ Yoast SEO plugin. -->","yoast_head_json":{"title":"Csirk\u00e9s Pestos Panini - minifry.app","description":"Csirk\u00e9s pestos panini t\u00f6k\u00e9letes v\u00e1laszt\u00e1s egy gyors eb\u00e9dre vagy vacsor\u00e1ra, egyszerre laktat\u00f3 \u00e9s \u00edzletes! K\u00f3stold meg \u00e9s engedd, hogy rabul ejtsenek az \u00edzek!","robots":{"index":"index","follow":"follow","max-snippet":"max-snippet:-1","max-image-preview":"max-image-preview:large","max-video-preview":"max-video-preview:-1"},"canonical":"https:\/\/minifry.app\/ro\/product\/csirkes-pestos-panini-ropogos-melegszendvics\/","og_locale":"ro_RO","og_type":"article","og_title":"Csirk\u00e9s Pestos Panini - minifry.app","og_description":"Csirk\u00e9s pestos panini t\u00f6k\u00e9letes v\u00e1laszt\u00e1s egy gyors eb\u00e9dre vagy vacsor\u00e1ra, egyszerre laktat\u00f3 \u00e9s \u00edzletes! K\u00f3stold meg \u00e9s engedd, hogy rabul ejtsenek az \u00edzek!","og_url":"https:\/\/minifry.app\/ro\/product\/csirkes-pestos-panini-ropogos-melegszendvics\/","og_site_name":"minifry.app","article_modified_time":"2025-07-30T13:17:31+00:00","og_image":[{"width":758,"height":450,"url":"https:\/\/minifry.app\/wp-content\/uploads\/2022\/07\/cropped-panini1.jpg","type":"image\/jpeg"}],"twitter_card":"summary_large_image","twitter_misc":{"Timp estimat pentru citire":"1 minut"},"schema":{"@context":"https:\/\/schema.org","@graph":[{"@type":"WebPage","@id":"https:\/\/minifry.app\/product\/csirkes-pestos-panini-ropogos-melegszendvics\/","url":"https:\/\/minifry.app\/product\/csirkes-pestos-panini-ropogos-melegszendvics\/","name":"Csirk\u00e9s Pestos Panini - minifry.app","isPartOf":{"@id":"https:\/\/minifry.app\/#website"},"primaryImageOfPage":{"@id":"https:\/\/minifry.app\/product\/csirkes-pestos-panini-ropogos-melegszendvics\/#primaryimage"},"image":{"@id":"https:\/\/minifry.app\/product\/csirkes-pestos-panini-ropogos-melegszendvics\/#primaryimage"},"thumbnailUrl":"https:\/\/minifry.app\/wp-content\/uploads\/2022\/07\/cropped-panini1.jpg","datePublished":"2022-06-03T11:44:06+00:00","dateModified":"2025-07-30T13:17:31+00:00","description":"Csirk\u00e9s pestos panini t\u00f6k\u00e9letes v\u00e1laszt\u00e1s egy gyors eb\u00e9dre vagy vacsor\u00e1ra, egyszerre laktat\u00f3 \u00e9s \u00edzletes! K\u00f3stold meg \u00e9s engedd, hogy rabul ejtsenek az \u00edzek!","breadcrumb":{"@id":"https:\/\/minifry.app\/product\/csirkes-pestos-panini-ropogos-melegszendvics\/#breadcrumb"},"inLanguage":"ro-RO","potentialAction":[{"@type":"ReadAction","target":["https:\/\/minifry.app\/product\/csirkes-pestos-panini-ropogos-melegszendvics\/"]}]},{"@type":"ImageObject","inLanguage":"ro-RO","@id":"https:\/\/minifry.app\/product\/csirkes-pestos-panini-ropogos-melegszendvics\/#primaryimage","url":"https:\/\/minifry.app\/wp-content\/uploads\/2022\/07\/cropped-panini1.jpg","contentUrl":"https:\/\/minifry.app\/wp-content\/uploads\/2022\/07\/cropped-panini1.jpg","width":758,"height":450,"caption":"csirkes pestos panini melegszendvics online rendel\u00e9s konyha \u00e9rmih\u00e1lyfalva valea lui mihai h\u00e1zhozsz\u00e1llit\u00e1s"},{"@type":"BreadcrumbList","@id":"https:\/\/minifry.app\/product\/csirkes-pestos-panini-ropogos-melegszendvics\/#breadcrumb","itemListElement":[{"@type":"ListItem","position":1,"name":"Kezd\u0151lap","item":"https:\/\/minifry.app\/"},{"@type":"ListItem","position":2,"name":"K\u00edn\u00e1latunk","item":"https:\/\/minifry.app\/shop\/"},{"@type":"ListItem","position":3,"name":"Csirk\u00e9s Pestos Panini"}]},{"@type":"WebSite","@id":"https:\/\/minifry.app\/#website","url":"https:\/\/minifry.app\/","name":"minifry.app","description":"","publisher":{"@id":"https:\/\/minifry.app\/#organization"},"potentialAction":[{"@type":"SearchAction","target":{"@type":"EntryPoint","urlTemplate":"https:\/\/minifry.app\/?s={search_term_string}"},"query-input":{"@type":"PropertyValueSpecification","valueRequired":true,"valueName":"search_term_string"}}],"inLanguage":"ro-RO"},{"@type":"Organization","@id":"https:\/\/minifry.app\/#organization","name":"DBVCORP SRL","url":"https:\/\/minifry.app\/","logo":{"@type":"ImageObject","inLanguage":"ro-RO","@id":"https:\/\/minifry.app\/#\/schema\/logo\/image\/","url":"https:\/\/minifry.app\/wp-content\/uploads\/2025\/03\/cropped-logo-uj-20-x-15-cm-20-x-10-cm-masolata_20250314_103645_0000.png","contentUrl":"https:\/\/minifry.app\/wp-content\/uploads\/2025\/03\/cropped-logo-uj-20-x-15-cm-20-x-10-cm-masolata_20250314_103645_0000.png","width":1992,"height":674,"caption":"DBVCORP SRL"},"image":{"@id":"https:\/\/minifry.app\/#\/schema\/logo\/image\/"}}]}},"_links":{"self":[{"href":"https:\/\/minifry.app\/ro\/wp-json\/wp\/v2\/product\/319","targetHints":{"allow":["GET"]}}],"collection":[{"href":"https:\/\/minifry.app\/ro\/wp-json\/wp\/v2\/product"}],"about":[{"href":"https:\/\/minifry.app\/ro\/wp-json\/wp\/v2\/types\/product"}],"wp:featuredmedia":[{"embeddable":true,"href":"https:\/\/minifry.app\/ro\/wp-json\/wp\/v2\/media\/884"}],"wp:attachment":[{"href":"https:\/\/minifry.app\/ro\/wp-json\/wp\/v2\/media?parent=319"}],"wp:term":[{"taxonomy":"product_brand","embeddable":true,"href":"https:\/\/minifry.app\/ro\/wp-json\/wp\/v2\/product_brand?post=319"},{"taxonomy":"product_cat","embeddable":true,"href":"https:\/\/minifry.app\/ro\/wp-json\/wp\/v2\/product_cat?post=319"},{"taxonomy":"product_tag","embeddable":true,"href":"https:\/\/minifry.app\/ro\/wp-json\/wp\/v2\/product_tag?post=319"}],"curies":[{"name":"wp","href":"https:\/\/api.w.org\/{rel}","templated":true}]}}