{"id":318,"date":"2022-05-31T13:44:06","date_gmt":"2022-05-31T11:44:06","guid":{"rendered":"https:\/\/demo.afthemes.com\/ramp\/product\/import-placeholder-for-46\/"},"modified":"2025-07-30T15:10:37","modified_gmt":"2025-07-30T13:10:37","slug":"shaorma-friss-zoldseg-sulthus-hazi-szosz","status":"publish","type":"product","link":"https:\/\/minifry.app\/ro\/product\/shaorma-friss-zoldseg-sulthus-hazi-szosz\/","title":{"rendered":"Shaorma"},"content":{"rendered":"<p data-start=\"103\" data-end=\"339\">Shaorma, care combin\u0103 carne suculent\u0103, legume proaspete \u0219i amestecul de sosuri secrete care aduc totul \u00eempreun\u0103. O mu\u0219c\u0103tur\u0103 \u0219i te va purta direct \u00een lumea gusturilor din Orientul Mijlociu. Perfect condimentat\u0103, perfect s\u0103\u021bioas\u0103 \u2013 un adev\u0103rat rege al street food-ului, pe care nu-l po\u021bi l\u0103sa din m\u00e2n\u0103.<\/p>\n<p>\u00cencearc\u0103 \u0219i <strong>Aripi de pui pr\u0103jite crocante \u0219i picante<\/strong>!<\/p>","protected":false},"excerpt":{"rendered":"<p data-start=\"62\" data-end=\"105\"><strong data-start=\"62\" data-end=\"105\">\"Shaorma \u2013 fiecare mu\u0219c\u0103tur\u0103 este o aventur\u0103.\"<\/strong><\/p>\n<p data-start=\"107\" data-end=\"335\">Tortilla proasp\u0103t\u0103, carne suculent\u0103, legume crocante \u0219i amestecul perfect de sosuri cremoase \u0219i condimentate. O adev\u0103rat\u0103 explozie de gust, pe care nu o po\u021bi l\u0103sa deoparte. Shaorma nu este doar o mas\u0103, ci o experien\u021b\u0103 complet\u0103 \u2013 rapid\u0103, delicioas\u0103 \u0219i care te \u00eencarc\u0103 imediat!<\/p>","protected":false},"featured_media":1405,"template":"","meta":[],"product_brand":[],"product_cat":[38],"product_tag":[92,93,84,75,247,95,94],"class_list":{"0":"post-318","1":"product","2":"type-product","3":"status-publish","4":"has-post-thumbnail","6":"product_cat-gyors-etelek-hu","7":"product_tag-csirke","8":"product_tag-fastfood","9":"product_tag-friss","10":"product_tag-gyorsetelek","11":"product_tag-shaorma","12":"product_tag-szoszok","13":"product_tag-zoldsegek","15":"first","16":"instock","17":"shipping-taxable","18":"purchasable","19":"product-type-simple"},"yoast_head":"<!-- This site is optimized with the Yoast SEO plugin v24.5 - https:\/\/yoast.com\/wordpress\/plugins\/seo\/ -->\n<title>Shaorma - minifry.app<\/title>\n<meta name=\"description\" content=\"Shaorma \u2013 f\u0171szeres, oml\u00f3s, \u00e9s egyszer\u0171en finom. A h\u00fas oml\u00f3s, a sz\u00f3szok kr\u00e9mesek, \u00e9s a tortilla minden egyes falatn\u00e1l t\u00f6k\u00e9letes alapot ad.\" \/>\n<meta name=\"robots\" content=\"index, follow, max-snippet:-1, max-image-preview:large, max-video-preview:-1\" \/>\n<link rel=\"canonical\" href=\"https:\/\/minifry.app\/ro\/product\/shaorma-friss-zoldseg-sulthus-hazi-szosz\/\" \/>\n<meta property=\"og:locale\" content=\"ro_RO\" \/>\n<meta property=\"og:type\" content=\"article\" \/>\n<meta property=\"og:title\" content=\"Shaorma - minifry.app\" \/>\n<meta property=\"og:description\" content=\"Shaorma \u2013 f\u0171szeres, oml\u00f3s, \u00e9s egyszer\u0171en finom. A h\u00fas oml\u00f3s, a sz\u00f3szok kr\u00e9mesek, \u00e9s a tortilla minden egyes falatn\u00e1l t\u00f6k\u00e9letes alapot ad.\" \/>\n<meta property=\"og:url\" content=\"https:\/\/minifry.app\/ro\/product\/shaorma-friss-zoldseg-sulthus-hazi-szosz\/\" \/>\n<meta property=\"og:site_name\" content=\"minifry.app\" \/>\n<meta property=\"article:modified_time\" content=\"2025-07-30T13:10:37+00:00\" \/>\n<meta property=\"og:image\" content=\"https:\/\/minifry.app\/wp-content\/uploads\/2022\/05\/tl.webp\" \/>\n\t<meta property=\"og:image:width\" content=\"550\" \/>\n\t<meta property=\"og:image:height\" content=\"304\" \/>\n\t<meta property=\"og:image:type\" content=\"image\/webp\" \/>\n<meta name=\"twitter:card\" content=\"summary_large_image\" \/>\n<meta name=\"twitter:label1\" content=\"Timp estimat pentru citire\" \/>\n\t<meta name=\"twitter:data1\" content=\"1 minut\" \/>\n<script type=\"application\/ld+json\" class=\"yoast-schema-graph\">{\"@context\":\"https:\/\/schema.org\",\"@graph\":[{\"@type\":\"WebPage\",\"@id\":\"https:\/\/minifry.app\/product\/shaorma-friss-zoldseg-sulthus-hazi-szosz\/\",\"url\":\"https:\/\/minifry.app\/product\/shaorma-friss-zoldseg-sulthus-hazi-szosz\/\",\"name\":\"Shaorma - minifry.app\",\"isPartOf\":{\"@id\":\"https:\/\/minifry.app\/#website\"},\"primaryImageOfPage\":{\"@id\":\"https:\/\/minifry.app\/product\/shaorma-friss-zoldseg-sulthus-hazi-szosz\/#primaryimage\"},\"image\":{\"@id\":\"https:\/\/minifry.app\/product\/shaorma-friss-zoldseg-sulthus-hazi-szosz\/#primaryimage\"},\"thumbnailUrl\":\"https:\/\/minifry.app\/wp-content\/uploads\/2022\/05\/tl.webp\",\"datePublished\":\"2022-05-31T11:44:06+00:00\",\"dateModified\":\"2025-07-30T13:10:37+00:00\",\"description\":\"Shaorma \u2013 f\u0171szeres, oml\u00f3s, \u00e9s egyszer\u0171en finom. A h\u00fas oml\u00f3s, a sz\u00f3szok kr\u00e9mesek, \u00e9s a tortilla minden egyes falatn\u00e1l t\u00f6k\u00e9letes alapot ad.\",\"breadcrumb\":{\"@id\":\"https:\/\/minifry.app\/product\/shaorma-friss-zoldseg-sulthus-hazi-szosz\/#breadcrumb\"},\"inLanguage\":\"ro-RO\",\"potentialAction\":[{\"@type\":\"ReadAction\",\"target\":[\"https:\/\/minifry.app\/product\/shaorma-friss-zoldseg-sulthus-hazi-szosz\/\"]}]},{\"@type\":\"ImageObject\",\"inLanguage\":\"ro-RO\",\"@id\":\"https:\/\/minifry.app\/product\/shaorma-friss-zoldseg-sulthus-hazi-szosz\/#primaryimage\",\"url\":\"https:\/\/minifry.app\/wp-content\/uploads\/2022\/05\/tl.webp\",\"contentUrl\":\"https:\/\/minifry.app\/wp-content\/uploads\/2022\/05\/tl.webp\",\"width\":550,\"height\":304,\"caption\":\"shaorma igazi laktat\u00f3 finoms\u00e1g friss z\u00f6lds\u00e9g h\u00e1zi sz\u00f3sz s\u00fclt burgonya minifry.app\"},{\"@type\":\"BreadcrumbList\",\"@id\":\"https:\/\/minifry.app\/product\/shaorma-friss-zoldseg-sulthus-hazi-szosz\/#breadcrumb\",\"itemListElement\":[{\"@type\":\"ListItem\",\"position\":1,\"name\":\"Kezd\u0151lap\",\"item\":\"https:\/\/minifry.app\/\"},{\"@type\":\"ListItem\",\"position\":2,\"name\":\"K\u00edn\u00e1latunk\",\"item\":\"https:\/\/minifry.app\/shop\/\"},{\"@type\":\"ListItem\",\"position\":3,\"name\":\"Shaorma\"}]},{\"@type\":\"WebSite\",\"@id\":\"https:\/\/minifry.app\/#website\",\"url\":\"https:\/\/minifry.app\/\",\"name\":\"minifry.app\",\"description\":\"\",\"publisher\":{\"@id\":\"https:\/\/minifry.app\/#organization\"},\"potentialAction\":[{\"@type\":\"SearchAction\",\"target\":{\"@type\":\"EntryPoint\",\"urlTemplate\":\"https:\/\/minifry.app\/?s={search_term_string}\"},\"query-input\":{\"@type\":\"PropertyValueSpecification\",\"valueRequired\":true,\"valueName\":\"search_term_string\"}}],\"inLanguage\":\"ro-RO\"},{\"@type\":\"Organization\",\"@id\":\"https:\/\/minifry.app\/#organization\",\"name\":\"DBVCORP SRL\",\"url\":\"https:\/\/minifry.app\/\",\"logo\":{\"@type\":\"ImageObject\",\"inLanguage\":\"ro-RO\",\"@id\":\"https:\/\/minifry.app\/#\/schema\/logo\/image\/\",\"url\":\"https:\/\/minifry.app\/wp-content\/uploads\/2025\/03\/cropped-logo-uj-20-x-15-cm-20-x-10-cm-masolata_20250314_103645_0000.png\",\"contentUrl\":\"https:\/\/minifry.app\/wp-content\/uploads\/2025\/03\/cropped-logo-uj-20-x-15-cm-20-x-10-cm-masolata_20250314_103645_0000.png\",\"width\":1992,\"height\":674,\"caption\":\"DBVCORP SRL\"},\"image\":{\"@id\":\"https:\/\/minifry.app\/#\/schema\/logo\/image\/\"}}]}<\/script>\n<!-- \/ Yoast SEO plugin. -->","yoast_head_json":{"title":"Shaorma - minifry.app","description":"Shaorma \u2013 f\u0171szeres, oml\u00f3s, \u00e9s egyszer\u0171en finom. A h\u00fas oml\u00f3s, a sz\u00f3szok kr\u00e9mesek, \u00e9s a tortilla minden egyes falatn\u00e1l t\u00f6k\u00e9letes alapot ad.","robots":{"index":"index","follow":"follow","max-snippet":"max-snippet:-1","max-image-preview":"max-image-preview:large","max-video-preview":"max-video-preview:-1"},"canonical":"https:\/\/minifry.app\/ro\/product\/shaorma-friss-zoldseg-sulthus-hazi-szosz\/","og_locale":"ro_RO","og_type":"article","og_title":"Shaorma - minifry.app","og_description":"Shaorma \u2013 f\u0171szeres, oml\u00f3s, \u00e9s egyszer\u0171en finom. A h\u00fas oml\u00f3s, a sz\u00f3szok kr\u00e9mesek, \u00e9s a tortilla minden egyes falatn\u00e1l t\u00f6k\u00e9letes alapot ad.","og_url":"https:\/\/minifry.app\/ro\/product\/shaorma-friss-zoldseg-sulthus-hazi-szosz\/","og_site_name":"minifry.app","article_modified_time":"2025-07-30T13:10:37+00:00","og_image":[{"width":550,"height":304,"url":"https:\/\/minifry.app\/wp-content\/uploads\/2022\/05\/tl.webp","type":"image\/webp"}],"twitter_card":"summary_large_image","twitter_misc":{"Timp estimat pentru citire":"1 minut"},"schema":{"@context":"https:\/\/schema.org","@graph":[{"@type":"WebPage","@id":"https:\/\/minifry.app\/product\/shaorma-friss-zoldseg-sulthus-hazi-szosz\/","url":"https:\/\/minifry.app\/product\/shaorma-friss-zoldseg-sulthus-hazi-szosz\/","name":"Shaorma - minifry.app","isPartOf":{"@id":"https:\/\/minifry.app\/#website"},"primaryImageOfPage":{"@id":"https:\/\/minifry.app\/product\/shaorma-friss-zoldseg-sulthus-hazi-szosz\/#primaryimage"},"image":{"@id":"https:\/\/minifry.app\/product\/shaorma-friss-zoldseg-sulthus-hazi-szosz\/#primaryimage"},"thumbnailUrl":"https:\/\/minifry.app\/wp-content\/uploads\/2022\/05\/tl.webp","datePublished":"2022-05-31T11:44:06+00:00","dateModified":"2025-07-30T13:10:37+00:00","description":"Shaorma \u2013 f\u0171szeres, oml\u00f3s, \u00e9s egyszer\u0171en finom. A h\u00fas oml\u00f3s, a sz\u00f3szok kr\u00e9mesek, \u00e9s a tortilla minden egyes falatn\u00e1l t\u00f6k\u00e9letes alapot ad.","breadcrumb":{"@id":"https:\/\/minifry.app\/product\/shaorma-friss-zoldseg-sulthus-hazi-szosz\/#breadcrumb"},"inLanguage":"ro-RO","potentialAction":[{"@type":"ReadAction","target":["https:\/\/minifry.app\/product\/shaorma-friss-zoldseg-sulthus-hazi-szosz\/"]}]},{"@type":"ImageObject","inLanguage":"ro-RO","@id":"https:\/\/minifry.app\/product\/shaorma-friss-zoldseg-sulthus-hazi-szosz\/#primaryimage","url":"https:\/\/minifry.app\/wp-content\/uploads\/2022\/05\/tl.webp","contentUrl":"https:\/\/minifry.app\/wp-content\/uploads\/2022\/05\/tl.webp","width":550,"height":304,"caption":"shaorma igazi laktat\u00f3 finoms\u00e1g friss z\u00f6lds\u00e9g h\u00e1zi sz\u00f3sz s\u00fclt burgonya minifry.app"},{"@type":"BreadcrumbList","@id":"https:\/\/minifry.app\/product\/shaorma-friss-zoldseg-sulthus-hazi-szosz\/#breadcrumb","itemListElement":[{"@type":"ListItem","position":1,"name":"Kezd\u0151lap","item":"https:\/\/minifry.app\/"},{"@type":"ListItem","position":2,"name":"K\u00edn\u00e1latunk","item":"https:\/\/minifry.app\/shop\/"},{"@type":"ListItem","position":3,"name":"Shaorma"}]},{"@type":"WebSite","@id":"https:\/\/minifry.app\/#website","url":"https:\/\/minifry.app\/","name":"minifry.app","description":"","publisher":{"@id":"https:\/\/minifry.app\/#organization"},"potentialAction":[{"@type":"SearchAction","target":{"@type":"EntryPoint","urlTemplate":"https:\/\/minifry.app\/?s={search_term_string}"},"query-input":{"@type":"PropertyValueSpecification","valueRequired":true,"valueName":"search_term_string"}}],"inLanguage":"ro-RO"},{"@type":"Organization","@id":"https:\/\/minifry.app\/#organization","name":"DBVCORP SRL","url":"https:\/\/minifry.app\/","logo":{"@type":"ImageObject","inLanguage":"ro-RO","@id":"https:\/\/minifry.app\/#\/schema\/logo\/image\/","url":"https:\/\/minifry.app\/wp-content\/uploads\/2025\/03\/cropped-logo-uj-20-x-15-cm-20-x-10-cm-masolata_20250314_103645_0000.png","contentUrl":"https:\/\/minifry.app\/wp-content\/uploads\/2025\/03\/cropped-logo-uj-20-x-15-cm-20-x-10-cm-masolata_20250314_103645_0000.png","width":1992,"height":674,"caption":"DBVCORP SRL"},"image":{"@id":"https:\/\/minifry.app\/#\/schema\/logo\/image\/"}}]}},"_links":{"self":[{"href":"https:\/\/minifry.app\/ro\/wp-json\/wp\/v2\/product\/318","targetHints":{"allow":["GET"]}}],"collection":[{"href":"https:\/\/minifry.app\/ro\/wp-json\/wp\/v2\/product"}],"about":[{"href":"https:\/\/minifry.app\/ro\/wp-json\/wp\/v2\/types\/product"}],"wp:featuredmedia":[{"embeddable":true,"href":"https:\/\/minifry.app\/ro\/wp-json\/wp\/v2\/media\/1405"}],"wp:attachment":[{"href":"https:\/\/minifry.app\/ro\/wp-json\/wp\/v2\/media?parent=318"}],"wp:term":[{"taxonomy":"product_brand","embeddable":true,"href":"https:\/\/minifry.app\/ro\/wp-json\/wp\/v2\/product_brand?post=318"},{"taxonomy":"product_cat","embeddable":true,"href":"https:\/\/minifry.app\/ro\/wp-json\/wp\/v2\/product_cat?post=318"},{"taxonomy":"product_tag","embeddable":true,"href":"https:\/\/minifry.app\/ro\/wp-json\/wp\/v2\/product_tag?post=318"}],"curies":[{"name":"wp","href":"https:\/\/api.w.org\/{rel}","templated":true}]}}