{"id":317,"date":"2018-05-03T13:44:06","date_gmt":"2018-05-03T11:44:06","guid":{"rendered":"https:\/\/demo.afthemes.com\/ramp\/product\/import-placeholder-for-45\/"},"modified":"2025-07-30T15:20:37","modified_gmt":"2025-07-30T13:20:37","slug":"sonkas-sajtos-panini-melegszendvics","status":"publish","type":"product","link":"https:\/\/minifry.app\/ro\/product\/sonkas-sajtos-panini-melegszendvics\/","title":{"rendered":"Panini cu \u0218unc\u0103 \u0218i Ca\u0219caval"},"content":{"rendered":"<p>Un delicios Panini cu \u0218unc\u0103 \u0219i Ca\u0219caval pentru micul dejun sau pr\u00e2nz?<\/p>\n<p>Br\u00e2nza topit\u0103, crema fin\u0103 de unt \u0219i feliile u\u0219oare de \u0219unc\u0103 fac sandwich-ul nostru unic, pe care \u00eel coacem proasp\u0103t pentru tine chiar aici! Odat\u0103 ce \u00eel gusti, cu siguran\u021b\u0103 nu vei uita niciodat\u0103 gustul!<\/p>\n<p>Urm\u0103torul este <a href=\"https:\/\/minifry.app\/ro\/product\/csirkes-pestos-panini-ropogos-melegszendvics\/\" target=\"_blank\" rel=\"noopener\"><strong>Pui<\/strong> <strong>Panini<\/strong><\/a>!<\/p>","protected":false},"excerpt":{"rendered":"<p><strong>\u201ePanini cu \u0218unc\u0103 \u0218i Ca\u0219caval \u2013 clasicul care nu iese niciodat\u0103 din mod\u0103.\"<\/strong><\/p>\n<p>\u00cen timpul gr\u0103tarului, paniniul cap\u0103t\u0103 o crust\u0103 crocant\u0103 \u0219i aurie la exterior, iar la interior br\u00e2nza se tope\u0219te, form\u00e2nd \u00eempreun\u0103 cu \u0219unca o umplutur\u0103 suculent\u0103 \u0219i moale. Aceast\u0103 contradic\u021bie face fiecare mu\u0219c\u0103tur\u0103 o adev\u0103rat\u0103 pl\u0103cere. Se recomand\u0103 a fi servit cald!<\/p>","protected":false},"featured_media":1544,"template":"","meta":[],"product_brand":[],"product_cat":[38],"product_tag":[179,75,83,79,78,74],"class_list":{"0":"post-317","1":"product","2":"type-product","3":"status-publish","4":"has-post-thumbnail","6":"product_cat-gyors-etelek-hu","7":"product_tag-ellenallhatatlan","8":"product_tag-gyorsetelek","9":"product_tag-melegszendvics","10":"product_tag-sajtos","11":"product_tag-sonkas","12":"product_tag-szendvics","14":"first","15":"instock","16":"shipping-taxable","17":"purchasable","18":"product-type-simple"},"yoast_head":"<!-- This site is optimized with the Yoast SEO plugin v24.5 - https:\/\/yoast.com\/wordpress\/plugins\/seo\/ -->\n<title>Sonk\u00e1s Sajtos Panini - minifry.app<\/title>\n<meta name=\"description\" content=\"Egy sonk\u00e1s sajtos panini nemcsak \u00e9tel, hanem egy igazi \u201ekomfortkaja\u201d, ami minden helyzetben j\u00f3kedvre der\u00edt! K\u00f3stold meg m\u00e9g ma!\" \/>\n<meta name=\"robots\" content=\"index, follow, max-snippet:-1, max-image-preview:large, max-video-preview:-1\" \/>\n<link rel=\"canonical\" href=\"https:\/\/minifry.app\/ro\/product\/sonkas-sajtos-panini-melegszendvics\/\" \/>\n<meta property=\"og:locale\" content=\"ro_RO\" \/>\n<meta property=\"og:type\" content=\"article\" \/>\n<meta property=\"og:title\" content=\"Sonk\u00e1s Sajtos Panini - minifry.app\" \/>\n<meta property=\"og:description\" content=\"Egy sonk\u00e1s sajtos panini nemcsak \u00e9tel, hanem egy igazi \u201ekomfortkaja\u201d, ami minden helyzetben j\u00f3kedvre der\u00edt! K\u00f3stold meg m\u00e9g ma!\" \/>\n<meta property=\"og:url\" content=\"https:\/\/minifry.app\/ro\/product\/sonkas-sajtos-panini-melegszendvics\/\" \/>\n<meta property=\"og:site_name\" content=\"minifry.app\" \/>\n<meta property=\"article:modified_time\" content=\"2025-07-30T13:20:37+00:00\" \/>\n<meta property=\"og:image\" content=\"https:\/\/minifry.app\/wp-content\/uploads\/2018\/05\/476275243_576802702010260_7637413293853169150_n-1.jpg\" \/>\n\t<meta property=\"og:image:width\" content=\"300\" \/>\n\t<meta property=\"og:image:height\" content=\"200\" \/>\n\t<meta property=\"og:image:type\" content=\"image\/jpeg\" \/>\n<meta name=\"twitter:card\" content=\"summary_large_image\" \/>\n<meta name=\"twitter:label1\" content=\"Timp estimat pentru citire\" \/>\n\t<meta name=\"twitter:data1\" content=\"1 minut\" \/>\n<script type=\"application\/ld+json\" class=\"yoast-schema-graph\">{\"@context\":\"https:\/\/schema.org\",\"@graph\":[{\"@type\":\"WebPage\",\"@id\":\"https:\/\/minifry.app\/product\/sonkas-sajtos-panini-melegszendvics\/\",\"url\":\"https:\/\/minifry.app\/product\/sonkas-sajtos-panini-melegszendvics\/\",\"name\":\"Sonk\u00e1s Sajtos Panini - minifry.app\",\"isPartOf\":{\"@id\":\"https:\/\/minifry.app\/#website\"},\"primaryImageOfPage\":{\"@id\":\"https:\/\/minifry.app\/product\/sonkas-sajtos-panini-melegszendvics\/#primaryimage\"},\"image\":{\"@id\":\"https:\/\/minifry.app\/product\/sonkas-sajtos-panini-melegszendvics\/#primaryimage\"},\"thumbnailUrl\":\"https:\/\/minifry.app\/wp-content\/uploads\/2018\/05\/476275243_576802702010260_7637413293853169150_n-1.jpg\",\"datePublished\":\"2018-05-03T11:44:06+00:00\",\"dateModified\":\"2025-07-30T13:20:37+00:00\",\"description\":\"Egy sonk\u00e1s sajtos panini nemcsak \u00e9tel, hanem egy igazi \u201ekomfortkaja\u201d, ami minden helyzetben j\u00f3kedvre der\u00edt! K\u00f3stold meg m\u00e9g ma!\",\"breadcrumb\":{\"@id\":\"https:\/\/minifry.app\/product\/sonkas-sajtos-panini-melegszendvics\/#breadcrumb\"},\"inLanguage\":\"ro-RO\",\"potentialAction\":[{\"@type\":\"ReadAction\",\"target\":[\"https:\/\/minifry.app\/product\/sonkas-sajtos-panini-melegszendvics\/\"]}]},{\"@type\":\"ImageObject\",\"inLanguage\":\"ro-RO\",\"@id\":\"https:\/\/minifry.app\/product\/sonkas-sajtos-panini-melegszendvics\/#primaryimage\",\"url\":\"https:\/\/minifry.app\/wp-content\/uploads\/2018\/05\/476275243_576802702010260_7637413293853169150_n-1.jpg\",\"contentUrl\":\"https:\/\/minifry.app\/wp-content\/uploads\/2018\/05\/476275243_576802702010260_7637413293853169150_n-1.jpg\",\"width\":300,\"height\":200,\"caption\":\"sonk\u00e1s sajtos panini meleg szendvics konyha online rendel\u00e9s \u00e9rmih\u00e1lyfalva gyors \u00e9telek fast food minifry.app\"},{\"@type\":\"BreadcrumbList\",\"@id\":\"https:\/\/minifry.app\/product\/sonkas-sajtos-panini-melegszendvics\/#breadcrumb\",\"itemListElement\":[{\"@type\":\"ListItem\",\"position\":1,\"name\":\"Kezd\u0151lap\",\"item\":\"https:\/\/minifry.app\/\"},{\"@type\":\"ListItem\",\"position\":2,\"name\":\"K\u00edn\u00e1latunk\",\"item\":\"https:\/\/minifry.app\/shop\/\"},{\"@type\":\"ListItem\",\"position\":3,\"name\":\"Sonk\u00e1s Sajtos Panini\"}]},{\"@type\":\"WebSite\",\"@id\":\"https:\/\/minifry.app\/#website\",\"url\":\"https:\/\/minifry.app\/\",\"name\":\"minifry.app\",\"description\":\"\",\"publisher\":{\"@id\":\"https:\/\/minifry.app\/#organization\"},\"potentialAction\":[{\"@type\":\"SearchAction\",\"target\":{\"@type\":\"EntryPoint\",\"urlTemplate\":\"https:\/\/minifry.app\/?s={search_term_string}\"},\"query-input\":{\"@type\":\"PropertyValueSpecification\",\"valueRequired\":true,\"valueName\":\"search_term_string\"}}],\"inLanguage\":\"ro-RO\"},{\"@type\":\"Organization\",\"@id\":\"https:\/\/minifry.app\/#organization\",\"name\":\"DBVCORP SRL\",\"url\":\"https:\/\/minifry.app\/\",\"logo\":{\"@type\":\"ImageObject\",\"inLanguage\":\"ro-RO\",\"@id\":\"https:\/\/minifry.app\/#\/schema\/logo\/image\/\",\"url\":\"https:\/\/minifry.app\/wp-content\/uploads\/2025\/03\/cropped-logo-uj-20-x-15-cm-20-x-10-cm-masolata_20250314_103645_0000.png\",\"contentUrl\":\"https:\/\/minifry.app\/wp-content\/uploads\/2025\/03\/cropped-logo-uj-20-x-15-cm-20-x-10-cm-masolata_20250314_103645_0000.png\",\"width\":1992,\"height\":674,\"caption\":\"DBVCORP SRL\"},\"image\":{\"@id\":\"https:\/\/minifry.app\/#\/schema\/logo\/image\/\"}}]}<\/script>\n<!-- \/ Yoast SEO plugin. -->","yoast_head_json":{"title":"Sonk\u00e1s Sajtos Panini - minifry.app","description":"Egy sonk\u00e1s sajtos panini nemcsak \u00e9tel, hanem egy igazi \u201ekomfortkaja\u201d, ami minden helyzetben j\u00f3kedvre der\u00edt! K\u00f3stold meg m\u00e9g ma!","robots":{"index":"index","follow":"follow","max-snippet":"max-snippet:-1","max-image-preview":"max-image-preview:large","max-video-preview":"max-video-preview:-1"},"canonical":"https:\/\/minifry.app\/ro\/product\/sonkas-sajtos-panini-melegszendvics\/","og_locale":"ro_RO","og_type":"article","og_title":"Sonk\u00e1s Sajtos Panini - minifry.app","og_description":"Egy sonk\u00e1s sajtos panini nemcsak \u00e9tel, hanem egy igazi \u201ekomfortkaja\u201d, ami minden helyzetben j\u00f3kedvre der\u00edt! K\u00f3stold meg m\u00e9g ma!","og_url":"https:\/\/minifry.app\/ro\/product\/sonkas-sajtos-panini-melegszendvics\/","og_site_name":"minifry.app","article_modified_time":"2025-07-30T13:20:37+00:00","og_image":[{"width":300,"height":200,"url":"https:\/\/minifry.app\/wp-content\/uploads\/2018\/05\/476275243_576802702010260_7637413293853169150_n-1.jpg","type":"image\/jpeg"}],"twitter_card":"summary_large_image","twitter_misc":{"Timp estimat pentru citire":"1 minut"},"schema":{"@context":"https:\/\/schema.org","@graph":[{"@type":"WebPage","@id":"https:\/\/minifry.app\/product\/sonkas-sajtos-panini-melegszendvics\/","url":"https:\/\/minifry.app\/product\/sonkas-sajtos-panini-melegszendvics\/","name":"Sonk\u00e1s Sajtos Panini - minifry.app","isPartOf":{"@id":"https:\/\/minifry.app\/#website"},"primaryImageOfPage":{"@id":"https:\/\/minifry.app\/product\/sonkas-sajtos-panini-melegszendvics\/#primaryimage"},"image":{"@id":"https:\/\/minifry.app\/product\/sonkas-sajtos-panini-melegszendvics\/#primaryimage"},"thumbnailUrl":"https:\/\/minifry.app\/wp-content\/uploads\/2018\/05\/476275243_576802702010260_7637413293853169150_n-1.jpg","datePublished":"2018-05-03T11:44:06+00:00","dateModified":"2025-07-30T13:20:37+00:00","description":"Egy sonk\u00e1s sajtos panini nemcsak \u00e9tel, hanem egy igazi \u201ekomfortkaja\u201d, ami minden helyzetben j\u00f3kedvre der\u00edt! K\u00f3stold meg m\u00e9g ma!","breadcrumb":{"@id":"https:\/\/minifry.app\/product\/sonkas-sajtos-panini-melegszendvics\/#breadcrumb"},"inLanguage":"ro-RO","potentialAction":[{"@type":"ReadAction","target":["https:\/\/minifry.app\/product\/sonkas-sajtos-panini-melegszendvics\/"]}]},{"@type":"ImageObject","inLanguage":"ro-RO","@id":"https:\/\/minifry.app\/product\/sonkas-sajtos-panini-melegszendvics\/#primaryimage","url":"https:\/\/minifry.app\/wp-content\/uploads\/2018\/05\/476275243_576802702010260_7637413293853169150_n-1.jpg","contentUrl":"https:\/\/minifry.app\/wp-content\/uploads\/2018\/05\/476275243_576802702010260_7637413293853169150_n-1.jpg","width":300,"height":200,"caption":"sonk\u00e1s sajtos panini meleg szendvics konyha online rendel\u00e9s \u00e9rmih\u00e1lyfalva gyors \u00e9telek fast food minifry.app"},{"@type":"BreadcrumbList","@id":"https:\/\/minifry.app\/product\/sonkas-sajtos-panini-melegszendvics\/#breadcrumb","itemListElement":[{"@type":"ListItem","position":1,"name":"Kezd\u0151lap","item":"https:\/\/minifry.app\/"},{"@type":"ListItem","position":2,"name":"K\u00edn\u00e1latunk","item":"https:\/\/minifry.app\/shop\/"},{"@type":"ListItem","position":3,"name":"Sonk\u00e1s Sajtos Panini"}]},{"@type":"WebSite","@id":"https:\/\/minifry.app\/#website","url":"https:\/\/minifry.app\/","name":"minifry.app","description":"","publisher":{"@id":"https:\/\/minifry.app\/#organization"},"potentialAction":[{"@type":"SearchAction","target":{"@type":"EntryPoint","urlTemplate":"https:\/\/minifry.app\/?s={search_term_string}"},"query-input":{"@type":"PropertyValueSpecification","valueRequired":true,"valueName":"search_term_string"}}],"inLanguage":"ro-RO"},{"@type":"Organization","@id":"https:\/\/minifry.app\/#organization","name":"DBVCORP SRL","url":"https:\/\/minifry.app\/","logo":{"@type":"ImageObject","inLanguage":"ro-RO","@id":"https:\/\/minifry.app\/#\/schema\/logo\/image\/","url":"https:\/\/minifry.app\/wp-content\/uploads\/2025\/03\/cropped-logo-uj-20-x-15-cm-20-x-10-cm-masolata_20250314_103645_0000.png","contentUrl":"https:\/\/minifry.app\/wp-content\/uploads\/2025\/03\/cropped-logo-uj-20-x-15-cm-20-x-10-cm-masolata_20250314_103645_0000.png","width":1992,"height":674,"caption":"DBVCORP SRL"},"image":{"@id":"https:\/\/minifry.app\/#\/schema\/logo\/image\/"}}]}},"_links":{"self":[{"href":"https:\/\/minifry.app\/ro\/wp-json\/wp\/v2\/product\/317","targetHints":{"allow":["GET"]}}],"collection":[{"href":"https:\/\/minifry.app\/ro\/wp-json\/wp\/v2\/product"}],"about":[{"href":"https:\/\/minifry.app\/ro\/wp-json\/wp\/v2\/types\/product"}],"wp:featuredmedia":[{"embeddable":true,"href":"https:\/\/minifry.app\/ro\/wp-json\/wp\/v2\/media\/1544"}],"wp:attachment":[{"href":"https:\/\/minifry.app\/ro\/wp-json\/wp\/v2\/media?parent=317"}],"wp:term":[{"taxonomy":"product_brand","embeddable":true,"href":"https:\/\/minifry.app\/ro\/wp-json\/wp\/v2\/product_brand?post=317"},{"taxonomy":"product_cat","embeddable":true,"href":"https:\/\/minifry.app\/ro\/wp-json\/wp\/v2\/product_cat?post=317"},{"taxonomy":"product_tag","embeddable":true,"href":"https:\/\/minifry.app\/ro\/wp-json\/wp\/v2\/product_tag?post=317"}],"curies":[{"name":"wp","href":"https:\/\/api.w.org\/{rel}","templated":true}]}}