{"id":1557,"date":"2025-08-04T11:17:05","date_gmt":"2025-08-04T09:17:05","guid":{"rendered":"https:\/\/minifry.app\/?post_type=product&#038;p=1557"},"modified":"2025-08-04T11:17:05","modified_gmt":"2025-08-04T09:17:05","slug":"mini-shaorma-finom-friss-helyben","status":"publish","type":"product","link":"https:\/\/minifry.app\/ro\/product\/mini-shaorma-finom-friss-helyben\/","title":{"rendered":"Mini Shaorma"},"content":{"rendered":"<p data-start=\"443\" data-end=\"614\"><strong data-start=\"775\" data-end=\"833\">Mini Shaorma \u2013 kicsiben is nagy \u00e9lm\u00e9ny!<\/strong><br data-start=\"460\" data-end=\"463\" \/>Frissen s\u00fclt, f\u0171szeres shaorma h\u00fas, ropog\u00f3s z\u00f6lds\u00e9gek, kr\u00e9mes h\u00e1zi tzatziki \u00e9s ezersziget sz\u00f3sz. Mindez egy puha, meleg tortill\u00e1ba tekerve. Gyerekek \u00e9s feln\u0151ttek kedvence egyar\u00e1nt. T\u00f6k\u00e9letes v\u00e1laszt\u00e1s, ha \u00e9pp nincs nagy \u00e9tv\u00e1gyad, de nem mondan\u00e1l le az \u00edzekr\u0151l.<\/p>\n<p data-start=\"775\" data-end=\"833\">","protected":false},"excerpt":{"rendered":"<h3 data-start=\"159\" data-end=\"200\"><strong data-start=\"166\" data-end=\"200\">Mini Shaorma \u2013 Kicsi, de \u00fct\u0151s!<\/strong><\/h3>\n<p data-start=\"202\" data-end=\"441\">N\u00e9ha el\u00e9g egy falatnyi boldogs\u00e1g\u2026 \u00e9s pontosan ezt k\u00edn\u00e1lja a <strong data-start=\"262\" data-end=\"278\">Mini Shaorma<\/strong>!<br data-start=\"279\" data-end=\"282\" \/>A klasszikus shaorma minden \u00edz\u00e9t megtal\u00e1lod benne \u2013 csak kompaktabb m\u00e9retben, hogy b\u00e1rmikor, b\u00e1rhol elf\u00e9rjen egy gyors falatk\u00e9nt vagy kieg\u00e9sz\u00edt\u0151 fog\u00e1sk\u00e9nt.<\/p>","protected":false},"featured_media":1405,"template":"","meta":[],"product_brand":[],"product_cat":[38],"product_tag":[89,84,312,131,311,247],"class_list":{"0":"post-1557","1":"product","2":"type-product","3":"status-publish","4":"has-post-thumbnail","6":"product_cat-gyors-etelek-hu","7":"product_tag-finom","8":"product_tag-friss","9":"product_tag-helyben","10":"product_tag-inycsiklando","11":"product_tag-mini","12":"product_tag-shaorma","14":"first","15":"instock","16":"shipping-taxable","17":"purchasable","18":"product-type-simple"},"yoast_head":"<!-- This site is optimized with the Yoast SEO plugin v24.5 - https:\/\/yoast.com\/wordpress\/plugins\/seo\/ -->\n<title>Mini Shaorma - minifry.app<\/title>\n<meta name=\"description\" content=\"Mini Shaorma a Minifry.app-t\u00f3l \u2013 frissen s\u00fclt h\u00fas, h\u00e1zi sz\u00f3szok \u00e9s ropog\u00f3s z\u00f6lds\u00e9gek egy \u00edzletes, puha tortill\u00e1ban. T\u00f6k\u00e9letes gyors\u00e9tel b\u00e1rkinek!\" \/>\n<meta name=\"robots\" content=\"index, follow, max-snippet:-1, max-image-preview:large, max-video-preview:-1\" \/>\n<link rel=\"canonical\" href=\"https:\/\/minifry.app\/ro\/product\/mini-shaorma-finom-friss-helyben\/\" \/>\n<meta property=\"og:locale\" content=\"ro_RO\" \/>\n<meta property=\"og:type\" content=\"article\" \/>\n<meta property=\"og:title\" content=\"Mini Shaorma - minifry.app\" \/>\n<meta property=\"og:description\" content=\"Mini Shaorma a Minifry.app-t\u00f3l \u2013 frissen s\u00fclt h\u00fas, h\u00e1zi sz\u00f3szok \u00e9s ropog\u00f3s z\u00f6lds\u00e9gek egy \u00edzletes, puha tortill\u00e1ban. T\u00f6k\u00e9letes gyors\u00e9tel b\u00e1rkinek!\" \/>\n<meta property=\"og:url\" content=\"https:\/\/minifry.app\/ro\/product\/mini-shaorma-finom-friss-helyben\/\" \/>\n<meta property=\"og:site_name\" content=\"minifry.app\" \/>\n<meta property=\"og:image\" content=\"https:\/\/minifry.app\/wp-content\/uploads\/2022\/05\/tl.webp\" \/>\n\t<meta property=\"og:image:width\" content=\"550\" \/>\n\t<meta property=\"og:image:height\" content=\"304\" \/>\n\t<meta property=\"og:image:type\" content=\"image\/webp\" \/>\n<meta name=\"twitter:card\" content=\"summary_large_image\" \/>\n<meta name=\"twitter:label1\" content=\"Timp estimat pentru citire\" \/>\n\t<meta name=\"twitter:data1\" content=\"1 minut\" \/>\n<script type=\"application\/ld+json\" class=\"yoast-schema-graph\">{\"@context\":\"https:\/\/schema.org\",\"@graph\":[{\"@type\":\"WebPage\",\"@id\":\"https:\/\/minifry.app\/product\/mini-shaorma-finom-friss-helyben\/\",\"url\":\"https:\/\/minifry.app\/product\/mini-shaorma-finom-friss-helyben\/\",\"name\":\"Mini Shaorma - minifry.app\",\"isPartOf\":{\"@id\":\"https:\/\/minifry.app\/#website\"},\"primaryImageOfPage\":{\"@id\":\"https:\/\/minifry.app\/product\/mini-shaorma-finom-friss-helyben\/#primaryimage\"},\"image\":{\"@id\":\"https:\/\/minifry.app\/product\/mini-shaorma-finom-friss-helyben\/#primaryimage\"},\"thumbnailUrl\":\"https:\/\/minifry.app\/wp-content\/uploads\/2022\/05\/tl.webp\",\"datePublished\":\"2025-08-04T09:17:05+00:00\",\"description\":\"Mini Shaorma a Minifry.app-t\u00f3l \u2013 frissen s\u00fclt h\u00fas, h\u00e1zi sz\u00f3szok \u00e9s ropog\u00f3s z\u00f6lds\u00e9gek egy \u00edzletes, puha tortill\u00e1ban. T\u00f6k\u00e9letes gyors\u00e9tel b\u00e1rkinek!\",\"breadcrumb\":{\"@id\":\"https:\/\/minifry.app\/product\/mini-shaorma-finom-friss-helyben\/#breadcrumb\"},\"inLanguage\":\"ro-RO\",\"potentialAction\":[{\"@type\":\"ReadAction\",\"target\":[\"https:\/\/minifry.app\/product\/mini-shaorma-finom-friss-helyben\/\"]}]},{\"@type\":\"ImageObject\",\"inLanguage\":\"ro-RO\",\"@id\":\"https:\/\/minifry.app\/product\/mini-shaorma-finom-friss-helyben\/#primaryimage\",\"url\":\"https:\/\/minifry.app\/wp-content\/uploads\/2022\/05\/tl.webp\",\"contentUrl\":\"https:\/\/minifry.app\/wp-content\/uploads\/2022\/05\/tl.webp\",\"width\":550,\"height\":304,\"caption\":\"shaorma igazi laktat\u00f3 finoms\u00e1g friss z\u00f6lds\u00e9g h\u00e1zi sz\u00f3sz s\u00fclt burgonya minifry.app\"},{\"@type\":\"BreadcrumbList\",\"@id\":\"https:\/\/minifry.app\/product\/mini-shaorma-finom-friss-helyben\/#breadcrumb\",\"itemListElement\":[{\"@type\":\"ListItem\",\"position\":1,\"name\":\"Kezd\u0151lap\",\"item\":\"https:\/\/minifry.app\/\"},{\"@type\":\"ListItem\",\"position\":2,\"name\":\"K\u00edn\u00e1latunk\",\"item\":\"https:\/\/minifry.app\/shop\/\"},{\"@type\":\"ListItem\",\"position\":3,\"name\":\"Mini Shaorma\"}]},{\"@type\":\"WebSite\",\"@id\":\"https:\/\/minifry.app\/#website\",\"url\":\"https:\/\/minifry.app\/\",\"name\":\"minifry.app\",\"description\":\"\",\"publisher\":{\"@id\":\"https:\/\/minifry.app\/#organization\"},\"potentialAction\":[{\"@type\":\"SearchAction\",\"target\":{\"@type\":\"EntryPoint\",\"urlTemplate\":\"https:\/\/minifry.app\/?s={search_term_string}\"},\"query-input\":{\"@type\":\"PropertyValueSpecification\",\"valueRequired\":true,\"valueName\":\"search_term_string\"}}],\"inLanguage\":\"ro-RO\"},{\"@type\":\"Organization\",\"@id\":\"https:\/\/minifry.app\/#organization\",\"name\":\"DBVCORP SRL\",\"url\":\"https:\/\/minifry.app\/\",\"logo\":{\"@type\":\"ImageObject\",\"inLanguage\":\"ro-RO\",\"@id\":\"https:\/\/minifry.app\/#\/schema\/logo\/image\/\",\"url\":\"https:\/\/minifry.app\/wp-content\/uploads\/2025\/03\/cropped-logo-uj-20-x-15-cm-20-x-10-cm-masolata_20250314_103645_0000.png\",\"contentUrl\":\"https:\/\/minifry.app\/wp-content\/uploads\/2025\/03\/cropped-logo-uj-20-x-15-cm-20-x-10-cm-masolata_20250314_103645_0000.png\",\"width\":1992,\"height\":674,\"caption\":\"DBVCORP SRL\"},\"image\":{\"@id\":\"https:\/\/minifry.app\/#\/schema\/logo\/image\/\"}}]}<\/script>\n<!-- \/ Yoast SEO plugin. -->","yoast_head_json":{"title":"Mini Shaorma - minifry.app","description":"Mini Shaorma a Minifry.app-t\u00f3l \u2013 frissen s\u00fclt h\u00fas, h\u00e1zi sz\u00f3szok \u00e9s ropog\u00f3s z\u00f6lds\u00e9gek egy \u00edzletes, puha tortill\u00e1ban. T\u00f6k\u00e9letes gyors\u00e9tel b\u00e1rkinek!","robots":{"index":"index","follow":"follow","max-snippet":"max-snippet:-1","max-image-preview":"max-image-preview:large","max-video-preview":"max-video-preview:-1"},"canonical":"https:\/\/minifry.app\/ro\/product\/mini-shaorma-finom-friss-helyben\/","og_locale":"ro_RO","og_type":"article","og_title":"Mini Shaorma - minifry.app","og_description":"Mini Shaorma a Minifry.app-t\u00f3l \u2013 frissen s\u00fclt h\u00fas, h\u00e1zi sz\u00f3szok \u00e9s ropog\u00f3s z\u00f6lds\u00e9gek egy \u00edzletes, puha tortill\u00e1ban. T\u00f6k\u00e9letes gyors\u00e9tel b\u00e1rkinek!","og_url":"https:\/\/minifry.app\/ro\/product\/mini-shaorma-finom-friss-helyben\/","og_site_name":"minifry.app","og_image":[{"width":550,"height":304,"url":"https:\/\/minifry.app\/wp-content\/uploads\/2022\/05\/tl.webp","type":"image\/webp"}],"twitter_card":"summary_large_image","twitter_misc":{"Timp estimat pentru citire":"1 minut"},"schema":{"@context":"https:\/\/schema.org","@graph":[{"@type":"WebPage","@id":"https:\/\/minifry.app\/product\/mini-shaorma-finom-friss-helyben\/","url":"https:\/\/minifry.app\/product\/mini-shaorma-finom-friss-helyben\/","name":"Mini Shaorma - minifry.app","isPartOf":{"@id":"https:\/\/minifry.app\/#website"},"primaryImageOfPage":{"@id":"https:\/\/minifry.app\/product\/mini-shaorma-finom-friss-helyben\/#primaryimage"},"image":{"@id":"https:\/\/minifry.app\/product\/mini-shaorma-finom-friss-helyben\/#primaryimage"},"thumbnailUrl":"https:\/\/minifry.app\/wp-content\/uploads\/2022\/05\/tl.webp","datePublished":"2025-08-04T09:17:05+00:00","description":"Mini Shaorma a Minifry.app-t\u00f3l \u2013 frissen s\u00fclt h\u00fas, h\u00e1zi sz\u00f3szok \u00e9s ropog\u00f3s z\u00f6lds\u00e9gek egy \u00edzletes, puha tortill\u00e1ban. T\u00f6k\u00e9letes gyors\u00e9tel b\u00e1rkinek!","breadcrumb":{"@id":"https:\/\/minifry.app\/product\/mini-shaorma-finom-friss-helyben\/#breadcrumb"},"inLanguage":"ro-RO","potentialAction":[{"@type":"ReadAction","target":["https:\/\/minifry.app\/product\/mini-shaorma-finom-friss-helyben\/"]}]},{"@type":"ImageObject","inLanguage":"ro-RO","@id":"https:\/\/minifry.app\/product\/mini-shaorma-finom-friss-helyben\/#primaryimage","url":"https:\/\/minifry.app\/wp-content\/uploads\/2022\/05\/tl.webp","contentUrl":"https:\/\/minifry.app\/wp-content\/uploads\/2022\/05\/tl.webp","width":550,"height":304,"caption":"shaorma igazi laktat\u00f3 finoms\u00e1g friss z\u00f6lds\u00e9g h\u00e1zi sz\u00f3sz s\u00fclt burgonya minifry.app"},{"@type":"BreadcrumbList","@id":"https:\/\/minifry.app\/product\/mini-shaorma-finom-friss-helyben\/#breadcrumb","itemListElement":[{"@type":"ListItem","position":1,"name":"Kezd\u0151lap","item":"https:\/\/minifry.app\/"},{"@type":"ListItem","position":2,"name":"K\u00edn\u00e1latunk","item":"https:\/\/minifry.app\/shop\/"},{"@type":"ListItem","position":3,"name":"Mini Shaorma"}]},{"@type":"WebSite","@id":"https:\/\/minifry.app\/#website","url":"https:\/\/minifry.app\/","name":"minifry.app","description":"","publisher":{"@id":"https:\/\/minifry.app\/#organization"},"potentialAction":[{"@type":"SearchAction","target":{"@type":"EntryPoint","urlTemplate":"https:\/\/minifry.app\/?s={search_term_string}"},"query-input":{"@type":"PropertyValueSpecification","valueRequired":true,"valueName":"search_term_string"}}],"inLanguage":"ro-RO"},{"@type":"Organization","@id":"https:\/\/minifry.app\/#organization","name":"DBVCORP SRL","url":"https:\/\/minifry.app\/","logo":{"@type":"ImageObject","inLanguage":"ro-RO","@id":"https:\/\/minifry.app\/#\/schema\/logo\/image\/","url":"https:\/\/minifry.app\/wp-content\/uploads\/2025\/03\/cropped-logo-uj-20-x-15-cm-20-x-10-cm-masolata_20250314_103645_0000.png","contentUrl":"https:\/\/minifry.app\/wp-content\/uploads\/2025\/03\/cropped-logo-uj-20-x-15-cm-20-x-10-cm-masolata_20250314_103645_0000.png","width":1992,"height":674,"caption":"DBVCORP SRL"},"image":{"@id":"https:\/\/minifry.app\/#\/schema\/logo\/image\/"}}]}},"_links":{"self":[{"href":"https:\/\/minifry.app\/ro\/wp-json\/wp\/v2\/product\/1557","targetHints":{"allow":["GET"]}}],"collection":[{"href":"https:\/\/minifry.app\/ro\/wp-json\/wp\/v2\/product"}],"about":[{"href":"https:\/\/minifry.app\/ro\/wp-json\/wp\/v2\/types\/product"}],"wp:featuredmedia":[{"embeddable":true,"href":"https:\/\/minifry.app\/ro\/wp-json\/wp\/v2\/media\/1405"}],"wp:attachment":[{"href":"https:\/\/minifry.app\/ro\/wp-json\/wp\/v2\/media?parent=1557"}],"wp:term":[{"taxonomy":"product_brand","embeddable":true,"href":"https:\/\/minifry.app\/ro\/wp-json\/wp\/v2\/product_brand?post=1557"},{"taxonomy":"product_cat","embeddable":true,"href":"https:\/\/minifry.app\/ro\/wp-json\/wp\/v2\/product_cat?post=1557"},{"taxonomy":"product_tag","embeddable":true,"href":"https:\/\/minifry.app\/ro\/wp-json\/wp\/v2\/product_tag?post=1557"}],"curies":[{"name":"wp","href":"https:\/\/api.w.org\/{rel}","templated":true}]}}