{"id":1491,"date":"2025-03-28T14:18:31","date_gmt":"2025-03-28T12:18:31","guid":{"rendered":"https:\/\/minifry.app\/?post_type=product&#038;p=1491"},"modified":"2025-07-30T15:28:21","modified_gmt":"2025-07-30T13:28:21","slug":"buborekos-gofri-desszert-edesseg","status":"publish","type":"product","link":"https:\/\/minifry.app\/ro\/product\/buborekos-gofri-desszert-edesseg\/","title":{"rendered":"Vaf\u0103 Bubble"},"content":{"rendered":"<p>Vaf\u0103 bubble este o adev\u0103rat\u0103 delicatese: la exterior, rumenit\u0103 auriu \u0219i crocant\u0103, iar la interior, moale \u0219i pufoas\u0103. Chiar \u0219i aroma sa este irezistibil\u0103 \u2013 parfumul dulce al aluatului proasp\u0103t copt, \u00eembog\u0103\u021bit cu unt \u0219i vanilie, umple aerul. La prima mu\u0219c\u0103tur\u0103, exteriorul u\u0219or caramelizat se fr\u00e2nge delicat, \u00een timp ce interiorul se tope\u0219te fraged \u00een gur\u0103.<\/p>\n<p>Ai gustat deja <strong>Baklava<\/strong>?<\/p>\n<p>&nbsp;<\/p>","protected":false},"excerpt":{"rendered":"<p><strong>\u201eVaf\u0103  Bubble are un exterior aurit \u0219i crocant, iar interiorul s\u0103u moale \u0219i pufos creeaz\u0103 o armonie perfect\u0103.\u201d<\/strong><\/p>\n<p>Aluatul, u\u0219or crocant la exterior \u0219i moale \u0219i aerat la interior, \u00eenchide \u00een fiecare bul\u0103 sa aroma minunat\u0103 de vanilie \u0219i unt.<\/p>","protected":false},"featured_media":1492,"template":"","meta":[],"product_brand":[],"product_cat":[39],"product_tag":[307,306,244,304,305],"class_list":{"0":"post-1491","1":"product","2":"type-product","3":"status-publish","4":"has-post-thumbnail","6":"product_cat-desszert-hu","7":"product_tag-buborekos-gofri","8":"product_tag-csokiontet","9":"product_tag-desszert","10":"product_tag-gofri","11":"product_tag-tejszinhab","13":"first","14":"instock","15":"shipping-taxable","16":"purchasable","17":"product-type-simple"},"yoast_head":"<!-- This site is optimized with the Yoast SEO plugin v24.5 - https:\/\/yoast.com\/wordpress\/plugins\/seo\/ -->\n<title>Bubor\u00e9kos Gofri - minifry.app<\/title>\n<meta name=\"description\" content=\"A bubor\u00e9kos gofri egy k\u00fcl\u00f6nleges, l\u00e1tv\u00e1nyos \u00e9s \u00ednycsikland\u00f3 \u00e9dess\u00e9g, amely puha, k\u00f6nnyed t\u00e9szt\u00e1j\u00e1r\u00f3l \u00e9s jellegzetes, dombor\u00fa bubor\u00e9kos szerkezet\u00e9r\u0151l ismert.\" \/>\n<meta name=\"robots\" content=\"index, follow, max-snippet:-1, max-image-preview:large, max-video-preview:-1\" \/>\n<link rel=\"canonical\" href=\"https:\/\/minifry.app\/ro\/product\/buborekos-gofri-desszert-edesseg\/\" \/>\n<meta property=\"og:locale\" content=\"ro_RO\" \/>\n<meta property=\"og:type\" content=\"article\" \/>\n<meta property=\"og:title\" content=\"Bubor\u00e9kos Gofri - minifry.app\" \/>\n<meta property=\"og:description\" content=\"A bubor\u00e9kos gofri egy k\u00fcl\u00f6nleges, l\u00e1tv\u00e1nyos \u00e9s \u00ednycsikland\u00f3 \u00e9dess\u00e9g, amely puha, k\u00f6nnyed t\u00e9szt\u00e1j\u00e1r\u00f3l \u00e9s jellegzetes, dombor\u00fa bubor\u00e9kos szerkezet\u00e9r\u0151l ismert.\" \/>\n<meta property=\"og:url\" content=\"https:\/\/minifry.app\/ro\/product\/buborekos-gofri-desszert-edesseg\/\" \/>\n<meta property=\"og:site_name\" content=\"minifry.app\" \/>\n<meta property=\"article:modified_time\" content=\"2025-07-30T13:28:21+00:00\" \/>\n<meta property=\"og:image\" content=\"https:\/\/minifry.app\/wp-content\/uploads\/2025\/03\/gofri2.png\" \/>\n\t<meta property=\"og:image:width\" content=\"365\" \/>\n\t<meta property=\"og:image:height\" content=\"346\" \/>\n\t<meta property=\"og:image:type\" content=\"image\/png\" \/>\n<meta name=\"twitter:card\" content=\"summary_large_image\" \/>\n<meta name=\"twitter:label1\" content=\"Timp estimat pentru citire\" \/>\n\t<meta name=\"twitter:data1\" content=\"1 minut\" \/>\n<script type=\"application\/ld+json\" class=\"yoast-schema-graph\">{\"@context\":\"https:\/\/schema.org\",\"@graph\":[{\"@type\":\"WebPage\",\"@id\":\"https:\/\/minifry.app\/product\/buborekos-gofri-desszert-edesseg\/\",\"url\":\"https:\/\/minifry.app\/product\/buborekos-gofri-desszert-edesseg\/\",\"name\":\"Bubor\u00e9kos Gofri - minifry.app\",\"isPartOf\":{\"@id\":\"https:\/\/minifry.app\/#website\"},\"primaryImageOfPage\":{\"@id\":\"https:\/\/minifry.app\/product\/buborekos-gofri-desszert-edesseg\/#primaryimage\"},\"image\":{\"@id\":\"https:\/\/minifry.app\/product\/buborekos-gofri-desszert-edesseg\/#primaryimage\"},\"thumbnailUrl\":\"https:\/\/minifry.app\/wp-content\/uploads\/2025\/03\/gofri2.png\",\"datePublished\":\"2025-03-28T12:18:31+00:00\",\"dateModified\":\"2025-07-30T13:28:21+00:00\",\"description\":\"A bubor\u00e9kos gofri egy k\u00fcl\u00f6nleges, l\u00e1tv\u00e1nyos \u00e9s \u00ednycsikland\u00f3 \u00e9dess\u00e9g, amely puha, k\u00f6nnyed t\u00e9szt\u00e1j\u00e1r\u00f3l \u00e9s jellegzetes, dombor\u00fa bubor\u00e9kos szerkezet\u00e9r\u0151l ismert.\",\"breadcrumb\":{\"@id\":\"https:\/\/minifry.app\/product\/buborekos-gofri-desszert-edesseg\/#breadcrumb\"},\"inLanguage\":\"ro-RO\",\"potentialAction\":[{\"@type\":\"ReadAction\",\"target\":[\"https:\/\/minifry.app\/product\/buborekos-gofri-desszert-edesseg\/\"]}]},{\"@type\":\"ImageObject\",\"inLanguage\":\"ro-RO\",\"@id\":\"https:\/\/minifry.app\/product\/buborekos-gofri-desszert-edesseg\/#primaryimage\",\"url\":\"https:\/\/minifry.app\/wp-content\/uploads\/2025\/03\/gofri2.png\",\"contentUrl\":\"https:\/\/minifry.app\/wp-content\/uploads\/2025\/03\/gofri2.png\",\"width\":365,\"height\":346,\"caption\":\"bubor\u00e9kos gofri minden \u00e9dess\u00e9g kedvel\u0151nek desszert finom minifry.app\"},{\"@type\":\"BreadcrumbList\",\"@id\":\"https:\/\/minifry.app\/product\/buborekos-gofri-desszert-edesseg\/#breadcrumb\",\"itemListElement\":[{\"@type\":\"ListItem\",\"position\":1,\"name\":\"Kezd\u0151lap\",\"item\":\"https:\/\/minifry.app\/\"},{\"@type\":\"ListItem\",\"position\":2,\"name\":\"K\u00edn\u00e1latunk\",\"item\":\"https:\/\/minifry.app\/shop\/\"},{\"@type\":\"ListItem\",\"position\":3,\"name\":\"Bubor\u00e9kos Gofri\"}]},{\"@type\":\"WebSite\",\"@id\":\"https:\/\/minifry.app\/#website\",\"url\":\"https:\/\/minifry.app\/\",\"name\":\"minifry.app\",\"description\":\"\",\"publisher\":{\"@id\":\"https:\/\/minifry.app\/#organization\"},\"potentialAction\":[{\"@type\":\"SearchAction\",\"target\":{\"@type\":\"EntryPoint\",\"urlTemplate\":\"https:\/\/minifry.app\/?s={search_term_string}\"},\"query-input\":{\"@type\":\"PropertyValueSpecification\",\"valueRequired\":true,\"valueName\":\"search_term_string\"}}],\"inLanguage\":\"ro-RO\"},{\"@type\":\"Organization\",\"@id\":\"https:\/\/minifry.app\/#organization\",\"name\":\"DBVCORP SRL\",\"url\":\"https:\/\/minifry.app\/\",\"logo\":{\"@type\":\"ImageObject\",\"inLanguage\":\"ro-RO\",\"@id\":\"https:\/\/minifry.app\/#\/schema\/logo\/image\/\",\"url\":\"https:\/\/minifry.app\/wp-content\/uploads\/2025\/03\/cropped-logo-uj-20-x-15-cm-20-x-10-cm-masolata_20250314_103645_0000.png\",\"contentUrl\":\"https:\/\/minifry.app\/wp-content\/uploads\/2025\/03\/cropped-logo-uj-20-x-15-cm-20-x-10-cm-masolata_20250314_103645_0000.png\",\"width\":1992,\"height\":674,\"caption\":\"DBVCORP SRL\"},\"image\":{\"@id\":\"https:\/\/minifry.app\/#\/schema\/logo\/image\/\"}}]}<\/script>\n<!-- \/ Yoast SEO plugin. -->","yoast_head_json":{"title":"Bubor\u00e9kos Gofri - minifry.app","description":"A bubor\u00e9kos gofri egy k\u00fcl\u00f6nleges, l\u00e1tv\u00e1nyos \u00e9s \u00ednycsikland\u00f3 \u00e9dess\u00e9g, amely puha, k\u00f6nnyed t\u00e9szt\u00e1j\u00e1r\u00f3l \u00e9s jellegzetes, dombor\u00fa bubor\u00e9kos szerkezet\u00e9r\u0151l ismert.","robots":{"index":"index","follow":"follow","max-snippet":"max-snippet:-1","max-image-preview":"max-image-preview:large","max-video-preview":"max-video-preview:-1"},"canonical":"https:\/\/minifry.app\/ro\/product\/buborekos-gofri-desszert-edesseg\/","og_locale":"ro_RO","og_type":"article","og_title":"Bubor\u00e9kos Gofri - minifry.app","og_description":"A bubor\u00e9kos gofri egy k\u00fcl\u00f6nleges, l\u00e1tv\u00e1nyos \u00e9s \u00ednycsikland\u00f3 \u00e9dess\u00e9g, amely puha, k\u00f6nnyed t\u00e9szt\u00e1j\u00e1r\u00f3l \u00e9s jellegzetes, dombor\u00fa bubor\u00e9kos szerkezet\u00e9r\u0151l ismert.","og_url":"https:\/\/minifry.app\/ro\/product\/buborekos-gofri-desszert-edesseg\/","og_site_name":"minifry.app","article_modified_time":"2025-07-30T13:28:21+00:00","og_image":[{"width":365,"height":346,"url":"https:\/\/minifry.app\/wp-content\/uploads\/2025\/03\/gofri2.png","type":"image\/png"}],"twitter_card":"summary_large_image","twitter_misc":{"Timp estimat pentru citire":"1 minut"},"schema":{"@context":"https:\/\/schema.org","@graph":[{"@type":"WebPage","@id":"https:\/\/minifry.app\/product\/buborekos-gofri-desszert-edesseg\/","url":"https:\/\/minifry.app\/product\/buborekos-gofri-desszert-edesseg\/","name":"Bubor\u00e9kos Gofri - minifry.app","isPartOf":{"@id":"https:\/\/minifry.app\/#website"},"primaryImageOfPage":{"@id":"https:\/\/minifry.app\/product\/buborekos-gofri-desszert-edesseg\/#primaryimage"},"image":{"@id":"https:\/\/minifry.app\/product\/buborekos-gofri-desszert-edesseg\/#primaryimage"},"thumbnailUrl":"https:\/\/minifry.app\/wp-content\/uploads\/2025\/03\/gofri2.png","datePublished":"2025-03-28T12:18:31+00:00","dateModified":"2025-07-30T13:28:21+00:00","description":"A bubor\u00e9kos gofri egy k\u00fcl\u00f6nleges, l\u00e1tv\u00e1nyos \u00e9s \u00ednycsikland\u00f3 \u00e9dess\u00e9g, amely puha, k\u00f6nnyed t\u00e9szt\u00e1j\u00e1r\u00f3l \u00e9s jellegzetes, dombor\u00fa bubor\u00e9kos szerkezet\u00e9r\u0151l ismert.","breadcrumb":{"@id":"https:\/\/minifry.app\/product\/buborekos-gofri-desszert-edesseg\/#breadcrumb"},"inLanguage":"ro-RO","potentialAction":[{"@type":"ReadAction","target":["https:\/\/minifry.app\/product\/buborekos-gofri-desszert-edesseg\/"]}]},{"@type":"ImageObject","inLanguage":"ro-RO","@id":"https:\/\/minifry.app\/product\/buborekos-gofri-desszert-edesseg\/#primaryimage","url":"https:\/\/minifry.app\/wp-content\/uploads\/2025\/03\/gofri2.png","contentUrl":"https:\/\/minifry.app\/wp-content\/uploads\/2025\/03\/gofri2.png","width":365,"height":346,"caption":"bubor\u00e9kos gofri minden \u00e9dess\u00e9g kedvel\u0151nek desszert finom minifry.app"},{"@type":"BreadcrumbList","@id":"https:\/\/minifry.app\/product\/buborekos-gofri-desszert-edesseg\/#breadcrumb","itemListElement":[{"@type":"ListItem","position":1,"name":"Kezd\u0151lap","item":"https:\/\/minifry.app\/"},{"@type":"ListItem","position":2,"name":"K\u00edn\u00e1latunk","item":"https:\/\/minifry.app\/shop\/"},{"@type":"ListItem","position":3,"name":"Bubor\u00e9kos Gofri"}]},{"@type":"WebSite","@id":"https:\/\/minifry.app\/#website","url":"https:\/\/minifry.app\/","name":"minifry.app","description":"","publisher":{"@id":"https:\/\/minifry.app\/#organization"},"potentialAction":[{"@type":"SearchAction","target":{"@type":"EntryPoint","urlTemplate":"https:\/\/minifry.app\/?s={search_term_string}"},"query-input":{"@type":"PropertyValueSpecification","valueRequired":true,"valueName":"search_term_string"}}],"inLanguage":"ro-RO"},{"@type":"Organization","@id":"https:\/\/minifry.app\/#organization","name":"DBVCORP SRL","url":"https:\/\/minifry.app\/","logo":{"@type":"ImageObject","inLanguage":"ro-RO","@id":"https:\/\/minifry.app\/#\/schema\/logo\/image\/","url":"https:\/\/minifry.app\/wp-content\/uploads\/2025\/03\/cropped-logo-uj-20-x-15-cm-20-x-10-cm-masolata_20250314_103645_0000.png","contentUrl":"https:\/\/minifry.app\/wp-content\/uploads\/2025\/03\/cropped-logo-uj-20-x-15-cm-20-x-10-cm-masolata_20250314_103645_0000.png","width":1992,"height":674,"caption":"DBVCORP SRL"},"image":{"@id":"https:\/\/minifry.app\/#\/schema\/logo\/image\/"}}]}},"_links":{"self":[{"href":"https:\/\/minifry.app\/ro\/wp-json\/wp\/v2\/product\/1491","targetHints":{"allow":["GET"]}}],"collection":[{"href":"https:\/\/minifry.app\/ro\/wp-json\/wp\/v2\/product"}],"about":[{"href":"https:\/\/minifry.app\/ro\/wp-json\/wp\/v2\/types\/product"}],"wp:featuredmedia":[{"embeddable":true,"href":"https:\/\/minifry.app\/ro\/wp-json\/wp\/v2\/media\/1492"}],"wp:attachment":[{"href":"https:\/\/minifry.app\/ro\/wp-json\/wp\/v2\/media?parent=1491"}],"wp:term":[{"taxonomy":"product_brand","embeddable":true,"href":"https:\/\/minifry.app\/ro\/wp-json\/wp\/v2\/product_brand?post=1491"},{"taxonomy":"product_cat","embeddable":true,"href":"https:\/\/minifry.app\/ro\/wp-json\/wp\/v2\/product_cat?post=1491"},{"taxonomy":"product_tag","embeddable":true,"href":"https:\/\/minifry.app\/ro\/wp-json\/wp\/v2\/product_tag?post=1491"}],"curies":[{"name":"wp","href":"https:\/\/api.w.org\/{rel}","templated":true}]}}