{"id":1490,"date":"2025-05-06T13:15:22","date_gmt":"2025-05-06T11:15:22","guid":{"rendered":"https:\/\/minifry.app\/?post_type=product&#038;p=1490"},"modified":"2025-07-30T15:48:03","modified_gmt":"2025-07-30T13:48:03","slug":"nuggets-pack-gyerekbarat-menu","status":"publish","type":"product","link":"https:\/\/minifry.app\/ro\/product\/nuggets-pack-gyerekbarat-menu\/","title":{"rendered":"Nuggets Pack"},"content":{"rendered":"<p>Pachetul de Nuggets este unul dintre cele mai \u00eendr\u0103gite preparate rapide \u00een r\u00e2ndul copiilor \u2013 \u0219i pe bun\u0103 dreptate!<\/p>\n<p>Crusta aurie \u0219i crocant\u0103 ascunde buc\u0103\u021bi fragede \u0219i suculente de piept de pui \u2013 aceast\u0103 combina\u021bie de texturi este deosebit de atractiv\u0103 pentru cei mici.<\/p>\n<p>Aromele nuggets-ului sunt simple \u0219i prietenoase, iar condimentarea este u\u0219oar\u0103, astfel chiar \u0219i copiii mai mofturo\u0219i le m\u0103n\u00e2nc\u0103 cu pl\u0103cere. Iar al\u0103turi de cartofi pr\u0103ji\u021bi, devine un meniu perfect pentru copii \u2013 fie la pr\u00e2nz, fie la cin\u0103.<\/p>\n<p>\u00cencearc\u0103 \u0219i Nuggets-ul!<\/p>\n<p>&nbsp;<\/p>","protected":false},"excerpt":{"rendered":"<h3 class=\"\" data-start=\"151\" data-end=\"200\">Pachet nuggets \u2013 preferatul copiilor \u2013 fiecare mu\u0219c\u0103tur\u0103 e o bucurie!<\/h3>\n<p class=\"\" data-start=\"202\" data-end=\"404\">Crust\u0103 aurie \u0219i crocant\u0103, piept de pui fraged \u00een interior \u2013 nuggets nu este preferatul copiilor degeaba!<br data-start=\"311\" data-end=\"314\" \/>Se m\u0103n\u00e2nc\u0103 cu m\u00e2na, se poate \u00eenmuia, este delicios \u2013 o gustare sigur\u0103 chiar \u0219i pentru cei mai mofturo\u0219i micii gurmanzi.<\/p>","protected":false},"featured_media":1537,"template":"","meta":[],"product_brand":[],"product_cat":[38,221],"product_tag":[89,309,177,272,259,308],"class_list":{"0":"post-1490","1":"product","2":"type-product","3":"status-publish","4":"has-post-thumbnail","6":"product_cat-gyors-etelek-hu","7":"product_cat-menu-hu","8":"product_tag-finom","9":"product_tag-gyerek-menu","10":"product_tag-gyors","11":"product_tag-laktato","12":"product_tag-nuggets","13":"product_tag-nuggets-pack","15":"first","16":"instock","17":"featured","18":"shipping-taxable","19":"purchasable","20":"product-type-simple"},"yoast_head":"<!-- This site is optimized with the Yoast SEO plugin v24.5 - https:\/\/yoast.com\/wordpress\/plugins\/seo\/ -->\n<title>Nuggets Pack - minifry.app<\/title>\n<meta name=\"description\" content=\"Ha gyors, finom \u00e9s gyerekbar\u00e1t \u00e9telt keresel, a Nuggets Pack mindig biztos pont \u2013 ak\u00e1r eb\u00e9dre, vacsor\u00e1ra vagy uzsonn\u00e1ra. A gyerekek kedvence.\" \/>\n<meta name=\"robots\" content=\"index, follow, max-snippet:-1, max-image-preview:large, max-video-preview:-1\" \/>\n<link rel=\"canonical\" href=\"https:\/\/minifry.app\/ro\/product\/nuggets-pack-gyerekbarat-menu\/\" \/>\n<meta property=\"og:locale\" content=\"ro_RO\" \/>\n<meta property=\"og:type\" content=\"article\" \/>\n<meta property=\"og:title\" content=\"Nuggets Pack - minifry.app\" \/>\n<meta property=\"og:description\" content=\"Ha gyors, finom \u00e9s gyerekbar\u00e1t \u00e9telt keresel, a Nuggets Pack mindig biztos pont \u2013 ak\u00e1r eb\u00e9dre, vacsor\u00e1ra vagy uzsonn\u00e1ra. A gyerekek kedvence.\" \/>\n<meta property=\"og:url\" content=\"https:\/\/minifry.app\/ro\/product\/nuggets-pack-gyerekbarat-menu\/\" \/>\n<meta property=\"og:site_name\" content=\"minifry.app\" \/>\n<meta property=\"article:modified_time\" content=\"2025-07-30T13:48:03+00:00\" \/>\n<meta property=\"og:image\" content=\"https:\/\/minifry.app\/wp-content\/uploads\/2025\/05\/Nuggets-Menu-69.5-x-38.5-cm-21-x-21-cm-1-1024x1024.png\" \/>\n\t<meta property=\"og:image:width\" content=\"1024\" \/>\n\t<meta property=\"og:image:height\" content=\"1024\" \/>\n\t<meta property=\"og:image:type\" content=\"image\/png\" \/>\n<meta name=\"twitter:card\" content=\"summary_large_image\" \/>\n<meta name=\"twitter:label1\" content=\"Timp estimat pentru citire\" \/>\n\t<meta name=\"twitter:data1\" content=\"1 minut\" \/>\n<script type=\"application\/ld+json\" class=\"yoast-schema-graph\">{\"@context\":\"https:\/\/schema.org\",\"@graph\":[{\"@type\":\"WebPage\",\"@id\":\"https:\/\/minifry.app\/product\/nuggets-pack-gyerekbarat-menu\/\",\"url\":\"https:\/\/minifry.app\/product\/nuggets-pack-gyerekbarat-menu\/\",\"name\":\"Nuggets Pack - minifry.app\",\"isPartOf\":{\"@id\":\"https:\/\/minifry.app\/#website\"},\"primaryImageOfPage\":{\"@id\":\"https:\/\/minifry.app\/product\/nuggets-pack-gyerekbarat-menu\/#primaryimage\"},\"image\":{\"@id\":\"https:\/\/minifry.app\/product\/nuggets-pack-gyerekbarat-menu\/#primaryimage\"},\"thumbnailUrl\":\"https:\/\/minifry.app\/wp-content\/uploads\/2025\/05\/Nuggets-Menu-69.5-x-38.5-cm-21-x-21-cm-1.png\",\"datePublished\":\"2025-05-06T11:15:22+00:00\",\"dateModified\":\"2025-07-30T13:48:03+00:00\",\"description\":\"Ha gyors, finom \u00e9s gyerekbar\u00e1t \u00e9telt keresel, a Nuggets Pack mindig biztos pont \u2013 ak\u00e1r eb\u00e9dre, vacsor\u00e1ra vagy uzsonn\u00e1ra. A gyerekek kedvence.\",\"breadcrumb\":{\"@id\":\"https:\/\/minifry.app\/product\/nuggets-pack-gyerekbarat-menu\/#breadcrumb\"},\"inLanguage\":\"ro-RO\",\"potentialAction\":[{\"@type\":\"ReadAction\",\"target\":[\"https:\/\/minifry.app\/product\/nuggets-pack-gyerekbarat-menu\/\"]}]},{\"@type\":\"ImageObject\",\"inLanguage\":\"ro-RO\",\"@id\":\"https:\/\/minifry.app\/product\/nuggets-pack-gyerekbarat-menu\/#primaryimage\",\"url\":\"https:\/\/minifry.app\/wp-content\/uploads\/2025\/05\/Nuggets-Menu-69.5-x-38.5-cm-21-x-21-cm-1.png\",\"contentUrl\":\"https:\/\/minifry.app\/wp-content\/uploads\/2025\/05\/Nuggets-Menu-69.5-x-38.5-cm-21-x-21-cm-1.png\",\"width\":2000,\"height\":2000,\"caption\":\"nuggets pack gyerekek kedvence finom friss ropog\u00f3s falatok minifry.app\"},{\"@type\":\"BreadcrumbList\",\"@id\":\"https:\/\/minifry.app\/product\/nuggets-pack-gyerekbarat-menu\/#breadcrumb\",\"itemListElement\":[{\"@type\":\"ListItem\",\"position\":1,\"name\":\"Kezd\u0151lap\",\"item\":\"https:\/\/minifry.app\/\"},{\"@type\":\"ListItem\",\"position\":2,\"name\":\"K\u00edn\u00e1latunk\",\"item\":\"https:\/\/minifry.app\/shop\/\"},{\"@type\":\"ListItem\",\"position\":3,\"name\":\"Nuggets Pack\"}]},{\"@type\":\"WebSite\",\"@id\":\"https:\/\/minifry.app\/#website\",\"url\":\"https:\/\/minifry.app\/\",\"name\":\"minifry.app\",\"description\":\"\",\"publisher\":{\"@id\":\"https:\/\/minifry.app\/#organization\"},\"potentialAction\":[{\"@type\":\"SearchAction\",\"target\":{\"@type\":\"EntryPoint\",\"urlTemplate\":\"https:\/\/minifry.app\/?s={search_term_string}\"},\"query-input\":{\"@type\":\"PropertyValueSpecification\",\"valueRequired\":true,\"valueName\":\"search_term_string\"}}],\"inLanguage\":\"ro-RO\"},{\"@type\":\"Organization\",\"@id\":\"https:\/\/minifry.app\/#organization\",\"name\":\"DBVCORP SRL\",\"url\":\"https:\/\/minifry.app\/\",\"logo\":{\"@type\":\"ImageObject\",\"inLanguage\":\"ro-RO\",\"@id\":\"https:\/\/minifry.app\/#\/schema\/logo\/image\/\",\"url\":\"https:\/\/minifry.app\/wp-content\/uploads\/2025\/03\/cropped-logo-uj-20-x-15-cm-20-x-10-cm-masolata_20250314_103645_0000.png\",\"contentUrl\":\"https:\/\/minifry.app\/wp-content\/uploads\/2025\/03\/cropped-logo-uj-20-x-15-cm-20-x-10-cm-masolata_20250314_103645_0000.png\",\"width\":1992,\"height\":674,\"caption\":\"DBVCORP SRL\"},\"image\":{\"@id\":\"https:\/\/minifry.app\/#\/schema\/logo\/image\/\"}}]}<\/script>\n<!-- \/ Yoast SEO plugin. -->","yoast_head_json":{"title":"Nuggets Pack - minifry.app","description":"Ha gyors, finom \u00e9s gyerekbar\u00e1t \u00e9telt keresel, a Nuggets Pack mindig biztos pont \u2013 ak\u00e1r eb\u00e9dre, vacsor\u00e1ra vagy uzsonn\u00e1ra. A gyerekek kedvence.","robots":{"index":"index","follow":"follow","max-snippet":"max-snippet:-1","max-image-preview":"max-image-preview:large","max-video-preview":"max-video-preview:-1"},"canonical":"https:\/\/minifry.app\/ro\/product\/nuggets-pack-gyerekbarat-menu\/","og_locale":"ro_RO","og_type":"article","og_title":"Nuggets Pack - minifry.app","og_description":"Ha gyors, finom \u00e9s gyerekbar\u00e1t \u00e9telt keresel, a Nuggets Pack mindig biztos pont \u2013 ak\u00e1r eb\u00e9dre, vacsor\u00e1ra vagy uzsonn\u00e1ra. A gyerekek kedvence.","og_url":"https:\/\/minifry.app\/ro\/product\/nuggets-pack-gyerekbarat-menu\/","og_site_name":"minifry.app","article_modified_time":"2025-07-30T13:48:03+00:00","og_image":[{"width":1024,"height":1024,"url":"https:\/\/minifry.app\/wp-content\/uploads\/2025\/05\/Nuggets-Menu-69.5-x-38.5-cm-21-x-21-cm-1-1024x1024.png","type":"image\/png"}],"twitter_card":"summary_large_image","twitter_misc":{"Timp estimat pentru citire":"1 minut"},"schema":{"@context":"https:\/\/schema.org","@graph":[{"@type":"WebPage","@id":"https:\/\/minifry.app\/product\/nuggets-pack-gyerekbarat-menu\/","url":"https:\/\/minifry.app\/product\/nuggets-pack-gyerekbarat-menu\/","name":"Nuggets Pack - minifry.app","isPartOf":{"@id":"https:\/\/minifry.app\/#website"},"primaryImageOfPage":{"@id":"https:\/\/minifry.app\/product\/nuggets-pack-gyerekbarat-menu\/#primaryimage"},"image":{"@id":"https:\/\/minifry.app\/product\/nuggets-pack-gyerekbarat-menu\/#primaryimage"},"thumbnailUrl":"https:\/\/minifry.app\/wp-content\/uploads\/2025\/05\/Nuggets-Menu-69.5-x-38.5-cm-21-x-21-cm-1.png","datePublished":"2025-05-06T11:15:22+00:00","dateModified":"2025-07-30T13:48:03+00:00","description":"Ha gyors, finom \u00e9s gyerekbar\u00e1t \u00e9telt keresel, a Nuggets Pack mindig biztos pont \u2013 ak\u00e1r eb\u00e9dre, vacsor\u00e1ra vagy uzsonn\u00e1ra. A gyerekek kedvence.","breadcrumb":{"@id":"https:\/\/minifry.app\/product\/nuggets-pack-gyerekbarat-menu\/#breadcrumb"},"inLanguage":"ro-RO","potentialAction":[{"@type":"ReadAction","target":["https:\/\/minifry.app\/product\/nuggets-pack-gyerekbarat-menu\/"]}]},{"@type":"ImageObject","inLanguage":"ro-RO","@id":"https:\/\/minifry.app\/product\/nuggets-pack-gyerekbarat-menu\/#primaryimage","url":"https:\/\/minifry.app\/wp-content\/uploads\/2025\/05\/Nuggets-Menu-69.5-x-38.5-cm-21-x-21-cm-1.png","contentUrl":"https:\/\/minifry.app\/wp-content\/uploads\/2025\/05\/Nuggets-Menu-69.5-x-38.5-cm-21-x-21-cm-1.png","width":2000,"height":2000,"caption":"nuggets pack gyerekek kedvence finom friss ropog\u00f3s falatok minifry.app"},{"@type":"BreadcrumbList","@id":"https:\/\/minifry.app\/product\/nuggets-pack-gyerekbarat-menu\/#breadcrumb","itemListElement":[{"@type":"ListItem","position":1,"name":"Kezd\u0151lap","item":"https:\/\/minifry.app\/"},{"@type":"ListItem","position":2,"name":"K\u00edn\u00e1latunk","item":"https:\/\/minifry.app\/shop\/"},{"@type":"ListItem","position":3,"name":"Nuggets Pack"}]},{"@type":"WebSite","@id":"https:\/\/minifry.app\/#website","url":"https:\/\/minifry.app\/","name":"minifry.app","description":"","publisher":{"@id":"https:\/\/minifry.app\/#organization"},"potentialAction":[{"@type":"SearchAction","target":{"@type":"EntryPoint","urlTemplate":"https:\/\/minifry.app\/?s={search_term_string}"},"query-input":{"@type":"PropertyValueSpecification","valueRequired":true,"valueName":"search_term_string"}}],"inLanguage":"ro-RO"},{"@type":"Organization","@id":"https:\/\/minifry.app\/#organization","name":"DBVCORP SRL","url":"https:\/\/minifry.app\/","logo":{"@type":"ImageObject","inLanguage":"ro-RO","@id":"https:\/\/minifry.app\/#\/schema\/logo\/image\/","url":"https:\/\/minifry.app\/wp-content\/uploads\/2025\/03\/cropped-logo-uj-20-x-15-cm-20-x-10-cm-masolata_20250314_103645_0000.png","contentUrl":"https:\/\/minifry.app\/wp-content\/uploads\/2025\/03\/cropped-logo-uj-20-x-15-cm-20-x-10-cm-masolata_20250314_103645_0000.png","width":1992,"height":674,"caption":"DBVCORP SRL"},"image":{"@id":"https:\/\/minifry.app\/#\/schema\/logo\/image\/"}}]}},"_links":{"self":[{"href":"https:\/\/minifry.app\/ro\/wp-json\/wp\/v2\/product\/1490","targetHints":{"allow":["GET"]}}],"collection":[{"href":"https:\/\/minifry.app\/ro\/wp-json\/wp\/v2\/product"}],"about":[{"href":"https:\/\/minifry.app\/ro\/wp-json\/wp\/v2\/types\/product"}],"wp:featuredmedia":[{"embeddable":true,"href":"https:\/\/minifry.app\/ro\/wp-json\/wp\/v2\/media\/1537"}],"wp:attachment":[{"href":"https:\/\/minifry.app\/ro\/wp-json\/wp\/v2\/media?parent=1490"}],"wp:term":[{"taxonomy":"product_brand","embeddable":true,"href":"https:\/\/minifry.app\/ro\/wp-json\/wp\/v2\/product_brand?post=1490"},{"taxonomy":"product_cat","embeddable":true,"href":"https:\/\/minifry.app\/ro\/wp-json\/wp\/v2\/product_cat?post=1490"},{"taxonomy":"product_tag","embeddable":true,"href":"https:\/\/minifry.app\/ro\/wp-json\/wp\/v2\/product_tag?post=1490"}],"curies":[{"name":"wp","href":"https:\/\/api.w.org\/{rel}","templated":true}]}}