{"id":1447,"date":"2025-03-20T12:27:49","date_gmt":"2025-03-20T10:27:49","guid":{"rendered":"https:\/\/minifry.app\/?post_type=product&#038;p=1447"},"modified":"2025-07-30T15:37:15","modified_gmt":"2025-07-30T13:37:15","slug":"kave-cappuccino-forro-csoki-eszpresszo-latte-macchiato","status":"publish","type":"product","link":"https:\/\/minifry.app\/ro\/product\/kave-cappuccino-forro-csoki-eszpresszo-latte-macchiato\/","title":{"rendered":"Cafea Cappuccino Ciocolat\u0103 cald\u0103"},"content":{"rendered":"<p>O can\u0103 de cafea, cappuccino sau ciocolat\u0103 cald\u0103 treze\u0219te rapid diminea\u021ba. Aroma ei umple \u00eenc\u0103perea pe m\u0103sur\u0103 ce o sorbi, sim\u021bi cum energia circul\u0103 prin tine. Cu spum\u0103 fin\u0103 de lapte, \u00eembrac\u0103 ziua \u0219i devine partenerul perfect pentru un mic dejun lene\u0219 sau o conversa\u021bie intim\u0103.<\/p>\n<p>Cum \u00ee\u021bi place <strong>Shake<\/strong>?<\/p>\n<p>&nbsp;<\/p>","protected":false},"excerpt":{"rendered":"<p><strong>Cafelea ofer\u0103 una dintre cele mai fascinante lumi de arome din \u00eentreaga lume.<\/strong><\/p>\n<p><strong>Ofertele noastre:<\/strong><\/p>\n<ul>\n<li>K\u00e1v\u00e9 citrommal\u00a0 \u00a0 \u00a0 \u00a0 7 RON \/ 33 g<\/li>\n<li>Eszpresszo\u00a0 \u00a0 \u00a0 \u00a0 \u00a0 \u00a0 \u00a0 \u00a0 \u00a06 RON \/\u00a0 32g<\/li>\n<li>Eszpresszo tejjel\u00a0 \u00a0 \u00a0 \u00a07 RON \/ 63 g<\/li>\n<li>Dupla eszpressz\u00f3\u00a0 \u00a0 \u00a0 8 RON \/ 64 g<\/li>\n<li>Hossz\u00fa k\u00e1v\u00e9\u00a0 \u00a0 \u00a0 \u00a0 \u00a0 \u00a0 \u00a0 \u00a06 RON \/ 99 g<\/li>\n<li>Hossz\u00fa k\u00e1v\u00e9 tejjel\u00a0 \u00a0 \u00a07 RON \/ 130 g<\/li>\n<li>Tejes k\u00e1v\u00e9\u00a0 \u00a0 \u00a0 \u00a0 \u00a0 \u00a0 \u00a0 \u00a0 \u00a0 \u00a07 RON \/ 130 g<\/li>\n<li>Cappuccino\u00a0 \u00a0 \u00a0 \u00a0 \u00a0 \u00a0 \u00a0 \u00a0 \u00a08 RON \/ 158 g<\/li>\n<li>Latte Macchiato\u00a0 \u00a0 \u00a0 \u00a0 \u00a011RON \/ 168 g<\/li>\n<li>Chocciato\u00a0 \u00a0 \u00a0 \u00a0 \u00a0 \u00a0 \u00a0 \u00a0 \u00a0 \u00a0 \u00a08 RON \/ 134 g<\/li>\n<li>Forr\u00f3 csoki\u00a0 \u00a0 \u00a0 \u00a0 \u00a0 \u00a0 \u00a0 \u00a0 \u00a0 8 RON \/ 184 g<\/li>\n<\/ul>","protected":false},"featured_media":1457,"template":"","meta":[],"product_brand":[],"product_cat":[293],"product_tag":[297,296,299,164,300,298],"class_list":{"0":"post-1447","1":"product","2":"type-product","3":"status-publish","4":"has-post-thumbnail","6":"product_cat-kave","7":"product_tag-eszpresszo","8":"product_tag-hosszu-kave","9":"product_tag-hosszu-kave-tejjel","10":"product_tag-kave","11":"product_tag-latte-macchiato","12":"product_tag-tejes-kave","14":"first","15":"instock","16":"shipping-taxable","17":"purchasable","18":"product-type-simple"},"yoast_head":"<!-- This site is optimized with the Yoast SEO plugin v24.5 - https:\/\/yoast.com\/wordpress\/plugins\/seo\/ -->\n<title>K\u00e1v\u00e9 Cappuccino Forr\u00f3 csoki - minifry.app<\/title>\n<meta name=\"description\" content=\"Egy k\u00e1v\u00e9, cappuccino vagy forr\u00f3 csoki nemcsak energi\u00e1t ad, hanem seg\u00edt lass\u00edtani is, kikapcsolni a napi m\u00f3kusker\u00e9kb\u0151l, \u00e9s \u00e9lvezni az apr\u00f3 \u00f6r\u00f6m\u00f6ket.\" \/>\n<meta name=\"robots\" content=\"index, follow, max-snippet:-1, max-image-preview:large, max-video-preview:-1\" \/>\n<link rel=\"canonical\" href=\"https:\/\/minifry.app\/ro\/product\/kave-cappuccino-forro-csoki-eszpresszo-latte-macchiato\/\" \/>\n<meta property=\"og:locale\" content=\"ro_RO\" \/>\n<meta property=\"og:type\" content=\"article\" \/>\n<meta property=\"og:title\" content=\"K\u00e1v\u00e9 Cappuccino Forr\u00f3 csoki - minifry.app\" \/>\n<meta property=\"og:description\" content=\"Egy k\u00e1v\u00e9, cappuccino vagy forr\u00f3 csoki nemcsak energi\u00e1t ad, hanem seg\u00edt lass\u00edtani is, kikapcsolni a napi m\u00f3kusker\u00e9kb\u0151l, \u00e9s \u00e9lvezni az apr\u00f3 \u00f6r\u00f6m\u00f6ket.\" \/>\n<meta property=\"og:url\" content=\"https:\/\/minifry.app\/ro\/product\/kave-cappuccino-forro-csoki-eszpresszo-latte-macchiato\/\" \/>\n<meta property=\"og:site_name\" content=\"minifry.app\" \/>\n<meta property=\"article:modified_time\" content=\"2025-07-30T13:37:15+00:00\" \/>\n<meta property=\"og:image\" content=\"https:\/\/minifry.app\/wp-content\/uploads\/2025\/03\/kave-cappuccino-forro-csoki.png\" \/>\n\t<meta property=\"og:image:width\" content=\"383\" \/>\n\t<meta property=\"og:image:height\" content=\"238\" \/>\n\t<meta property=\"og:image:type\" content=\"image\/png\" \/>\n<meta name=\"twitter:card\" content=\"summary_large_image\" \/>\n<meta name=\"twitter:label1\" content=\"Timp estimat pentru citire\" \/>\n\t<meta name=\"twitter:data1\" content=\"1 minut\" \/>\n<script type=\"application\/ld+json\" class=\"yoast-schema-graph\">{\"@context\":\"https:\/\/schema.org\",\"@graph\":[{\"@type\":\"WebPage\",\"@id\":\"https:\/\/minifry.app\/product\/kave-cappuccino-forro-csoki-eszpresszo-latte-macchiato\/\",\"url\":\"https:\/\/minifry.app\/product\/kave-cappuccino-forro-csoki-eszpresszo-latte-macchiato\/\",\"name\":\"K\u00e1v\u00e9 Cappuccino Forr\u00f3 csoki - minifry.app\",\"isPartOf\":{\"@id\":\"https:\/\/minifry.app\/#website\"},\"primaryImageOfPage\":{\"@id\":\"https:\/\/minifry.app\/product\/kave-cappuccino-forro-csoki-eszpresszo-latte-macchiato\/#primaryimage\"},\"image\":{\"@id\":\"https:\/\/minifry.app\/product\/kave-cappuccino-forro-csoki-eszpresszo-latte-macchiato\/#primaryimage\"},\"thumbnailUrl\":\"https:\/\/minifry.app\/wp-content\/uploads\/2025\/03\/kave-cappuccino-forro-csoki.png\",\"datePublished\":\"2025-03-20T10:27:49+00:00\",\"dateModified\":\"2025-07-30T13:37:15+00:00\",\"description\":\"Egy k\u00e1v\u00e9, cappuccino vagy forr\u00f3 csoki nemcsak energi\u00e1t ad, hanem seg\u00edt lass\u00edtani is, kikapcsolni a napi m\u00f3kusker\u00e9kb\u0151l, \u00e9s \u00e9lvezni az apr\u00f3 \u00f6r\u00f6m\u00f6ket.\",\"breadcrumb\":{\"@id\":\"https:\/\/minifry.app\/product\/kave-cappuccino-forro-csoki-eszpresszo-latte-macchiato\/#breadcrumb\"},\"inLanguage\":\"ro-RO\",\"potentialAction\":[{\"@type\":\"ReadAction\",\"target\":[\"https:\/\/minifry.app\/product\/kave-cappuccino-forro-csoki-eszpresszo-latte-macchiato\/\"]}]},{\"@type\":\"ImageObject\",\"inLanguage\":\"ro-RO\",\"@id\":\"https:\/\/minifry.app\/product\/kave-cappuccino-forro-csoki-eszpresszo-latte-macchiato\/#primaryimage\",\"url\":\"https:\/\/minifry.app\/wp-content\/uploads\/2025\/03\/kave-cappuccino-forro-csoki.png\",\"contentUrl\":\"https:\/\/minifry.app\/wp-content\/uploads\/2025\/03\/kave-cappuccino-forro-csoki.png\",\"width\":383,\"height\":238,\"caption\":\"k\u00e1v\u00e9 cappuccino forr\u00f3 csoki latte machiato eszpressz\u00f3 minifry.app\"},{\"@type\":\"BreadcrumbList\",\"@id\":\"https:\/\/minifry.app\/product\/kave-cappuccino-forro-csoki-eszpresszo-latte-macchiato\/#breadcrumb\",\"itemListElement\":[{\"@type\":\"ListItem\",\"position\":1,\"name\":\"Kezd\u0151lap\",\"item\":\"https:\/\/minifry.app\/\"},{\"@type\":\"ListItem\",\"position\":2,\"name\":\"K\u00edn\u00e1latunk\",\"item\":\"https:\/\/minifry.app\/shop\/\"},{\"@type\":\"ListItem\",\"position\":3,\"name\":\"K\u00e1v\u00e9 Cappuccino Forr\u00f3 csoki\"}]},{\"@type\":\"WebSite\",\"@id\":\"https:\/\/minifry.app\/#website\",\"url\":\"https:\/\/minifry.app\/\",\"name\":\"minifry.app\",\"description\":\"\",\"publisher\":{\"@id\":\"https:\/\/minifry.app\/#organization\"},\"potentialAction\":[{\"@type\":\"SearchAction\",\"target\":{\"@type\":\"EntryPoint\",\"urlTemplate\":\"https:\/\/minifry.app\/?s={search_term_string}\"},\"query-input\":{\"@type\":\"PropertyValueSpecification\",\"valueRequired\":true,\"valueName\":\"search_term_string\"}}],\"inLanguage\":\"ro-RO\"},{\"@type\":\"Organization\",\"@id\":\"https:\/\/minifry.app\/#organization\",\"name\":\"DBVCORP SRL\",\"url\":\"https:\/\/minifry.app\/\",\"logo\":{\"@type\":\"ImageObject\",\"inLanguage\":\"ro-RO\",\"@id\":\"https:\/\/minifry.app\/#\/schema\/logo\/image\/\",\"url\":\"https:\/\/minifry.app\/wp-content\/uploads\/2025\/03\/cropped-logo-uj-20-x-15-cm-20-x-10-cm-masolata_20250314_103645_0000.png\",\"contentUrl\":\"https:\/\/minifry.app\/wp-content\/uploads\/2025\/03\/cropped-logo-uj-20-x-15-cm-20-x-10-cm-masolata_20250314_103645_0000.png\",\"width\":1992,\"height\":674,\"caption\":\"DBVCORP SRL\"},\"image\":{\"@id\":\"https:\/\/minifry.app\/#\/schema\/logo\/image\/\"}}]}<\/script>\n<!-- \/ Yoast SEO plugin. -->","yoast_head_json":{"title":"K\u00e1v\u00e9 Cappuccino Forr\u00f3 csoki - minifry.app","description":"Egy k\u00e1v\u00e9, cappuccino vagy forr\u00f3 csoki nemcsak energi\u00e1t ad, hanem seg\u00edt lass\u00edtani is, kikapcsolni a napi m\u00f3kusker\u00e9kb\u0151l, \u00e9s \u00e9lvezni az apr\u00f3 \u00f6r\u00f6m\u00f6ket.","robots":{"index":"index","follow":"follow","max-snippet":"max-snippet:-1","max-image-preview":"max-image-preview:large","max-video-preview":"max-video-preview:-1"},"canonical":"https:\/\/minifry.app\/ro\/product\/kave-cappuccino-forro-csoki-eszpresszo-latte-macchiato\/","og_locale":"ro_RO","og_type":"article","og_title":"K\u00e1v\u00e9 Cappuccino Forr\u00f3 csoki - minifry.app","og_description":"Egy k\u00e1v\u00e9, cappuccino vagy forr\u00f3 csoki nemcsak energi\u00e1t ad, hanem seg\u00edt lass\u00edtani is, kikapcsolni a napi m\u00f3kusker\u00e9kb\u0151l, \u00e9s \u00e9lvezni az apr\u00f3 \u00f6r\u00f6m\u00f6ket.","og_url":"https:\/\/minifry.app\/ro\/product\/kave-cappuccino-forro-csoki-eszpresszo-latte-macchiato\/","og_site_name":"minifry.app","article_modified_time":"2025-07-30T13:37:15+00:00","og_image":[{"width":383,"height":238,"url":"https:\/\/minifry.app\/wp-content\/uploads\/2025\/03\/kave-cappuccino-forro-csoki.png","type":"image\/png"}],"twitter_card":"summary_large_image","twitter_misc":{"Timp estimat pentru citire":"1 minut"},"schema":{"@context":"https:\/\/schema.org","@graph":[{"@type":"WebPage","@id":"https:\/\/minifry.app\/product\/kave-cappuccino-forro-csoki-eszpresszo-latte-macchiato\/","url":"https:\/\/minifry.app\/product\/kave-cappuccino-forro-csoki-eszpresszo-latte-macchiato\/","name":"K\u00e1v\u00e9 Cappuccino Forr\u00f3 csoki - minifry.app","isPartOf":{"@id":"https:\/\/minifry.app\/#website"},"primaryImageOfPage":{"@id":"https:\/\/minifry.app\/product\/kave-cappuccino-forro-csoki-eszpresszo-latte-macchiato\/#primaryimage"},"image":{"@id":"https:\/\/minifry.app\/product\/kave-cappuccino-forro-csoki-eszpresszo-latte-macchiato\/#primaryimage"},"thumbnailUrl":"https:\/\/minifry.app\/wp-content\/uploads\/2025\/03\/kave-cappuccino-forro-csoki.png","datePublished":"2025-03-20T10:27:49+00:00","dateModified":"2025-07-30T13:37:15+00:00","description":"Egy k\u00e1v\u00e9, cappuccino vagy forr\u00f3 csoki nemcsak energi\u00e1t ad, hanem seg\u00edt lass\u00edtani is, kikapcsolni a napi m\u00f3kusker\u00e9kb\u0151l, \u00e9s \u00e9lvezni az apr\u00f3 \u00f6r\u00f6m\u00f6ket.","breadcrumb":{"@id":"https:\/\/minifry.app\/product\/kave-cappuccino-forro-csoki-eszpresszo-latte-macchiato\/#breadcrumb"},"inLanguage":"ro-RO","potentialAction":[{"@type":"ReadAction","target":["https:\/\/minifry.app\/product\/kave-cappuccino-forro-csoki-eszpresszo-latte-macchiato\/"]}]},{"@type":"ImageObject","inLanguage":"ro-RO","@id":"https:\/\/minifry.app\/product\/kave-cappuccino-forro-csoki-eszpresszo-latte-macchiato\/#primaryimage","url":"https:\/\/minifry.app\/wp-content\/uploads\/2025\/03\/kave-cappuccino-forro-csoki.png","contentUrl":"https:\/\/minifry.app\/wp-content\/uploads\/2025\/03\/kave-cappuccino-forro-csoki.png","width":383,"height":238,"caption":"k\u00e1v\u00e9 cappuccino forr\u00f3 csoki latte machiato eszpressz\u00f3 minifry.app"},{"@type":"BreadcrumbList","@id":"https:\/\/minifry.app\/product\/kave-cappuccino-forro-csoki-eszpresszo-latte-macchiato\/#breadcrumb","itemListElement":[{"@type":"ListItem","position":1,"name":"Kezd\u0151lap","item":"https:\/\/minifry.app\/"},{"@type":"ListItem","position":2,"name":"K\u00edn\u00e1latunk","item":"https:\/\/minifry.app\/shop\/"},{"@type":"ListItem","position":3,"name":"K\u00e1v\u00e9 Cappuccino Forr\u00f3 csoki"}]},{"@type":"WebSite","@id":"https:\/\/minifry.app\/#website","url":"https:\/\/minifry.app\/","name":"minifry.app","description":"","publisher":{"@id":"https:\/\/minifry.app\/#organization"},"potentialAction":[{"@type":"SearchAction","target":{"@type":"EntryPoint","urlTemplate":"https:\/\/minifry.app\/?s={search_term_string}"},"query-input":{"@type":"PropertyValueSpecification","valueRequired":true,"valueName":"search_term_string"}}],"inLanguage":"ro-RO"},{"@type":"Organization","@id":"https:\/\/minifry.app\/#organization","name":"DBVCORP SRL","url":"https:\/\/minifry.app\/","logo":{"@type":"ImageObject","inLanguage":"ro-RO","@id":"https:\/\/minifry.app\/#\/schema\/logo\/image\/","url":"https:\/\/minifry.app\/wp-content\/uploads\/2025\/03\/cropped-logo-uj-20-x-15-cm-20-x-10-cm-masolata_20250314_103645_0000.png","contentUrl":"https:\/\/minifry.app\/wp-content\/uploads\/2025\/03\/cropped-logo-uj-20-x-15-cm-20-x-10-cm-masolata_20250314_103645_0000.png","width":1992,"height":674,"caption":"DBVCORP SRL"},"image":{"@id":"https:\/\/minifry.app\/#\/schema\/logo\/image\/"}}]}},"_links":{"self":[{"href":"https:\/\/minifry.app\/ro\/wp-json\/wp\/v2\/product\/1447","targetHints":{"allow":["GET"]}}],"collection":[{"href":"https:\/\/minifry.app\/ro\/wp-json\/wp\/v2\/product"}],"about":[{"href":"https:\/\/minifry.app\/ro\/wp-json\/wp\/v2\/types\/product"}],"wp:featuredmedia":[{"embeddable":true,"href":"https:\/\/minifry.app\/ro\/wp-json\/wp\/v2\/media\/1457"}],"wp:attachment":[{"href":"https:\/\/minifry.app\/ro\/wp-json\/wp\/v2\/media?parent=1447"}],"wp:term":[{"taxonomy":"product_brand","embeddable":true,"href":"https:\/\/minifry.app\/ro\/wp-json\/wp\/v2\/product_brand?post=1447"},{"taxonomy":"product_cat","embeddable":true,"href":"https:\/\/minifry.app\/ro\/wp-json\/wp\/v2\/product_cat?post=1447"},{"taxonomy":"product_tag","embeddable":true,"href":"https:\/\/minifry.app\/ro\/wp-json\/wp\/v2\/product_tag?post=1447"}],"curies":[{"name":"wp","href":"https:\/\/api.w.org\/{rel}","templated":true}]}}