{"id":1445,"date":"2025-03-20T11:54:25","date_gmt":"2025-03-20T09:54:25","guid":{"rendered":"https:\/\/minifry.app\/?post_type=product&#038;p=1445"},"modified":"2025-07-30T15:10:41","modified_gmt":"2025-07-30T13:10:41","slug":"frappe-finom-kremes-hideg-kaveital","status":"publish","type":"product","link":"https:\/\/minifry.app\/ro\/product\/frappe-finom-kremes-hideg-kaveital\/","title":{"rendered":"Frappe"},"content":{"rendered":"<p data-start=\"728\" data-end=\"984\">Frappe-ul este \u00eent\u00e2lnirea dintre simplitate \u0219i prospe\u021bime, servit \u00eentr-un pahar elegant. Aroma intens\u0103 de cafea \u0219i spuma cremoas\u0103 creeaz\u0103 o armonie perfect\u0103. O b\u0103utur\u0103 care este \u00een acela\u0219i timp rafinat\u0103 \u0219i lejer\u0103.<\/p>\n<p data-start=\"728\" data-end=\"984\">Urm\u0103torul este <strong>Shake-ul, <\/strong>pe care trebuie s\u0103-l \u00eencerci!<\/p>","protected":false},"excerpt":{"rendered":"<p><strong data-start=\"133\" data-end=\"157\">Frappe \u2013 gustul verii!<\/strong><br data-start=\"157\" data-end=\"160\" \/>Las\u0103-te r\u0103corit de puterea revigorant\u0103 a unei cafele reci, cu textur\u0103 fin\u0103 \u0219i spumoas\u0103 \u2013 chiar \u0219i \u00een cele mai fierbin\u021bi zile de var\u0103. O singur\u0103 \u00eenghi\u021bitur\u0103 \u0219i te vei sim\u021bi ca \u00een mijlocul unei veri mediteraneene.<\/p>","protected":false},"featured_media":1446,"template":"","meta":[],"product_brand":[],"product_cat":[114,293],"product_tag":[159,295,280,161],"class_list":{"0":"post-1445","1":"product","2":"type-product","3":"status-publish","4":"has-post-thumbnail","6":"product_cat-husito-italok-hu","7":"product_cat-kave","8":"product_tag-frappe","9":"product_tag-hideg-ital","10":"product_tag-husito","11":"product_tag-kremes","13":"first","14":"instock","15":"shipping-taxable","16":"purchasable","17":"product-type-simple"},"yoast_head":"<!-- This site is optimized with the Yoast SEO plugin v24.5 - https:\/\/yoast.com\/wordpress\/plugins\/seo\/ -->\n<title>Frapp\u00e9 - minifry.app<\/title>\n<meta name=\"description\" content=\"Frapp\u00e9: a ny\u00e1r h\u0171s\u00edt\u0151 k\u00e1v\u00e9itala. Instant k\u00e1v\u00e9b\u00f3l, hideg tejb\u0151l \u00e9s j\u00e9gb\u0151l k\u00e9sz\u00fcl. Habos, friss\u00edt\u0151, egyszer\u0171. T\u00f6k\u00e9letes t\u00e1rs a forr\u00f3 napokon.\" \/>\n<meta name=\"robots\" content=\"index, follow, max-snippet:-1, max-image-preview:large, max-video-preview:-1\" \/>\n<link rel=\"canonical\" href=\"https:\/\/minifry.app\/ro\/product\/frappe-finom-kremes-hideg-kaveital\/\" \/>\n<meta property=\"og:locale\" content=\"ro_RO\" \/>\n<meta property=\"og:type\" content=\"article\" \/>\n<meta property=\"og:title\" content=\"Frapp\u00e9 - minifry.app\" \/>\n<meta property=\"og:description\" content=\"Frapp\u00e9: a ny\u00e1r h\u0171s\u00edt\u0151 k\u00e1v\u00e9itala. Instant k\u00e1v\u00e9b\u00f3l, hideg tejb\u0151l \u00e9s j\u00e9gb\u0151l k\u00e9sz\u00fcl. Habos, friss\u00edt\u0151, egyszer\u0171. T\u00f6k\u00e9letes t\u00e1rs a forr\u00f3 napokon.\" \/>\n<meta property=\"og:url\" content=\"https:\/\/minifry.app\/ro\/product\/frappe-finom-kremes-hideg-kaveital\/\" \/>\n<meta property=\"og:site_name\" content=\"minifry.app\" \/>\n<meta property=\"article:modified_time\" content=\"2025-07-30T13:10:41+00:00\" \/>\n<meta property=\"og:image\" content=\"https:\/\/minifry.app\/wp-content\/uploads\/2025\/03\/frappe.png\" \/>\n\t<meta property=\"og:image:width\" content=\"379\" \/>\n\t<meta property=\"og:image:height\" content=\"558\" \/>\n\t<meta property=\"og:image:type\" content=\"image\/png\" \/>\n<meta name=\"twitter:card\" content=\"summary_large_image\" \/>\n<meta name=\"twitter:label1\" content=\"Timp estimat pentru citire\" \/>\n\t<meta name=\"twitter:data1\" content=\"1 minut\" \/>\n<script type=\"application\/ld+json\" class=\"yoast-schema-graph\">{\"@context\":\"https:\/\/schema.org\",\"@graph\":[{\"@type\":\"WebPage\",\"@id\":\"https:\/\/minifry.app\/product\/frappe-finom-kremes-hideg-kaveital\/\",\"url\":\"https:\/\/minifry.app\/product\/frappe-finom-kremes-hideg-kaveital\/\",\"name\":\"Frapp\u00e9 - minifry.app\",\"isPartOf\":{\"@id\":\"https:\/\/minifry.app\/#website\"},\"primaryImageOfPage\":{\"@id\":\"https:\/\/minifry.app\/product\/frappe-finom-kremes-hideg-kaveital\/#primaryimage\"},\"image\":{\"@id\":\"https:\/\/minifry.app\/product\/frappe-finom-kremes-hideg-kaveital\/#primaryimage\"},\"thumbnailUrl\":\"https:\/\/minifry.app\/wp-content\/uploads\/2025\/03\/frappe.png\",\"datePublished\":\"2025-03-20T09:54:25+00:00\",\"dateModified\":\"2025-07-30T13:10:41+00:00\",\"description\":\"Frapp\u00e9: a ny\u00e1r h\u0171s\u00edt\u0151 k\u00e1v\u00e9itala. Instant k\u00e1v\u00e9b\u00f3l, hideg tejb\u0151l \u00e9s j\u00e9gb\u0151l k\u00e9sz\u00fcl. Habos, friss\u00edt\u0151, egyszer\u0171. T\u00f6k\u00e9letes t\u00e1rs a forr\u00f3 napokon.\",\"breadcrumb\":{\"@id\":\"https:\/\/minifry.app\/product\/frappe-finom-kremes-hideg-kaveital\/#breadcrumb\"},\"inLanguage\":\"ro-RO\",\"potentialAction\":[{\"@type\":\"ReadAction\",\"target\":[\"https:\/\/minifry.app\/product\/frappe-finom-kremes-hideg-kaveital\/\"]}]},{\"@type\":\"ImageObject\",\"inLanguage\":\"ro-RO\",\"@id\":\"https:\/\/minifry.app\/product\/frappe-finom-kremes-hideg-kaveital\/#primaryimage\",\"url\":\"https:\/\/minifry.app\/wp-content\/uploads\/2025\/03\/frappe.png\",\"contentUrl\":\"https:\/\/minifry.app\/wp-content\/uploads\/2025\/03\/frappe.png\",\"width\":379,\"height\":558,\"caption\":\"frapp\u00e9 h\u0171s\u00edt\u0151 ny\u00e1ri ital j\u00e9ghideg kr\u00e9mes finom minifry.app\"},{\"@type\":\"BreadcrumbList\",\"@id\":\"https:\/\/minifry.app\/product\/frappe-finom-kremes-hideg-kaveital\/#breadcrumb\",\"itemListElement\":[{\"@type\":\"ListItem\",\"position\":1,\"name\":\"Kezd\u0151lap\",\"item\":\"https:\/\/minifry.app\/\"},{\"@type\":\"ListItem\",\"position\":2,\"name\":\"K\u00edn\u00e1latunk\",\"item\":\"https:\/\/minifry.app\/shop\/\"},{\"@type\":\"ListItem\",\"position\":3,\"name\":\"Frapp\u00e9\"}]},{\"@type\":\"WebSite\",\"@id\":\"https:\/\/minifry.app\/#website\",\"url\":\"https:\/\/minifry.app\/\",\"name\":\"minifry.app\",\"description\":\"\",\"publisher\":{\"@id\":\"https:\/\/minifry.app\/#organization\"},\"potentialAction\":[{\"@type\":\"SearchAction\",\"target\":{\"@type\":\"EntryPoint\",\"urlTemplate\":\"https:\/\/minifry.app\/?s={search_term_string}\"},\"query-input\":{\"@type\":\"PropertyValueSpecification\",\"valueRequired\":true,\"valueName\":\"search_term_string\"}}],\"inLanguage\":\"ro-RO\"},{\"@type\":\"Organization\",\"@id\":\"https:\/\/minifry.app\/#organization\",\"name\":\"DBVCORP SRL\",\"url\":\"https:\/\/minifry.app\/\",\"logo\":{\"@type\":\"ImageObject\",\"inLanguage\":\"ro-RO\",\"@id\":\"https:\/\/minifry.app\/#\/schema\/logo\/image\/\",\"url\":\"https:\/\/minifry.app\/wp-content\/uploads\/2025\/03\/cropped-logo-uj-20-x-15-cm-20-x-10-cm-masolata_20250314_103645_0000.png\",\"contentUrl\":\"https:\/\/minifry.app\/wp-content\/uploads\/2025\/03\/cropped-logo-uj-20-x-15-cm-20-x-10-cm-masolata_20250314_103645_0000.png\",\"width\":1992,\"height\":674,\"caption\":\"DBVCORP SRL\"},\"image\":{\"@id\":\"https:\/\/minifry.app\/#\/schema\/logo\/image\/\"}}]}<\/script>\n<!-- \/ Yoast SEO plugin. -->","yoast_head_json":{"title":"Frapp\u00e9 - minifry.app","description":"Frapp\u00e9: a ny\u00e1r h\u0171s\u00edt\u0151 k\u00e1v\u00e9itala. Instant k\u00e1v\u00e9b\u00f3l, hideg tejb\u0151l \u00e9s j\u00e9gb\u0151l k\u00e9sz\u00fcl. Habos, friss\u00edt\u0151, egyszer\u0171. T\u00f6k\u00e9letes t\u00e1rs a forr\u00f3 napokon.","robots":{"index":"index","follow":"follow","max-snippet":"max-snippet:-1","max-image-preview":"max-image-preview:large","max-video-preview":"max-video-preview:-1"},"canonical":"https:\/\/minifry.app\/ro\/product\/frappe-finom-kremes-hideg-kaveital\/","og_locale":"ro_RO","og_type":"article","og_title":"Frapp\u00e9 - minifry.app","og_description":"Frapp\u00e9: a ny\u00e1r h\u0171s\u00edt\u0151 k\u00e1v\u00e9itala. Instant k\u00e1v\u00e9b\u00f3l, hideg tejb\u0151l \u00e9s j\u00e9gb\u0151l k\u00e9sz\u00fcl. Habos, friss\u00edt\u0151, egyszer\u0171. T\u00f6k\u00e9letes t\u00e1rs a forr\u00f3 napokon.","og_url":"https:\/\/minifry.app\/ro\/product\/frappe-finom-kremes-hideg-kaveital\/","og_site_name":"minifry.app","article_modified_time":"2025-07-30T13:10:41+00:00","og_image":[{"width":379,"height":558,"url":"https:\/\/minifry.app\/wp-content\/uploads\/2025\/03\/frappe.png","type":"image\/png"}],"twitter_card":"summary_large_image","twitter_misc":{"Timp estimat pentru citire":"1 minut"},"schema":{"@context":"https:\/\/schema.org","@graph":[{"@type":"WebPage","@id":"https:\/\/minifry.app\/product\/frappe-finom-kremes-hideg-kaveital\/","url":"https:\/\/minifry.app\/product\/frappe-finom-kremes-hideg-kaveital\/","name":"Frapp\u00e9 - minifry.app","isPartOf":{"@id":"https:\/\/minifry.app\/#website"},"primaryImageOfPage":{"@id":"https:\/\/minifry.app\/product\/frappe-finom-kremes-hideg-kaveital\/#primaryimage"},"image":{"@id":"https:\/\/minifry.app\/product\/frappe-finom-kremes-hideg-kaveital\/#primaryimage"},"thumbnailUrl":"https:\/\/minifry.app\/wp-content\/uploads\/2025\/03\/frappe.png","datePublished":"2025-03-20T09:54:25+00:00","dateModified":"2025-07-30T13:10:41+00:00","description":"Frapp\u00e9: a ny\u00e1r h\u0171s\u00edt\u0151 k\u00e1v\u00e9itala. Instant k\u00e1v\u00e9b\u00f3l, hideg tejb\u0151l \u00e9s j\u00e9gb\u0151l k\u00e9sz\u00fcl. Habos, friss\u00edt\u0151, egyszer\u0171. T\u00f6k\u00e9letes t\u00e1rs a forr\u00f3 napokon.","breadcrumb":{"@id":"https:\/\/minifry.app\/product\/frappe-finom-kremes-hideg-kaveital\/#breadcrumb"},"inLanguage":"ro-RO","potentialAction":[{"@type":"ReadAction","target":["https:\/\/minifry.app\/product\/frappe-finom-kremes-hideg-kaveital\/"]}]},{"@type":"ImageObject","inLanguage":"ro-RO","@id":"https:\/\/minifry.app\/product\/frappe-finom-kremes-hideg-kaveital\/#primaryimage","url":"https:\/\/minifry.app\/wp-content\/uploads\/2025\/03\/frappe.png","contentUrl":"https:\/\/minifry.app\/wp-content\/uploads\/2025\/03\/frappe.png","width":379,"height":558,"caption":"frapp\u00e9 h\u0171s\u00edt\u0151 ny\u00e1ri ital j\u00e9ghideg kr\u00e9mes finom minifry.app"},{"@type":"BreadcrumbList","@id":"https:\/\/minifry.app\/product\/frappe-finom-kremes-hideg-kaveital\/#breadcrumb","itemListElement":[{"@type":"ListItem","position":1,"name":"Kezd\u0151lap","item":"https:\/\/minifry.app\/"},{"@type":"ListItem","position":2,"name":"K\u00edn\u00e1latunk","item":"https:\/\/minifry.app\/shop\/"},{"@type":"ListItem","position":3,"name":"Frapp\u00e9"}]},{"@type":"WebSite","@id":"https:\/\/minifry.app\/#website","url":"https:\/\/minifry.app\/","name":"minifry.app","description":"","publisher":{"@id":"https:\/\/minifry.app\/#organization"},"potentialAction":[{"@type":"SearchAction","target":{"@type":"EntryPoint","urlTemplate":"https:\/\/minifry.app\/?s={search_term_string}"},"query-input":{"@type":"PropertyValueSpecification","valueRequired":true,"valueName":"search_term_string"}}],"inLanguage":"ro-RO"},{"@type":"Organization","@id":"https:\/\/minifry.app\/#organization","name":"DBVCORP SRL","url":"https:\/\/minifry.app\/","logo":{"@type":"ImageObject","inLanguage":"ro-RO","@id":"https:\/\/minifry.app\/#\/schema\/logo\/image\/","url":"https:\/\/minifry.app\/wp-content\/uploads\/2025\/03\/cropped-logo-uj-20-x-15-cm-20-x-10-cm-masolata_20250314_103645_0000.png","contentUrl":"https:\/\/minifry.app\/wp-content\/uploads\/2025\/03\/cropped-logo-uj-20-x-15-cm-20-x-10-cm-masolata_20250314_103645_0000.png","width":1992,"height":674,"caption":"DBVCORP SRL"},"image":{"@id":"https:\/\/minifry.app\/#\/schema\/logo\/image\/"}}]}},"_links":{"self":[{"href":"https:\/\/minifry.app\/ro\/wp-json\/wp\/v2\/product\/1445","targetHints":{"allow":["GET"]}}],"collection":[{"href":"https:\/\/minifry.app\/ro\/wp-json\/wp\/v2\/product"}],"about":[{"href":"https:\/\/minifry.app\/ro\/wp-json\/wp\/v2\/types\/product"}],"wp:featuredmedia":[{"embeddable":true,"href":"https:\/\/minifry.app\/ro\/wp-json\/wp\/v2\/media\/1446"}],"wp:attachment":[{"href":"https:\/\/minifry.app\/ro\/wp-json\/wp\/v2\/media?parent=1445"}],"wp:term":[{"taxonomy":"product_brand","embeddable":true,"href":"https:\/\/minifry.app\/ro\/wp-json\/wp\/v2\/product_brand?post=1445"},{"taxonomy":"product_cat","embeddable":true,"href":"https:\/\/minifry.app\/ro\/wp-json\/wp\/v2\/product_cat?post=1445"},{"taxonomy":"product_tag","embeddable":true,"href":"https:\/\/minifry.app\/ro\/wp-json\/wp\/v2\/product_tag?post=1445"}],"curies":[{"name":"wp","href":"https:\/\/api.w.org\/{rel}","templated":true}]}}