{"id":1443,"date":"2025-03-19T19:06:42","date_gmt":"2025-03-19T17:06:42","guid":{"rendered":"https:\/\/minifry.app\/?post_type=product&#038;p=1443"},"modified":"2025-07-30T15:10:41","modified_gmt":"2025-07-30T13:10:41","slug":"shake-finom-frissito-gyumolcsiz","status":"publish","type":"product","link":"https:\/\/minifry.app\/ro\/product\/shake-finom-frissito-gyumolcsiz\/","title":{"rendered":"Shake"},"content":{"rendered":"<p>Shake r\u0103coritor \u0219i fructat, care te revigoreaz\u0103 instantaneu! Fructele aromate, atent mixate, ofer\u0103 o textur\u0103 catifelat\u0103, iar ghea\u021ba fin m\u0103run\u021bit\u0103 adaug\u0103 un plus de prospe\u021bime fiec\u0103rei \u00eenghi\u021bituri. Alegerea perfect\u0103 pentru zilele fierbin\u021bi sau oric\u00e2nd ai nevoie de un strop de energie \u0219i r\u0103coare!<\/p>\n<p>Cum \u00ee\u021bi place <strong>Frappe<\/strong>?<\/p>","protected":false},"excerpt":{"rendered":"<p><strong>\u00ce\u021bi po\u021bi energiza ziua cu un Shake fructat!<\/strong><\/p>\n<p>U\u0219or, r\u0103coritor \u0219i plin de arome naturale de fructe \u2013 r\u0103sf\u0103\u021bul perfect oriunde, oric\u00e2nd.<\/p>","protected":false},"featured_media":1444,"template":"","meta":[],"product_brand":[],"product_cat":[114,219],"product_tag":[89,282,292,110,161,291],"class_list":{"0":"post-1443","1":"product","2":"type-product","3":"status-publish","4":"has-post-thumbnail","6":"product_cat-husito-italok-hu","7":"product_cat-shake","8":"product_tag-finom","9":"product_tag-gyumolcsos","10":"product_tag-husit","11":"product_tag-jeges","12":"product_tag-kremes","13":"product_tag-shake","15":"first","16":"instock","17":"shipping-taxable","18":"purchasable","19":"product-type-simple"},"yoast_head":"<!-- This site is optimized with the Yoast SEO plugin v24.5 - https:\/\/yoast.com\/wordpress\/plugins\/seo\/ -->\n<title>Shake - minifry.app<\/title>\n<meta name=\"description\" content=\"Shake, melynek minden kortya h\u0171s\u00edt\u0151 frissess\u00e9get ad, mik\u00f6zben a gy\u00fcm\u00f6lcs\u00f6k term\u00e9szetes \u00edze \u00e9s a j\u00e9g h\u0171v\u00f6s felfriss\u00fcl\u00e9se t\u00f6k\u00e9letesen \u00f6sszeolvad.\" \/>\n<meta name=\"robots\" content=\"index, follow, max-snippet:-1, max-image-preview:large, max-video-preview:-1\" \/>\n<link rel=\"canonical\" href=\"https:\/\/minifry.app\/ro\/product\/shake-finom-frissito-gyumolcsiz\/\" \/>\n<meta property=\"og:locale\" content=\"ro_RO\" \/>\n<meta property=\"og:type\" content=\"article\" \/>\n<meta property=\"og:title\" content=\"Shake - minifry.app\" \/>\n<meta property=\"og:description\" content=\"Shake, melynek minden kortya h\u0171s\u00edt\u0151 frissess\u00e9get ad, mik\u00f6zben a gy\u00fcm\u00f6lcs\u00f6k term\u00e9szetes \u00edze \u00e9s a j\u00e9g h\u0171v\u00f6s felfriss\u00fcl\u00e9se t\u00f6k\u00e9letesen \u00f6sszeolvad.\" \/>\n<meta property=\"og:url\" content=\"https:\/\/minifry.app\/ro\/product\/shake-finom-frissito-gyumolcsiz\/\" \/>\n<meta property=\"og:site_name\" content=\"minifry.app\" \/>\n<meta property=\"article:modified_time\" content=\"2025-07-30T13:10:41+00:00\" \/>\n<meta property=\"og:image\" content=\"https:\/\/minifry.app\/wp-content\/uploads\/2025\/03\/shake.png\" \/>\n\t<meta property=\"og:image:width\" content=\"394\" \/>\n\t<meta property=\"og:image:height\" content=\"388\" \/>\n\t<meta property=\"og:image:type\" content=\"image\/png\" \/>\n<meta name=\"twitter:card\" content=\"summary_large_image\" \/>\n<meta name=\"twitter:label1\" content=\"Timp estimat pentru citire\" \/>\n\t<meta name=\"twitter:data1\" content=\"1 minut\" \/>\n<script type=\"application\/ld+json\" class=\"yoast-schema-graph\">{\"@context\":\"https:\/\/schema.org\",\"@graph\":[{\"@type\":\"WebPage\",\"@id\":\"https:\/\/minifry.app\/product\/shake-finom-frissito-gyumolcsiz\/\",\"url\":\"https:\/\/minifry.app\/product\/shake-finom-frissito-gyumolcsiz\/\",\"name\":\"Shake - minifry.app\",\"isPartOf\":{\"@id\":\"https:\/\/minifry.app\/#website\"},\"primaryImageOfPage\":{\"@id\":\"https:\/\/minifry.app\/product\/shake-finom-frissito-gyumolcsiz\/#primaryimage\"},\"image\":{\"@id\":\"https:\/\/minifry.app\/product\/shake-finom-frissito-gyumolcsiz\/#primaryimage\"},\"thumbnailUrl\":\"https:\/\/minifry.app\/wp-content\/uploads\/2025\/03\/shake.png\",\"datePublished\":\"2025-03-19T17:06:42+00:00\",\"dateModified\":\"2025-07-30T13:10:41+00:00\",\"description\":\"Shake, melynek minden kortya h\u0171s\u00edt\u0151 frissess\u00e9get ad, mik\u00f6zben a gy\u00fcm\u00f6lcs\u00f6k term\u00e9szetes \u00edze \u00e9s a j\u00e9g h\u0171v\u00f6s felfriss\u00fcl\u00e9se t\u00f6k\u00e9letesen \u00f6sszeolvad.\",\"breadcrumb\":{\"@id\":\"https:\/\/minifry.app\/product\/shake-finom-frissito-gyumolcsiz\/#breadcrumb\"},\"inLanguage\":\"ro-RO\",\"potentialAction\":[{\"@type\":\"ReadAction\",\"target\":[\"https:\/\/minifry.app\/product\/shake-finom-frissito-gyumolcsiz\/\"]}]},{\"@type\":\"ImageObject\",\"inLanguage\":\"ro-RO\",\"@id\":\"https:\/\/minifry.app\/product\/shake-finom-frissito-gyumolcsiz\/#primaryimage\",\"url\":\"https:\/\/minifry.app\/wp-content\/uploads\/2025\/03\/shake.png\",\"contentUrl\":\"https:\/\/minifry.app\/wp-content\/uploads\/2025\/03\/shake.png\",\"width\":394,\"height\":388,\"caption\":\"shake h\u0171s\u00edt\u0151 gy\u00fcm\u00f6lcs\u00f6s jeges ital finom friss tejes minifry.app\"},{\"@type\":\"BreadcrumbList\",\"@id\":\"https:\/\/minifry.app\/product\/shake-finom-frissito-gyumolcsiz\/#breadcrumb\",\"itemListElement\":[{\"@type\":\"ListItem\",\"position\":1,\"name\":\"Kezd\u0151lap\",\"item\":\"https:\/\/minifry.app\/\"},{\"@type\":\"ListItem\",\"position\":2,\"name\":\"K\u00edn\u00e1latunk\",\"item\":\"https:\/\/minifry.app\/shop\/\"},{\"@type\":\"ListItem\",\"position\":3,\"name\":\"Shake\"}]},{\"@type\":\"WebSite\",\"@id\":\"https:\/\/minifry.app\/#website\",\"url\":\"https:\/\/minifry.app\/\",\"name\":\"minifry.app\",\"description\":\"\",\"publisher\":{\"@id\":\"https:\/\/minifry.app\/#organization\"},\"potentialAction\":[{\"@type\":\"SearchAction\",\"target\":{\"@type\":\"EntryPoint\",\"urlTemplate\":\"https:\/\/minifry.app\/?s={search_term_string}\"},\"query-input\":{\"@type\":\"PropertyValueSpecification\",\"valueRequired\":true,\"valueName\":\"search_term_string\"}}],\"inLanguage\":\"ro-RO\"},{\"@type\":\"Organization\",\"@id\":\"https:\/\/minifry.app\/#organization\",\"name\":\"DBVCORP SRL\",\"url\":\"https:\/\/minifry.app\/\",\"logo\":{\"@type\":\"ImageObject\",\"inLanguage\":\"ro-RO\",\"@id\":\"https:\/\/minifry.app\/#\/schema\/logo\/image\/\",\"url\":\"https:\/\/minifry.app\/wp-content\/uploads\/2025\/03\/cropped-logo-uj-20-x-15-cm-20-x-10-cm-masolata_20250314_103645_0000.png\",\"contentUrl\":\"https:\/\/minifry.app\/wp-content\/uploads\/2025\/03\/cropped-logo-uj-20-x-15-cm-20-x-10-cm-masolata_20250314_103645_0000.png\",\"width\":1992,\"height\":674,\"caption\":\"DBVCORP SRL\"},\"image\":{\"@id\":\"https:\/\/minifry.app\/#\/schema\/logo\/image\/\"}}]}<\/script>\n<!-- \/ Yoast SEO plugin. -->","yoast_head_json":{"title":"Shake - minifry.app","description":"Shake, melynek minden kortya h\u0171s\u00edt\u0151 frissess\u00e9get ad, mik\u00f6zben a gy\u00fcm\u00f6lcs\u00f6k term\u00e9szetes \u00edze \u00e9s a j\u00e9g h\u0171v\u00f6s felfriss\u00fcl\u00e9se t\u00f6k\u00e9letesen \u00f6sszeolvad.","robots":{"index":"index","follow":"follow","max-snippet":"max-snippet:-1","max-image-preview":"max-image-preview:large","max-video-preview":"max-video-preview:-1"},"canonical":"https:\/\/minifry.app\/ro\/product\/shake-finom-frissito-gyumolcsiz\/","og_locale":"ro_RO","og_type":"article","og_title":"Shake - minifry.app","og_description":"Shake, melynek minden kortya h\u0171s\u00edt\u0151 frissess\u00e9get ad, mik\u00f6zben a gy\u00fcm\u00f6lcs\u00f6k term\u00e9szetes \u00edze \u00e9s a j\u00e9g h\u0171v\u00f6s felfriss\u00fcl\u00e9se t\u00f6k\u00e9letesen \u00f6sszeolvad.","og_url":"https:\/\/minifry.app\/ro\/product\/shake-finom-frissito-gyumolcsiz\/","og_site_name":"minifry.app","article_modified_time":"2025-07-30T13:10:41+00:00","og_image":[{"width":394,"height":388,"url":"https:\/\/minifry.app\/wp-content\/uploads\/2025\/03\/shake.png","type":"image\/png"}],"twitter_card":"summary_large_image","twitter_misc":{"Timp estimat pentru citire":"1 minut"},"schema":{"@context":"https:\/\/schema.org","@graph":[{"@type":"WebPage","@id":"https:\/\/minifry.app\/product\/shake-finom-frissito-gyumolcsiz\/","url":"https:\/\/minifry.app\/product\/shake-finom-frissito-gyumolcsiz\/","name":"Shake - minifry.app","isPartOf":{"@id":"https:\/\/minifry.app\/#website"},"primaryImageOfPage":{"@id":"https:\/\/minifry.app\/product\/shake-finom-frissito-gyumolcsiz\/#primaryimage"},"image":{"@id":"https:\/\/minifry.app\/product\/shake-finom-frissito-gyumolcsiz\/#primaryimage"},"thumbnailUrl":"https:\/\/minifry.app\/wp-content\/uploads\/2025\/03\/shake.png","datePublished":"2025-03-19T17:06:42+00:00","dateModified":"2025-07-30T13:10:41+00:00","description":"Shake, melynek minden kortya h\u0171s\u00edt\u0151 frissess\u00e9get ad, mik\u00f6zben a gy\u00fcm\u00f6lcs\u00f6k term\u00e9szetes \u00edze \u00e9s a j\u00e9g h\u0171v\u00f6s felfriss\u00fcl\u00e9se t\u00f6k\u00e9letesen \u00f6sszeolvad.","breadcrumb":{"@id":"https:\/\/minifry.app\/product\/shake-finom-frissito-gyumolcsiz\/#breadcrumb"},"inLanguage":"ro-RO","potentialAction":[{"@type":"ReadAction","target":["https:\/\/minifry.app\/product\/shake-finom-frissito-gyumolcsiz\/"]}]},{"@type":"ImageObject","inLanguage":"ro-RO","@id":"https:\/\/minifry.app\/product\/shake-finom-frissito-gyumolcsiz\/#primaryimage","url":"https:\/\/minifry.app\/wp-content\/uploads\/2025\/03\/shake.png","contentUrl":"https:\/\/minifry.app\/wp-content\/uploads\/2025\/03\/shake.png","width":394,"height":388,"caption":"shake h\u0171s\u00edt\u0151 gy\u00fcm\u00f6lcs\u00f6s jeges ital finom friss tejes minifry.app"},{"@type":"BreadcrumbList","@id":"https:\/\/minifry.app\/product\/shake-finom-frissito-gyumolcsiz\/#breadcrumb","itemListElement":[{"@type":"ListItem","position":1,"name":"Kezd\u0151lap","item":"https:\/\/minifry.app\/"},{"@type":"ListItem","position":2,"name":"K\u00edn\u00e1latunk","item":"https:\/\/minifry.app\/shop\/"},{"@type":"ListItem","position":3,"name":"Shake"}]},{"@type":"WebSite","@id":"https:\/\/minifry.app\/#website","url":"https:\/\/minifry.app\/","name":"minifry.app","description":"","publisher":{"@id":"https:\/\/minifry.app\/#organization"},"potentialAction":[{"@type":"SearchAction","target":{"@type":"EntryPoint","urlTemplate":"https:\/\/minifry.app\/?s={search_term_string}"},"query-input":{"@type":"PropertyValueSpecification","valueRequired":true,"valueName":"search_term_string"}}],"inLanguage":"ro-RO"},{"@type":"Organization","@id":"https:\/\/minifry.app\/#organization","name":"DBVCORP SRL","url":"https:\/\/minifry.app\/","logo":{"@type":"ImageObject","inLanguage":"ro-RO","@id":"https:\/\/minifry.app\/#\/schema\/logo\/image\/","url":"https:\/\/minifry.app\/wp-content\/uploads\/2025\/03\/cropped-logo-uj-20-x-15-cm-20-x-10-cm-masolata_20250314_103645_0000.png","contentUrl":"https:\/\/minifry.app\/wp-content\/uploads\/2025\/03\/cropped-logo-uj-20-x-15-cm-20-x-10-cm-masolata_20250314_103645_0000.png","width":1992,"height":674,"caption":"DBVCORP SRL"},"image":{"@id":"https:\/\/minifry.app\/#\/schema\/logo\/image\/"}}]}},"_links":{"self":[{"href":"https:\/\/minifry.app\/ro\/wp-json\/wp\/v2\/product\/1443","targetHints":{"allow":["GET"]}}],"collection":[{"href":"https:\/\/minifry.app\/ro\/wp-json\/wp\/v2\/product"}],"about":[{"href":"https:\/\/minifry.app\/ro\/wp-json\/wp\/v2\/types\/product"}],"wp:featuredmedia":[{"embeddable":true,"href":"https:\/\/minifry.app\/ro\/wp-json\/wp\/v2\/media\/1444"}],"wp:attachment":[{"href":"https:\/\/minifry.app\/ro\/wp-json\/wp\/v2\/media?parent=1443"}],"wp:term":[{"taxonomy":"product_brand","embeddable":true,"href":"https:\/\/minifry.app\/ro\/wp-json\/wp\/v2\/product_brand?post=1443"},{"taxonomy":"product_cat","embeddable":true,"href":"https:\/\/minifry.app\/ro\/wp-json\/wp\/v2\/product_cat?post=1443"},{"taxonomy":"product_tag","embeddable":true,"href":"https:\/\/minifry.app\/ro\/wp-json\/wp\/v2\/product_tag?post=1443"}],"curies":[{"name":"wp","href":"https:\/\/api.w.org\/{rel}","templated":true}]}}