{"id":1439,"date":"2025-03-19T18:38:23","date_gmt":"2025-03-19T16:38:23","guid":{"rendered":"https:\/\/minifry.app\/?post_type=product&#038;p=1439"},"modified":"2025-07-30T15:24:02","modified_gmt":"2025-07-30T13:24:02","slug":"hell-energiaital-felporget","status":"publish","type":"product","link":"https:\/\/minifry.app\/ro\/product\/hell-energiaital-felporget\/","title":{"rendered":"Hell b\u0103utur\u0103 energizant\u0103"},"content":{"rendered":"<p>HELL  b\u0103utur\u0103 energizant\u0103 \u2013 for\u021ba din tine! O \u00eenghi\u021bitur\u0103 \u0219i vei sim\u021bi imediat energia: energic, dinamic \u0219i r\u0103coritor, astfel \u00eenc\u00e2t s\u0103 faci fa\u021b\u0103 oric\u0103rei provoc\u0103ri. C\u00e2nd nu ai timp s\u0103 te opre\u0219ti, HELL este solu\u021bia! Impactul intens al cofeinei \u0219i gustul vibrant te vor trezi imediat, astfel \u00eenc\u00e2t tu s\u0103 fii cel care dicteaz\u0103 ritmul \u2013 de diminea\u021ba p\u00e2n\u0103 seara!<\/p>\n<p>Urm\u0103torul este <strong>Pepsi,<\/strong> pe care trebuie s\u0103-l \u00eencerci!<\/p>","protected":false},"excerpt":{"rendered":"<p><strong>HELL b\u0103utur\u0103 energizant\u0103\u2013 c\u00e2nd ai nevoie de un plus de energie! <\/strong><\/p>\n<p>R\u0103coritor, cu un gust intens \u0219i un con\u021binut puternic de cofein\u0103, te energizeaz\u0103 imediat, astfel \u00eenc\u00e2t s\u0103 treci cu u\u0219urin\u021b\u0103 peste orice obstacol.<\/p>","protected":false},"featured_media":1440,"template":"","meta":[],"product_brand":[],"product_cat":[114],"product_tag":[286,288,287,89,285],"class_list":{"0":"post-1439","1":"product","2":"type-product","3":"status-publish","4":"has-post-thumbnail","6":"product_cat-husito-italok-hu","7":"product_tag-energiaital","8":"product_tag-energiat-ad","9":"product_tag-felporget","10":"product_tag-finom","11":"product_tag-hell","13":"first","14":"instock","15":"shipping-taxable","16":"purchasable","17":"product-type-simple"},"yoast_head":"<!-- This site is optimized with the Yoast SEO plugin v24.5 - https:\/\/yoast.com\/wordpress\/plugins\/seo\/ -->\n<title>Hell energiaital - minifry.app<\/title>\n<meta name=\"description\" content=\"HELL energiaital \u2013 azonnali energial\u00f6ket, amikor igaz\u00e1n sz\u00fcks\u00e9ged van r\u00e1! Er\u0151teljes \u00edz, magas koffeintartalom, hogy b\u00e1rmilyen helyzetben toppon legy\u00e9l.\" \/>\n<meta name=\"robots\" content=\"index, follow, max-snippet:-1, max-image-preview:large, max-video-preview:-1\" \/>\n<link rel=\"canonical\" href=\"https:\/\/minifry.app\/ro\/product\/hell-energiaital-felporget\/\" \/>\n<meta property=\"og:locale\" content=\"ro_RO\" \/>\n<meta property=\"og:type\" content=\"article\" \/>\n<meta property=\"og:title\" content=\"Hell energiaital - minifry.app\" \/>\n<meta property=\"og:description\" content=\"HELL energiaital \u2013 azonnali energial\u00f6ket, amikor igaz\u00e1n sz\u00fcks\u00e9ged van r\u00e1! Er\u0151teljes \u00edz, magas koffeintartalom, hogy b\u00e1rmilyen helyzetben toppon legy\u00e9l.\" \/>\n<meta property=\"og:url\" content=\"https:\/\/minifry.app\/ro\/product\/hell-energiaital-felporget\/\" \/>\n<meta property=\"og:site_name\" content=\"minifry.app\" \/>\n<meta property=\"article:modified_time\" content=\"2025-07-30T13:24:02+00:00\" \/>\n<meta property=\"og:image\" content=\"https:\/\/minifry.app\/wp-content\/uploads\/2025\/03\/hell1.jpg\" \/>\n\t<meta property=\"og:image:width\" content=\"225\" \/>\n\t<meta property=\"og:image:height\" content=\"225\" \/>\n\t<meta property=\"og:image:type\" content=\"image\/jpeg\" \/>\n<meta name=\"twitter:card\" content=\"summary_large_image\" \/>\n<meta name=\"twitter:label1\" content=\"Timp estimat pentru citire\" \/>\n\t<meta name=\"twitter:data1\" content=\"1 minut\" \/>\n<script type=\"application\/ld+json\" class=\"yoast-schema-graph\">{\"@context\":\"https:\/\/schema.org\",\"@graph\":[{\"@type\":\"WebPage\",\"@id\":\"https:\/\/minifry.app\/product\/hell-energiaital-felporget\/\",\"url\":\"https:\/\/minifry.app\/product\/hell-energiaital-felporget\/\",\"name\":\"Hell energiaital - minifry.app\",\"isPartOf\":{\"@id\":\"https:\/\/minifry.app\/#website\"},\"primaryImageOfPage\":{\"@id\":\"https:\/\/minifry.app\/product\/hell-energiaital-felporget\/#primaryimage\"},\"image\":{\"@id\":\"https:\/\/minifry.app\/product\/hell-energiaital-felporget\/#primaryimage\"},\"thumbnailUrl\":\"https:\/\/minifry.app\/wp-content\/uploads\/2025\/03\/hell1.jpg\",\"datePublished\":\"2025-03-19T16:38:23+00:00\",\"dateModified\":\"2025-07-30T13:24:02+00:00\",\"description\":\"HELL energiaital \u2013 azonnali energial\u00f6ket, amikor igaz\u00e1n sz\u00fcks\u00e9ged van r\u00e1! Er\u0151teljes \u00edz, magas koffeintartalom, hogy b\u00e1rmilyen helyzetben toppon legy\u00e9l.\",\"breadcrumb\":{\"@id\":\"https:\/\/minifry.app\/product\/hell-energiaital-felporget\/#breadcrumb\"},\"inLanguage\":\"ro-RO\",\"potentialAction\":[{\"@type\":\"ReadAction\",\"target\":[\"https:\/\/minifry.app\/product\/hell-energiaital-felporget\/\"]}]},{\"@type\":\"ImageObject\",\"inLanguage\":\"ro-RO\",\"@id\":\"https:\/\/minifry.app\/product\/hell-energiaital-felporget\/#primaryimage\",\"url\":\"https:\/\/minifry.app\/wp-content\/uploads\/2025\/03\/hell1.jpg\",\"contentUrl\":\"https:\/\/minifry.app\/wp-content\/uploads\/2025\/03\/hell1.jpg\",\"width\":225,\"height\":225,\"caption\":\"hell energia ital h\u0171s\u00edt\u0151 \u00e9desk\u00e9s \u00edzvil\u00e1g finom energiz\u00e1l minifry.app\"},{\"@type\":\"BreadcrumbList\",\"@id\":\"https:\/\/minifry.app\/product\/hell-energiaital-felporget\/#breadcrumb\",\"itemListElement\":[{\"@type\":\"ListItem\",\"position\":1,\"name\":\"Kezd\u0151lap\",\"item\":\"https:\/\/minifry.app\/\"},{\"@type\":\"ListItem\",\"position\":2,\"name\":\"K\u00edn\u00e1latunk\",\"item\":\"https:\/\/minifry.app\/shop\/\"},{\"@type\":\"ListItem\",\"position\":3,\"name\":\"Hell energiaital\"}]},{\"@type\":\"WebSite\",\"@id\":\"https:\/\/minifry.app\/#website\",\"url\":\"https:\/\/minifry.app\/\",\"name\":\"minifry.app\",\"description\":\"\",\"publisher\":{\"@id\":\"https:\/\/minifry.app\/#organization\"},\"potentialAction\":[{\"@type\":\"SearchAction\",\"target\":{\"@type\":\"EntryPoint\",\"urlTemplate\":\"https:\/\/minifry.app\/?s={search_term_string}\"},\"query-input\":{\"@type\":\"PropertyValueSpecification\",\"valueRequired\":true,\"valueName\":\"search_term_string\"}}],\"inLanguage\":\"ro-RO\"},{\"@type\":\"Organization\",\"@id\":\"https:\/\/minifry.app\/#organization\",\"name\":\"DBVCORP SRL\",\"url\":\"https:\/\/minifry.app\/\",\"logo\":{\"@type\":\"ImageObject\",\"inLanguage\":\"ro-RO\",\"@id\":\"https:\/\/minifry.app\/#\/schema\/logo\/image\/\",\"url\":\"https:\/\/minifry.app\/wp-content\/uploads\/2025\/03\/cropped-logo-uj-20-x-15-cm-20-x-10-cm-masolata_20250314_103645_0000.png\",\"contentUrl\":\"https:\/\/minifry.app\/wp-content\/uploads\/2025\/03\/cropped-logo-uj-20-x-15-cm-20-x-10-cm-masolata_20250314_103645_0000.png\",\"width\":1992,\"height\":674,\"caption\":\"DBVCORP SRL\"},\"image\":{\"@id\":\"https:\/\/minifry.app\/#\/schema\/logo\/image\/\"}}]}<\/script>\n<!-- \/ Yoast SEO plugin. -->","yoast_head_json":{"title":"Hell energiaital - minifry.app","description":"HELL energiaital \u2013 azonnali energial\u00f6ket, amikor igaz\u00e1n sz\u00fcks\u00e9ged van r\u00e1! Er\u0151teljes \u00edz, magas koffeintartalom, hogy b\u00e1rmilyen helyzetben toppon legy\u00e9l.","robots":{"index":"index","follow":"follow","max-snippet":"max-snippet:-1","max-image-preview":"max-image-preview:large","max-video-preview":"max-video-preview:-1"},"canonical":"https:\/\/minifry.app\/ro\/product\/hell-energiaital-felporget\/","og_locale":"ro_RO","og_type":"article","og_title":"Hell energiaital - minifry.app","og_description":"HELL energiaital \u2013 azonnali energial\u00f6ket, amikor igaz\u00e1n sz\u00fcks\u00e9ged van r\u00e1! Er\u0151teljes \u00edz, magas koffeintartalom, hogy b\u00e1rmilyen helyzetben toppon legy\u00e9l.","og_url":"https:\/\/minifry.app\/ro\/product\/hell-energiaital-felporget\/","og_site_name":"minifry.app","article_modified_time":"2025-07-30T13:24:02+00:00","og_image":[{"width":225,"height":225,"url":"https:\/\/minifry.app\/wp-content\/uploads\/2025\/03\/hell1.jpg","type":"image\/jpeg"}],"twitter_card":"summary_large_image","twitter_misc":{"Timp estimat pentru citire":"1 minut"},"schema":{"@context":"https:\/\/schema.org","@graph":[{"@type":"WebPage","@id":"https:\/\/minifry.app\/product\/hell-energiaital-felporget\/","url":"https:\/\/minifry.app\/product\/hell-energiaital-felporget\/","name":"Hell energiaital - minifry.app","isPartOf":{"@id":"https:\/\/minifry.app\/#website"},"primaryImageOfPage":{"@id":"https:\/\/minifry.app\/product\/hell-energiaital-felporget\/#primaryimage"},"image":{"@id":"https:\/\/minifry.app\/product\/hell-energiaital-felporget\/#primaryimage"},"thumbnailUrl":"https:\/\/minifry.app\/wp-content\/uploads\/2025\/03\/hell1.jpg","datePublished":"2025-03-19T16:38:23+00:00","dateModified":"2025-07-30T13:24:02+00:00","description":"HELL energiaital \u2013 azonnali energial\u00f6ket, amikor igaz\u00e1n sz\u00fcks\u00e9ged van r\u00e1! Er\u0151teljes \u00edz, magas koffeintartalom, hogy b\u00e1rmilyen helyzetben toppon legy\u00e9l.","breadcrumb":{"@id":"https:\/\/minifry.app\/product\/hell-energiaital-felporget\/#breadcrumb"},"inLanguage":"ro-RO","potentialAction":[{"@type":"ReadAction","target":["https:\/\/minifry.app\/product\/hell-energiaital-felporget\/"]}]},{"@type":"ImageObject","inLanguage":"ro-RO","@id":"https:\/\/minifry.app\/product\/hell-energiaital-felporget\/#primaryimage","url":"https:\/\/minifry.app\/wp-content\/uploads\/2025\/03\/hell1.jpg","contentUrl":"https:\/\/minifry.app\/wp-content\/uploads\/2025\/03\/hell1.jpg","width":225,"height":225,"caption":"hell energia ital h\u0171s\u00edt\u0151 \u00e9desk\u00e9s \u00edzvil\u00e1g finom energiz\u00e1l minifry.app"},{"@type":"BreadcrumbList","@id":"https:\/\/minifry.app\/product\/hell-energiaital-felporget\/#breadcrumb","itemListElement":[{"@type":"ListItem","position":1,"name":"Kezd\u0151lap","item":"https:\/\/minifry.app\/"},{"@type":"ListItem","position":2,"name":"K\u00edn\u00e1latunk","item":"https:\/\/minifry.app\/shop\/"},{"@type":"ListItem","position":3,"name":"Hell energiaital"}]},{"@type":"WebSite","@id":"https:\/\/minifry.app\/#website","url":"https:\/\/minifry.app\/","name":"minifry.app","description":"","publisher":{"@id":"https:\/\/minifry.app\/#organization"},"potentialAction":[{"@type":"SearchAction","target":{"@type":"EntryPoint","urlTemplate":"https:\/\/minifry.app\/?s={search_term_string}"},"query-input":{"@type":"PropertyValueSpecification","valueRequired":true,"valueName":"search_term_string"}}],"inLanguage":"ro-RO"},{"@type":"Organization","@id":"https:\/\/minifry.app\/#organization","name":"DBVCORP SRL","url":"https:\/\/minifry.app\/","logo":{"@type":"ImageObject","inLanguage":"ro-RO","@id":"https:\/\/minifry.app\/#\/schema\/logo\/image\/","url":"https:\/\/minifry.app\/wp-content\/uploads\/2025\/03\/cropped-logo-uj-20-x-15-cm-20-x-10-cm-masolata_20250314_103645_0000.png","contentUrl":"https:\/\/minifry.app\/wp-content\/uploads\/2025\/03\/cropped-logo-uj-20-x-15-cm-20-x-10-cm-masolata_20250314_103645_0000.png","width":1992,"height":674,"caption":"DBVCORP SRL"},"image":{"@id":"https:\/\/minifry.app\/#\/schema\/logo\/image\/"}}]}},"_links":{"self":[{"href":"https:\/\/minifry.app\/ro\/wp-json\/wp\/v2\/product\/1439","targetHints":{"allow":["GET"]}}],"collection":[{"href":"https:\/\/minifry.app\/ro\/wp-json\/wp\/v2\/product"}],"about":[{"href":"https:\/\/minifry.app\/ro\/wp-json\/wp\/v2\/types\/product"}],"wp:featuredmedia":[{"embeddable":true,"href":"https:\/\/minifry.app\/ro\/wp-json\/wp\/v2\/media\/1440"}],"wp:attachment":[{"href":"https:\/\/minifry.app\/ro\/wp-json\/wp\/v2\/media?parent=1439"}],"wp:term":[{"taxonomy":"product_brand","embeddable":true,"href":"https:\/\/minifry.app\/ro\/wp-json\/wp\/v2\/product_brand?post=1439"},{"taxonomy":"product_cat","embeddable":true,"href":"https:\/\/minifry.app\/ro\/wp-json\/wp\/v2\/product_cat?post=1439"},{"taxonomy":"product_tag","embeddable":true,"href":"https:\/\/minifry.app\/ro\/wp-json\/wp\/v2\/product_tag?post=1439"}],"curies":[{"name":"wp","href":"https:\/\/api.w.org\/{rel}","templated":true}]}}