{"id":1436,"date":"2025-03-19T18:30:26","date_gmt":"2025-03-19T16:30:26","guid":{"rendered":"https:\/\/minifry.app\/?post_type=product&#038;p=1436"},"modified":"2025-07-30T15:31:02","modified_gmt":"2025-07-30T13:31:02","slug":"pepsi-finom-husito-udito","status":"publish","type":"product","link":"https:\/\/minifry.app\/ro\/product\/pepsi-finom-husito-udito\/","title":{"rendered":"Pepsi"},"content":{"rendered":"<p>Pepsi, care completeaz\u0103 perfect m\u00e2ncarea rapid\u0103: prospe\u021bimea sa efervescent\u0103 cur\u0103\u021b\u0103 papilele gustative, astfel \u00eenc\u00e2t fiecare mu\u0219c\u0103tur\u0103 s\u0103 fie la fel de savuroas\u0103 ca prima! Burger, cartofi pr\u0103ji\u021bi sau Doner? Pepsi rece ca ghea\u021ba este adev\u0103ratul partener! Gustul s\u0103u distinct echilibreaz\u0103 perfect m\u00e2nc\u0103rurile s\u0103rate \u0219i condimentate, oferind o senza\u021bie r\u0103coritoare \u00eentre \u00eenghi\u021bituri.<\/p>\n<p>Urm\u0103torul este <strong>Hell<\/strong>!<\/p>","protected":false},"excerpt":{"rendered":"<p><strong>Pepsi \u2013 gustul iconic care d\u0103 via\u021b\u0103 experien\u021bei street food! <\/strong><\/p>\n<p>Carbonatarea sa revigorant\u0103 se potrive\u0219te perfect cu m\u00e2ncarea crocant\u0103 \u0219i suculent\u0103, f\u0103c\u00e2nd fiecare \u00eenghi\u021bitur\u0103 \u0219i mai delicioas\u0103.<\/p>","protected":false},"featured_media":1438,"template":"","meta":[],"product_brand":[],"product_cat":[114],"product_tag":[89,280,283,253],"class_list":{"0":"post-1436","1":"product","2":"type-product","3":"status-publish","4":"has-post-thumbnail","6":"product_cat-husito-italok-hu","7":"product_tag-finom","8":"product_tag-husito","9":"product_tag-pepsi","10":"product_tag-udito","12":"first","13":"instock","14":"shipping-taxable","15":"purchasable","16":"product-type-simple"},"yoast_head":"<!-- This site is optimized with the Yoast SEO plugin v24.5 - https:\/\/yoast.com\/wordpress\/plugins\/seo\/ -->\n<title>Pepsi - minifry.app<\/title>\n<meta name=\"description\" content=\"Pepsi, friss\u00edt\u0151 ital, ami n\u00e9lk\u00fcl\u00f6zhetetlen egy j\u00f3 burger vagy s\u00fclt krumpli mell\u00e9! Karakteres \u00edze t\u00f6k\u00e9letesen ellens\u00falyozza a gazdag, f\u0171szeres falatok.\" \/>\n<meta name=\"robots\" content=\"index, follow, max-snippet:-1, max-image-preview:large, max-video-preview:-1\" \/>\n<link rel=\"canonical\" href=\"https:\/\/minifry.app\/ro\/product\/pepsi-finom-husito-udito\/\" \/>\n<meta property=\"og:locale\" content=\"ro_RO\" \/>\n<meta property=\"og:type\" content=\"article\" \/>\n<meta property=\"og:title\" content=\"Pepsi - minifry.app\" \/>\n<meta property=\"og:description\" content=\"Pepsi, friss\u00edt\u0151 ital, ami n\u00e9lk\u00fcl\u00f6zhetetlen egy j\u00f3 burger vagy s\u00fclt krumpli mell\u00e9! Karakteres \u00edze t\u00f6k\u00e9letesen ellens\u00falyozza a gazdag, f\u0171szeres falatok.\" \/>\n<meta property=\"og:url\" content=\"https:\/\/minifry.app\/ro\/product\/pepsi-finom-husito-udito\/\" \/>\n<meta property=\"og:site_name\" content=\"minifry.app\" \/>\n<meta property=\"article:modified_time\" content=\"2025-07-30T13:31:02+00:00\" \/>\n<meta property=\"og:image\" content=\"https:\/\/minifry.app\/wp-content\/uploads\/2025\/03\/pepsi12.jpg\" \/>\n\t<meta property=\"og:image:width\" content=\"640\" \/>\n\t<meta property=\"og:image:height\" content=\"453\" \/>\n\t<meta property=\"og:image:type\" content=\"image\/jpeg\" \/>\n<meta name=\"twitter:card\" content=\"summary_large_image\" \/>\n<meta name=\"twitter:label1\" content=\"Timp estimat pentru citire\" \/>\n\t<meta name=\"twitter:data1\" content=\"1 minut\" \/>\n<script type=\"application\/ld+json\" class=\"yoast-schema-graph\">{\"@context\":\"https:\/\/schema.org\",\"@graph\":[{\"@type\":\"WebPage\",\"@id\":\"https:\/\/minifry.app\/product\/pepsi-finom-husito-udito\/\",\"url\":\"https:\/\/minifry.app\/product\/pepsi-finom-husito-udito\/\",\"name\":\"Pepsi - minifry.app\",\"isPartOf\":{\"@id\":\"https:\/\/minifry.app\/#website\"},\"primaryImageOfPage\":{\"@id\":\"https:\/\/minifry.app\/product\/pepsi-finom-husito-udito\/#primaryimage\"},\"image\":{\"@id\":\"https:\/\/minifry.app\/product\/pepsi-finom-husito-udito\/#primaryimage\"},\"thumbnailUrl\":\"https:\/\/minifry.app\/wp-content\/uploads\/2025\/03\/pepsi12.jpg\",\"datePublished\":\"2025-03-19T16:30:26+00:00\",\"dateModified\":\"2025-07-30T13:31:02+00:00\",\"description\":\"Pepsi, friss\u00edt\u0151 ital, ami n\u00e9lk\u00fcl\u00f6zhetetlen egy j\u00f3 burger vagy s\u00fclt krumpli mell\u00e9! Karakteres \u00edze t\u00f6k\u00e9letesen ellens\u00falyozza a gazdag, f\u0171szeres falatok.\",\"breadcrumb\":{\"@id\":\"https:\/\/minifry.app\/product\/pepsi-finom-husito-udito\/#breadcrumb\"},\"inLanguage\":\"ro-RO\",\"potentialAction\":[{\"@type\":\"ReadAction\",\"target\":[\"https:\/\/minifry.app\/product\/pepsi-finom-husito-udito\/\"]}]},{\"@type\":\"ImageObject\",\"inLanguage\":\"ro-RO\",\"@id\":\"https:\/\/minifry.app\/product\/pepsi-finom-husito-udito\/#primaryimage\",\"url\":\"https:\/\/minifry.app\/wp-content\/uploads\/2025\/03\/pepsi12.jpg\",\"contentUrl\":\"https:\/\/minifry.app\/wp-content\/uploads\/2025\/03\/pepsi12.jpg\",\"width\":640,\"height\":453,\"caption\":\"pepsi friss \u00fcd\u00edt\u0151 friss\u00edt\u0151 ital minifry.app\"},{\"@type\":\"BreadcrumbList\",\"@id\":\"https:\/\/minifry.app\/product\/pepsi-finom-husito-udito\/#breadcrumb\",\"itemListElement\":[{\"@type\":\"ListItem\",\"position\":1,\"name\":\"Kezd\u0151lap\",\"item\":\"https:\/\/minifry.app\/\"},{\"@type\":\"ListItem\",\"position\":2,\"name\":\"K\u00edn\u00e1latunk\",\"item\":\"https:\/\/minifry.app\/shop\/\"},{\"@type\":\"ListItem\",\"position\":3,\"name\":\"Pepsi\"}]},{\"@type\":\"WebSite\",\"@id\":\"https:\/\/minifry.app\/#website\",\"url\":\"https:\/\/minifry.app\/\",\"name\":\"minifry.app\",\"description\":\"\",\"publisher\":{\"@id\":\"https:\/\/minifry.app\/#organization\"},\"potentialAction\":[{\"@type\":\"SearchAction\",\"target\":{\"@type\":\"EntryPoint\",\"urlTemplate\":\"https:\/\/minifry.app\/?s={search_term_string}\"},\"query-input\":{\"@type\":\"PropertyValueSpecification\",\"valueRequired\":true,\"valueName\":\"search_term_string\"}}],\"inLanguage\":\"ro-RO\"},{\"@type\":\"Organization\",\"@id\":\"https:\/\/minifry.app\/#organization\",\"name\":\"DBVCORP SRL\",\"url\":\"https:\/\/minifry.app\/\",\"logo\":{\"@type\":\"ImageObject\",\"inLanguage\":\"ro-RO\",\"@id\":\"https:\/\/minifry.app\/#\/schema\/logo\/image\/\",\"url\":\"https:\/\/minifry.app\/wp-content\/uploads\/2025\/03\/cropped-logo-uj-20-x-15-cm-20-x-10-cm-masolata_20250314_103645_0000.png\",\"contentUrl\":\"https:\/\/minifry.app\/wp-content\/uploads\/2025\/03\/cropped-logo-uj-20-x-15-cm-20-x-10-cm-masolata_20250314_103645_0000.png\",\"width\":1992,\"height\":674,\"caption\":\"DBVCORP SRL\"},\"image\":{\"@id\":\"https:\/\/minifry.app\/#\/schema\/logo\/image\/\"}}]}<\/script>\n<!-- \/ Yoast SEO plugin. -->","yoast_head_json":{"title":"Pepsi - minifry.app","description":"Pepsi, friss\u00edt\u0151 ital, ami n\u00e9lk\u00fcl\u00f6zhetetlen egy j\u00f3 burger vagy s\u00fclt krumpli mell\u00e9! Karakteres \u00edze t\u00f6k\u00e9letesen ellens\u00falyozza a gazdag, f\u0171szeres falatok.","robots":{"index":"index","follow":"follow","max-snippet":"max-snippet:-1","max-image-preview":"max-image-preview:large","max-video-preview":"max-video-preview:-1"},"canonical":"https:\/\/minifry.app\/ro\/product\/pepsi-finom-husito-udito\/","og_locale":"ro_RO","og_type":"article","og_title":"Pepsi - minifry.app","og_description":"Pepsi, friss\u00edt\u0151 ital, ami n\u00e9lk\u00fcl\u00f6zhetetlen egy j\u00f3 burger vagy s\u00fclt krumpli mell\u00e9! Karakteres \u00edze t\u00f6k\u00e9letesen ellens\u00falyozza a gazdag, f\u0171szeres falatok.","og_url":"https:\/\/minifry.app\/ro\/product\/pepsi-finom-husito-udito\/","og_site_name":"minifry.app","article_modified_time":"2025-07-30T13:31:02+00:00","og_image":[{"width":640,"height":453,"url":"https:\/\/minifry.app\/wp-content\/uploads\/2025\/03\/pepsi12.jpg","type":"image\/jpeg"}],"twitter_card":"summary_large_image","twitter_misc":{"Timp estimat pentru citire":"1 minut"},"schema":{"@context":"https:\/\/schema.org","@graph":[{"@type":"WebPage","@id":"https:\/\/minifry.app\/product\/pepsi-finom-husito-udito\/","url":"https:\/\/minifry.app\/product\/pepsi-finom-husito-udito\/","name":"Pepsi - minifry.app","isPartOf":{"@id":"https:\/\/minifry.app\/#website"},"primaryImageOfPage":{"@id":"https:\/\/minifry.app\/product\/pepsi-finom-husito-udito\/#primaryimage"},"image":{"@id":"https:\/\/minifry.app\/product\/pepsi-finom-husito-udito\/#primaryimage"},"thumbnailUrl":"https:\/\/minifry.app\/wp-content\/uploads\/2025\/03\/pepsi12.jpg","datePublished":"2025-03-19T16:30:26+00:00","dateModified":"2025-07-30T13:31:02+00:00","description":"Pepsi, friss\u00edt\u0151 ital, ami n\u00e9lk\u00fcl\u00f6zhetetlen egy j\u00f3 burger vagy s\u00fclt krumpli mell\u00e9! Karakteres \u00edze t\u00f6k\u00e9letesen ellens\u00falyozza a gazdag, f\u0171szeres falatok.","breadcrumb":{"@id":"https:\/\/minifry.app\/product\/pepsi-finom-husito-udito\/#breadcrumb"},"inLanguage":"ro-RO","potentialAction":[{"@type":"ReadAction","target":["https:\/\/minifry.app\/product\/pepsi-finom-husito-udito\/"]}]},{"@type":"ImageObject","inLanguage":"ro-RO","@id":"https:\/\/minifry.app\/product\/pepsi-finom-husito-udito\/#primaryimage","url":"https:\/\/minifry.app\/wp-content\/uploads\/2025\/03\/pepsi12.jpg","contentUrl":"https:\/\/minifry.app\/wp-content\/uploads\/2025\/03\/pepsi12.jpg","width":640,"height":453,"caption":"pepsi friss \u00fcd\u00edt\u0151 friss\u00edt\u0151 ital minifry.app"},{"@type":"BreadcrumbList","@id":"https:\/\/minifry.app\/product\/pepsi-finom-husito-udito\/#breadcrumb","itemListElement":[{"@type":"ListItem","position":1,"name":"Kezd\u0151lap","item":"https:\/\/minifry.app\/"},{"@type":"ListItem","position":2,"name":"K\u00edn\u00e1latunk","item":"https:\/\/minifry.app\/shop\/"},{"@type":"ListItem","position":3,"name":"Pepsi"}]},{"@type":"WebSite","@id":"https:\/\/minifry.app\/#website","url":"https:\/\/minifry.app\/","name":"minifry.app","description":"","publisher":{"@id":"https:\/\/minifry.app\/#organization"},"potentialAction":[{"@type":"SearchAction","target":{"@type":"EntryPoint","urlTemplate":"https:\/\/minifry.app\/?s={search_term_string}"},"query-input":{"@type":"PropertyValueSpecification","valueRequired":true,"valueName":"search_term_string"}}],"inLanguage":"ro-RO"},{"@type":"Organization","@id":"https:\/\/minifry.app\/#organization","name":"DBVCORP SRL","url":"https:\/\/minifry.app\/","logo":{"@type":"ImageObject","inLanguage":"ro-RO","@id":"https:\/\/minifry.app\/#\/schema\/logo\/image\/","url":"https:\/\/minifry.app\/wp-content\/uploads\/2025\/03\/cropped-logo-uj-20-x-15-cm-20-x-10-cm-masolata_20250314_103645_0000.png","contentUrl":"https:\/\/minifry.app\/wp-content\/uploads\/2025\/03\/cropped-logo-uj-20-x-15-cm-20-x-10-cm-masolata_20250314_103645_0000.png","width":1992,"height":674,"caption":"DBVCORP SRL"},"image":{"@id":"https:\/\/minifry.app\/#\/schema\/logo\/image\/"}}]}},"_links":{"self":[{"href":"https:\/\/minifry.app\/ro\/wp-json\/wp\/v2\/product\/1436","targetHints":{"allow":["GET"]}}],"collection":[{"href":"https:\/\/minifry.app\/ro\/wp-json\/wp\/v2\/product"}],"about":[{"href":"https:\/\/minifry.app\/ro\/wp-json\/wp\/v2\/types\/product"}],"wp:featuredmedia":[{"embeddable":true,"href":"https:\/\/minifry.app\/ro\/wp-json\/wp\/v2\/media\/1438"}],"wp:attachment":[{"href":"https:\/\/minifry.app\/ro\/wp-json\/wp\/v2\/media?parent=1436"}],"wp:term":[{"taxonomy":"product_brand","embeddable":true,"href":"https:\/\/minifry.app\/ro\/wp-json\/wp\/v2\/product_brand?post=1436"},{"taxonomy":"product_cat","embeddable":true,"href":"https:\/\/minifry.app\/ro\/wp-json\/wp\/v2\/product_cat?post=1436"},{"taxonomy":"product_tag","embeddable":true,"href":"https:\/\/minifry.app\/ro\/wp-json\/wp\/v2\/product_tag?post=1436"}],"curies":[{"name":"wp","href":"https:\/\/api.w.org\/{rel}","templated":true}]}}