{"id":1434,"date":"2025-03-19T18:18:54","date_gmt":"2025-03-19T16:18:54","guid":{"rendered":"https:\/\/minifry.app\/?post_type=product&#038;p=1434"},"modified":"2025-07-30T15:23:02","modified_gmt":"2025-07-30T13:23:02","slug":"fanta-madness-husito-ital","status":"publish","type":"product","link":"https:\/\/minifry.app\/ro\/product\/fanta-madness-husito-ital\/","title":{"rendered":"Fanta Madness"},"content":{"rendered":"<p>Fanta Madness \u2013 o adev\u0103rat\u0103 explozie de gusturi care \u00ee\u021bi anim\u0103 ziua! O combina\u021bie unic\u0103 \u0219i \u00eendr\u0103znea\u021b\u0103 de arome fructate care \u00ee\u021bi r\u0103sfa\u021b\u0103 papilele gustative, cu un efect r\u0103coritor \u0219i revigorant ce te cucere\u0219te instant. Fie c\u0103 este vorba de pr\u00e2nz, cin\u0103 sau doar un moment de relaxare, Fanta Madness \u00ee\u021bi ridic\u0103 mereu buna dispozi\u021bie \u0219i \u00ee\u021bi garanteaz\u0103 prospe\u021bimea!<\/p>\n<p>Urm\u0103torul este <strong>Fanta Orange<\/strong>!<\/p>","protected":false},"excerpt":{"rendered":"<p><strong>Fanta Madness \u2013 o b\u0103utur\u0103 r\u0103coritoare ie\u0219it\u0103 din comun! <\/strong><\/p>\n<p>Gust intens \u0219i fructat, care \u00ee\u021bi explodeaz\u0103 pur \u0219i simplu buna dispozi\u021bie! \u00cencearc\u0103-l dac\u0103 \u00ee\u021bi dore\u0219ti ceva cu adev\u0103rat special!<\/p>","protected":false},"featured_media":1435,"template":"","meta":[],"product_brand":[],"product_cat":[303,114],"product_tag":[281,89,282,253],"class_list":{"0":"post-1434","1":"product","2":"type-product","3":"status-publish","4":"has-post-thumbnail","6":"product_cat-cafele","7":"product_cat-husito-italok-hu","8":"product_tag-fanta-madness","9":"product_tag-finom","10":"product_tag-gyumolcsos","11":"product_tag-udito","13":"first","14":"instock","15":"shipping-taxable","16":"purchasable","17":"product-type-simple"},"yoast_head":"<!-- This site is optimized with the Yoast SEO plugin v24.5 - https:\/\/yoast.com\/wordpress\/plugins\/seo\/ -->\n<title>Fanta Madness - minifry.app<\/title>\n<meta name=\"description\" content=\"Fanta Madness \u2013 \u0151r\u00fcletes \u00edzkavalk\u00e1d egy palackban! A gy\u00fcm\u00f6lcs\u00f6s \u00edzek friss\u00edt\u0151 robban\u00e1sa, ami garant\u00e1ltan feldobja a napodat.\" \/>\n<meta name=\"robots\" content=\"index, follow, max-snippet:-1, max-image-preview:large, max-video-preview:-1\" \/>\n<link rel=\"canonical\" href=\"https:\/\/minifry.app\/ro\/product\/fanta-madness-husito-ital\/\" \/>\n<meta property=\"og:locale\" content=\"ro_RO\" \/>\n<meta property=\"og:type\" content=\"article\" \/>\n<meta property=\"og:title\" content=\"Fanta Madness - minifry.app\" \/>\n<meta property=\"og:description\" content=\"Fanta Madness \u2013 \u0151r\u00fcletes \u00edzkavalk\u00e1d egy palackban! A gy\u00fcm\u00f6lcs\u00f6s \u00edzek friss\u00edt\u0151 robban\u00e1sa, ami garant\u00e1ltan feldobja a napodat.\" \/>\n<meta property=\"og:url\" content=\"https:\/\/minifry.app\/ro\/product\/fanta-madness-husito-ital\/\" \/>\n<meta property=\"og:site_name\" content=\"minifry.app\" \/>\n<meta property=\"article:modified_time\" content=\"2025-07-30T13:23:02+00:00\" \/>\n<meta name=\"twitter:card\" content=\"summary_large_image\" \/>\n<meta name=\"twitter:label1\" content=\"Timp estimat pentru citire\" \/>\n\t<meta name=\"twitter:data1\" content=\"1 minut\" \/>\n<script type=\"application\/ld+json\" class=\"yoast-schema-graph\">{\"@context\":\"https:\/\/schema.org\",\"@graph\":[{\"@type\":\"WebPage\",\"@id\":\"https:\/\/minifry.app\/product\/fanta-madness-husito-ital\/\",\"url\":\"https:\/\/minifry.app\/product\/fanta-madness-husito-ital\/\",\"name\":\"Fanta Madness - minifry.app\",\"isPartOf\":{\"@id\":\"https:\/\/minifry.app\/#website\"},\"primaryImageOfPage\":{\"@id\":\"https:\/\/minifry.app\/product\/fanta-madness-husito-ital\/#primaryimage\"},\"image\":{\"@id\":\"https:\/\/minifry.app\/product\/fanta-madness-husito-ital\/#primaryimage\"},\"thumbnailUrl\":\"https:\/\/minifry.app\/wp-content\/uploads\/2025\/03\/fanta-madness.avif\",\"datePublished\":\"2025-03-19T16:18:54+00:00\",\"dateModified\":\"2025-07-30T13:23:02+00:00\",\"description\":\"Fanta Madness \u2013 \u0151r\u00fcletes \u00edzkavalk\u00e1d egy palackban! A gy\u00fcm\u00f6lcs\u00f6s \u00edzek friss\u00edt\u0151 robban\u00e1sa, ami garant\u00e1ltan feldobja a napodat.\",\"breadcrumb\":{\"@id\":\"https:\/\/minifry.app\/product\/fanta-madness-husito-ital\/#breadcrumb\"},\"inLanguage\":\"ro-RO\",\"potentialAction\":[{\"@type\":\"ReadAction\",\"target\":[\"https:\/\/minifry.app\/product\/fanta-madness-husito-ital\/\"]}]},{\"@type\":\"ImageObject\",\"inLanguage\":\"ro-RO\",\"@id\":\"https:\/\/minifry.app\/product\/fanta-madness-husito-ital\/#primaryimage\",\"url\":\"https:\/\/minifry.app\/wp-content\/uploads\/2025\/03\/fanta-madness.avif\",\"contentUrl\":\"https:\/\/minifry.app\/wp-content\/uploads\/2025\/03\/fanta-madness.avif\",\"width\":260,\"height\":260,\"caption\":\"fanta madness h\u0171s\u00edt\u0151 \u00fcdit\u0151 felfriss\u00edt gyors kaja ut\u00e1n t\u00f6k\u00e9letes minifry.app\"},{\"@type\":\"BreadcrumbList\",\"@id\":\"https:\/\/minifry.app\/product\/fanta-madness-husito-ital\/#breadcrumb\",\"itemListElement\":[{\"@type\":\"ListItem\",\"position\":1,\"name\":\"Kezd\u0151lap\",\"item\":\"https:\/\/minifry.app\/\"},{\"@type\":\"ListItem\",\"position\":2,\"name\":\"K\u00edn\u00e1latunk\",\"item\":\"https:\/\/minifry.app\/shop\/\"},{\"@type\":\"ListItem\",\"position\":3,\"name\":\"Fanta Madness\"}]},{\"@type\":\"WebSite\",\"@id\":\"https:\/\/minifry.app\/#website\",\"url\":\"https:\/\/minifry.app\/\",\"name\":\"minifry.app\",\"description\":\"\",\"publisher\":{\"@id\":\"https:\/\/minifry.app\/#organization\"},\"potentialAction\":[{\"@type\":\"SearchAction\",\"target\":{\"@type\":\"EntryPoint\",\"urlTemplate\":\"https:\/\/minifry.app\/?s={search_term_string}\"},\"query-input\":{\"@type\":\"PropertyValueSpecification\",\"valueRequired\":true,\"valueName\":\"search_term_string\"}}],\"inLanguage\":\"ro-RO\"},{\"@type\":\"Organization\",\"@id\":\"https:\/\/minifry.app\/#organization\",\"name\":\"DBVCORP SRL\",\"url\":\"https:\/\/minifry.app\/\",\"logo\":{\"@type\":\"ImageObject\",\"inLanguage\":\"ro-RO\",\"@id\":\"https:\/\/minifry.app\/#\/schema\/logo\/image\/\",\"url\":\"https:\/\/minifry.app\/wp-content\/uploads\/2025\/03\/cropped-logo-uj-20-x-15-cm-20-x-10-cm-masolata_20250314_103645_0000.png\",\"contentUrl\":\"https:\/\/minifry.app\/wp-content\/uploads\/2025\/03\/cropped-logo-uj-20-x-15-cm-20-x-10-cm-masolata_20250314_103645_0000.png\",\"width\":1992,\"height\":674,\"caption\":\"DBVCORP SRL\"},\"image\":{\"@id\":\"https:\/\/minifry.app\/#\/schema\/logo\/image\/\"}}]}<\/script>\n<!-- \/ Yoast SEO plugin. -->","yoast_head_json":{"title":"Fanta Madness - minifry.app","description":"Fanta Madness \u2013 \u0151r\u00fcletes \u00edzkavalk\u00e1d egy palackban! A gy\u00fcm\u00f6lcs\u00f6s \u00edzek friss\u00edt\u0151 robban\u00e1sa, ami garant\u00e1ltan feldobja a napodat.","robots":{"index":"index","follow":"follow","max-snippet":"max-snippet:-1","max-image-preview":"max-image-preview:large","max-video-preview":"max-video-preview:-1"},"canonical":"https:\/\/minifry.app\/ro\/product\/fanta-madness-husito-ital\/","og_locale":"ro_RO","og_type":"article","og_title":"Fanta Madness - minifry.app","og_description":"Fanta Madness \u2013 \u0151r\u00fcletes \u00edzkavalk\u00e1d egy palackban! A gy\u00fcm\u00f6lcs\u00f6s \u00edzek friss\u00edt\u0151 robban\u00e1sa, ami garant\u00e1ltan feldobja a napodat.","og_url":"https:\/\/minifry.app\/ro\/product\/fanta-madness-husito-ital\/","og_site_name":"minifry.app","article_modified_time":"2025-07-30T13:23:02+00:00","twitter_card":"summary_large_image","twitter_misc":{"Timp estimat pentru citire":"1 minut"},"schema":{"@context":"https:\/\/schema.org","@graph":[{"@type":"WebPage","@id":"https:\/\/minifry.app\/product\/fanta-madness-husito-ital\/","url":"https:\/\/minifry.app\/product\/fanta-madness-husito-ital\/","name":"Fanta Madness - minifry.app","isPartOf":{"@id":"https:\/\/minifry.app\/#website"},"primaryImageOfPage":{"@id":"https:\/\/minifry.app\/product\/fanta-madness-husito-ital\/#primaryimage"},"image":{"@id":"https:\/\/minifry.app\/product\/fanta-madness-husito-ital\/#primaryimage"},"thumbnailUrl":"https:\/\/minifry.app\/wp-content\/uploads\/2025\/03\/fanta-madness.avif","datePublished":"2025-03-19T16:18:54+00:00","dateModified":"2025-07-30T13:23:02+00:00","description":"Fanta Madness \u2013 \u0151r\u00fcletes \u00edzkavalk\u00e1d egy palackban! A gy\u00fcm\u00f6lcs\u00f6s \u00edzek friss\u00edt\u0151 robban\u00e1sa, ami garant\u00e1ltan feldobja a napodat.","breadcrumb":{"@id":"https:\/\/minifry.app\/product\/fanta-madness-husito-ital\/#breadcrumb"},"inLanguage":"ro-RO","potentialAction":[{"@type":"ReadAction","target":["https:\/\/minifry.app\/product\/fanta-madness-husito-ital\/"]}]},{"@type":"ImageObject","inLanguage":"ro-RO","@id":"https:\/\/minifry.app\/product\/fanta-madness-husito-ital\/#primaryimage","url":"https:\/\/minifry.app\/wp-content\/uploads\/2025\/03\/fanta-madness.avif","contentUrl":"https:\/\/minifry.app\/wp-content\/uploads\/2025\/03\/fanta-madness.avif","width":260,"height":260,"caption":"fanta madness h\u0171s\u00edt\u0151 \u00fcdit\u0151 felfriss\u00edt gyors kaja ut\u00e1n t\u00f6k\u00e9letes minifry.app"},{"@type":"BreadcrumbList","@id":"https:\/\/minifry.app\/product\/fanta-madness-husito-ital\/#breadcrumb","itemListElement":[{"@type":"ListItem","position":1,"name":"Kezd\u0151lap","item":"https:\/\/minifry.app\/"},{"@type":"ListItem","position":2,"name":"K\u00edn\u00e1latunk","item":"https:\/\/minifry.app\/shop\/"},{"@type":"ListItem","position":3,"name":"Fanta Madness"}]},{"@type":"WebSite","@id":"https:\/\/minifry.app\/#website","url":"https:\/\/minifry.app\/","name":"minifry.app","description":"","publisher":{"@id":"https:\/\/minifry.app\/#organization"},"potentialAction":[{"@type":"SearchAction","target":{"@type":"EntryPoint","urlTemplate":"https:\/\/minifry.app\/?s={search_term_string}"},"query-input":{"@type":"PropertyValueSpecification","valueRequired":true,"valueName":"search_term_string"}}],"inLanguage":"ro-RO"},{"@type":"Organization","@id":"https:\/\/minifry.app\/#organization","name":"DBVCORP SRL","url":"https:\/\/minifry.app\/","logo":{"@type":"ImageObject","inLanguage":"ro-RO","@id":"https:\/\/minifry.app\/#\/schema\/logo\/image\/","url":"https:\/\/minifry.app\/wp-content\/uploads\/2025\/03\/cropped-logo-uj-20-x-15-cm-20-x-10-cm-masolata_20250314_103645_0000.png","contentUrl":"https:\/\/minifry.app\/wp-content\/uploads\/2025\/03\/cropped-logo-uj-20-x-15-cm-20-x-10-cm-masolata_20250314_103645_0000.png","width":1992,"height":674,"caption":"DBVCORP SRL"},"image":{"@id":"https:\/\/minifry.app\/#\/schema\/logo\/image\/"}}]}},"_links":{"self":[{"href":"https:\/\/minifry.app\/ro\/wp-json\/wp\/v2\/product\/1434","targetHints":{"allow":["GET"]}}],"collection":[{"href":"https:\/\/minifry.app\/ro\/wp-json\/wp\/v2\/product"}],"about":[{"href":"https:\/\/minifry.app\/ro\/wp-json\/wp\/v2\/types\/product"}],"wp:featuredmedia":[{"embeddable":true,"href":"https:\/\/minifry.app\/ro\/wp-json\/wp\/v2\/media\/1435"}],"wp:attachment":[{"href":"https:\/\/minifry.app\/ro\/wp-json\/wp\/v2\/media?parent=1434"}],"wp:term":[{"taxonomy":"product_brand","embeddable":true,"href":"https:\/\/minifry.app\/ro\/wp-json\/wp\/v2\/product_brand?post=1434"},{"taxonomy":"product_cat","embeddable":true,"href":"https:\/\/minifry.app\/ro\/wp-json\/wp\/v2\/product_cat?post=1434"},{"taxonomy":"product_tag","embeddable":true,"href":"https:\/\/minifry.app\/ro\/wp-json\/wp\/v2\/product_tag?post=1434"}],"curies":[{"name":"wp","href":"https:\/\/api.w.org\/{rel}","templated":true}]}}