{"id":1432,"date":"2025-03-19T11:55:57","date_gmt":"2025-03-19T09:55:57","guid":{"rendered":"https:\/\/minifry.app\/?post_type=product&#038;p=1432"},"modified":"2025-07-30T15:23:32","modified_gmt":"2025-07-30T13:23:32","slug":"fanta-orange-husito-udito","status":"publish","type":"product","link":"https:\/\/minifry.app\/ro\/product\/fanta-orange-husito-udito\/","title":{"rendered":"Fanta Orange"},"content":{"rendered":"<p>Fanta Orange \u2013 partenerul perfect \u00een orice moment al zilei! Gustul echilibrat de portocal\u0103, r\u0103coritor \u0219i revigorant. O \u00eenghi\u021bitur\u0103 \u0219i instantaneu te umple de energie! \u201eFanta Orange este alegerea ideal\u0103 al\u0103turi de o mas\u0103, deoarece gustul citric completeaz\u0103 perfect preparatele bogate \u0219i delicioase.<\/p>\n<p>S\u0103 fie urm\u0103torul <strong>Fanta Madness<\/strong>!<\/p>","protected":false},"excerpt":{"rendered":"<p><strong>Fanta Orange \u2013 deliciul de portocal\u0103 care face fiecare \u00eenghi\u021bitur\u0103 \u0219i mai savuroas\u0103! <\/strong><\/p>\n<p>Gust curat de portocal\u0103 \u0219i perfect r\u0103coritor, care te va revigora chiar \u0219i \u00een cele mai fierbin\u021bi zile.<\/p>","protected":false},"featured_media":1433,"template":"","meta":[],"product_brand":[],"product_cat":[114],"product_tag":[279,276,277,278,253],"class_list":{"0":"post-1432","1":"product","2":"type-product","3":"status-publish","4":"has-post-thumbnail","6":"product_cat-husito-italok-hu","7":"product_tag-citrusos","8":"product_tag-fanta","9":"product_tag-fanta-orange","10":"product_tag-hideg","11":"product_tag-udito","13":"first","14":"instock","15":"shipping-taxable","16":"purchasable","17":"product-type-simple"},"yoast_head":"<!-- This site is optimized with the Yoast SEO plugin v24.5 - https:\/\/yoast.com\/wordpress\/plugins\/seo\/ -->\n<title>Fanta Orange - minifry.app<\/title>\n<meta name=\"description\" content=\"Fanta Orange \u2013 a friss\u00edt\u0151 narancs\u00edz, ami feldobja a napot! Friss, \u00fcd\u00edt\u0151en \u00e9des \u00e9s citrusos, egy korty el\u00e9g, hogy garant\u00e1ltan mosolyt csaljon az arcodra!\" \/>\n<meta name=\"robots\" content=\"index, follow, max-snippet:-1, max-image-preview:large, max-video-preview:-1\" \/>\n<link rel=\"canonical\" href=\"https:\/\/minifry.app\/ro\/product\/fanta-orange-husito-udito\/\" \/>\n<meta property=\"og:locale\" content=\"ro_RO\" \/>\n<meta property=\"og:type\" content=\"article\" \/>\n<meta property=\"og:title\" content=\"Fanta Orange - minifry.app\" \/>\n<meta property=\"og:description\" content=\"Fanta Orange \u2013 a friss\u00edt\u0151 narancs\u00edz, ami feldobja a napot! Friss, \u00fcd\u00edt\u0151en \u00e9des \u00e9s citrusos, egy korty el\u00e9g, hogy garant\u00e1ltan mosolyt csaljon az arcodra!\" \/>\n<meta property=\"og:url\" content=\"https:\/\/minifry.app\/ro\/product\/fanta-orange-husito-udito\/\" \/>\n<meta property=\"og:site_name\" content=\"minifry.app\" \/>\n<meta property=\"article:modified_time\" content=\"2025-07-30T13:23:32+00:00\" \/>\n<meta property=\"og:image\" content=\"https:\/\/minifry.app\/wp-content\/uploads\/2025\/03\/fanta-orange.png\" \/>\n\t<meta property=\"og:image:width\" content=\"1024\" \/>\n\t<meta property=\"og:image:height\" content=\"1024\" \/>\n\t<meta property=\"og:image:type\" content=\"image\/png\" \/>\n<meta name=\"twitter:card\" content=\"summary_large_image\" \/>\n<meta name=\"twitter:label1\" content=\"Timp estimat pentru citire\" \/>\n\t<meta name=\"twitter:data1\" content=\"1 minut\" \/>\n<script type=\"application\/ld+json\" class=\"yoast-schema-graph\">{\"@context\":\"https:\/\/schema.org\",\"@graph\":[{\"@type\":\"WebPage\",\"@id\":\"https:\/\/minifry.app\/product\/fanta-orange-husito-udito\/\",\"url\":\"https:\/\/minifry.app\/product\/fanta-orange-husito-udito\/\",\"name\":\"Fanta Orange - minifry.app\",\"isPartOf\":{\"@id\":\"https:\/\/minifry.app\/#website\"},\"primaryImageOfPage\":{\"@id\":\"https:\/\/minifry.app\/product\/fanta-orange-husito-udito\/#primaryimage\"},\"image\":{\"@id\":\"https:\/\/minifry.app\/product\/fanta-orange-husito-udito\/#primaryimage\"},\"thumbnailUrl\":\"https:\/\/minifry.app\/wp-content\/uploads\/2025\/03\/fanta-orange.png\",\"datePublished\":\"2025-03-19T09:55:57+00:00\",\"dateModified\":\"2025-07-30T13:23:32+00:00\",\"description\":\"Fanta Orange \u2013 a friss\u00edt\u0151 narancs\u00edz, ami feldobja a napot! Friss, \u00fcd\u00edt\u0151en \u00e9des \u00e9s citrusos, egy korty el\u00e9g, hogy garant\u00e1ltan mosolyt csaljon az arcodra!\",\"breadcrumb\":{\"@id\":\"https:\/\/minifry.app\/product\/fanta-orange-husito-udito\/#breadcrumb\"},\"inLanguage\":\"ro-RO\",\"potentialAction\":[{\"@type\":\"ReadAction\",\"target\":[\"https:\/\/minifry.app\/product\/fanta-orange-husito-udito\/\"]}]},{\"@type\":\"ImageObject\",\"inLanguage\":\"ro-RO\",\"@id\":\"https:\/\/minifry.app\/product\/fanta-orange-husito-udito\/#primaryimage\",\"url\":\"https:\/\/minifry.app\/wp-content\/uploads\/2025\/03\/fanta-orange.png\",\"contentUrl\":\"https:\/\/minifry.app\/wp-content\/uploads\/2025\/03\/fanta-orange.png\",\"width\":1024,\"height\":1024,\"caption\":\"fanta orange h\u0171s\u00edt\u0151 \u00fcdit\u0151 j\u00f3l esik a ny\u00e1ri melegben minifry.app\"},{\"@type\":\"BreadcrumbList\",\"@id\":\"https:\/\/minifry.app\/product\/fanta-orange-husito-udito\/#breadcrumb\",\"itemListElement\":[{\"@type\":\"ListItem\",\"position\":1,\"name\":\"Kezd\u0151lap\",\"item\":\"https:\/\/minifry.app\/\"},{\"@type\":\"ListItem\",\"position\":2,\"name\":\"K\u00edn\u00e1latunk\",\"item\":\"https:\/\/minifry.app\/shop\/\"},{\"@type\":\"ListItem\",\"position\":3,\"name\":\"Fanta Orange\"}]},{\"@type\":\"WebSite\",\"@id\":\"https:\/\/minifry.app\/#website\",\"url\":\"https:\/\/minifry.app\/\",\"name\":\"minifry.app\",\"description\":\"\",\"publisher\":{\"@id\":\"https:\/\/minifry.app\/#organization\"},\"potentialAction\":[{\"@type\":\"SearchAction\",\"target\":{\"@type\":\"EntryPoint\",\"urlTemplate\":\"https:\/\/minifry.app\/?s={search_term_string}\"},\"query-input\":{\"@type\":\"PropertyValueSpecification\",\"valueRequired\":true,\"valueName\":\"search_term_string\"}}],\"inLanguage\":\"ro-RO\"},{\"@type\":\"Organization\",\"@id\":\"https:\/\/minifry.app\/#organization\",\"name\":\"DBVCORP SRL\",\"url\":\"https:\/\/minifry.app\/\",\"logo\":{\"@type\":\"ImageObject\",\"inLanguage\":\"ro-RO\",\"@id\":\"https:\/\/minifry.app\/#\/schema\/logo\/image\/\",\"url\":\"https:\/\/minifry.app\/wp-content\/uploads\/2025\/03\/cropped-logo-uj-20-x-15-cm-20-x-10-cm-masolata_20250314_103645_0000.png\",\"contentUrl\":\"https:\/\/minifry.app\/wp-content\/uploads\/2025\/03\/cropped-logo-uj-20-x-15-cm-20-x-10-cm-masolata_20250314_103645_0000.png\",\"width\":1992,\"height\":674,\"caption\":\"DBVCORP SRL\"},\"image\":{\"@id\":\"https:\/\/minifry.app\/#\/schema\/logo\/image\/\"}}]}<\/script>\n<!-- \/ Yoast SEO plugin. -->","yoast_head_json":{"title":"Fanta Orange - minifry.app","description":"Fanta Orange \u2013 a friss\u00edt\u0151 narancs\u00edz, ami feldobja a napot! Friss, \u00fcd\u00edt\u0151en \u00e9des \u00e9s citrusos, egy korty el\u00e9g, hogy garant\u00e1ltan mosolyt csaljon az arcodra!","robots":{"index":"index","follow":"follow","max-snippet":"max-snippet:-1","max-image-preview":"max-image-preview:large","max-video-preview":"max-video-preview:-1"},"canonical":"https:\/\/minifry.app\/ro\/product\/fanta-orange-husito-udito\/","og_locale":"ro_RO","og_type":"article","og_title":"Fanta Orange - minifry.app","og_description":"Fanta Orange \u2013 a friss\u00edt\u0151 narancs\u00edz, ami feldobja a napot! Friss, \u00fcd\u00edt\u0151en \u00e9des \u00e9s citrusos, egy korty el\u00e9g, hogy garant\u00e1ltan mosolyt csaljon az arcodra!","og_url":"https:\/\/minifry.app\/ro\/product\/fanta-orange-husito-udito\/","og_site_name":"minifry.app","article_modified_time":"2025-07-30T13:23:32+00:00","og_image":[{"width":1024,"height":1024,"url":"https:\/\/minifry.app\/wp-content\/uploads\/2025\/03\/fanta-orange.png","type":"image\/png"}],"twitter_card":"summary_large_image","twitter_misc":{"Timp estimat pentru citire":"1 minut"},"schema":{"@context":"https:\/\/schema.org","@graph":[{"@type":"WebPage","@id":"https:\/\/minifry.app\/product\/fanta-orange-husito-udito\/","url":"https:\/\/minifry.app\/product\/fanta-orange-husito-udito\/","name":"Fanta Orange - minifry.app","isPartOf":{"@id":"https:\/\/minifry.app\/#website"},"primaryImageOfPage":{"@id":"https:\/\/minifry.app\/product\/fanta-orange-husito-udito\/#primaryimage"},"image":{"@id":"https:\/\/minifry.app\/product\/fanta-orange-husito-udito\/#primaryimage"},"thumbnailUrl":"https:\/\/minifry.app\/wp-content\/uploads\/2025\/03\/fanta-orange.png","datePublished":"2025-03-19T09:55:57+00:00","dateModified":"2025-07-30T13:23:32+00:00","description":"Fanta Orange \u2013 a friss\u00edt\u0151 narancs\u00edz, ami feldobja a napot! Friss, \u00fcd\u00edt\u0151en \u00e9des \u00e9s citrusos, egy korty el\u00e9g, hogy garant\u00e1ltan mosolyt csaljon az arcodra!","breadcrumb":{"@id":"https:\/\/minifry.app\/product\/fanta-orange-husito-udito\/#breadcrumb"},"inLanguage":"ro-RO","potentialAction":[{"@type":"ReadAction","target":["https:\/\/minifry.app\/product\/fanta-orange-husito-udito\/"]}]},{"@type":"ImageObject","inLanguage":"ro-RO","@id":"https:\/\/minifry.app\/product\/fanta-orange-husito-udito\/#primaryimage","url":"https:\/\/minifry.app\/wp-content\/uploads\/2025\/03\/fanta-orange.png","contentUrl":"https:\/\/minifry.app\/wp-content\/uploads\/2025\/03\/fanta-orange.png","width":1024,"height":1024,"caption":"fanta orange h\u0171s\u00edt\u0151 \u00fcdit\u0151 j\u00f3l esik a ny\u00e1ri melegben minifry.app"},{"@type":"BreadcrumbList","@id":"https:\/\/minifry.app\/product\/fanta-orange-husito-udito\/#breadcrumb","itemListElement":[{"@type":"ListItem","position":1,"name":"Kezd\u0151lap","item":"https:\/\/minifry.app\/"},{"@type":"ListItem","position":2,"name":"K\u00edn\u00e1latunk","item":"https:\/\/minifry.app\/shop\/"},{"@type":"ListItem","position":3,"name":"Fanta Orange"}]},{"@type":"WebSite","@id":"https:\/\/minifry.app\/#website","url":"https:\/\/minifry.app\/","name":"minifry.app","description":"","publisher":{"@id":"https:\/\/minifry.app\/#organization"},"potentialAction":[{"@type":"SearchAction","target":{"@type":"EntryPoint","urlTemplate":"https:\/\/minifry.app\/?s={search_term_string}"},"query-input":{"@type":"PropertyValueSpecification","valueRequired":true,"valueName":"search_term_string"}}],"inLanguage":"ro-RO"},{"@type":"Organization","@id":"https:\/\/minifry.app\/#organization","name":"DBVCORP SRL","url":"https:\/\/minifry.app\/","logo":{"@type":"ImageObject","inLanguage":"ro-RO","@id":"https:\/\/minifry.app\/#\/schema\/logo\/image\/","url":"https:\/\/minifry.app\/wp-content\/uploads\/2025\/03\/cropped-logo-uj-20-x-15-cm-20-x-10-cm-masolata_20250314_103645_0000.png","contentUrl":"https:\/\/minifry.app\/wp-content\/uploads\/2025\/03\/cropped-logo-uj-20-x-15-cm-20-x-10-cm-masolata_20250314_103645_0000.png","width":1992,"height":674,"caption":"DBVCORP SRL"},"image":{"@id":"https:\/\/minifry.app\/#\/schema\/logo\/image\/"}}]}},"_links":{"self":[{"href":"https:\/\/minifry.app\/ro\/wp-json\/wp\/v2\/product\/1432","targetHints":{"allow":["GET"]}}],"collection":[{"href":"https:\/\/minifry.app\/ro\/wp-json\/wp\/v2\/product"}],"about":[{"href":"https:\/\/minifry.app\/ro\/wp-json\/wp\/v2\/types\/product"}],"wp:featuredmedia":[{"embeddable":true,"href":"https:\/\/minifry.app\/ro\/wp-json\/wp\/v2\/media\/1433"}],"wp:attachment":[{"href":"https:\/\/minifry.app\/ro\/wp-json\/wp\/v2\/media?parent=1432"}],"wp:term":[{"taxonomy":"product_brand","embeddable":true,"href":"https:\/\/minifry.app\/ro\/wp-json\/wp\/v2\/product_brand?post=1432"},{"taxonomy":"product_cat","embeddable":true,"href":"https:\/\/minifry.app\/ro\/wp-json\/wp\/v2\/product_cat?post=1432"},{"taxonomy":"product_tag","embeddable":true,"href":"https:\/\/minifry.app\/ro\/wp-json\/wp\/v2\/product_tag?post=1432"}],"curies":[{"name":"wp","href":"https:\/\/api.w.org\/{rel}","templated":true}]}}