{"id":1430,"date":"2025-03-19T11:40:27","date_gmt":"2025-03-19T09:40:27","guid":{"rendered":"https:\/\/minifry.app\/?post_type=product&#038;p=1430"},"modified":"2025-07-30T15:12:43","modified_gmt":"2025-07-30T13:12:43","slug":"hamburger-pack-sultburgonya-udito","status":"publish","type":"product","link":"https:\/\/minifry.app\/ro\/product\/hamburger-pack-sultburgonya-udito\/","title":{"rendered":"Hamburger Pack"},"content":{"rendered":"<p>Alege Pachetul Hamburger dac\u0103 \u00ee\u021bi dore\u0219ti un meniu complet \u0219i gustos! Chifl\u0103 crocant\u0103, carne suculent\u0103, legume proaspete, al\u0103turi de cartofi pr\u0103ji\u021bi fierbin\u021bi \u0219i o b\u0103utur\u0103 r\u0103coritoare. O alegere perfect\u0103 dac\u0103 vrei s\u0103 te saturi cu adev\u0103rat!<\/p>\n<p class=\"translation-block\">Cum \u00ee\u021bi place Shaorma Pack?<\/p>","protected":false},"excerpt":{"rendered":"<p><strong>Pachet Hamburger \u2013 s\u0103\u021bios, rapid \u0219i irezistibil! <\/strong><\/p>\n<p>Un hamburger suculent, cartofi pr\u0103ji\u021bi proaspe\u021bi \u0219i o b\u0103utur\u0103 rece \u2013 trio-ul perfect care \u00ee\u021bi va \u00eenveseli ziua, chiar \u0219i din mers.<\/p>","protected":false},"featured_media":1431,"template":"","meta":[],"product_brand":[],"product_cat":[38,221],"product_tag":[89,84,148,127,275,272,250],"class_list":{"0":"post-1430","1":"product","2":"type-product","3":"status-publish","4":"has-post-thumbnail","6":"product_cat-gyors-etelek-hu","7":"product_cat-menu-hu","8":"product_tag-finom","9":"product_tag-friss","10":"product_tag-gyors-etel","11":"product_tag-hamburger","12":"product_tag-hamburger-pack","13":"product_tag-laktato","14":"product_tag-menu","16":"first","17":"instock","18":"featured","19":"shipping-taxable","20":"purchasable","21":"product-type-simple"},"yoast_head":"<!-- This site is optimized with the Yoast SEO plugin v24.5 - https:\/\/yoast.com\/wordpress\/plugins\/seo\/ -->\n<title>Hamburger Pack - minifry.app<\/title>\n<meta name=\"description\" content=\"A Hamburger Pack a t\u00f6k\u00e9letes v\u00e1laszt\u00e1s, ha egy komplett \u00e9lm\u00e9nyre v\u00e1gysz! Minden egy csomagban, ami j\u00f3llakat \u00e9s feldob! K\u00e9nyeztet\u00e9s minden falatban!\" \/>\n<meta name=\"robots\" content=\"index, follow, max-snippet:-1, max-image-preview:large, max-video-preview:-1\" \/>\n<link rel=\"canonical\" href=\"https:\/\/minifry.app\/ro\/product\/hamburger-pack-sultburgonya-udito\/\" \/>\n<meta property=\"og:locale\" content=\"ro_RO\" \/>\n<meta property=\"og:type\" content=\"article\" \/>\n<meta property=\"og:title\" content=\"Hamburger Pack - minifry.app\" \/>\n<meta property=\"og:description\" content=\"A Hamburger Pack a t\u00f6k\u00e9letes v\u00e1laszt\u00e1s, ha egy komplett \u00e9lm\u00e9nyre v\u00e1gysz! Minden egy csomagban, ami j\u00f3llakat \u00e9s feldob! K\u00e9nyeztet\u00e9s minden falatban!\" \/>\n<meta property=\"og:url\" content=\"https:\/\/minifry.app\/ro\/product\/hamburger-pack-sultburgonya-udito\/\" \/>\n<meta property=\"og:site_name\" content=\"minifry.app\" \/>\n<meta property=\"article:modified_time\" content=\"2025-07-30T13:12:43+00:00\" \/>\n<meta property=\"og:image\" content=\"https:\/\/minifry.app\/wp-content\/uploads\/2025\/03\/Hamburger-Menu-21-x-21-cm-1024x1024.png\" \/>\n\t<meta property=\"og:image:width\" content=\"1024\" \/>\n\t<meta property=\"og:image:height\" content=\"1024\" \/>\n\t<meta property=\"og:image:type\" content=\"image\/png\" \/>\n<meta name=\"twitter:card\" content=\"summary_large_image\" \/>\n<meta name=\"twitter:label1\" content=\"Timp estimat pentru citire\" \/>\n\t<meta name=\"twitter:data1\" content=\"1 minut\" \/>\n<script type=\"application\/ld+json\" class=\"yoast-schema-graph\">{\"@context\":\"https:\/\/schema.org\",\"@graph\":[{\"@type\":\"WebPage\",\"@id\":\"https:\/\/minifry.app\/product\/hamburger-pack-sultburgonya-udito\/\",\"url\":\"https:\/\/minifry.app\/product\/hamburger-pack-sultburgonya-udito\/\",\"name\":\"Hamburger Pack - minifry.app\",\"isPartOf\":{\"@id\":\"https:\/\/minifry.app\/#website\"},\"primaryImageOfPage\":{\"@id\":\"https:\/\/minifry.app\/product\/hamburger-pack-sultburgonya-udito\/#primaryimage\"},\"image\":{\"@id\":\"https:\/\/minifry.app\/product\/hamburger-pack-sultburgonya-udito\/#primaryimage\"},\"thumbnailUrl\":\"https:\/\/minifry.app\/wp-content\/uploads\/2025\/03\/Hamburger-Menu-21-x-21-cm.png\",\"datePublished\":\"2025-03-19T09:40:27+00:00\",\"dateModified\":\"2025-07-30T13:12:43+00:00\",\"description\":\"A Hamburger Pack a t\u00f6k\u00e9letes v\u00e1laszt\u00e1s, ha egy komplett \u00e9lm\u00e9nyre v\u00e1gysz! Minden egy csomagban, ami j\u00f3llakat \u00e9s feldob! K\u00e9nyeztet\u00e9s minden falatban!\",\"breadcrumb\":{\"@id\":\"https:\/\/minifry.app\/product\/hamburger-pack-sultburgonya-udito\/#breadcrumb\"},\"inLanguage\":\"ro-RO\",\"potentialAction\":[{\"@type\":\"ReadAction\",\"target\":[\"https:\/\/minifry.app\/product\/hamburger-pack-sultburgonya-udito\/\"]}]},{\"@type\":\"ImageObject\",\"inLanguage\":\"ro-RO\",\"@id\":\"https:\/\/minifry.app\/product\/hamburger-pack-sultburgonya-udito\/#primaryimage\",\"url\":\"https:\/\/minifry.app\/wp-content\/uploads\/2025\/03\/Hamburger-Menu-21-x-21-cm.png\",\"contentUrl\":\"https:\/\/minifry.app\/wp-content\/uploads\/2025\/03\/Hamburger-Menu-21-x-21-cm.png\",\"width\":2000,\"height\":2000,\"caption\":\"hamburger pack men\u00fc finom friss laktat\u00f3 minifry.app\"},{\"@type\":\"BreadcrumbList\",\"@id\":\"https:\/\/minifry.app\/product\/hamburger-pack-sultburgonya-udito\/#breadcrumb\",\"itemListElement\":[{\"@type\":\"ListItem\",\"position\":1,\"name\":\"Kezd\u0151lap\",\"item\":\"https:\/\/minifry.app\/\"},{\"@type\":\"ListItem\",\"position\":2,\"name\":\"K\u00edn\u00e1latunk\",\"item\":\"https:\/\/minifry.app\/shop\/\"},{\"@type\":\"ListItem\",\"position\":3,\"name\":\"Hamburger Pack\"}]},{\"@type\":\"WebSite\",\"@id\":\"https:\/\/minifry.app\/#website\",\"url\":\"https:\/\/minifry.app\/\",\"name\":\"minifry.app\",\"description\":\"\",\"publisher\":{\"@id\":\"https:\/\/minifry.app\/#organization\"},\"potentialAction\":[{\"@type\":\"SearchAction\",\"target\":{\"@type\":\"EntryPoint\",\"urlTemplate\":\"https:\/\/minifry.app\/?s={search_term_string}\"},\"query-input\":{\"@type\":\"PropertyValueSpecification\",\"valueRequired\":true,\"valueName\":\"search_term_string\"}}],\"inLanguage\":\"ro-RO\"},{\"@type\":\"Organization\",\"@id\":\"https:\/\/minifry.app\/#organization\",\"name\":\"DBVCORP SRL\",\"url\":\"https:\/\/minifry.app\/\",\"logo\":{\"@type\":\"ImageObject\",\"inLanguage\":\"ro-RO\",\"@id\":\"https:\/\/minifry.app\/#\/schema\/logo\/image\/\",\"url\":\"https:\/\/minifry.app\/wp-content\/uploads\/2025\/03\/cropped-logo-uj-20-x-15-cm-20-x-10-cm-masolata_20250314_103645_0000.png\",\"contentUrl\":\"https:\/\/minifry.app\/wp-content\/uploads\/2025\/03\/cropped-logo-uj-20-x-15-cm-20-x-10-cm-masolata_20250314_103645_0000.png\",\"width\":1992,\"height\":674,\"caption\":\"DBVCORP SRL\"},\"image\":{\"@id\":\"https:\/\/minifry.app\/#\/schema\/logo\/image\/\"}}]}<\/script>\n<!-- \/ Yoast SEO plugin. -->","yoast_head_json":{"title":"Hamburger Pack - minifry.app","description":"A Hamburger Pack a t\u00f6k\u00e9letes v\u00e1laszt\u00e1s, ha egy komplett \u00e9lm\u00e9nyre v\u00e1gysz! Minden egy csomagban, ami j\u00f3llakat \u00e9s feldob! K\u00e9nyeztet\u00e9s minden falatban!","robots":{"index":"index","follow":"follow","max-snippet":"max-snippet:-1","max-image-preview":"max-image-preview:large","max-video-preview":"max-video-preview:-1"},"canonical":"https:\/\/minifry.app\/ro\/product\/hamburger-pack-sultburgonya-udito\/","og_locale":"ro_RO","og_type":"article","og_title":"Hamburger Pack - minifry.app","og_description":"A Hamburger Pack a t\u00f6k\u00e9letes v\u00e1laszt\u00e1s, ha egy komplett \u00e9lm\u00e9nyre v\u00e1gysz! Minden egy csomagban, ami j\u00f3llakat \u00e9s feldob! K\u00e9nyeztet\u00e9s minden falatban!","og_url":"https:\/\/minifry.app\/ro\/product\/hamburger-pack-sultburgonya-udito\/","og_site_name":"minifry.app","article_modified_time":"2025-07-30T13:12:43+00:00","og_image":[{"width":1024,"height":1024,"url":"https:\/\/minifry.app\/wp-content\/uploads\/2025\/03\/Hamburger-Menu-21-x-21-cm-1024x1024.png","type":"image\/png"}],"twitter_card":"summary_large_image","twitter_misc":{"Timp estimat pentru citire":"1 minut"},"schema":{"@context":"https:\/\/schema.org","@graph":[{"@type":"WebPage","@id":"https:\/\/minifry.app\/product\/hamburger-pack-sultburgonya-udito\/","url":"https:\/\/minifry.app\/product\/hamburger-pack-sultburgonya-udito\/","name":"Hamburger Pack - minifry.app","isPartOf":{"@id":"https:\/\/minifry.app\/#website"},"primaryImageOfPage":{"@id":"https:\/\/minifry.app\/product\/hamburger-pack-sultburgonya-udito\/#primaryimage"},"image":{"@id":"https:\/\/minifry.app\/product\/hamburger-pack-sultburgonya-udito\/#primaryimage"},"thumbnailUrl":"https:\/\/minifry.app\/wp-content\/uploads\/2025\/03\/Hamburger-Menu-21-x-21-cm.png","datePublished":"2025-03-19T09:40:27+00:00","dateModified":"2025-07-30T13:12:43+00:00","description":"A Hamburger Pack a t\u00f6k\u00e9letes v\u00e1laszt\u00e1s, ha egy komplett \u00e9lm\u00e9nyre v\u00e1gysz! Minden egy csomagban, ami j\u00f3llakat \u00e9s feldob! K\u00e9nyeztet\u00e9s minden falatban!","breadcrumb":{"@id":"https:\/\/minifry.app\/product\/hamburger-pack-sultburgonya-udito\/#breadcrumb"},"inLanguage":"ro-RO","potentialAction":[{"@type":"ReadAction","target":["https:\/\/minifry.app\/product\/hamburger-pack-sultburgonya-udito\/"]}]},{"@type":"ImageObject","inLanguage":"ro-RO","@id":"https:\/\/minifry.app\/product\/hamburger-pack-sultburgonya-udito\/#primaryimage","url":"https:\/\/minifry.app\/wp-content\/uploads\/2025\/03\/Hamburger-Menu-21-x-21-cm.png","contentUrl":"https:\/\/minifry.app\/wp-content\/uploads\/2025\/03\/Hamburger-Menu-21-x-21-cm.png","width":2000,"height":2000,"caption":"hamburger pack men\u00fc finom friss laktat\u00f3 minifry.app"},{"@type":"BreadcrumbList","@id":"https:\/\/minifry.app\/product\/hamburger-pack-sultburgonya-udito\/#breadcrumb","itemListElement":[{"@type":"ListItem","position":1,"name":"Kezd\u0151lap","item":"https:\/\/minifry.app\/"},{"@type":"ListItem","position":2,"name":"K\u00edn\u00e1latunk","item":"https:\/\/minifry.app\/shop\/"},{"@type":"ListItem","position":3,"name":"Hamburger Pack"}]},{"@type":"WebSite","@id":"https:\/\/minifry.app\/#website","url":"https:\/\/minifry.app\/","name":"minifry.app","description":"","publisher":{"@id":"https:\/\/minifry.app\/#organization"},"potentialAction":[{"@type":"SearchAction","target":{"@type":"EntryPoint","urlTemplate":"https:\/\/minifry.app\/?s={search_term_string}"},"query-input":{"@type":"PropertyValueSpecification","valueRequired":true,"valueName":"search_term_string"}}],"inLanguage":"ro-RO"},{"@type":"Organization","@id":"https:\/\/minifry.app\/#organization","name":"DBVCORP SRL","url":"https:\/\/minifry.app\/","logo":{"@type":"ImageObject","inLanguage":"ro-RO","@id":"https:\/\/minifry.app\/#\/schema\/logo\/image\/","url":"https:\/\/minifry.app\/wp-content\/uploads\/2025\/03\/cropped-logo-uj-20-x-15-cm-20-x-10-cm-masolata_20250314_103645_0000.png","contentUrl":"https:\/\/minifry.app\/wp-content\/uploads\/2025\/03\/cropped-logo-uj-20-x-15-cm-20-x-10-cm-masolata_20250314_103645_0000.png","width":1992,"height":674,"caption":"DBVCORP SRL"},"image":{"@id":"https:\/\/minifry.app\/#\/schema\/logo\/image\/"}}]}},"_links":{"self":[{"href":"https:\/\/minifry.app\/ro\/wp-json\/wp\/v2\/product\/1430","targetHints":{"allow":["GET"]}}],"collection":[{"href":"https:\/\/minifry.app\/ro\/wp-json\/wp\/v2\/product"}],"about":[{"href":"https:\/\/minifry.app\/ro\/wp-json\/wp\/v2\/types\/product"}],"wp:featuredmedia":[{"embeddable":true,"href":"https:\/\/minifry.app\/ro\/wp-json\/wp\/v2\/media\/1431"}],"wp:attachment":[{"href":"https:\/\/minifry.app\/ro\/wp-json\/wp\/v2\/media?parent=1430"}],"wp:term":[{"taxonomy":"product_brand","embeddable":true,"href":"https:\/\/minifry.app\/ro\/wp-json\/wp\/v2\/product_brand?post=1430"},{"taxonomy":"product_cat","embeddable":true,"href":"https:\/\/minifry.app\/ro\/wp-json\/wp\/v2\/product_cat?post=1430"},{"taxonomy":"product_tag","embeddable":true,"href":"https:\/\/minifry.app\/ro\/wp-json\/wp\/v2\/product_tag?post=1430"}],"curies":[{"name":"wp","href":"https:\/\/api.w.org\/{rel}","templated":true}]}}