{"id":1428,"date":"2025-03-19T11:30:14","date_gmt":"2025-03-19T09:30:14","guid":{"rendered":"https:\/\/minifry.app\/?post_type=product&#038;p=1428"},"modified":"2025-07-30T15:14:08","modified_gmt":"2025-07-30T13:14:08","slug":"doner-pack-sultburgonya-udito","status":"publish","type":"product","link":"https:\/\/minifry.app\/ro\/product\/doner-pack-sultburgonya-udito\/","title":{"rendered":"Doner Pack"},"content":{"rendered":"<p>Pachetul Doner \u2013 c\u00e2nd \u00ee\u021bi dore\u0219ti o mas\u0103 complet\u0103 \u0219i s\u0103\u021bioas\u0103! D\u00f6ner Kebab proasp\u0103t preparat, cartofi pr\u0103ji\u021bi delicio\u0219i \u0219i o b\u0103utur\u0103 rece, care completeaz\u0103 perfect gustul fiec\u0103rei \u00eembuc\u0103turi. Tot ce \u00ee\u021bi place, \u00eentr-un singur pachet! Garantat nu vei r\u0103m\u00e2ne fl\u0103m\u00e2nd!<\/p>\n<p>\u00cencearc\u0103 \u0219i <strong>Hamburger Pack<\/strong>-ul!<\/p>","protected":false},"excerpt":{"rendered":"<p><strong>Doner Pack \u2013 c\u00e2nd \u00ee\u021bi dore\u0219ti o mas\u0103 complet\u0103 \u0219i s\u0103\u021bioas\u0103! <\/strong><\/p>\n<p>Doner Kebab proasp\u0103t preparat, cartofi pr\u0103ji\u021bi delicio\u0219i \u0219i o b\u0103utur\u0103 rece, care completeaz\u0103 perfect gustul fiec\u0103rei \u00eembuc\u0103turi. Tot ce \u00ee\u021bi place, \u00eentr-un singur pachet!<\/p>","protected":false},"featured_media":1429,"template":"","meta":[],"product_brand":[],"product_cat":[38,221],"product_tag":[87,273,89,84,250,236,253],"class_list":{"0":"post-1428","1":"product","2":"type-product","3":"status-publish","4":"has-post-thumbnail","6":"product_cat-gyors-etelek-hu","7":"product_cat-menu-hu","8":"product_tag-doner","9":"product_tag-doner-pack","10":"product_tag-finom","11":"product_tag-friss","12":"product_tag-menu","13":"product_tag-sult","14":"product_tag-udito","16":"first","17":"instock","18":"featured","19":"shipping-taxable","20":"purchasable","21":"product-type-simple"},"yoast_head":"<!-- This site is optimized with the Yoast SEO plugin v24.5 - https:\/\/yoast.com\/wordpress\/plugins\/seo\/ -->\n<title>D\u00f6ner Pack - minifry.app<\/title>\n<meta name=\"description\" content=\"Ez a D\u00f6ner Pack nem hagy \u00e9hesen! Szaftos, \u00edzletes D\u00f6ner Kebab, roppan\u00f3s s\u00fclt burgony\u00e1val \u00e9s egy h\u0171s \u00fcd\u00edt\u0151vel p\u00e1ros\u00edtva \u2013 t\u00f6k\u00e9letes v\u00e1laszt\u00e1s!\" \/>\n<meta name=\"robots\" content=\"index, follow, max-snippet:-1, max-image-preview:large, max-video-preview:-1\" \/>\n<link rel=\"canonical\" href=\"https:\/\/minifry.app\/ro\/product\/doner-pack-sultburgonya-udito\/\" \/>\n<meta property=\"og:locale\" content=\"ro_RO\" \/>\n<meta property=\"og:type\" content=\"article\" \/>\n<meta property=\"og:title\" content=\"D\u00f6ner Pack - minifry.app\" \/>\n<meta property=\"og:description\" content=\"Ez a D\u00f6ner Pack nem hagy \u00e9hesen! Szaftos, \u00edzletes D\u00f6ner Kebab, roppan\u00f3s s\u00fclt burgony\u00e1val \u00e9s egy h\u0171s \u00fcd\u00edt\u0151vel p\u00e1ros\u00edtva \u2013 t\u00f6k\u00e9letes v\u00e1laszt\u00e1s!\" \/>\n<meta property=\"og:url\" content=\"https:\/\/minifry.app\/ro\/product\/doner-pack-sultburgonya-udito\/\" \/>\n<meta property=\"og:site_name\" content=\"minifry.app\" \/>\n<meta property=\"article:modified_time\" content=\"2025-07-30T13:14:08+00:00\" \/>\n<meta property=\"og:image\" content=\"https:\/\/minifry.app\/wp-content\/uploads\/2025\/03\/Doner-pack-21-x-21-cm-1024x1024.png\" \/>\n\t<meta property=\"og:image:width\" content=\"1024\" \/>\n\t<meta property=\"og:image:height\" content=\"1024\" \/>\n\t<meta property=\"og:image:type\" content=\"image\/png\" \/>\n<meta name=\"twitter:card\" content=\"summary_large_image\" \/>\n<meta name=\"twitter:label1\" content=\"Timp estimat pentru citire\" \/>\n\t<meta name=\"twitter:data1\" content=\"1 minut\" \/>\n<script type=\"application\/ld+json\" class=\"yoast-schema-graph\">{\"@context\":\"https:\/\/schema.org\",\"@graph\":[{\"@type\":\"WebPage\",\"@id\":\"https:\/\/minifry.app\/product\/doner-pack-sultburgonya-udito\/\",\"url\":\"https:\/\/minifry.app\/product\/doner-pack-sultburgonya-udito\/\",\"name\":\"D\u00f6ner Pack - minifry.app\",\"isPartOf\":{\"@id\":\"https:\/\/minifry.app\/#website\"},\"primaryImageOfPage\":{\"@id\":\"https:\/\/minifry.app\/product\/doner-pack-sultburgonya-udito\/#primaryimage\"},\"image\":{\"@id\":\"https:\/\/minifry.app\/product\/doner-pack-sultburgonya-udito\/#primaryimage\"},\"thumbnailUrl\":\"https:\/\/minifry.app\/wp-content\/uploads\/2025\/03\/Doner-pack-21-x-21-cm.png\",\"datePublished\":\"2025-03-19T09:30:14+00:00\",\"dateModified\":\"2025-07-30T13:14:08+00:00\",\"description\":\"Ez a D\u00f6ner Pack nem hagy \u00e9hesen! Szaftos, \u00edzletes D\u00f6ner Kebab, roppan\u00f3s s\u00fclt burgony\u00e1val \u00e9s egy h\u0171s \u00fcd\u00edt\u0151vel p\u00e1ros\u00edtva \u2013 t\u00f6k\u00e9letes v\u00e1laszt\u00e1s!\",\"breadcrumb\":{\"@id\":\"https:\/\/minifry.app\/product\/doner-pack-sultburgonya-udito\/#breadcrumb\"},\"inLanguage\":\"ro-RO\",\"potentialAction\":[{\"@type\":\"ReadAction\",\"target\":[\"https:\/\/minifry.app\/product\/doner-pack-sultburgonya-udito\/\"]}]},{\"@type\":\"ImageObject\",\"inLanguage\":\"ro-RO\",\"@id\":\"https:\/\/minifry.app\/product\/doner-pack-sultburgonya-udito\/#primaryimage\",\"url\":\"https:\/\/minifry.app\/wp-content\/uploads\/2025\/03\/Doner-pack-21-x-21-cm.png\",\"contentUrl\":\"https:\/\/minifry.app\/wp-content\/uploads\/2025\/03\/Doner-pack-21-x-21-cm.png\",\"width\":2000,\"height\":2000,\"caption\":\"d\u00f6ner pack d\u00f6ner kebab finom laktat\u00f3 men\u00fc friss szaftos ropog\u00f3s minifry.app\"},{\"@type\":\"BreadcrumbList\",\"@id\":\"https:\/\/minifry.app\/product\/doner-pack-sultburgonya-udito\/#breadcrumb\",\"itemListElement\":[{\"@type\":\"ListItem\",\"position\":1,\"name\":\"Kezd\u0151lap\",\"item\":\"https:\/\/minifry.app\/\"},{\"@type\":\"ListItem\",\"position\":2,\"name\":\"K\u00edn\u00e1latunk\",\"item\":\"https:\/\/minifry.app\/shop\/\"},{\"@type\":\"ListItem\",\"position\":3,\"name\":\"D\u00f6ner Pack\"}]},{\"@type\":\"WebSite\",\"@id\":\"https:\/\/minifry.app\/#website\",\"url\":\"https:\/\/minifry.app\/\",\"name\":\"minifry.app\",\"description\":\"\",\"publisher\":{\"@id\":\"https:\/\/minifry.app\/#organization\"},\"potentialAction\":[{\"@type\":\"SearchAction\",\"target\":{\"@type\":\"EntryPoint\",\"urlTemplate\":\"https:\/\/minifry.app\/?s={search_term_string}\"},\"query-input\":{\"@type\":\"PropertyValueSpecification\",\"valueRequired\":true,\"valueName\":\"search_term_string\"}}],\"inLanguage\":\"ro-RO\"},{\"@type\":\"Organization\",\"@id\":\"https:\/\/minifry.app\/#organization\",\"name\":\"DBVCORP SRL\",\"url\":\"https:\/\/minifry.app\/\",\"logo\":{\"@type\":\"ImageObject\",\"inLanguage\":\"ro-RO\",\"@id\":\"https:\/\/minifry.app\/#\/schema\/logo\/image\/\",\"url\":\"https:\/\/minifry.app\/wp-content\/uploads\/2025\/03\/cropped-logo-uj-20-x-15-cm-20-x-10-cm-masolata_20250314_103645_0000.png\",\"contentUrl\":\"https:\/\/minifry.app\/wp-content\/uploads\/2025\/03\/cropped-logo-uj-20-x-15-cm-20-x-10-cm-masolata_20250314_103645_0000.png\",\"width\":1992,\"height\":674,\"caption\":\"DBVCORP SRL\"},\"image\":{\"@id\":\"https:\/\/minifry.app\/#\/schema\/logo\/image\/\"}}]}<\/script>\n<!-- \/ Yoast SEO plugin. -->","yoast_head_json":{"title":"D\u00f6ner Pack - minifry.app","description":"Ez a D\u00f6ner Pack nem hagy \u00e9hesen! Szaftos, \u00edzletes D\u00f6ner Kebab, roppan\u00f3s s\u00fclt burgony\u00e1val \u00e9s egy h\u0171s \u00fcd\u00edt\u0151vel p\u00e1ros\u00edtva \u2013 t\u00f6k\u00e9letes v\u00e1laszt\u00e1s!","robots":{"index":"index","follow":"follow","max-snippet":"max-snippet:-1","max-image-preview":"max-image-preview:large","max-video-preview":"max-video-preview:-1"},"canonical":"https:\/\/minifry.app\/ro\/product\/doner-pack-sultburgonya-udito\/","og_locale":"ro_RO","og_type":"article","og_title":"D\u00f6ner Pack - minifry.app","og_description":"Ez a D\u00f6ner Pack nem hagy \u00e9hesen! Szaftos, \u00edzletes D\u00f6ner Kebab, roppan\u00f3s s\u00fclt burgony\u00e1val \u00e9s egy h\u0171s \u00fcd\u00edt\u0151vel p\u00e1ros\u00edtva \u2013 t\u00f6k\u00e9letes v\u00e1laszt\u00e1s!","og_url":"https:\/\/minifry.app\/ro\/product\/doner-pack-sultburgonya-udito\/","og_site_name":"minifry.app","article_modified_time":"2025-07-30T13:14:08+00:00","og_image":[{"width":1024,"height":1024,"url":"https:\/\/minifry.app\/wp-content\/uploads\/2025\/03\/Doner-pack-21-x-21-cm-1024x1024.png","type":"image\/png"}],"twitter_card":"summary_large_image","twitter_misc":{"Timp estimat pentru citire":"1 minut"},"schema":{"@context":"https:\/\/schema.org","@graph":[{"@type":"WebPage","@id":"https:\/\/minifry.app\/product\/doner-pack-sultburgonya-udito\/","url":"https:\/\/minifry.app\/product\/doner-pack-sultburgonya-udito\/","name":"D\u00f6ner Pack - minifry.app","isPartOf":{"@id":"https:\/\/minifry.app\/#website"},"primaryImageOfPage":{"@id":"https:\/\/minifry.app\/product\/doner-pack-sultburgonya-udito\/#primaryimage"},"image":{"@id":"https:\/\/minifry.app\/product\/doner-pack-sultburgonya-udito\/#primaryimage"},"thumbnailUrl":"https:\/\/minifry.app\/wp-content\/uploads\/2025\/03\/Doner-pack-21-x-21-cm.png","datePublished":"2025-03-19T09:30:14+00:00","dateModified":"2025-07-30T13:14:08+00:00","description":"Ez a D\u00f6ner Pack nem hagy \u00e9hesen! Szaftos, \u00edzletes D\u00f6ner Kebab, roppan\u00f3s s\u00fclt burgony\u00e1val \u00e9s egy h\u0171s \u00fcd\u00edt\u0151vel p\u00e1ros\u00edtva \u2013 t\u00f6k\u00e9letes v\u00e1laszt\u00e1s!","breadcrumb":{"@id":"https:\/\/minifry.app\/product\/doner-pack-sultburgonya-udito\/#breadcrumb"},"inLanguage":"ro-RO","potentialAction":[{"@type":"ReadAction","target":["https:\/\/minifry.app\/product\/doner-pack-sultburgonya-udito\/"]}]},{"@type":"ImageObject","inLanguage":"ro-RO","@id":"https:\/\/minifry.app\/product\/doner-pack-sultburgonya-udito\/#primaryimage","url":"https:\/\/minifry.app\/wp-content\/uploads\/2025\/03\/Doner-pack-21-x-21-cm.png","contentUrl":"https:\/\/minifry.app\/wp-content\/uploads\/2025\/03\/Doner-pack-21-x-21-cm.png","width":2000,"height":2000,"caption":"d\u00f6ner pack d\u00f6ner kebab finom laktat\u00f3 men\u00fc friss szaftos ropog\u00f3s minifry.app"},{"@type":"BreadcrumbList","@id":"https:\/\/minifry.app\/product\/doner-pack-sultburgonya-udito\/#breadcrumb","itemListElement":[{"@type":"ListItem","position":1,"name":"Kezd\u0151lap","item":"https:\/\/minifry.app\/"},{"@type":"ListItem","position":2,"name":"K\u00edn\u00e1latunk","item":"https:\/\/minifry.app\/shop\/"},{"@type":"ListItem","position":3,"name":"D\u00f6ner Pack"}]},{"@type":"WebSite","@id":"https:\/\/minifry.app\/#website","url":"https:\/\/minifry.app\/","name":"minifry.app","description":"","publisher":{"@id":"https:\/\/minifry.app\/#organization"},"potentialAction":[{"@type":"SearchAction","target":{"@type":"EntryPoint","urlTemplate":"https:\/\/minifry.app\/?s={search_term_string}"},"query-input":{"@type":"PropertyValueSpecification","valueRequired":true,"valueName":"search_term_string"}}],"inLanguage":"ro-RO"},{"@type":"Organization","@id":"https:\/\/minifry.app\/#organization","name":"DBVCORP SRL","url":"https:\/\/minifry.app\/","logo":{"@type":"ImageObject","inLanguage":"ro-RO","@id":"https:\/\/minifry.app\/#\/schema\/logo\/image\/","url":"https:\/\/minifry.app\/wp-content\/uploads\/2025\/03\/cropped-logo-uj-20-x-15-cm-20-x-10-cm-masolata_20250314_103645_0000.png","contentUrl":"https:\/\/minifry.app\/wp-content\/uploads\/2025\/03\/cropped-logo-uj-20-x-15-cm-20-x-10-cm-masolata_20250314_103645_0000.png","width":1992,"height":674,"caption":"DBVCORP SRL"},"image":{"@id":"https:\/\/minifry.app\/#\/schema\/logo\/image\/"}}]}},"_links":{"self":[{"href":"https:\/\/minifry.app\/ro\/wp-json\/wp\/v2\/product\/1428","targetHints":{"allow":["GET"]}}],"collection":[{"href":"https:\/\/minifry.app\/ro\/wp-json\/wp\/v2\/product"}],"about":[{"href":"https:\/\/minifry.app\/ro\/wp-json\/wp\/v2\/types\/product"}],"wp:featuredmedia":[{"embeddable":true,"href":"https:\/\/minifry.app\/ro\/wp-json\/wp\/v2\/media\/1429"}],"wp:attachment":[{"href":"https:\/\/minifry.app\/ro\/wp-json\/wp\/v2\/media?parent=1428"}],"wp:term":[{"taxonomy":"product_brand","embeddable":true,"href":"https:\/\/minifry.app\/ro\/wp-json\/wp\/v2\/product_brand?post=1428"},{"taxonomy":"product_cat","embeddable":true,"href":"https:\/\/minifry.app\/ro\/wp-json\/wp\/v2\/product_cat?post=1428"},{"taxonomy":"product_tag","embeddable":true,"href":"https:\/\/minifry.app\/ro\/wp-json\/wp\/v2\/product_tag?post=1428"}],"curies":[{"name":"wp","href":"https:\/\/api.w.org\/{rel}","templated":true}]}}