{"id":1426,"date":"2025-03-19T11:15:35","date_gmt":"2025-03-19T09:15:35","guid":{"rendered":"https:\/\/minifry.app\/?post_type=product&#038;p=1426"},"modified":"2025-07-30T15:15:04","modified_gmt":"2025-07-30T13:15:04","slug":"shaorma-pack-sultburgonya-udito","status":"publish","type":"product","link":"https:\/\/minifry.app\/ro\/product\/shaorma-pack-sultburgonya-udito\/","title":{"rendered":"Shaorma Pack"},"content":{"rendered":"<p>\"Alege Pachetul de Shaorma dac\u0103 \u00ee\u021bi dore\u0219ti o experien\u021b\u0103 complet\u0103 de street food! O shaorma gustoas\u0103 \u0219i proasp\u0103t preparat\u0103, cartofi pr\u0103ji\u021bi aurii \u0219i o b\u0103utur\u0103 care te r\u0103core\u0219te \u0219i te revigoreaz\u0103. Toate acestea \u00eentr-un pachet, ca s\u0103 nu r\u0103m\u00e2i fl\u0103m\u00e2nd!\"<\/p>\n<p>Urm\u0103torul fel de m\u00e2ncare este <strong>Doner Pack<\/strong>!<\/p>","protected":false},"excerpt":{"rendered":"<p><strong>Pachetul de Shaorma \u2013 tot ce ai nevoie pentru o mas\u0103 delicioas\u0103 \u0219i s\u0103\u021bioas\u0103! <\/strong><\/p>\n<p>\u201eO shaorma delicioas\u0103 \u0219i suculent\u0103, al\u0103turi de cartofi pr\u0103ji\u021bi crocan\u021bi \u0219i aurii, \u0219i o b\u0103utur\u0103 rece care te r\u0103core\u0219te. O experien\u021b\u0103 complet\u0103, care te satur\u0103 \u0219i te face s\u0103 te sim\u021bi mul\u021bumit!\u201d<\/p>","protected":false},"featured_media":1427,"template":"","meta":[],"product_brand":[],"product_cat":[38,221],"product_tag":[89,84,148,272,250,247,271],"class_list":{"0":"post-1426","1":"product","2":"type-product","3":"status-publish","4":"has-post-thumbnail","6":"product_cat-gyors-etelek-hu","7":"product_cat-menu-hu","8":"product_tag-finom","9":"product_tag-friss","10":"product_tag-gyors-etel","11":"product_tag-laktato","12":"product_tag-menu","13":"product_tag-shaorma","14":"product_tag-shaorma-pack","16":"first","17":"instock","18":"featured","19":"shipping-taxable","20":"purchasable","21":"product-type-simple"},"yoast_head":"<!-- This site is optimized with the Yoast SEO plugin v24.5 - https:\/\/yoast.com\/wordpress\/plugins\/seo\/ -->\n<title>Shaorma Pack - minifry.app<\/title>\n<meta name=\"description\" content=\"Shaorma Pack, \u00ednycsikland\u00f3, szaftos shaorma, mell\u00e9 aranybarn\u00e1ra s\u00fclt ropog\u00f3s burgonya, \u00e9s egy j\u00e9ghideg \u00fcd\u00edt\u0151, ami felfriss\u00edt. Laktat\u00f3 \u00e9s mindig j\u00f3l esik.\" \/>\n<meta name=\"robots\" content=\"index, follow, max-snippet:-1, max-image-preview:large, max-video-preview:-1\" \/>\n<link rel=\"canonical\" href=\"https:\/\/minifry.app\/ro\/product\/shaorma-pack-sultburgonya-udito\/\" \/>\n<meta property=\"og:locale\" content=\"ro_RO\" \/>\n<meta property=\"og:type\" content=\"article\" \/>\n<meta property=\"og:title\" content=\"Shaorma Pack - minifry.app\" \/>\n<meta property=\"og:description\" content=\"Shaorma Pack, \u00ednycsikland\u00f3, szaftos shaorma, mell\u00e9 aranybarn\u00e1ra s\u00fclt ropog\u00f3s burgonya, \u00e9s egy j\u00e9ghideg \u00fcd\u00edt\u0151, ami felfriss\u00edt. Laktat\u00f3 \u00e9s mindig j\u00f3l esik.\" \/>\n<meta property=\"og:url\" content=\"https:\/\/minifry.app\/ro\/product\/shaorma-pack-sultburgonya-udito\/\" \/>\n<meta property=\"og:site_name\" content=\"minifry.app\" \/>\n<meta property=\"article:modified_time\" content=\"2025-07-30T13:15:04+00:00\" \/>\n<meta property=\"og:image\" content=\"https:\/\/minifry.app\/wp-content\/uploads\/2025\/03\/shaorma-pack-121-x-21-cm-1024x1024.png\" \/>\n\t<meta property=\"og:image:width\" content=\"1024\" \/>\n\t<meta property=\"og:image:height\" content=\"1024\" \/>\n\t<meta property=\"og:image:type\" content=\"image\/png\" \/>\n<meta name=\"twitter:card\" content=\"summary_large_image\" \/>\n<meta name=\"twitter:label1\" content=\"Timp estimat pentru citire\" \/>\n\t<meta name=\"twitter:data1\" content=\"1 minut\" \/>\n<script type=\"application\/ld+json\" class=\"yoast-schema-graph\">{\"@context\":\"https:\/\/schema.org\",\"@graph\":[{\"@type\":\"WebPage\",\"@id\":\"https:\/\/minifry.app\/product\/shaorma-pack-sultburgonya-udito\/\",\"url\":\"https:\/\/minifry.app\/product\/shaorma-pack-sultburgonya-udito\/\",\"name\":\"Shaorma Pack - minifry.app\",\"isPartOf\":{\"@id\":\"https:\/\/minifry.app\/#website\"},\"primaryImageOfPage\":{\"@id\":\"https:\/\/minifry.app\/product\/shaorma-pack-sultburgonya-udito\/#primaryimage\"},\"image\":{\"@id\":\"https:\/\/minifry.app\/product\/shaorma-pack-sultburgonya-udito\/#primaryimage\"},\"thumbnailUrl\":\"https:\/\/minifry.app\/wp-content\/uploads\/2025\/03\/shaorma-pack-121-x-21-cm.png\",\"datePublished\":\"2025-03-19T09:15:35+00:00\",\"dateModified\":\"2025-07-30T13:15:04+00:00\",\"description\":\"Shaorma Pack, \u00ednycsikland\u00f3, szaftos shaorma, mell\u00e9 aranybarn\u00e1ra s\u00fclt ropog\u00f3s burgonya, \u00e9s egy j\u00e9ghideg \u00fcd\u00edt\u0151, ami felfriss\u00edt. Laktat\u00f3 \u00e9s mindig j\u00f3l esik.\",\"breadcrumb\":{\"@id\":\"https:\/\/minifry.app\/product\/shaorma-pack-sultburgonya-udito\/#breadcrumb\"},\"inLanguage\":\"ro-RO\",\"potentialAction\":[{\"@type\":\"ReadAction\",\"target\":[\"https:\/\/minifry.app\/product\/shaorma-pack-sultburgonya-udito\/\"]}]},{\"@type\":\"ImageObject\",\"inLanguage\":\"ro-RO\",\"@id\":\"https:\/\/minifry.app\/product\/shaorma-pack-sultburgonya-udito\/#primaryimage\",\"url\":\"https:\/\/minifry.app\/wp-content\/uploads\/2025\/03\/shaorma-pack-121-x-21-cm.png\",\"contentUrl\":\"https:\/\/minifry.app\/wp-content\/uploads\/2025\/03\/shaorma-pack-121-x-21-cm.png\",\"width\":2000,\"height\":2000,\"caption\":\"shaorma pack men\u00fc lakj j\u00f3l s\u00fclt burgonya h\u0171s\u00edt\u0151 \u00fcdit\u0151 minifry.app\"},{\"@type\":\"BreadcrumbList\",\"@id\":\"https:\/\/minifry.app\/product\/shaorma-pack-sultburgonya-udito\/#breadcrumb\",\"itemListElement\":[{\"@type\":\"ListItem\",\"position\":1,\"name\":\"Kezd\u0151lap\",\"item\":\"https:\/\/minifry.app\/\"},{\"@type\":\"ListItem\",\"position\":2,\"name\":\"K\u00edn\u00e1latunk\",\"item\":\"https:\/\/minifry.app\/shop\/\"},{\"@type\":\"ListItem\",\"position\":3,\"name\":\"Shaorma Pack\"}]},{\"@type\":\"WebSite\",\"@id\":\"https:\/\/minifry.app\/#website\",\"url\":\"https:\/\/minifry.app\/\",\"name\":\"minifry.app\",\"description\":\"\",\"publisher\":{\"@id\":\"https:\/\/minifry.app\/#organization\"},\"potentialAction\":[{\"@type\":\"SearchAction\",\"target\":{\"@type\":\"EntryPoint\",\"urlTemplate\":\"https:\/\/minifry.app\/?s={search_term_string}\"},\"query-input\":{\"@type\":\"PropertyValueSpecification\",\"valueRequired\":true,\"valueName\":\"search_term_string\"}}],\"inLanguage\":\"ro-RO\"},{\"@type\":\"Organization\",\"@id\":\"https:\/\/minifry.app\/#organization\",\"name\":\"DBVCORP SRL\",\"url\":\"https:\/\/minifry.app\/\",\"logo\":{\"@type\":\"ImageObject\",\"inLanguage\":\"ro-RO\",\"@id\":\"https:\/\/minifry.app\/#\/schema\/logo\/image\/\",\"url\":\"https:\/\/minifry.app\/wp-content\/uploads\/2025\/03\/cropped-logo-uj-20-x-15-cm-20-x-10-cm-masolata_20250314_103645_0000.png\",\"contentUrl\":\"https:\/\/minifry.app\/wp-content\/uploads\/2025\/03\/cropped-logo-uj-20-x-15-cm-20-x-10-cm-masolata_20250314_103645_0000.png\",\"width\":1992,\"height\":674,\"caption\":\"DBVCORP SRL\"},\"image\":{\"@id\":\"https:\/\/minifry.app\/#\/schema\/logo\/image\/\"}}]}<\/script>\n<!-- \/ Yoast SEO plugin. -->","yoast_head_json":{"title":"Shaorma Pack - minifry.app","description":"Shaorma Pack, \u00ednycsikland\u00f3, szaftos shaorma, mell\u00e9 aranybarn\u00e1ra s\u00fclt ropog\u00f3s burgonya, \u00e9s egy j\u00e9ghideg \u00fcd\u00edt\u0151, ami felfriss\u00edt. Laktat\u00f3 \u00e9s mindig j\u00f3l esik.","robots":{"index":"index","follow":"follow","max-snippet":"max-snippet:-1","max-image-preview":"max-image-preview:large","max-video-preview":"max-video-preview:-1"},"canonical":"https:\/\/minifry.app\/ro\/product\/shaorma-pack-sultburgonya-udito\/","og_locale":"ro_RO","og_type":"article","og_title":"Shaorma Pack - minifry.app","og_description":"Shaorma Pack, \u00ednycsikland\u00f3, szaftos shaorma, mell\u00e9 aranybarn\u00e1ra s\u00fclt ropog\u00f3s burgonya, \u00e9s egy j\u00e9ghideg \u00fcd\u00edt\u0151, ami felfriss\u00edt. Laktat\u00f3 \u00e9s mindig j\u00f3l esik.","og_url":"https:\/\/minifry.app\/ro\/product\/shaorma-pack-sultburgonya-udito\/","og_site_name":"minifry.app","article_modified_time":"2025-07-30T13:15:04+00:00","og_image":[{"width":1024,"height":1024,"url":"https:\/\/minifry.app\/wp-content\/uploads\/2025\/03\/shaorma-pack-121-x-21-cm-1024x1024.png","type":"image\/png"}],"twitter_card":"summary_large_image","twitter_misc":{"Timp estimat pentru citire":"1 minut"},"schema":{"@context":"https:\/\/schema.org","@graph":[{"@type":"WebPage","@id":"https:\/\/minifry.app\/product\/shaorma-pack-sultburgonya-udito\/","url":"https:\/\/minifry.app\/product\/shaorma-pack-sultburgonya-udito\/","name":"Shaorma Pack - minifry.app","isPartOf":{"@id":"https:\/\/minifry.app\/#website"},"primaryImageOfPage":{"@id":"https:\/\/minifry.app\/product\/shaorma-pack-sultburgonya-udito\/#primaryimage"},"image":{"@id":"https:\/\/minifry.app\/product\/shaorma-pack-sultburgonya-udito\/#primaryimage"},"thumbnailUrl":"https:\/\/minifry.app\/wp-content\/uploads\/2025\/03\/shaorma-pack-121-x-21-cm.png","datePublished":"2025-03-19T09:15:35+00:00","dateModified":"2025-07-30T13:15:04+00:00","description":"Shaorma Pack, \u00ednycsikland\u00f3, szaftos shaorma, mell\u00e9 aranybarn\u00e1ra s\u00fclt ropog\u00f3s burgonya, \u00e9s egy j\u00e9ghideg \u00fcd\u00edt\u0151, ami felfriss\u00edt. Laktat\u00f3 \u00e9s mindig j\u00f3l esik.","breadcrumb":{"@id":"https:\/\/minifry.app\/product\/shaorma-pack-sultburgonya-udito\/#breadcrumb"},"inLanguage":"ro-RO","potentialAction":[{"@type":"ReadAction","target":["https:\/\/minifry.app\/product\/shaorma-pack-sultburgonya-udito\/"]}]},{"@type":"ImageObject","inLanguage":"ro-RO","@id":"https:\/\/minifry.app\/product\/shaorma-pack-sultburgonya-udito\/#primaryimage","url":"https:\/\/minifry.app\/wp-content\/uploads\/2025\/03\/shaorma-pack-121-x-21-cm.png","contentUrl":"https:\/\/minifry.app\/wp-content\/uploads\/2025\/03\/shaorma-pack-121-x-21-cm.png","width":2000,"height":2000,"caption":"shaorma pack men\u00fc lakj j\u00f3l s\u00fclt burgonya h\u0171s\u00edt\u0151 \u00fcdit\u0151 minifry.app"},{"@type":"BreadcrumbList","@id":"https:\/\/minifry.app\/product\/shaorma-pack-sultburgonya-udito\/#breadcrumb","itemListElement":[{"@type":"ListItem","position":1,"name":"Kezd\u0151lap","item":"https:\/\/minifry.app\/"},{"@type":"ListItem","position":2,"name":"K\u00edn\u00e1latunk","item":"https:\/\/minifry.app\/shop\/"},{"@type":"ListItem","position":3,"name":"Shaorma Pack"}]},{"@type":"WebSite","@id":"https:\/\/minifry.app\/#website","url":"https:\/\/minifry.app\/","name":"minifry.app","description":"","publisher":{"@id":"https:\/\/minifry.app\/#organization"},"potentialAction":[{"@type":"SearchAction","target":{"@type":"EntryPoint","urlTemplate":"https:\/\/minifry.app\/?s={search_term_string}"},"query-input":{"@type":"PropertyValueSpecification","valueRequired":true,"valueName":"search_term_string"}}],"inLanguage":"ro-RO"},{"@type":"Organization","@id":"https:\/\/minifry.app\/#organization","name":"DBVCORP SRL","url":"https:\/\/minifry.app\/","logo":{"@type":"ImageObject","inLanguage":"ro-RO","@id":"https:\/\/minifry.app\/#\/schema\/logo\/image\/","url":"https:\/\/minifry.app\/wp-content\/uploads\/2025\/03\/cropped-logo-uj-20-x-15-cm-20-x-10-cm-masolata_20250314_103645_0000.png","contentUrl":"https:\/\/minifry.app\/wp-content\/uploads\/2025\/03\/cropped-logo-uj-20-x-15-cm-20-x-10-cm-masolata_20250314_103645_0000.png","width":1992,"height":674,"caption":"DBVCORP SRL"},"image":{"@id":"https:\/\/minifry.app\/#\/schema\/logo\/image\/"}}]}},"_links":{"self":[{"href":"https:\/\/minifry.app\/ro\/wp-json\/wp\/v2\/product\/1426","targetHints":{"allow":["GET"]}}],"collection":[{"href":"https:\/\/minifry.app\/ro\/wp-json\/wp\/v2\/product"}],"about":[{"href":"https:\/\/minifry.app\/ro\/wp-json\/wp\/v2\/types\/product"}],"wp:featuredmedia":[{"embeddable":true,"href":"https:\/\/minifry.app\/ro\/wp-json\/wp\/v2\/media\/1427"}],"wp:attachment":[{"href":"https:\/\/minifry.app\/ro\/wp-json\/wp\/v2\/media?parent=1426"}],"wp:term":[{"taxonomy":"product_brand","embeddable":true,"href":"https:\/\/minifry.app\/ro\/wp-json\/wp\/v2\/product_brand?post=1426"},{"taxonomy":"product_cat","embeddable":true,"href":"https:\/\/minifry.app\/ro\/wp-json\/wp\/v2\/product_cat?post=1426"},{"taxonomy":"product_tag","embeddable":true,"href":"https:\/\/minifry.app\/ro\/wp-json\/wp\/v2\/product_tag?post=1426"}],"curies":[{"name":"wp","href":"https:\/\/api.w.org\/{rel}","templated":true}]}}