{"id":1424,"date":"2026-03-30T16:30:10","date_gmt":"2026-03-30T14:30:10","guid":{"rendered":"https:\/\/minifry.app\/?post_type=product&#038;p=1424"},"modified":"2026-03-31T12:34:16","modified_gmt":"2026-03-31T10:34:16","slug":"minifry-croissant-dupla-csoki","status":"publish","type":"product","link":"https:\/\/minifry.app\/ro\/product\/minifry-croissant-dupla-csoki\/","title":{"rendered":"Minifry croissant"},"content":{"rendered":"<p data-start=\"658\" data-end=\"726\"><strong data-start=\"658\" data-end=\"726\">Croissant Minifry \u2013 proasp\u0103t scos din cuptor, cu o experien\u021b\u0103 dubl\u0103.<\/strong><\/p>\n<p data-start=\"728\" data-end=\"813\">Copt p\u00e2n\u0103 la culoare aurie, aluat foietaj,<br data-start=\"764\" data-end=\"767\" \/>crocant la exterior, moale \u0219i fraged \u00een interior.<\/p>\n<p data-start=\"815\" data-end=\"894\">\u00cen interior are umplutur\u0103 de ciocolat\u0103 dubl\u0103,<br data-start=\"856\" data-end=\"859\" \/>care se tope\u0219te cremos la fiecare mu\u0219c\u0103tur\u0103.<\/p>\n<p data-start=\"896\" data-end=\"915\">Este acel tip de desert pe care:<\/p>\n<ul data-start=\"916\" data-end=\"1008\">\n<li data-section-id=\"8qsopy\" data-start=\"916\" data-end=\"943\">\u00eel alegi l\u00e2ng\u0103 o cafea \u2615<\/li>\n<li data-section-id=\"10z3knv\" data-start=\"944\" data-end=\"972\">\u00eel pofte\u0219ti dup\u0103 pr\u00e2nz \ud83c\udf7d\ufe0f<\/li>\n<li data-section-id=\"138qndw\" data-start=\"973\" data-end=\"1008\">sau pur \u0219i simplu\u2026 pentru c\u0103 \u00ee\u021bi face bine \ud83d\ude0f<\/li>\n<\/ul>\n<p data-start=\"1010\" data-end=\"1074\">\u00cel preg\u0103tim proasp\u0103t, astfel \u00eenc\u00e2t ajunge mereu la tine cald, direct din cuptor.<\/p>\n<p data-start=\"1076\" data-end=\"1109\">Simplu. Dulce. Irezistibil.<\/p>","protected":false},"excerpt":{"rendered":"<p>Croissant Minifry proasp\u0103t scos din cuptor, cu aluat crocant \u0219i umplutur\u0103 de ciocolat\u0103 care se tope\u0219te. O gustare dulce la care e greu s\u0103 te opre\u0219ti.<\/p>","protected":false},"featured_media":1562,"template":"","meta":[],"product_brand":[],"product_cat":[39],"product_tag":[315,244,314,135,89,316,313,318],"class_list":{"0":"post-1424","1":"product","2":"type-product","3":"status-publish","4":"has-post-thumbnail","6":"product_cat-desszert-hu","7":"product_tag-csokis-croissant","8":"product_tag-desszert","9":"product_tag-dupla-csoki","10":"product_tag-edes","11":"product_tag-finom","12":"product_tag-friss-sutemeny","13":"product_tag-mini-croissant","14":"product_tag-minifry-croissant","16":"first","17":"instock","18":"shipping-taxable","19":"purchasable","20":"product-type-simple"},"yoast_head":"<!-- This site is optimized with the Yoast SEO plugin v24.5 - https:\/\/yoast.com\/wordpress\/plugins\/seo\/ -->\n<title>Minifry croissant - minifry.app<\/title>\n<meta name=\"description\" content=\"Frissen s\u00fclt minifry croissant ropog\u00f3s t\u00e9szt\u00e1val \u00e9s olvad\u00f3 csokol\u00e1d\u00e9 t\u00f6ltel\u00e9kkel. T\u00f6k\u00e9letes \u00e9dess\u00e9g k\u00e1v\u00e9 mell\u00e9 vagy eb\u00e9d ut\u00e1n. Rendelj most!\" \/>\n<meta name=\"robots\" content=\"index, follow, max-snippet:-1, max-image-preview:large, max-video-preview:-1\" \/>\n<link rel=\"canonical\" href=\"https:\/\/minifry.app\/ro\/product\/minifry-croissant-dupla-csoki\/\" \/>\n<meta property=\"og:locale\" content=\"ro_RO\" \/>\n<meta property=\"og:type\" content=\"article\" \/>\n<meta property=\"og:title\" content=\"Minifry croissant - minifry.app\" \/>\n<meta property=\"og:description\" content=\"Frissen s\u00fclt minifry croissant ropog\u00f3s t\u00e9szt\u00e1val \u00e9s olvad\u00f3 csokol\u00e1d\u00e9 t\u00f6ltel\u00e9kkel. T\u00f6k\u00e9letes \u00e9dess\u00e9g k\u00e1v\u00e9 mell\u00e9 vagy eb\u00e9d ut\u00e1n. Rendelj most!\" \/>\n<meta property=\"og:url\" content=\"https:\/\/minifry.app\/ro\/product\/minifry-croissant-dupla-csoki\/\" \/>\n<meta property=\"og:site_name\" content=\"minifry.app\" \/>\n<meta property=\"article:modified_time\" content=\"2026-03-31T10:34:16+00:00\" \/>\n<meta property=\"og:image\" content=\"https:\/\/minifry.app\/wp-content\/uploads\/2025\/03\/croissant.png\" \/>\n\t<meta property=\"og:image:width\" content=\"1536\" \/>\n\t<meta property=\"og:image:height\" content=\"1024\" \/>\n\t<meta property=\"og:image:type\" content=\"image\/png\" \/>\n<meta name=\"twitter:card\" content=\"summary_large_image\" \/>\n<meta name=\"twitter:label1\" content=\"Timp estimat pentru citire\" \/>\n\t<meta name=\"twitter:data1\" content=\"1 minut\" \/>\n<script type=\"application\/ld+json\" class=\"yoast-schema-graph\">{\"@context\":\"https:\/\/schema.org\",\"@graph\":[{\"@type\":\"WebPage\",\"@id\":\"https:\/\/minifry.app\/product\/minifry-croissant-dupla-csoki\/\",\"url\":\"https:\/\/minifry.app\/product\/minifry-croissant-dupla-csoki\/\",\"name\":\"Minifry croissant - minifry.app\",\"isPartOf\":{\"@id\":\"https:\/\/minifry.app\/#website\"},\"primaryImageOfPage\":{\"@id\":\"https:\/\/minifry.app\/product\/minifry-croissant-dupla-csoki\/#primaryimage\"},\"image\":{\"@id\":\"https:\/\/minifry.app\/product\/minifry-croissant-dupla-csoki\/#primaryimage\"},\"thumbnailUrl\":\"https:\/\/minifry.app\/wp-content\/uploads\/2025\/03\/croissant.png\",\"datePublished\":\"2026-03-30T14:30:10+00:00\",\"dateModified\":\"2026-03-31T10:34:16+00:00\",\"description\":\"Frissen s\u00fclt minifry croissant ropog\u00f3s t\u00e9szt\u00e1val \u00e9s olvad\u00f3 csokol\u00e1d\u00e9 t\u00f6ltel\u00e9kkel. T\u00f6k\u00e9letes \u00e9dess\u00e9g k\u00e1v\u00e9 mell\u00e9 vagy eb\u00e9d ut\u00e1n. Rendelj most!\",\"breadcrumb\":{\"@id\":\"https:\/\/minifry.app\/product\/minifry-croissant-dupla-csoki\/#breadcrumb\"},\"inLanguage\":\"ro-RO\",\"potentialAction\":[{\"@type\":\"ReadAction\",\"target\":[\"https:\/\/minifry.app\/product\/minifry-croissant-dupla-csoki\/\"]}]},{\"@type\":\"ImageObject\",\"inLanguage\":\"ro-RO\",\"@id\":\"https:\/\/minifry.app\/product\/minifry-croissant-dupla-csoki\/#primaryimage\",\"url\":\"https:\/\/minifry.app\/wp-content\/uploads\/2025\/03\/croissant.png\",\"contentUrl\":\"https:\/\/minifry.app\/wp-content\/uploads\/2025\/03\/croissant.png\",\"width\":1536,\"height\":1024,\"caption\":\"minifry croissant finom frissen sult edesseg minifry.app ermihalyfalva\"},{\"@type\":\"BreadcrumbList\",\"@id\":\"https:\/\/minifry.app\/product\/minifry-croissant-dupla-csoki\/#breadcrumb\",\"itemListElement\":[{\"@type\":\"ListItem\",\"position\":1,\"name\":\"Kezd\u0151lap\",\"item\":\"https:\/\/minifry.app\/\"},{\"@type\":\"ListItem\",\"position\":2,\"name\":\"K\u00edn\u00e1latunk\",\"item\":\"https:\/\/minifry.app\/shop\/\"},{\"@type\":\"ListItem\",\"position\":3,\"name\":\"Minifry croissant\"}]},{\"@type\":\"WebSite\",\"@id\":\"https:\/\/minifry.app\/#website\",\"url\":\"https:\/\/minifry.app\/\",\"name\":\"minifry.app\",\"description\":\"\",\"publisher\":{\"@id\":\"https:\/\/minifry.app\/#organization\"},\"potentialAction\":[{\"@type\":\"SearchAction\",\"target\":{\"@type\":\"EntryPoint\",\"urlTemplate\":\"https:\/\/minifry.app\/?s={search_term_string}\"},\"query-input\":{\"@type\":\"PropertyValueSpecification\",\"valueRequired\":true,\"valueName\":\"search_term_string\"}}],\"inLanguage\":\"ro-RO\"},{\"@type\":\"Organization\",\"@id\":\"https:\/\/minifry.app\/#organization\",\"name\":\"DBVCORP SRL\",\"url\":\"https:\/\/minifry.app\/\",\"logo\":{\"@type\":\"ImageObject\",\"inLanguage\":\"ro-RO\",\"@id\":\"https:\/\/minifry.app\/#\/schema\/logo\/image\/\",\"url\":\"https:\/\/minifry.app\/wp-content\/uploads\/2025\/03\/cropped-logo-uj-20-x-15-cm-20-x-10-cm-masolata_20250314_103645_0000.png\",\"contentUrl\":\"https:\/\/minifry.app\/wp-content\/uploads\/2025\/03\/cropped-logo-uj-20-x-15-cm-20-x-10-cm-masolata_20250314_103645_0000.png\",\"width\":1992,\"height\":674,\"caption\":\"DBVCORP SRL\"},\"image\":{\"@id\":\"https:\/\/minifry.app\/#\/schema\/logo\/image\/\"}}]}<\/script>\n<!-- \/ Yoast SEO plugin. -->","yoast_head_json":{"title":"Minifry croissant - minifry.app","description":"Frissen s\u00fclt minifry croissant ropog\u00f3s t\u00e9szt\u00e1val \u00e9s olvad\u00f3 csokol\u00e1d\u00e9 t\u00f6ltel\u00e9kkel. T\u00f6k\u00e9letes \u00e9dess\u00e9g k\u00e1v\u00e9 mell\u00e9 vagy eb\u00e9d ut\u00e1n. Rendelj most!","robots":{"index":"index","follow":"follow","max-snippet":"max-snippet:-1","max-image-preview":"max-image-preview:large","max-video-preview":"max-video-preview:-1"},"canonical":"https:\/\/minifry.app\/ro\/product\/minifry-croissant-dupla-csoki\/","og_locale":"ro_RO","og_type":"article","og_title":"Minifry croissant - minifry.app","og_description":"Frissen s\u00fclt minifry croissant ropog\u00f3s t\u00e9szt\u00e1val \u00e9s olvad\u00f3 csokol\u00e1d\u00e9 t\u00f6ltel\u00e9kkel. T\u00f6k\u00e9letes \u00e9dess\u00e9g k\u00e1v\u00e9 mell\u00e9 vagy eb\u00e9d ut\u00e1n. Rendelj most!","og_url":"https:\/\/minifry.app\/ro\/product\/minifry-croissant-dupla-csoki\/","og_site_name":"minifry.app","article_modified_time":"2026-03-31T10:34:16+00:00","og_image":[{"width":1536,"height":1024,"url":"https:\/\/minifry.app\/wp-content\/uploads\/2025\/03\/croissant.png","type":"image\/png"}],"twitter_card":"summary_large_image","twitter_misc":{"Timp estimat pentru citire":"1 minut"},"schema":{"@context":"https:\/\/schema.org","@graph":[{"@type":"WebPage","@id":"https:\/\/minifry.app\/product\/minifry-croissant-dupla-csoki\/","url":"https:\/\/minifry.app\/product\/minifry-croissant-dupla-csoki\/","name":"Minifry croissant - minifry.app","isPartOf":{"@id":"https:\/\/minifry.app\/#website"},"primaryImageOfPage":{"@id":"https:\/\/minifry.app\/product\/minifry-croissant-dupla-csoki\/#primaryimage"},"image":{"@id":"https:\/\/minifry.app\/product\/minifry-croissant-dupla-csoki\/#primaryimage"},"thumbnailUrl":"https:\/\/minifry.app\/wp-content\/uploads\/2025\/03\/croissant.png","datePublished":"2026-03-30T14:30:10+00:00","dateModified":"2026-03-31T10:34:16+00:00","description":"Frissen s\u00fclt minifry croissant ropog\u00f3s t\u00e9szt\u00e1val \u00e9s olvad\u00f3 csokol\u00e1d\u00e9 t\u00f6ltel\u00e9kkel. T\u00f6k\u00e9letes \u00e9dess\u00e9g k\u00e1v\u00e9 mell\u00e9 vagy eb\u00e9d ut\u00e1n. Rendelj most!","breadcrumb":{"@id":"https:\/\/minifry.app\/product\/minifry-croissant-dupla-csoki\/#breadcrumb"},"inLanguage":"ro-RO","potentialAction":[{"@type":"ReadAction","target":["https:\/\/minifry.app\/product\/minifry-croissant-dupla-csoki\/"]}]},{"@type":"ImageObject","inLanguage":"ro-RO","@id":"https:\/\/minifry.app\/product\/minifry-croissant-dupla-csoki\/#primaryimage","url":"https:\/\/minifry.app\/wp-content\/uploads\/2025\/03\/croissant.png","contentUrl":"https:\/\/minifry.app\/wp-content\/uploads\/2025\/03\/croissant.png","width":1536,"height":1024,"caption":"minifry croissant finom frissen sult edesseg minifry.app ermihalyfalva"},{"@type":"BreadcrumbList","@id":"https:\/\/minifry.app\/product\/minifry-croissant-dupla-csoki\/#breadcrumb","itemListElement":[{"@type":"ListItem","position":1,"name":"Kezd\u0151lap","item":"https:\/\/minifry.app\/"},{"@type":"ListItem","position":2,"name":"K\u00edn\u00e1latunk","item":"https:\/\/minifry.app\/shop\/"},{"@type":"ListItem","position":3,"name":"Minifry croissant"}]},{"@type":"WebSite","@id":"https:\/\/minifry.app\/#website","url":"https:\/\/minifry.app\/","name":"minifry.app","description":"","publisher":{"@id":"https:\/\/minifry.app\/#organization"},"potentialAction":[{"@type":"SearchAction","target":{"@type":"EntryPoint","urlTemplate":"https:\/\/minifry.app\/?s={search_term_string}"},"query-input":{"@type":"PropertyValueSpecification","valueRequired":true,"valueName":"search_term_string"}}],"inLanguage":"ro-RO"},{"@type":"Organization","@id":"https:\/\/minifry.app\/#organization","name":"DBVCORP SRL","url":"https:\/\/minifry.app\/","logo":{"@type":"ImageObject","inLanguage":"ro-RO","@id":"https:\/\/minifry.app\/#\/schema\/logo\/image\/","url":"https:\/\/minifry.app\/wp-content\/uploads\/2025\/03\/cropped-logo-uj-20-x-15-cm-20-x-10-cm-masolata_20250314_103645_0000.png","contentUrl":"https:\/\/minifry.app\/wp-content\/uploads\/2025\/03\/cropped-logo-uj-20-x-15-cm-20-x-10-cm-masolata_20250314_103645_0000.png","width":1992,"height":674,"caption":"DBVCORP SRL"},"image":{"@id":"https:\/\/minifry.app\/#\/schema\/logo\/image\/"}}]}},"_links":{"self":[{"href":"https:\/\/minifry.app\/ro\/wp-json\/wp\/v2\/product\/1424","targetHints":{"allow":["GET"]}}],"collection":[{"href":"https:\/\/minifry.app\/ro\/wp-json\/wp\/v2\/product"}],"about":[{"href":"https:\/\/minifry.app\/ro\/wp-json\/wp\/v2\/types\/product"}],"wp:featuredmedia":[{"embeddable":true,"href":"https:\/\/minifry.app\/ro\/wp-json\/wp\/v2\/media\/1562"}],"wp:attachment":[{"href":"https:\/\/minifry.app\/ro\/wp-json\/wp\/v2\/media?parent=1424"}],"wp:term":[{"taxonomy":"product_brand","embeddable":true,"href":"https:\/\/minifry.app\/ro\/wp-json\/wp\/v2\/product_brand?post=1424"},{"taxonomy":"product_cat","embeddable":true,"href":"https:\/\/minifry.app\/ro\/wp-json\/wp\/v2\/product_cat?post=1424"},{"taxonomy":"product_tag","embeddable":true,"href":"https:\/\/minifry.app\/ro\/wp-json\/wp\/v2\/product_tag?post=1424"}],"curies":[{"name":"wp","href":"https:\/\/api.w.org\/{rel}","templated":true}]}}