{"id":1422,"date":"2025-03-19T10:50:18","date_gmt":"2025-03-19T08:50:18","guid":{"rendered":"https:\/\/minifry.app\/?post_type=product&#038;p=1422"},"modified":"2025-07-30T15:10:40","modified_gmt":"2025-07-30T13:10:40","slug":"baklava-mezes-dios-edesseg-desszert","status":"publish","type":"product","link":"https:\/\/minifry.app\/ro\/product\/baklava-mezes-dios-edesseg-desszert\/","title":{"rendered":"Baklava"},"content":{"rendered":"<p>Baklava \u2013 desertul fermec\u0103tor al Orientului, care te cucere\u0219te iremediabil. Straturi crocante de aluat fin \u00eenv\u0103luie o umplutur\u0103 bogat\u0103 de nuc\u0103 sau fistic pr\u0103jit, des\u0103v\u00e2r\u0219it\u0103 de un sirop aromat de miere. Fiecare mu\u0219c\u0103tur\u0103 este o explozie dulce \u0219i crocant\u0103, \u00een acela\u0219i timp fin\u0103 \u0219i rafinat\u0103, devenind cu siguran\u021b\u0103 preferata ta atunci c\u00e2nd \u00ee\u021bi dore\u0219ti ceva cu adev\u0103rat special!<\/p>\n<p>\u00cencearc\u0103 \u0219i <strong>Vaf\u0103 Bubble<\/strong> !<\/p>","protected":false},"excerpt":{"rendered":"<p><strong data-start=\"482\" data-end=\"522\">Baklava \u2013 regina deserturilor.<\/strong><br data-start=\"522\" data-end=\"525\" \/>Straturi fine de aluat, umplutur\u0103 divin\u0103 de nuc\u0103 sau fistic \u0219i miere aurie se \u00eempletesc \u00een acest desert tradi\u021bional. Finalul perfect al oric\u0103rei mese!<\/p>","protected":false},"featured_media":1423,"template":"","meta":[],"product_brand":[],"product_cat":[39],"product_tag":[269,244,241,89,242],"class_list":{"0":"post-1422","1":"product","2":"type-product","3":"status-publish","4":"has-post-thumbnail","6":"product_cat-desszert-hu","7":"product_tag-baklava","8":"product_tag-desszert","9":"product_tag-dios","10":"product_tag-finom","11":"product_tag-mezes","13":"first","14":"instock","15":"shipping-taxable","16":"purchasable","17":"product-type-simple"},"yoast_head":"<!-- This site is optimized with the Yoast SEO plugin v24.5 - https:\/\/yoast.com\/wordpress\/plugins\/seo\/ -->\n<title>Baklava - minifry.app<\/title>\n<meta name=\"description\" content=\"Baklava, ami ropog\u00f3s, m\u00e9gis szaftos text\u00far\u00e1j\u00e1val t\u00f6k\u00e9letesen kieg\u00e9sz\u00edti egy \u00fcnnepi lakoma z\u00e1r\u00e1s\u00e1t vagy \u00e9pp az \u00e9des pillanatokat a mindennapokban.\" \/>\n<meta name=\"robots\" content=\"index, follow, max-snippet:-1, max-image-preview:large, max-video-preview:-1\" \/>\n<link rel=\"canonical\" href=\"https:\/\/minifry.app\/ro\/product\/baklava-mezes-dios-edesseg-desszert\/\" \/>\n<meta property=\"og:locale\" content=\"ro_RO\" \/>\n<meta property=\"og:type\" content=\"article\" \/>\n<meta property=\"og:title\" content=\"Baklava - minifry.app\" \/>\n<meta property=\"og:description\" content=\"Baklava, ami ropog\u00f3s, m\u00e9gis szaftos text\u00far\u00e1j\u00e1val t\u00f6k\u00e9letesen kieg\u00e9sz\u00edti egy \u00fcnnepi lakoma z\u00e1r\u00e1s\u00e1t vagy \u00e9pp az \u00e9des pillanatokat a mindennapokban.\" \/>\n<meta property=\"og:url\" content=\"https:\/\/minifry.app\/ro\/product\/baklava-mezes-dios-edesseg-desszert\/\" \/>\n<meta property=\"og:site_name\" content=\"minifry.app\" \/>\n<meta property=\"article:modified_time\" content=\"2025-07-30T13:10:40+00:00\" \/>\n<meta property=\"og:image\" content=\"https:\/\/minifry.app\/wp-content\/uploads\/2025\/03\/baklava4.webp\" \/>\n\t<meta property=\"og:image:width\" content=\"750\" \/>\n\t<meta property=\"og:image:height\" content=\"422\" \/>\n\t<meta property=\"og:image:type\" content=\"image\/webp\" \/>\n<meta name=\"twitter:card\" content=\"summary_large_image\" \/>\n<meta name=\"twitter:label1\" content=\"Timp estimat pentru citire\" \/>\n\t<meta name=\"twitter:data1\" content=\"1 minut\" \/>\n<script type=\"application\/ld+json\" class=\"yoast-schema-graph\">{\"@context\":\"https:\/\/schema.org\",\"@graph\":[{\"@type\":\"WebPage\",\"@id\":\"https:\/\/minifry.app\/product\/baklava-mezes-dios-edesseg-desszert\/\",\"url\":\"https:\/\/minifry.app\/product\/baklava-mezes-dios-edesseg-desszert\/\",\"name\":\"Baklava - minifry.app\",\"isPartOf\":{\"@id\":\"https:\/\/minifry.app\/#website\"},\"primaryImageOfPage\":{\"@id\":\"https:\/\/minifry.app\/product\/baklava-mezes-dios-edesseg-desszert\/#primaryimage\"},\"image\":{\"@id\":\"https:\/\/minifry.app\/product\/baklava-mezes-dios-edesseg-desszert\/#primaryimage\"},\"thumbnailUrl\":\"https:\/\/minifry.app\/wp-content\/uploads\/2025\/03\/baklava4.webp\",\"datePublished\":\"2025-03-19T08:50:18+00:00\",\"dateModified\":\"2025-07-30T13:10:40+00:00\",\"description\":\"Baklava, ami ropog\u00f3s, m\u00e9gis szaftos text\u00far\u00e1j\u00e1val t\u00f6k\u00e9letesen kieg\u00e9sz\u00edti egy \u00fcnnepi lakoma z\u00e1r\u00e1s\u00e1t vagy \u00e9pp az \u00e9des pillanatokat a mindennapokban.\",\"breadcrumb\":{\"@id\":\"https:\/\/minifry.app\/product\/baklava-mezes-dios-edesseg-desszert\/#breadcrumb\"},\"inLanguage\":\"ro-RO\",\"potentialAction\":[{\"@type\":\"ReadAction\",\"target\":[\"https:\/\/minifry.app\/product\/baklava-mezes-dios-edesseg-desszert\/\"]}]},{\"@type\":\"ImageObject\",\"inLanguage\":\"ro-RO\",\"@id\":\"https:\/\/minifry.app\/product\/baklava-mezes-dios-edesseg-desszert\/#primaryimage\",\"url\":\"https:\/\/minifry.app\/wp-content\/uploads\/2025\/03\/baklava4.webp\",\"contentUrl\":\"https:\/\/minifry.app\/wp-content\/uploads\/2025\/03\/baklava4.webp\",\"width\":750,\"height\":422,\"caption\":\"baklava t\u00f6r\u00f6k \u00e9des m\u00e9zes di\u00f3s piszt\u00e1ci\u00e1s \u00e9dess\u00e9g finom minifry.app\"},{\"@type\":\"BreadcrumbList\",\"@id\":\"https:\/\/minifry.app\/product\/baklava-mezes-dios-edesseg-desszert\/#breadcrumb\",\"itemListElement\":[{\"@type\":\"ListItem\",\"position\":1,\"name\":\"Kezd\u0151lap\",\"item\":\"https:\/\/minifry.app\/\"},{\"@type\":\"ListItem\",\"position\":2,\"name\":\"K\u00edn\u00e1latunk\",\"item\":\"https:\/\/minifry.app\/shop\/\"},{\"@type\":\"ListItem\",\"position\":3,\"name\":\"Baklava\"}]},{\"@type\":\"WebSite\",\"@id\":\"https:\/\/minifry.app\/#website\",\"url\":\"https:\/\/minifry.app\/\",\"name\":\"minifry.app\",\"description\":\"\",\"publisher\":{\"@id\":\"https:\/\/minifry.app\/#organization\"},\"potentialAction\":[{\"@type\":\"SearchAction\",\"target\":{\"@type\":\"EntryPoint\",\"urlTemplate\":\"https:\/\/minifry.app\/?s={search_term_string}\"},\"query-input\":{\"@type\":\"PropertyValueSpecification\",\"valueRequired\":true,\"valueName\":\"search_term_string\"}}],\"inLanguage\":\"ro-RO\"},{\"@type\":\"Organization\",\"@id\":\"https:\/\/minifry.app\/#organization\",\"name\":\"DBVCORP SRL\",\"url\":\"https:\/\/minifry.app\/\",\"logo\":{\"@type\":\"ImageObject\",\"inLanguage\":\"ro-RO\",\"@id\":\"https:\/\/minifry.app\/#\/schema\/logo\/image\/\",\"url\":\"https:\/\/minifry.app\/wp-content\/uploads\/2025\/03\/cropped-logo-uj-20-x-15-cm-20-x-10-cm-masolata_20250314_103645_0000.png\",\"contentUrl\":\"https:\/\/minifry.app\/wp-content\/uploads\/2025\/03\/cropped-logo-uj-20-x-15-cm-20-x-10-cm-masolata_20250314_103645_0000.png\",\"width\":1992,\"height\":674,\"caption\":\"DBVCORP SRL\"},\"image\":{\"@id\":\"https:\/\/minifry.app\/#\/schema\/logo\/image\/\"}}]}<\/script>\n<!-- \/ Yoast SEO plugin. -->","yoast_head_json":{"title":"Baklava - minifry.app","description":"Baklava, ami ropog\u00f3s, m\u00e9gis szaftos text\u00far\u00e1j\u00e1val t\u00f6k\u00e9letesen kieg\u00e9sz\u00edti egy \u00fcnnepi lakoma z\u00e1r\u00e1s\u00e1t vagy \u00e9pp az \u00e9des pillanatokat a mindennapokban.","robots":{"index":"index","follow":"follow","max-snippet":"max-snippet:-1","max-image-preview":"max-image-preview:large","max-video-preview":"max-video-preview:-1"},"canonical":"https:\/\/minifry.app\/ro\/product\/baklava-mezes-dios-edesseg-desszert\/","og_locale":"ro_RO","og_type":"article","og_title":"Baklava - minifry.app","og_description":"Baklava, ami ropog\u00f3s, m\u00e9gis szaftos text\u00far\u00e1j\u00e1val t\u00f6k\u00e9letesen kieg\u00e9sz\u00edti egy \u00fcnnepi lakoma z\u00e1r\u00e1s\u00e1t vagy \u00e9pp az \u00e9des pillanatokat a mindennapokban.","og_url":"https:\/\/minifry.app\/ro\/product\/baklava-mezes-dios-edesseg-desszert\/","og_site_name":"minifry.app","article_modified_time":"2025-07-30T13:10:40+00:00","og_image":[{"width":750,"height":422,"url":"https:\/\/minifry.app\/wp-content\/uploads\/2025\/03\/baklava4.webp","type":"image\/webp"}],"twitter_card":"summary_large_image","twitter_misc":{"Timp estimat pentru citire":"1 minut"},"schema":{"@context":"https:\/\/schema.org","@graph":[{"@type":"WebPage","@id":"https:\/\/minifry.app\/product\/baklava-mezes-dios-edesseg-desszert\/","url":"https:\/\/minifry.app\/product\/baklava-mezes-dios-edesseg-desszert\/","name":"Baklava - minifry.app","isPartOf":{"@id":"https:\/\/minifry.app\/#website"},"primaryImageOfPage":{"@id":"https:\/\/minifry.app\/product\/baklava-mezes-dios-edesseg-desszert\/#primaryimage"},"image":{"@id":"https:\/\/minifry.app\/product\/baklava-mezes-dios-edesseg-desszert\/#primaryimage"},"thumbnailUrl":"https:\/\/minifry.app\/wp-content\/uploads\/2025\/03\/baklava4.webp","datePublished":"2025-03-19T08:50:18+00:00","dateModified":"2025-07-30T13:10:40+00:00","description":"Baklava, ami ropog\u00f3s, m\u00e9gis szaftos text\u00far\u00e1j\u00e1val t\u00f6k\u00e9letesen kieg\u00e9sz\u00edti egy \u00fcnnepi lakoma z\u00e1r\u00e1s\u00e1t vagy \u00e9pp az \u00e9des pillanatokat a mindennapokban.","breadcrumb":{"@id":"https:\/\/minifry.app\/product\/baklava-mezes-dios-edesseg-desszert\/#breadcrumb"},"inLanguage":"ro-RO","potentialAction":[{"@type":"ReadAction","target":["https:\/\/minifry.app\/product\/baklava-mezes-dios-edesseg-desszert\/"]}]},{"@type":"ImageObject","inLanguage":"ro-RO","@id":"https:\/\/minifry.app\/product\/baklava-mezes-dios-edesseg-desszert\/#primaryimage","url":"https:\/\/minifry.app\/wp-content\/uploads\/2025\/03\/baklava4.webp","contentUrl":"https:\/\/minifry.app\/wp-content\/uploads\/2025\/03\/baklava4.webp","width":750,"height":422,"caption":"baklava t\u00f6r\u00f6k \u00e9des m\u00e9zes di\u00f3s piszt\u00e1ci\u00e1s \u00e9dess\u00e9g finom minifry.app"},{"@type":"BreadcrumbList","@id":"https:\/\/minifry.app\/product\/baklava-mezes-dios-edesseg-desszert\/#breadcrumb","itemListElement":[{"@type":"ListItem","position":1,"name":"Kezd\u0151lap","item":"https:\/\/minifry.app\/"},{"@type":"ListItem","position":2,"name":"K\u00edn\u00e1latunk","item":"https:\/\/minifry.app\/shop\/"},{"@type":"ListItem","position":3,"name":"Baklava"}]},{"@type":"WebSite","@id":"https:\/\/minifry.app\/#website","url":"https:\/\/minifry.app\/","name":"minifry.app","description":"","publisher":{"@id":"https:\/\/minifry.app\/#organization"},"potentialAction":[{"@type":"SearchAction","target":{"@type":"EntryPoint","urlTemplate":"https:\/\/minifry.app\/?s={search_term_string}"},"query-input":{"@type":"PropertyValueSpecification","valueRequired":true,"valueName":"search_term_string"}}],"inLanguage":"ro-RO"},{"@type":"Organization","@id":"https:\/\/minifry.app\/#organization","name":"DBVCORP SRL","url":"https:\/\/minifry.app\/","logo":{"@type":"ImageObject","inLanguage":"ro-RO","@id":"https:\/\/minifry.app\/#\/schema\/logo\/image\/","url":"https:\/\/minifry.app\/wp-content\/uploads\/2025\/03\/cropped-logo-uj-20-x-15-cm-20-x-10-cm-masolata_20250314_103645_0000.png","contentUrl":"https:\/\/minifry.app\/wp-content\/uploads\/2025\/03\/cropped-logo-uj-20-x-15-cm-20-x-10-cm-masolata_20250314_103645_0000.png","width":1992,"height":674,"caption":"DBVCORP SRL"},"image":{"@id":"https:\/\/minifry.app\/#\/schema\/logo\/image\/"}}]}},"_links":{"self":[{"href":"https:\/\/minifry.app\/ro\/wp-json\/wp\/v2\/product\/1422","targetHints":{"allow":["GET"]}}],"collection":[{"href":"https:\/\/minifry.app\/ro\/wp-json\/wp\/v2\/product"}],"about":[{"href":"https:\/\/minifry.app\/ro\/wp-json\/wp\/v2\/types\/product"}],"wp:featuredmedia":[{"embeddable":true,"href":"https:\/\/minifry.app\/ro\/wp-json\/wp\/v2\/media\/1423"}],"wp:attachment":[{"href":"https:\/\/minifry.app\/ro\/wp-json\/wp\/v2\/media?parent=1422"}],"wp:term":[{"taxonomy":"product_brand","embeddable":true,"href":"https:\/\/minifry.app\/ro\/wp-json\/wp\/v2\/product_brand?post=1422"},{"taxonomy":"product_cat","embeddable":true,"href":"https:\/\/minifry.app\/ro\/wp-json\/wp\/v2\/product_cat?post=1422"},{"taxonomy":"product_tag","embeddable":true,"href":"https:\/\/minifry.app\/ro\/wp-json\/wp\/v2\/product_tag?post=1422"}],"curies":[{"name":"wp","href":"https:\/\/api.w.org\/{rel}","templated":true}]}}