{"id":1415,"date":"2025-03-18T11:06:48","date_gmt":"2025-03-18T09:06:48","guid":{"rendered":"https:\/\/minifry.app\/?post_type=product&#038;p=1415"},"modified":"2025-07-30T15:18:53","modified_gmt":"2025-07-30T13:18:53","slug":"nuggets-csirkefalatok-gyerekek-kedvence","status":"publish","type":"product","link":"https:\/\/minifry.app\/ro\/product\/nuggets-csirkefalatok-gyerekek-kedvence\/","title":{"rendered":"Nuggets"},"content":{"rendered":"<p>Nuggets pe care copiii nu se pot s\u0103tura de ele! Crocante, aurii, cu carne de pui suculent\u0103 \u00een interior, care te cucere\u0219te la fiecare \u00eembuc\u0103tur\u0103. Minunea gustoas\u0103 este preferat\u0103 de cei mici. Carne de pui perfect pane, pe care \u0219i adul\u021bii o vor termina cu pl\u0103cere! Fiecare \u00eembuc\u0103tur\u0103 aduce momente de veselie.<\/p>\n<p>\u00cencearc\u0103 \u0219i Nuggets Pack-ul!<\/p>","protected":false},"excerpt":{"rendered":"<p><strong data-start=\"700\" data-end=\"761\">\u201eNuggets crocante care vor face ochii copiilor s\u0103 str\u0103luceasc\u0103!\u201d<\/strong><br data-start=\"761\" data-end=\"764\" \/>Buc\u0103\u021bele perfect pane, de un auriu apetisant, care vor fi rapid luate de micii \u0219i marii gurmanzi!<\/p>","protected":false},"featured_media":1418,"template":"","meta":[],"product_brand":[],"product_cat":[38],"product_tag":[261,89,84,260,259,257,258],"class_list":{"0":"post-1415","1":"product","2":"type-product","3":"status-publish","4":"has-post-thumbnail","6":"product_cat-gyors-etelek-hu","7":"product_tag-csirkehusi","8":"product_tag-finom","9":"product_tag-friss","10":"product_tag-gyerekek","11":"product_tag-nuggets","12":"product_tag-omlos","13":"product_tag-puha","15":"first","16":"instock","17":"shipping-taxable","18":"purchasable","19":"product-type-simple"},"yoast_head":"<!-- This site is optimized with the Yoast SEO plugin v24.5 - https:\/\/yoast.com\/wordpress\/plugins\/seo\/ -->\n<title>Nuggets - minifry.app<\/title>\n<meta name=\"description\" content=\"Nuggets \u2013 a gyerekek mosolyg\u00f3s kedvence! Ropog\u00f3s k\u00edv\u00fcl, oml\u00f3s bel\u00fcl, pont akkora falatokban, amit szeretnek a gyerekek. Minden falat boldogs\u00e1g.\" \/>\n<meta name=\"robots\" content=\"index, follow, max-snippet:-1, max-image-preview:large, max-video-preview:-1\" \/>\n<link rel=\"canonical\" href=\"https:\/\/minifry.app\/ro\/product\/nuggets-csirkefalatok-gyerekek-kedvence\/\" \/>\n<meta property=\"og:locale\" content=\"ro_RO\" \/>\n<meta property=\"og:type\" content=\"article\" \/>\n<meta property=\"og:title\" content=\"Nuggets - minifry.app\" \/>\n<meta property=\"og:description\" content=\"Nuggets \u2013 a gyerekek mosolyg\u00f3s kedvence! Ropog\u00f3s k\u00edv\u00fcl, oml\u00f3s bel\u00fcl, pont akkora falatokban, amit szeretnek a gyerekek. Minden falat boldogs\u00e1g.\" \/>\n<meta property=\"og:url\" content=\"https:\/\/minifry.app\/ro\/product\/nuggets-csirkefalatok-gyerekek-kedvence\/\" \/>\n<meta property=\"og:site_name\" content=\"minifry.app\" \/>\n<meta property=\"article:modified_time\" content=\"2025-07-30T13:18:53+00:00\" \/>\n<meta property=\"og:image\" content=\"https:\/\/minifry.app\/wp-content\/uploads\/2025\/03\/nuggets.png\" \/>\n\t<meta property=\"og:image:width\" content=\"448\" \/>\n\t<meta property=\"og:image:height\" content=\"366\" \/>\n\t<meta property=\"og:image:type\" content=\"image\/png\" \/>\n<meta name=\"twitter:card\" content=\"summary_large_image\" \/>\n<meta name=\"twitter:label1\" content=\"Timp estimat pentru citire\" \/>\n\t<meta name=\"twitter:data1\" content=\"1 minut\" \/>\n<script type=\"application\/ld+json\" class=\"yoast-schema-graph\">{\"@context\":\"https:\/\/schema.org\",\"@graph\":[{\"@type\":\"WebPage\",\"@id\":\"https:\/\/minifry.app\/product\/nuggets-csirkefalatok-gyerekek-kedvence\/\",\"url\":\"https:\/\/minifry.app\/product\/nuggets-csirkefalatok-gyerekek-kedvence\/\",\"name\":\"Nuggets - minifry.app\",\"isPartOf\":{\"@id\":\"https:\/\/minifry.app\/#website\"},\"primaryImageOfPage\":{\"@id\":\"https:\/\/minifry.app\/product\/nuggets-csirkefalatok-gyerekek-kedvence\/#primaryimage\"},\"image\":{\"@id\":\"https:\/\/minifry.app\/product\/nuggets-csirkefalatok-gyerekek-kedvence\/#primaryimage\"},\"thumbnailUrl\":\"https:\/\/minifry.app\/wp-content\/uploads\/2025\/03\/nuggets.png\",\"datePublished\":\"2025-03-18T09:06:48+00:00\",\"dateModified\":\"2025-07-30T13:18:53+00:00\",\"description\":\"Nuggets \u2013 a gyerekek mosolyg\u00f3s kedvence! Ropog\u00f3s k\u00edv\u00fcl, oml\u00f3s bel\u00fcl, pont akkora falatokban, amit szeretnek a gyerekek. Minden falat boldogs\u00e1g.\",\"breadcrumb\":{\"@id\":\"https:\/\/minifry.app\/product\/nuggets-csirkefalatok-gyerekek-kedvence\/#breadcrumb\"},\"inLanguage\":\"ro-RO\",\"potentialAction\":[{\"@type\":\"ReadAction\",\"target\":[\"https:\/\/minifry.app\/product\/nuggets-csirkefalatok-gyerekek-kedvence\/\"]}]},{\"@type\":\"ImageObject\",\"inLanguage\":\"ro-RO\",\"@id\":\"https:\/\/minifry.app\/product\/nuggets-csirkefalatok-gyerekek-kedvence\/#primaryimage\",\"url\":\"https:\/\/minifry.app\/wp-content\/uploads\/2025\/03\/nuggets.png\",\"contentUrl\":\"https:\/\/minifry.app\/wp-content\/uploads\/2025\/03\/nuggets.png\",\"width\":448,\"height\":366,\"caption\":\"nuggets minden gyerek kedvence finom friss oml\u00f3s csirkehusi minifry.app\"},{\"@type\":\"BreadcrumbList\",\"@id\":\"https:\/\/minifry.app\/product\/nuggets-csirkefalatok-gyerekek-kedvence\/#breadcrumb\",\"itemListElement\":[{\"@type\":\"ListItem\",\"position\":1,\"name\":\"Kezd\u0151lap\",\"item\":\"https:\/\/minifry.app\/\"},{\"@type\":\"ListItem\",\"position\":2,\"name\":\"K\u00edn\u00e1latunk\",\"item\":\"https:\/\/minifry.app\/shop\/\"},{\"@type\":\"ListItem\",\"position\":3,\"name\":\"Nuggets\"}]},{\"@type\":\"WebSite\",\"@id\":\"https:\/\/minifry.app\/#website\",\"url\":\"https:\/\/minifry.app\/\",\"name\":\"minifry.app\",\"description\":\"\",\"publisher\":{\"@id\":\"https:\/\/minifry.app\/#organization\"},\"potentialAction\":[{\"@type\":\"SearchAction\",\"target\":{\"@type\":\"EntryPoint\",\"urlTemplate\":\"https:\/\/minifry.app\/?s={search_term_string}\"},\"query-input\":{\"@type\":\"PropertyValueSpecification\",\"valueRequired\":true,\"valueName\":\"search_term_string\"}}],\"inLanguage\":\"ro-RO\"},{\"@type\":\"Organization\",\"@id\":\"https:\/\/minifry.app\/#organization\",\"name\":\"DBVCORP SRL\",\"url\":\"https:\/\/minifry.app\/\",\"logo\":{\"@type\":\"ImageObject\",\"inLanguage\":\"ro-RO\",\"@id\":\"https:\/\/minifry.app\/#\/schema\/logo\/image\/\",\"url\":\"https:\/\/minifry.app\/wp-content\/uploads\/2025\/03\/cropped-logo-uj-20-x-15-cm-20-x-10-cm-masolata_20250314_103645_0000.png\",\"contentUrl\":\"https:\/\/minifry.app\/wp-content\/uploads\/2025\/03\/cropped-logo-uj-20-x-15-cm-20-x-10-cm-masolata_20250314_103645_0000.png\",\"width\":1992,\"height\":674,\"caption\":\"DBVCORP SRL\"},\"image\":{\"@id\":\"https:\/\/minifry.app\/#\/schema\/logo\/image\/\"}}]}<\/script>\n<!-- \/ Yoast SEO plugin. -->","yoast_head_json":{"title":"Nuggets - minifry.app","description":"Nuggets \u2013 a gyerekek mosolyg\u00f3s kedvence! Ropog\u00f3s k\u00edv\u00fcl, oml\u00f3s bel\u00fcl, pont akkora falatokban, amit szeretnek a gyerekek. Minden falat boldogs\u00e1g.","robots":{"index":"index","follow":"follow","max-snippet":"max-snippet:-1","max-image-preview":"max-image-preview:large","max-video-preview":"max-video-preview:-1"},"canonical":"https:\/\/minifry.app\/ro\/product\/nuggets-csirkefalatok-gyerekek-kedvence\/","og_locale":"ro_RO","og_type":"article","og_title":"Nuggets - minifry.app","og_description":"Nuggets \u2013 a gyerekek mosolyg\u00f3s kedvence! Ropog\u00f3s k\u00edv\u00fcl, oml\u00f3s bel\u00fcl, pont akkora falatokban, amit szeretnek a gyerekek. Minden falat boldogs\u00e1g.","og_url":"https:\/\/minifry.app\/ro\/product\/nuggets-csirkefalatok-gyerekek-kedvence\/","og_site_name":"minifry.app","article_modified_time":"2025-07-30T13:18:53+00:00","og_image":[{"width":448,"height":366,"url":"https:\/\/minifry.app\/wp-content\/uploads\/2025\/03\/nuggets.png","type":"image\/png"}],"twitter_card":"summary_large_image","twitter_misc":{"Timp estimat pentru citire":"1 minut"},"schema":{"@context":"https:\/\/schema.org","@graph":[{"@type":"WebPage","@id":"https:\/\/minifry.app\/product\/nuggets-csirkefalatok-gyerekek-kedvence\/","url":"https:\/\/minifry.app\/product\/nuggets-csirkefalatok-gyerekek-kedvence\/","name":"Nuggets - minifry.app","isPartOf":{"@id":"https:\/\/minifry.app\/#website"},"primaryImageOfPage":{"@id":"https:\/\/minifry.app\/product\/nuggets-csirkefalatok-gyerekek-kedvence\/#primaryimage"},"image":{"@id":"https:\/\/minifry.app\/product\/nuggets-csirkefalatok-gyerekek-kedvence\/#primaryimage"},"thumbnailUrl":"https:\/\/minifry.app\/wp-content\/uploads\/2025\/03\/nuggets.png","datePublished":"2025-03-18T09:06:48+00:00","dateModified":"2025-07-30T13:18:53+00:00","description":"Nuggets \u2013 a gyerekek mosolyg\u00f3s kedvence! Ropog\u00f3s k\u00edv\u00fcl, oml\u00f3s bel\u00fcl, pont akkora falatokban, amit szeretnek a gyerekek. Minden falat boldogs\u00e1g.","breadcrumb":{"@id":"https:\/\/minifry.app\/product\/nuggets-csirkefalatok-gyerekek-kedvence\/#breadcrumb"},"inLanguage":"ro-RO","potentialAction":[{"@type":"ReadAction","target":["https:\/\/minifry.app\/product\/nuggets-csirkefalatok-gyerekek-kedvence\/"]}]},{"@type":"ImageObject","inLanguage":"ro-RO","@id":"https:\/\/minifry.app\/product\/nuggets-csirkefalatok-gyerekek-kedvence\/#primaryimage","url":"https:\/\/minifry.app\/wp-content\/uploads\/2025\/03\/nuggets.png","contentUrl":"https:\/\/minifry.app\/wp-content\/uploads\/2025\/03\/nuggets.png","width":448,"height":366,"caption":"nuggets minden gyerek kedvence finom friss oml\u00f3s csirkehusi minifry.app"},{"@type":"BreadcrumbList","@id":"https:\/\/minifry.app\/product\/nuggets-csirkefalatok-gyerekek-kedvence\/#breadcrumb","itemListElement":[{"@type":"ListItem","position":1,"name":"Kezd\u0151lap","item":"https:\/\/minifry.app\/"},{"@type":"ListItem","position":2,"name":"K\u00edn\u00e1latunk","item":"https:\/\/minifry.app\/shop\/"},{"@type":"ListItem","position":3,"name":"Nuggets"}]},{"@type":"WebSite","@id":"https:\/\/minifry.app\/#website","url":"https:\/\/minifry.app\/","name":"minifry.app","description":"","publisher":{"@id":"https:\/\/minifry.app\/#organization"},"potentialAction":[{"@type":"SearchAction","target":{"@type":"EntryPoint","urlTemplate":"https:\/\/minifry.app\/?s={search_term_string}"},"query-input":{"@type":"PropertyValueSpecification","valueRequired":true,"valueName":"search_term_string"}}],"inLanguage":"ro-RO"},{"@type":"Organization","@id":"https:\/\/minifry.app\/#organization","name":"DBVCORP SRL","url":"https:\/\/minifry.app\/","logo":{"@type":"ImageObject","inLanguage":"ro-RO","@id":"https:\/\/minifry.app\/#\/schema\/logo\/image\/","url":"https:\/\/minifry.app\/wp-content\/uploads\/2025\/03\/cropped-logo-uj-20-x-15-cm-20-x-10-cm-masolata_20250314_103645_0000.png","contentUrl":"https:\/\/minifry.app\/wp-content\/uploads\/2025\/03\/cropped-logo-uj-20-x-15-cm-20-x-10-cm-masolata_20250314_103645_0000.png","width":1992,"height":674,"caption":"DBVCORP SRL"},"image":{"@id":"https:\/\/minifry.app\/#\/schema\/logo\/image\/"}}]}},"_links":{"self":[{"href":"https:\/\/minifry.app\/ro\/wp-json\/wp\/v2\/product\/1415","targetHints":{"allow":["GET"]}}],"collection":[{"href":"https:\/\/minifry.app\/ro\/wp-json\/wp\/v2\/product"}],"about":[{"href":"https:\/\/minifry.app\/ro\/wp-json\/wp\/v2\/types\/product"}],"wp:featuredmedia":[{"embeddable":true,"href":"https:\/\/minifry.app\/ro\/wp-json\/wp\/v2\/media\/1418"}],"wp:attachment":[{"href":"https:\/\/minifry.app\/ro\/wp-json\/wp\/v2\/media?parent=1415"}],"wp:term":[{"taxonomy":"product_brand","embeddable":true,"href":"https:\/\/minifry.app\/ro\/wp-json\/wp\/v2\/product_brand?post=1415"},{"taxonomy":"product_cat","embeddable":true,"href":"https:\/\/minifry.app\/ro\/wp-json\/wp\/v2\/product_cat?post=1415"},{"taxonomy":"product_tag","embeddable":true,"href":"https:\/\/minifry.app\/ro\/wp-json\/wp\/v2\/product_tag?post=1415"}],"curies":[{"name":"wp","href":"https:\/\/api.w.org\/{rel}","templated":true}]}}