{"id":1413,"date":"2025-03-18T10:42:28","date_gmt":"2025-03-18T08:42:28","guid":{"rendered":"https:\/\/minifry.app\/?post_type=product&#038;p=1413"},"modified":"2025-07-30T15:10:39","modified_gmt":"2025-07-30T13:10:39","slug":"aranybarna-ropogos-rantott-csirkecombok","status":"publish","type":"product","link":"https:\/\/minifry.app\/ro\/product\/aranybarna-ropogos-rantott-csirkecombok\/","title":{"rendered":"Pulp\u0103 de Pui Pane Crocante"},"content":{"rendered":"<p>Pulp\u0103 de pui pane crocante, care \u00ee\u021bi fac poft\u0103 de m\u00e2ncare! \u00cent\u00e2lnirea dintre o panad\u0103 aurie \u0219i crocant\u0103 \u0219i un interior suculent \u0219i fraged. O gustare perfect\u0103 dac\u0103 \u00ee\u021bi dore\u0219ti ceva cu adev\u0103rat delicios! Fiecare mu\u0219c\u0103tur\u0103 este crocant\u0103, iar gustul te va cuceri cu siguran\u021b\u0103!<\/p>\n<p>Urmeaz\u0103 Aripioarele de pui Barbecue!<\/p>","protected":false},"excerpt":{"rendered":"<p><strong data-start=\"93\" data-end=\"159\">Pulp\u0103 de pui crocant\u0103, rumenit\u0103 perfect, care te face s\u0103 opre\u0219ti timpul \u00een loc!<\/strong><br data-start=\"159\" data-end=\"162\" \/>La exterior o panad\u0103 groas\u0103 \u0219i condimentat\u0103, iar \u00een interior carne suculent\u0103 \u0219i fraged\u0103. O mu\u0219c\u0103tur\u0103 \u0219i te va cuceri garantat!<\/p>","protected":false},"featured_media":1414,"template":"","meta":[],"product_brand":[],"product_cat":[38],"product_tag":[256,84,257,254,258,81,90],"class_list":{"0":"post-1413","1":"product","2":"type-product","3":"status-publish","4":"has-post-thumbnail","6":"product_cat-gyors-etelek-hu","7":"product_tag-csirkecombok","8":"product_tag-friss","9":"product_tag-omlos","10":"product_tag-panirozott","11":"product_tag-puha","12":"product_tag-ropogos","13":"product_tag-szaftos","15":"first","16":"instock","17":"shipping-taxable","18":"purchasable","19":"product-type-simple"},"yoast_head":"<!-- This site is optimized with the Yoast SEO plugin v24.5 - https:\/\/yoast.com\/wordpress\/plugins\/seo\/ -->\n<title>Ropog\u00f3s R\u00e1ntott Csirkecombok - minifry.app<\/title>\n<meta name=\"description\" content=\"Ropog\u00f3s r\u00e1ntott csirkecombok \u2013 a klasszikus, amit nem lehet megunni. Aranysz\u00edn\u0171 bunda, t\u00f6k\u00e9letes f\u0171szerez\u00e9s, bel\u00fcl oml\u00f3s \u00e9s zamatos h\u00fas, ami megunhatatlan.\" \/>\n<meta name=\"robots\" content=\"index, follow, max-snippet:-1, max-image-preview:large, max-video-preview:-1\" \/>\n<link rel=\"canonical\" href=\"https:\/\/minifry.app\/ro\/product\/aranybarna-ropogos-rantott-csirkecombok\/\" \/>\n<meta property=\"og:locale\" content=\"ro_RO\" \/>\n<meta property=\"og:type\" content=\"article\" \/>\n<meta property=\"og:title\" content=\"Ropog\u00f3s R\u00e1ntott Csirkecombok - minifry.app\" \/>\n<meta property=\"og:description\" content=\"Ropog\u00f3s r\u00e1ntott csirkecombok \u2013 a klasszikus, amit nem lehet megunni. Aranysz\u00edn\u0171 bunda, t\u00f6k\u00e9letes f\u0171szerez\u00e9s, bel\u00fcl oml\u00f3s \u00e9s zamatos h\u00fas, ami megunhatatlan.\" \/>\n<meta property=\"og:url\" content=\"https:\/\/minifry.app\/ro\/product\/aranybarna-ropogos-rantott-csirkecombok\/\" \/>\n<meta property=\"og:site_name\" content=\"minifry.app\" \/>\n<meta property=\"article:modified_time\" content=\"2025-07-30T13:10:39+00:00\" \/>\n<meta property=\"og:image\" content=\"https:\/\/minifry.app\/wp-content\/uploads\/2025\/03\/ropogos-sult-csirkecombok.png\" \/>\n\t<meta property=\"og:image:width\" content=\"480\" \/>\n\t<meta property=\"og:image:height\" content=\"513\" \/>\n\t<meta property=\"og:image:type\" content=\"image\/png\" \/>\n<meta name=\"twitter:card\" content=\"summary_large_image\" \/>\n<meta name=\"twitter:label1\" content=\"Timp estimat pentru citire\" \/>\n\t<meta name=\"twitter:data1\" content=\"1 minut\" \/>\n<script type=\"application\/ld+json\" class=\"yoast-schema-graph\">{\"@context\":\"https:\/\/schema.org\",\"@graph\":[{\"@type\":\"WebPage\",\"@id\":\"https:\/\/minifry.app\/product\/aranybarna-ropogos-rantott-csirkecombok\/\",\"url\":\"https:\/\/minifry.app\/product\/aranybarna-ropogos-rantott-csirkecombok\/\",\"name\":\"Ropog\u00f3s R\u00e1ntott Csirkecombok - minifry.app\",\"isPartOf\":{\"@id\":\"https:\/\/minifry.app\/#website\"},\"primaryImageOfPage\":{\"@id\":\"https:\/\/minifry.app\/product\/aranybarna-ropogos-rantott-csirkecombok\/#primaryimage\"},\"image\":{\"@id\":\"https:\/\/minifry.app\/product\/aranybarna-ropogos-rantott-csirkecombok\/#primaryimage\"},\"thumbnailUrl\":\"https:\/\/minifry.app\/wp-content\/uploads\/2025\/03\/ropogos-sult-csirkecombok.png\",\"datePublished\":\"2025-03-18T08:42:28+00:00\",\"dateModified\":\"2025-07-30T13:10:39+00:00\",\"description\":\"Ropog\u00f3s r\u00e1ntott csirkecombok \u2013 a klasszikus, amit nem lehet megunni. Aranysz\u00edn\u0171 bunda, t\u00f6k\u00e9letes f\u0171szerez\u00e9s, bel\u00fcl oml\u00f3s \u00e9s zamatos h\u00fas, ami megunhatatlan.\",\"breadcrumb\":{\"@id\":\"https:\/\/minifry.app\/product\/aranybarna-ropogos-rantott-csirkecombok\/#breadcrumb\"},\"inLanguage\":\"ro-RO\",\"potentialAction\":[{\"@type\":\"ReadAction\",\"target\":[\"https:\/\/minifry.app\/product\/aranybarna-ropogos-rantott-csirkecombok\/\"]}]},{\"@type\":\"ImageObject\",\"inLanguage\":\"ro-RO\",\"@id\":\"https:\/\/minifry.app\/product\/aranybarna-ropogos-rantott-csirkecombok\/#primaryimage\",\"url\":\"https:\/\/minifry.app\/wp-content\/uploads\/2025\/03\/ropogos-sult-csirkecombok.png\",\"contentUrl\":\"https:\/\/minifry.app\/wp-content\/uploads\/2025\/03\/ropogos-sult-csirkecombok.png\",\"width\":480,\"height\":513,\"caption\":\"ropog\u00f3s s\u00fclt csirkecombok aranybarn\u00e1ra s\u00fctve finom friss f\u0171szeres oml\u00f3s minifry.app\"},{\"@type\":\"BreadcrumbList\",\"@id\":\"https:\/\/minifry.app\/product\/aranybarna-ropogos-rantott-csirkecombok\/#breadcrumb\",\"itemListElement\":[{\"@type\":\"ListItem\",\"position\":1,\"name\":\"Kezd\u0151lap\",\"item\":\"https:\/\/minifry.app\/\"},{\"@type\":\"ListItem\",\"position\":2,\"name\":\"K\u00edn\u00e1latunk\",\"item\":\"https:\/\/minifry.app\/shop\/\"},{\"@type\":\"ListItem\",\"position\":3,\"name\":\"Ropog\u00f3s R\u00e1ntott Csirkecombok\"}]},{\"@type\":\"WebSite\",\"@id\":\"https:\/\/minifry.app\/#website\",\"url\":\"https:\/\/minifry.app\/\",\"name\":\"minifry.app\",\"description\":\"\",\"publisher\":{\"@id\":\"https:\/\/minifry.app\/#organization\"},\"potentialAction\":[{\"@type\":\"SearchAction\",\"target\":{\"@type\":\"EntryPoint\",\"urlTemplate\":\"https:\/\/minifry.app\/?s={search_term_string}\"},\"query-input\":{\"@type\":\"PropertyValueSpecification\",\"valueRequired\":true,\"valueName\":\"search_term_string\"}}],\"inLanguage\":\"ro-RO\"},{\"@type\":\"Organization\",\"@id\":\"https:\/\/minifry.app\/#organization\",\"name\":\"DBVCORP SRL\",\"url\":\"https:\/\/minifry.app\/\",\"logo\":{\"@type\":\"ImageObject\",\"inLanguage\":\"ro-RO\",\"@id\":\"https:\/\/minifry.app\/#\/schema\/logo\/image\/\",\"url\":\"https:\/\/minifry.app\/wp-content\/uploads\/2025\/03\/cropped-logo-uj-20-x-15-cm-20-x-10-cm-masolata_20250314_103645_0000.png\",\"contentUrl\":\"https:\/\/minifry.app\/wp-content\/uploads\/2025\/03\/cropped-logo-uj-20-x-15-cm-20-x-10-cm-masolata_20250314_103645_0000.png\",\"width\":1992,\"height\":674,\"caption\":\"DBVCORP SRL\"},\"image\":{\"@id\":\"https:\/\/minifry.app\/#\/schema\/logo\/image\/\"}}]}<\/script>\n<!-- \/ Yoast SEO plugin. -->","yoast_head_json":{"title":"Ropog\u00f3s R\u00e1ntott Csirkecombok - minifry.app","description":"Ropog\u00f3s r\u00e1ntott csirkecombok \u2013 a klasszikus, amit nem lehet megunni. Aranysz\u00edn\u0171 bunda, t\u00f6k\u00e9letes f\u0171szerez\u00e9s, bel\u00fcl oml\u00f3s \u00e9s zamatos h\u00fas, ami megunhatatlan.","robots":{"index":"index","follow":"follow","max-snippet":"max-snippet:-1","max-image-preview":"max-image-preview:large","max-video-preview":"max-video-preview:-1"},"canonical":"https:\/\/minifry.app\/ro\/product\/aranybarna-ropogos-rantott-csirkecombok\/","og_locale":"ro_RO","og_type":"article","og_title":"Ropog\u00f3s R\u00e1ntott Csirkecombok - minifry.app","og_description":"Ropog\u00f3s r\u00e1ntott csirkecombok \u2013 a klasszikus, amit nem lehet megunni. Aranysz\u00edn\u0171 bunda, t\u00f6k\u00e9letes f\u0171szerez\u00e9s, bel\u00fcl oml\u00f3s \u00e9s zamatos h\u00fas, ami megunhatatlan.","og_url":"https:\/\/minifry.app\/ro\/product\/aranybarna-ropogos-rantott-csirkecombok\/","og_site_name":"minifry.app","article_modified_time":"2025-07-30T13:10:39+00:00","og_image":[{"width":480,"height":513,"url":"https:\/\/minifry.app\/wp-content\/uploads\/2025\/03\/ropogos-sult-csirkecombok.png","type":"image\/png"}],"twitter_card":"summary_large_image","twitter_misc":{"Timp estimat pentru citire":"1 minut"},"schema":{"@context":"https:\/\/schema.org","@graph":[{"@type":"WebPage","@id":"https:\/\/minifry.app\/product\/aranybarna-ropogos-rantott-csirkecombok\/","url":"https:\/\/minifry.app\/product\/aranybarna-ropogos-rantott-csirkecombok\/","name":"Ropog\u00f3s R\u00e1ntott Csirkecombok - minifry.app","isPartOf":{"@id":"https:\/\/minifry.app\/#website"},"primaryImageOfPage":{"@id":"https:\/\/minifry.app\/product\/aranybarna-ropogos-rantott-csirkecombok\/#primaryimage"},"image":{"@id":"https:\/\/minifry.app\/product\/aranybarna-ropogos-rantott-csirkecombok\/#primaryimage"},"thumbnailUrl":"https:\/\/minifry.app\/wp-content\/uploads\/2025\/03\/ropogos-sult-csirkecombok.png","datePublished":"2025-03-18T08:42:28+00:00","dateModified":"2025-07-30T13:10:39+00:00","description":"Ropog\u00f3s r\u00e1ntott csirkecombok \u2013 a klasszikus, amit nem lehet megunni. Aranysz\u00edn\u0171 bunda, t\u00f6k\u00e9letes f\u0171szerez\u00e9s, bel\u00fcl oml\u00f3s \u00e9s zamatos h\u00fas, ami megunhatatlan.","breadcrumb":{"@id":"https:\/\/minifry.app\/product\/aranybarna-ropogos-rantott-csirkecombok\/#breadcrumb"},"inLanguage":"ro-RO","potentialAction":[{"@type":"ReadAction","target":["https:\/\/minifry.app\/product\/aranybarna-ropogos-rantott-csirkecombok\/"]}]},{"@type":"ImageObject","inLanguage":"ro-RO","@id":"https:\/\/minifry.app\/product\/aranybarna-ropogos-rantott-csirkecombok\/#primaryimage","url":"https:\/\/minifry.app\/wp-content\/uploads\/2025\/03\/ropogos-sult-csirkecombok.png","contentUrl":"https:\/\/minifry.app\/wp-content\/uploads\/2025\/03\/ropogos-sult-csirkecombok.png","width":480,"height":513,"caption":"ropog\u00f3s s\u00fclt csirkecombok aranybarn\u00e1ra s\u00fctve finom friss f\u0171szeres oml\u00f3s minifry.app"},{"@type":"BreadcrumbList","@id":"https:\/\/minifry.app\/product\/aranybarna-ropogos-rantott-csirkecombok\/#breadcrumb","itemListElement":[{"@type":"ListItem","position":1,"name":"Kezd\u0151lap","item":"https:\/\/minifry.app\/"},{"@type":"ListItem","position":2,"name":"K\u00edn\u00e1latunk","item":"https:\/\/minifry.app\/shop\/"},{"@type":"ListItem","position":3,"name":"Ropog\u00f3s R\u00e1ntott Csirkecombok"}]},{"@type":"WebSite","@id":"https:\/\/minifry.app\/#website","url":"https:\/\/minifry.app\/","name":"minifry.app","description":"","publisher":{"@id":"https:\/\/minifry.app\/#organization"},"potentialAction":[{"@type":"SearchAction","target":{"@type":"EntryPoint","urlTemplate":"https:\/\/minifry.app\/?s={search_term_string}"},"query-input":{"@type":"PropertyValueSpecification","valueRequired":true,"valueName":"search_term_string"}}],"inLanguage":"ro-RO"},{"@type":"Organization","@id":"https:\/\/minifry.app\/#organization","name":"DBVCORP SRL","url":"https:\/\/minifry.app\/","logo":{"@type":"ImageObject","inLanguage":"ro-RO","@id":"https:\/\/minifry.app\/#\/schema\/logo\/image\/","url":"https:\/\/minifry.app\/wp-content\/uploads\/2025\/03\/cropped-logo-uj-20-x-15-cm-20-x-10-cm-masolata_20250314_103645_0000.png","contentUrl":"https:\/\/minifry.app\/wp-content\/uploads\/2025\/03\/cropped-logo-uj-20-x-15-cm-20-x-10-cm-masolata_20250314_103645_0000.png","width":1992,"height":674,"caption":"DBVCORP SRL"},"image":{"@id":"https:\/\/minifry.app\/#\/schema\/logo\/image\/"}}]}},"_links":{"self":[{"href":"https:\/\/minifry.app\/ro\/wp-json\/wp\/v2\/product\/1413","targetHints":{"allow":["GET"]}}],"collection":[{"href":"https:\/\/minifry.app\/ro\/wp-json\/wp\/v2\/product"}],"about":[{"href":"https:\/\/minifry.app\/ro\/wp-json\/wp\/v2\/types\/product"}],"wp:featuredmedia":[{"embeddable":true,"href":"https:\/\/minifry.app\/ro\/wp-json\/wp\/v2\/media\/1414"}],"wp:attachment":[{"href":"https:\/\/minifry.app\/ro\/wp-json\/wp\/v2\/media?parent=1413"}],"wp:term":[{"taxonomy":"product_brand","embeddable":true,"href":"https:\/\/minifry.app\/ro\/wp-json\/wp\/v2\/product_brand?post=1413"},{"taxonomy":"product_cat","embeddable":true,"href":"https:\/\/minifry.app\/ro\/wp-json\/wp\/v2\/product_cat?post=1413"},{"taxonomy":"product_tag","embeddable":true,"href":"https:\/\/minifry.app\/ro\/wp-json\/wp\/v2\/product_tag?post=1413"}],"curies":[{"name":"wp","href":"https:\/\/api.w.org\/{rel}","templated":true}]}}