{"id":1408,"date":"2025-03-17T18:27:52","date_gmt":"2025-03-17T16:27:52","guid":{"rendered":"https:\/\/minifry.app\/?post_type=product&#038;p=1408"},"modified":"2025-07-30T15:32:13","modified_gmt":"2025-07-30T13:32:13","slug":"barbecue-csirkeszarnyak-finom-szaftos-ropogos","status":"publish","type":"product","link":"https:\/\/minifry.app\/ro\/product\/barbecue-csirkeszarnyak-finom-szaftos-ropogos\/","title":{"rendered":"Aripioara de Pui Barbecue"},"content":{"rendered":"<p>Aripile de pui barbecue sunt perfect g\u0103tite, crocante la exterior \u0219i suculente la interior. Sosul barbecue afumat \u0219i dulce \u00eembog\u0103\u021be\u0219te fiecare mu\u0219c\u0103tur\u0103, oferind cea mai delicioas\u0103 experien\u021b\u0103 de gust. Crocante, condimentate \u0219i exact at\u00e2t de gustoase pe c\u00e2t trebuie s\u0103 fie \u2013 pur \u0219i simplu de neoprim!<\/p>\n<p>\u00cencearc\u0103 \u0219i <strong>Pulp\u0103 de Pui Pane Crocante<\/strong>!<\/p>","protected":false},"excerpt":{"rendered":"<p data-start=\"257\" data-end=\"415\"><strong>\"Aripi de Pui Barbecue, a\u0219a cum trebuie: crocante, suculente \u0219i perfect condimentate.\"<\/strong><\/p>\n<p data-start=\"257\" data-end=\"415\">Piele crocant\u0103, carne fraged\u0103 \u0219i un sos barbecue perfect echilibrat, afumat \u0219i dulce. Aceste aripi de pui vor fi cu siguran\u021b\u0103 vedetele mesei!<\/p>","protected":false},"featured_media":1410,"template":"","meta":[],"product_brand":[],"product_cat":[38],"product_tag":[249,80,89,84,81],"class_list":{"0":"post-1408","1":"product","2":"type-product","3":"status-publish","4":"has-post-thumbnail","6":"product_cat-gyors-etelek-hu","7":"product_tag-barbeque","8":"product_tag-csirkeszarny","9":"product_tag-finom","10":"product_tag-friss","11":"product_tag-ropogos","13":"first","14":"instock","15":"shipping-taxable","16":"purchasable","17":"product-type-simple"},"yoast_head":"<!-- This site is optimized with the Yoast SEO plugin v24.5 - https:\/\/yoast.com\/wordpress\/plugins\/seo\/ -->\n<title>Barbecue csirkesz\u00e1rnyak - minifry.app<\/title>\n<meta name=\"description\" content=\"Barbecue csirkesz\u00e1rnyak \u2013 f\u00fcst\u00f6s, szaftos, ropog\u00f3s. Minden falat egy \u00e9des-f\u0171szeres robban\u00e1s, ha egyszer megk\u00f3stolod garant\u00e1ltan nem lehet abbahagyni!\" \/>\n<meta name=\"robots\" content=\"index, follow, max-snippet:-1, max-image-preview:large, max-video-preview:-1\" \/>\n<link rel=\"canonical\" href=\"https:\/\/minifry.app\/ro\/product\/barbecue-csirkeszarnyak-finom-szaftos-ropogos\/\" \/>\n<meta property=\"og:locale\" content=\"ro_RO\" \/>\n<meta property=\"og:type\" content=\"article\" \/>\n<meta property=\"og:title\" content=\"Barbecue csirkesz\u00e1rnyak - minifry.app\" \/>\n<meta property=\"og:description\" content=\"Barbecue csirkesz\u00e1rnyak \u2013 f\u00fcst\u00f6s, szaftos, ropog\u00f3s. Minden falat egy \u00e9des-f\u0171szeres robban\u00e1s, ha egyszer megk\u00f3stolod garant\u00e1ltan nem lehet abbahagyni!\" \/>\n<meta property=\"og:url\" content=\"https:\/\/minifry.app\/ro\/product\/barbecue-csirkeszarnyak-finom-szaftos-ropogos\/\" \/>\n<meta property=\"og:site_name\" content=\"minifry.app\" \/>\n<meta property=\"article:modified_time\" content=\"2025-07-30T13:32:13+00:00\" \/>\n<meta property=\"og:image\" content=\"https:\/\/minifry.app\/wp-content\/uploads\/2025\/03\/barbeque-csirkeszarny1-1024x847.png\" \/>\n\t<meta property=\"og:image:width\" content=\"1024\" \/>\n\t<meta property=\"og:image:height\" content=\"847\" \/>\n\t<meta property=\"og:image:type\" content=\"image\/png\" \/>\n<meta name=\"twitter:card\" content=\"summary_large_image\" \/>\n<meta name=\"twitter:label1\" content=\"Timp estimat pentru citire\" \/>\n\t<meta name=\"twitter:data1\" content=\"1 minut\" \/>\n<script type=\"application\/ld+json\" class=\"yoast-schema-graph\">{\"@context\":\"https:\/\/schema.org\",\"@graph\":[{\"@type\":\"WebPage\",\"@id\":\"https:\/\/minifry.app\/product\/barbecue-csirkeszarnyak-finom-szaftos-ropogos\/\",\"url\":\"https:\/\/minifry.app\/product\/barbecue-csirkeszarnyak-finom-szaftos-ropogos\/\",\"name\":\"Barbecue csirkesz\u00e1rnyak - minifry.app\",\"isPartOf\":{\"@id\":\"https:\/\/minifry.app\/#website\"},\"primaryImageOfPage\":{\"@id\":\"https:\/\/minifry.app\/product\/barbecue-csirkeszarnyak-finom-szaftos-ropogos\/#primaryimage\"},\"image\":{\"@id\":\"https:\/\/minifry.app\/product\/barbecue-csirkeszarnyak-finom-szaftos-ropogos\/#primaryimage\"},\"thumbnailUrl\":\"https:\/\/minifry.app\/wp-content\/uploads\/2025\/03\/barbeque-csirkeszarny1.png\",\"datePublished\":\"2025-03-17T16:27:52+00:00\",\"dateModified\":\"2025-07-30T13:32:13+00:00\",\"description\":\"Barbecue csirkesz\u00e1rnyak \u2013 f\u00fcst\u00f6s, szaftos, ropog\u00f3s. Minden falat egy \u00e9des-f\u0171szeres robban\u00e1s, ha egyszer megk\u00f3stolod garant\u00e1ltan nem lehet abbahagyni!\",\"breadcrumb\":{\"@id\":\"https:\/\/minifry.app\/product\/barbecue-csirkeszarnyak-finom-szaftos-ropogos\/#breadcrumb\"},\"inLanguage\":\"ro-RO\",\"potentialAction\":[{\"@type\":\"ReadAction\",\"target\":[\"https:\/\/minifry.app\/product\/barbecue-csirkeszarnyak-finom-szaftos-ropogos\/\"]}]},{\"@type\":\"ImageObject\",\"inLanguage\":\"ro-RO\",\"@id\":\"https:\/\/minifry.app\/product\/barbecue-csirkeszarnyak-finom-szaftos-ropogos\/#primaryimage\",\"url\":\"https:\/\/minifry.app\/wp-content\/uploads\/2025\/03\/barbeque-csirkeszarny1.png\",\"contentUrl\":\"https:\/\/minifry.app\/wp-content\/uploads\/2025\/03\/barbeque-csirkeszarny1.png\",\"width\":1355,\"height\":1121,\"caption\":\"barbecue csirkesz\u00e1rny k\u00edv\u00fcl ropog\u00f3s bel\u00fcl oml\u00f3s frissen s\u00fclt finom \u00e9des minifry.app\"},{\"@type\":\"BreadcrumbList\",\"@id\":\"https:\/\/minifry.app\/product\/barbecue-csirkeszarnyak-finom-szaftos-ropogos\/#breadcrumb\",\"itemListElement\":[{\"@type\":\"ListItem\",\"position\":1,\"name\":\"Kezd\u0151lap\",\"item\":\"https:\/\/minifry.app\/\"},{\"@type\":\"ListItem\",\"position\":2,\"name\":\"K\u00edn\u00e1latunk\",\"item\":\"https:\/\/minifry.app\/shop\/\"},{\"@type\":\"ListItem\",\"position\":3,\"name\":\"Barbecue csirkesz\u00e1rnyak\"}]},{\"@type\":\"WebSite\",\"@id\":\"https:\/\/minifry.app\/#website\",\"url\":\"https:\/\/minifry.app\/\",\"name\":\"minifry.app\",\"description\":\"\",\"publisher\":{\"@id\":\"https:\/\/minifry.app\/#organization\"},\"potentialAction\":[{\"@type\":\"SearchAction\",\"target\":{\"@type\":\"EntryPoint\",\"urlTemplate\":\"https:\/\/minifry.app\/?s={search_term_string}\"},\"query-input\":{\"@type\":\"PropertyValueSpecification\",\"valueRequired\":true,\"valueName\":\"search_term_string\"}}],\"inLanguage\":\"ro-RO\"},{\"@type\":\"Organization\",\"@id\":\"https:\/\/minifry.app\/#organization\",\"name\":\"DBVCORP SRL\",\"url\":\"https:\/\/minifry.app\/\",\"logo\":{\"@type\":\"ImageObject\",\"inLanguage\":\"ro-RO\",\"@id\":\"https:\/\/minifry.app\/#\/schema\/logo\/image\/\",\"url\":\"https:\/\/minifry.app\/wp-content\/uploads\/2025\/03\/cropped-logo-uj-20-x-15-cm-20-x-10-cm-masolata_20250314_103645_0000.png\",\"contentUrl\":\"https:\/\/minifry.app\/wp-content\/uploads\/2025\/03\/cropped-logo-uj-20-x-15-cm-20-x-10-cm-masolata_20250314_103645_0000.png\",\"width\":1992,\"height\":674,\"caption\":\"DBVCORP SRL\"},\"image\":{\"@id\":\"https:\/\/minifry.app\/#\/schema\/logo\/image\/\"}}]}<\/script>\n<!-- \/ Yoast SEO plugin. -->","yoast_head_json":{"title":"Barbecue csirkesz\u00e1rnyak - minifry.app","description":"Barbecue csirkesz\u00e1rnyak \u2013 f\u00fcst\u00f6s, szaftos, ropog\u00f3s. Minden falat egy \u00e9des-f\u0171szeres robban\u00e1s, ha egyszer megk\u00f3stolod garant\u00e1ltan nem lehet abbahagyni!","robots":{"index":"index","follow":"follow","max-snippet":"max-snippet:-1","max-image-preview":"max-image-preview:large","max-video-preview":"max-video-preview:-1"},"canonical":"https:\/\/minifry.app\/ro\/product\/barbecue-csirkeszarnyak-finom-szaftos-ropogos\/","og_locale":"ro_RO","og_type":"article","og_title":"Barbecue csirkesz\u00e1rnyak - minifry.app","og_description":"Barbecue csirkesz\u00e1rnyak \u2013 f\u00fcst\u00f6s, szaftos, ropog\u00f3s. Minden falat egy \u00e9des-f\u0171szeres robban\u00e1s, ha egyszer megk\u00f3stolod garant\u00e1ltan nem lehet abbahagyni!","og_url":"https:\/\/minifry.app\/ro\/product\/barbecue-csirkeszarnyak-finom-szaftos-ropogos\/","og_site_name":"minifry.app","article_modified_time":"2025-07-30T13:32:13+00:00","og_image":[{"width":1024,"height":847,"url":"https:\/\/minifry.app\/wp-content\/uploads\/2025\/03\/barbeque-csirkeszarny1-1024x847.png","type":"image\/png"}],"twitter_card":"summary_large_image","twitter_misc":{"Timp estimat pentru citire":"1 minut"},"schema":{"@context":"https:\/\/schema.org","@graph":[{"@type":"WebPage","@id":"https:\/\/minifry.app\/product\/barbecue-csirkeszarnyak-finom-szaftos-ropogos\/","url":"https:\/\/minifry.app\/product\/barbecue-csirkeszarnyak-finom-szaftos-ropogos\/","name":"Barbecue csirkesz\u00e1rnyak - minifry.app","isPartOf":{"@id":"https:\/\/minifry.app\/#website"},"primaryImageOfPage":{"@id":"https:\/\/minifry.app\/product\/barbecue-csirkeszarnyak-finom-szaftos-ropogos\/#primaryimage"},"image":{"@id":"https:\/\/minifry.app\/product\/barbecue-csirkeszarnyak-finom-szaftos-ropogos\/#primaryimage"},"thumbnailUrl":"https:\/\/minifry.app\/wp-content\/uploads\/2025\/03\/barbeque-csirkeszarny1.png","datePublished":"2025-03-17T16:27:52+00:00","dateModified":"2025-07-30T13:32:13+00:00","description":"Barbecue csirkesz\u00e1rnyak \u2013 f\u00fcst\u00f6s, szaftos, ropog\u00f3s. Minden falat egy \u00e9des-f\u0171szeres robban\u00e1s, ha egyszer megk\u00f3stolod garant\u00e1ltan nem lehet abbahagyni!","breadcrumb":{"@id":"https:\/\/minifry.app\/product\/barbecue-csirkeszarnyak-finom-szaftos-ropogos\/#breadcrumb"},"inLanguage":"ro-RO","potentialAction":[{"@type":"ReadAction","target":["https:\/\/minifry.app\/product\/barbecue-csirkeszarnyak-finom-szaftos-ropogos\/"]}]},{"@type":"ImageObject","inLanguage":"ro-RO","@id":"https:\/\/minifry.app\/product\/barbecue-csirkeszarnyak-finom-szaftos-ropogos\/#primaryimage","url":"https:\/\/minifry.app\/wp-content\/uploads\/2025\/03\/barbeque-csirkeszarny1.png","contentUrl":"https:\/\/minifry.app\/wp-content\/uploads\/2025\/03\/barbeque-csirkeszarny1.png","width":1355,"height":1121,"caption":"barbecue csirkesz\u00e1rny k\u00edv\u00fcl ropog\u00f3s bel\u00fcl oml\u00f3s frissen s\u00fclt finom \u00e9des minifry.app"},{"@type":"BreadcrumbList","@id":"https:\/\/minifry.app\/product\/barbecue-csirkeszarnyak-finom-szaftos-ropogos\/#breadcrumb","itemListElement":[{"@type":"ListItem","position":1,"name":"Kezd\u0151lap","item":"https:\/\/minifry.app\/"},{"@type":"ListItem","position":2,"name":"K\u00edn\u00e1latunk","item":"https:\/\/minifry.app\/shop\/"},{"@type":"ListItem","position":3,"name":"Barbecue csirkesz\u00e1rnyak"}]},{"@type":"WebSite","@id":"https:\/\/minifry.app\/#website","url":"https:\/\/minifry.app\/","name":"minifry.app","description":"","publisher":{"@id":"https:\/\/minifry.app\/#organization"},"potentialAction":[{"@type":"SearchAction","target":{"@type":"EntryPoint","urlTemplate":"https:\/\/minifry.app\/?s={search_term_string}"},"query-input":{"@type":"PropertyValueSpecification","valueRequired":true,"valueName":"search_term_string"}}],"inLanguage":"ro-RO"},{"@type":"Organization","@id":"https:\/\/minifry.app\/#organization","name":"DBVCORP SRL","url":"https:\/\/minifry.app\/","logo":{"@type":"ImageObject","inLanguage":"ro-RO","@id":"https:\/\/minifry.app\/#\/schema\/logo\/image\/","url":"https:\/\/minifry.app\/wp-content\/uploads\/2025\/03\/cropped-logo-uj-20-x-15-cm-20-x-10-cm-masolata_20250314_103645_0000.png","contentUrl":"https:\/\/minifry.app\/wp-content\/uploads\/2025\/03\/cropped-logo-uj-20-x-15-cm-20-x-10-cm-masolata_20250314_103645_0000.png","width":1992,"height":674,"caption":"DBVCORP SRL"},"image":{"@id":"https:\/\/minifry.app\/#\/schema\/logo\/image\/"}}]}},"_links":{"self":[{"href":"https:\/\/minifry.app\/ro\/wp-json\/wp\/v2\/product\/1408","targetHints":{"allow":["GET"]}}],"collection":[{"href":"https:\/\/minifry.app\/ro\/wp-json\/wp\/v2\/product"}],"about":[{"href":"https:\/\/minifry.app\/ro\/wp-json\/wp\/v2\/types\/product"}],"wp:featuredmedia":[{"embeddable":true,"href":"https:\/\/minifry.app\/ro\/wp-json\/wp\/v2\/media\/1410"}],"wp:attachment":[{"href":"https:\/\/minifry.app\/ro\/wp-json\/wp\/v2\/media?parent=1408"}],"wp:term":[{"taxonomy":"product_brand","embeddable":true,"href":"https:\/\/minifry.app\/ro\/wp-json\/wp\/v2\/product_brand?post=1408"},{"taxonomy":"product_cat","embeddable":true,"href":"https:\/\/minifry.app\/ro\/wp-json\/wp\/v2\/product_cat?post=1408"},{"taxonomy":"product_tag","embeddable":true,"href":"https:\/\/minifry.app\/ro\/wp-json\/wp\/v2\/product_tag?post=1408"}],"curies":[{"name":"wp","href":"https:\/\/api.w.org\/{rel}","templated":true}]}}