{"id":1406,"date":"2025-03-14T15:37:29","date_gmt":"2025-03-14T13:37:29","guid":{"rendered":"https:\/\/minifry.app\/?post_type=product&#038;p=1406"},"modified":"2025-07-30T15:16:35","modified_gmt":"2025-07-30T13:16:35","slug":"csirke-burger-friss-finom","status":"publish","type":"product","link":"https:\/\/minifry.app\/ro\/product\/csirke-burger-friss-finom\/","title":{"rendered":"Burger de Pui"},"content":{"rendered":"<p>Burgerul crocant de pui, cu dubl\u0103 por\u021bie de carne \u0219i br\u00e2nz\u0103, asezonat delicat, se \u00eembin\u0103 perfect cu legume proaspete \u0219i sosuri cremoase \u00eentr-o chifl\u0103 perfect\u0103. Fiecare mu\u0219c\u0103tur\u0103 este plin\u0103 de arome, prospe\u021bime \u0219i un plus de crocan\u021b\u0103. Dac\u0103 \u00ee\u021bi dore\u0219ti ceva cu adev\u0103rat delicios, nu \u00eencape \u00eendoial\u0103: burgerul de pui este alegerea ideal\u0103.<\/p>\n<p>\u00cencearc\u0103 \u0219i <strong>Burger din Porc-Vit\u0103<\/strong>!<\/p>","protected":false},"excerpt":{"rendered":"<p data-start=\"665\" data-end=\"722\"><strong data-start=\"665\" data-end=\"722\">\u201eBurger de pui \u2013 proasp\u0103t, crocant, delicios.\u201d<\/strong><\/p>\n<p data-start=\"724\" data-end=\"940\">Chifla moale \u0219i puiul suculent \u0219i crocant se \u00eembin\u0103 \u00een aceast\u0103 \u00eembuc\u0103tur\u0103 perfect\u0103. Cu legume proaspete, br\u00e2nz\u0103 cheddar \u0219i sosuri irezistibile, este o mas\u0103 adev\u0103rat\u0103 pe care nu ar trebui s\u0103 o ratezi.<\/p>","protected":false},"featured_media":1504,"template":"","meta":[],"product_brand":[],"product_cat":[38],"product_tag":[92,89,248,84,143,127],"class_list":{"0":"post-1406","1":"product","2":"type-product","3":"status-publish","4":"has-post-thumbnail","6":"product_cat-gyors-etelek-hu","7":"product_tag-csirke","8":"product_tag-finom","9":"product_tag-forro","10":"product_tag-friss","11":"product_tag-gyorsetel","12":"product_tag-hamburger","14":"first","15":"instock","16":"downloadable","17":"shipping-taxable","18":"purchasable","19":"product-type-simple"},"yoast_head":"<!-- This site is optimized with the Yoast SEO plugin v24.5 - https:\/\/yoast.com\/wordpress\/plugins\/seo\/ -->\n<title>Csirke Burger - minifry.app<\/title>\n<meta name=\"description\" content=\"A csirke burger egyszer\u0171, de nagyszer\u0171 \u2013 ropog\u00f3s h\u00fas, friss hozz\u00e1val\u00f3k, \u00e9s \u00ednycsikland\u00f3 sz\u00f3szok. Minden falat t\u00f6k\u00e9letesen laktat\u00f3 \u00e9s \u00edzes!\" \/>\n<meta name=\"robots\" content=\"index, follow, max-snippet:-1, max-image-preview:large, max-video-preview:-1\" \/>\n<link rel=\"canonical\" href=\"https:\/\/minifry.app\/ro\/product\/csirke-burger-friss-finom\/\" \/>\n<meta property=\"og:locale\" content=\"ro_RO\" \/>\n<meta property=\"og:type\" content=\"article\" \/>\n<meta property=\"og:title\" content=\"Csirke Burger - minifry.app\" \/>\n<meta property=\"og:description\" content=\"A csirke burger egyszer\u0171, de nagyszer\u0171 \u2013 ropog\u00f3s h\u00fas, friss hozz\u00e1val\u00f3k, \u00e9s \u00ednycsikland\u00f3 sz\u00f3szok. Minden falat t\u00f6k\u00e9letesen laktat\u00f3 \u00e9s \u00edzes!\" \/>\n<meta property=\"og:url\" content=\"https:\/\/minifry.app\/ro\/product\/csirke-burger-friss-finom\/\" \/>\n<meta property=\"og:site_name\" content=\"minifry.app\" \/>\n<meta property=\"article:modified_time\" content=\"2025-07-30T13:16:35+00:00\" \/>\n<meta property=\"og:image\" content=\"https:\/\/minifry.app\/wp-content\/uploads\/2025\/03\/csirke-burger-1.jpg\" \/>\n\t<meta property=\"og:image:width\" content=\"371\" \/>\n\t<meta property=\"og:image:height\" content=\"371\" \/>\n\t<meta property=\"og:image:type\" content=\"image\/jpeg\" \/>\n<meta name=\"twitter:card\" content=\"summary_large_image\" \/>\n<meta name=\"twitter:label1\" content=\"Timp estimat pentru citire\" \/>\n\t<meta name=\"twitter:data1\" content=\"1 minut\" \/>\n<script type=\"application\/ld+json\" class=\"yoast-schema-graph\">{\"@context\":\"https:\/\/schema.org\",\"@graph\":[{\"@type\":\"WebPage\",\"@id\":\"https:\/\/minifry.app\/product\/csirke-burger-friss-finom\/\",\"url\":\"https:\/\/minifry.app\/product\/csirke-burger-friss-finom\/\",\"name\":\"Csirke Burger - minifry.app\",\"isPartOf\":{\"@id\":\"https:\/\/minifry.app\/#website\"},\"primaryImageOfPage\":{\"@id\":\"https:\/\/minifry.app\/product\/csirke-burger-friss-finom\/#primaryimage\"},\"image\":{\"@id\":\"https:\/\/minifry.app\/product\/csirke-burger-friss-finom\/#primaryimage\"},\"thumbnailUrl\":\"https:\/\/minifry.app\/wp-content\/uploads\/2025\/03\/csirke-burger-1.jpg\",\"datePublished\":\"2025-03-14T13:37:29+00:00\",\"dateModified\":\"2025-07-30T13:16:35+00:00\",\"description\":\"A csirke burger egyszer\u0171, de nagyszer\u0171 \u2013 ropog\u00f3s h\u00fas, friss hozz\u00e1val\u00f3k, \u00e9s \u00ednycsikland\u00f3 sz\u00f3szok. Minden falat t\u00f6k\u00e9letesen laktat\u00f3 \u00e9s \u00edzes!\",\"breadcrumb\":{\"@id\":\"https:\/\/minifry.app\/product\/csirke-burger-friss-finom\/#breadcrumb\"},\"inLanguage\":\"ro-RO\",\"potentialAction\":[{\"@type\":\"ReadAction\",\"target\":[\"https:\/\/minifry.app\/product\/csirke-burger-friss-finom\/\"]}]},{\"@type\":\"ImageObject\",\"inLanguage\":\"ro-RO\",\"@id\":\"https:\/\/minifry.app\/product\/csirke-burger-friss-finom\/#primaryimage\",\"url\":\"https:\/\/minifry.app\/wp-content\/uploads\/2025\/03\/csirke-burger-1.jpg\",\"contentUrl\":\"https:\/\/minifry.app\/wp-content\/uploads\/2025\/03\/csirke-burger-1.jpg\",\"width\":371,\"height\":371,\"caption\":\"csirke burger finom friss dupa husos dupla sajtos z\u00f6lds\u00e9gekkel sz\u00f3sszal minifry.app\"},{\"@type\":\"BreadcrumbList\",\"@id\":\"https:\/\/minifry.app\/product\/csirke-burger-friss-finom\/#breadcrumb\",\"itemListElement\":[{\"@type\":\"ListItem\",\"position\":1,\"name\":\"Kezd\u0151lap\",\"item\":\"https:\/\/minifry.app\/\"},{\"@type\":\"ListItem\",\"position\":2,\"name\":\"K\u00edn\u00e1latunk\",\"item\":\"https:\/\/minifry.app\/shop\/\"},{\"@type\":\"ListItem\",\"position\":3,\"name\":\"Csirke Burger\"}]},{\"@type\":\"WebSite\",\"@id\":\"https:\/\/minifry.app\/#website\",\"url\":\"https:\/\/minifry.app\/\",\"name\":\"minifry.app\",\"description\":\"\",\"publisher\":{\"@id\":\"https:\/\/minifry.app\/#organization\"},\"potentialAction\":[{\"@type\":\"SearchAction\",\"target\":{\"@type\":\"EntryPoint\",\"urlTemplate\":\"https:\/\/minifry.app\/?s={search_term_string}\"},\"query-input\":{\"@type\":\"PropertyValueSpecification\",\"valueRequired\":true,\"valueName\":\"search_term_string\"}}],\"inLanguage\":\"ro-RO\"},{\"@type\":\"Organization\",\"@id\":\"https:\/\/minifry.app\/#organization\",\"name\":\"DBVCORP SRL\",\"url\":\"https:\/\/minifry.app\/\",\"logo\":{\"@type\":\"ImageObject\",\"inLanguage\":\"ro-RO\",\"@id\":\"https:\/\/minifry.app\/#\/schema\/logo\/image\/\",\"url\":\"https:\/\/minifry.app\/wp-content\/uploads\/2025\/03\/cropped-logo-uj-20-x-15-cm-20-x-10-cm-masolata_20250314_103645_0000.png\",\"contentUrl\":\"https:\/\/minifry.app\/wp-content\/uploads\/2025\/03\/cropped-logo-uj-20-x-15-cm-20-x-10-cm-masolata_20250314_103645_0000.png\",\"width\":1992,\"height\":674,\"caption\":\"DBVCORP SRL\"},\"image\":{\"@id\":\"https:\/\/minifry.app\/#\/schema\/logo\/image\/\"}}]}<\/script>\n<!-- \/ Yoast SEO plugin. -->","yoast_head_json":{"title":"Csirke Burger - minifry.app","description":"A csirke burger egyszer\u0171, de nagyszer\u0171 \u2013 ropog\u00f3s h\u00fas, friss hozz\u00e1val\u00f3k, \u00e9s \u00ednycsikland\u00f3 sz\u00f3szok. Minden falat t\u00f6k\u00e9letesen laktat\u00f3 \u00e9s \u00edzes!","robots":{"index":"index","follow":"follow","max-snippet":"max-snippet:-1","max-image-preview":"max-image-preview:large","max-video-preview":"max-video-preview:-1"},"canonical":"https:\/\/minifry.app\/ro\/product\/csirke-burger-friss-finom\/","og_locale":"ro_RO","og_type":"article","og_title":"Csirke Burger - minifry.app","og_description":"A csirke burger egyszer\u0171, de nagyszer\u0171 \u2013 ropog\u00f3s h\u00fas, friss hozz\u00e1val\u00f3k, \u00e9s \u00ednycsikland\u00f3 sz\u00f3szok. Minden falat t\u00f6k\u00e9letesen laktat\u00f3 \u00e9s \u00edzes!","og_url":"https:\/\/minifry.app\/ro\/product\/csirke-burger-friss-finom\/","og_site_name":"minifry.app","article_modified_time":"2025-07-30T13:16:35+00:00","og_image":[{"width":371,"height":371,"url":"https:\/\/minifry.app\/wp-content\/uploads\/2025\/03\/csirke-burger-1.jpg","type":"image\/jpeg"}],"twitter_card":"summary_large_image","twitter_misc":{"Timp estimat pentru citire":"1 minut"},"schema":{"@context":"https:\/\/schema.org","@graph":[{"@type":"WebPage","@id":"https:\/\/minifry.app\/product\/csirke-burger-friss-finom\/","url":"https:\/\/minifry.app\/product\/csirke-burger-friss-finom\/","name":"Csirke Burger - minifry.app","isPartOf":{"@id":"https:\/\/minifry.app\/#website"},"primaryImageOfPage":{"@id":"https:\/\/minifry.app\/product\/csirke-burger-friss-finom\/#primaryimage"},"image":{"@id":"https:\/\/minifry.app\/product\/csirke-burger-friss-finom\/#primaryimage"},"thumbnailUrl":"https:\/\/minifry.app\/wp-content\/uploads\/2025\/03\/csirke-burger-1.jpg","datePublished":"2025-03-14T13:37:29+00:00","dateModified":"2025-07-30T13:16:35+00:00","description":"A csirke burger egyszer\u0171, de nagyszer\u0171 \u2013 ropog\u00f3s h\u00fas, friss hozz\u00e1val\u00f3k, \u00e9s \u00ednycsikland\u00f3 sz\u00f3szok. Minden falat t\u00f6k\u00e9letesen laktat\u00f3 \u00e9s \u00edzes!","breadcrumb":{"@id":"https:\/\/minifry.app\/product\/csirke-burger-friss-finom\/#breadcrumb"},"inLanguage":"ro-RO","potentialAction":[{"@type":"ReadAction","target":["https:\/\/minifry.app\/product\/csirke-burger-friss-finom\/"]}]},{"@type":"ImageObject","inLanguage":"ro-RO","@id":"https:\/\/minifry.app\/product\/csirke-burger-friss-finom\/#primaryimage","url":"https:\/\/minifry.app\/wp-content\/uploads\/2025\/03\/csirke-burger-1.jpg","contentUrl":"https:\/\/minifry.app\/wp-content\/uploads\/2025\/03\/csirke-burger-1.jpg","width":371,"height":371,"caption":"csirke burger finom friss dupa husos dupla sajtos z\u00f6lds\u00e9gekkel sz\u00f3sszal minifry.app"},{"@type":"BreadcrumbList","@id":"https:\/\/minifry.app\/product\/csirke-burger-friss-finom\/#breadcrumb","itemListElement":[{"@type":"ListItem","position":1,"name":"Kezd\u0151lap","item":"https:\/\/minifry.app\/"},{"@type":"ListItem","position":2,"name":"K\u00edn\u00e1latunk","item":"https:\/\/minifry.app\/shop\/"},{"@type":"ListItem","position":3,"name":"Csirke Burger"}]},{"@type":"WebSite","@id":"https:\/\/minifry.app\/#website","url":"https:\/\/minifry.app\/","name":"minifry.app","description":"","publisher":{"@id":"https:\/\/minifry.app\/#organization"},"potentialAction":[{"@type":"SearchAction","target":{"@type":"EntryPoint","urlTemplate":"https:\/\/minifry.app\/?s={search_term_string}"},"query-input":{"@type":"PropertyValueSpecification","valueRequired":true,"valueName":"search_term_string"}}],"inLanguage":"ro-RO"},{"@type":"Organization","@id":"https:\/\/minifry.app\/#organization","name":"DBVCORP SRL","url":"https:\/\/minifry.app\/","logo":{"@type":"ImageObject","inLanguage":"ro-RO","@id":"https:\/\/minifry.app\/#\/schema\/logo\/image\/","url":"https:\/\/minifry.app\/wp-content\/uploads\/2025\/03\/cropped-logo-uj-20-x-15-cm-20-x-10-cm-masolata_20250314_103645_0000.png","contentUrl":"https:\/\/minifry.app\/wp-content\/uploads\/2025\/03\/cropped-logo-uj-20-x-15-cm-20-x-10-cm-masolata_20250314_103645_0000.png","width":1992,"height":674,"caption":"DBVCORP SRL"},"image":{"@id":"https:\/\/minifry.app\/#\/schema\/logo\/image\/"}}]}},"_links":{"self":[{"href":"https:\/\/minifry.app\/ro\/wp-json\/wp\/v2\/product\/1406","targetHints":{"allow":["GET"]}}],"collection":[{"href":"https:\/\/minifry.app\/ro\/wp-json\/wp\/v2\/product"}],"about":[{"href":"https:\/\/minifry.app\/ro\/wp-json\/wp\/v2\/types\/product"}],"wp:featuredmedia":[{"embeddable":true,"href":"https:\/\/minifry.app\/ro\/wp-json\/wp\/v2\/media\/1504"}],"wp:attachment":[{"href":"https:\/\/minifry.app\/ro\/wp-json\/wp\/v2\/media?parent=1406"}],"wp:term":[{"taxonomy":"product_brand","embeddable":true,"href":"https:\/\/minifry.app\/ro\/wp-json\/wp\/v2\/product_brand?post=1406"},{"taxonomy":"product_cat","embeddable":true,"href":"https:\/\/minifry.app\/ro\/wp-json\/wp\/v2\/product_cat?post=1406"},{"taxonomy":"product_tag","embeddable":true,"href":"https:\/\/minifry.app\/ro\/wp-json\/wp\/v2\/product_tag?post=1406"}],"curies":[{"name":"wp","href":"https:\/\/api.w.org\/{rel}","templated":true}]}}