{"id":1401,"date":"2025-03-14T14:43:41","date_gmt":"2025-03-14T12:43:41","guid":{"rendered":"https:\/\/minifry.app\/?post_type=product&#038;p=1401"},"modified":"2025-07-30T15:27:49","modified_gmt":"2025-07-30T13:27:49","slug":"marlenka-golyok-desszert-edesseg","status":"publish","type":"product","link":"https:\/\/minifry.app\/ro\/product\/marlenka-golyok-desszert-edesseg\/","title":{"rendered":"Bilu\u021be Marlenka"},"content":{"rendered":"<p>Bilu\u021bele Marlenka, aceste mici minuni, poart\u0103 \u00een fiecare mu\u0219c\u0103tur\u0103 armonia perfect\u0103 a mierii \u0219i nucilor. Fiecare bilu\u021b\u0103 ascunde o explozie de gust, care te cucere\u0219te \u00eenc\u0103 de la prima \u00eenghi\u021bitur\u0103.<\/p>\n<p>Desertul perfect, care se potrive\u0219te de minune al\u0103turi de o cafea sau ca o mic\u0103 r\u0103sf\u0103\u021bare de dup\u0103-amiaz\u0103! O mu\u0219c\u0103tur\u0103 de fericire, pe care nu o vei putea rezista s\u0103 nu o savurezi \u00eenc\u0103 o dat\u0103!<\/p>\n<p>Ai gustat deja <strong>Tortul Marlenka<\/strong>?<\/p>","protected":false},"excerpt":{"rendered":"<p><strong>\u201eBilu\u021be Marlenka \u2013 mici, dar pline de savoare.\u201d<\/strong><\/p>\n<p>Aceste minuni rotunde te cuceresc cu fiecare mu\u0219c\u0103tur\u0103. Aluatul cu miere, umplutura cremoas\u0103 \u0219i nucile crocante se \u00eembin\u0103 perfect pentru o experien\u021b\u0103 de gust des\u0103v\u00e2r\u0219it\u0103. Fiecare bilu\u021b\u0103 este o mic\u0103 bucurie dulce, care te seduce instant \u0219i nu te mai las\u0103 s\u0103 pleci. Gustarea perfect\u0103 atunci c\u00e2nd \u00ee\u021bi dore\u0219ti ceva cu adev\u0103rat delicios.<\/p>","protected":false},"featured_media":1402,"template":"","meta":[],"product_brand":[],"product_cat":[39],"product_tag":[241,243,179,246,239,242],"class_list":{"0":"post-1401","1":"product","2":"type-product","3":"status-publish","4":"has-post-thumbnail","6":"product_cat-desszert-hu","7":"product_tag-dios","8":"product_tag-edesseg","9":"product_tag-ellenallhatatlan","10":"product_tag-golyok","11":"product_tag-marlenka","12":"product_tag-mezes","14":"first","15":"instock","16":"shipping-taxable","17":"purchasable","18":"product-type-simple"},"yoast_head":"<!-- This site is optimized with the Yoast SEO plugin v24.5 - https:\/\/yoast.com\/wordpress\/plugins\/seo\/ -->\n<title>Marlenka goly\u00f3k - minifry.app<\/title>\n<meta name=\"description\" content=\"Marlenka goly\u00f3k, m\u00e9zes, di\u00f3s t\u00f6k\u00e9ly. \u00c9des, kr\u00e9mes, roppan\u00f3s, minden falat egy kis \u00e9lvezet. Kicsi, de hatalmas \u00edzekkel! Egyszer megk\u00f3stolod, rabj\u00e1v\u00e1 v\u00e1lsz!\" \/>\n<meta name=\"robots\" content=\"index, follow, max-snippet:-1, max-image-preview:large, max-video-preview:-1\" \/>\n<link rel=\"canonical\" href=\"https:\/\/minifry.app\/ro\/product\/marlenka-golyok-desszert-edesseg\/\" \/>\n<meta property=\"og:locale\" content=\"ro_RO\" \/>\n<meta property=\"og:type\" content=\"article\" \/>\n<meta property=\"og:title\" content=\"Marlenka goly\u00f3k - minifry.app\" \/>\n<meta property=\"og:description\" content=\"Marlenka goly\u00f3k, m\u00e9zes, di\u00f3s t\u00f6k\u00e9ly. \u00c9des, kr\u00e9mes, roppan\u00f3s, minden falat egy kis \u00e9lvezet. Kicsi, de hatalmas \u00edzekkel! Egyszer megk\u00f3stolod, rabj\u00e1v\u00e1 v\u00e1lsz!\" \/>\n<meta property=\"og:url\" content=\"https:\/\/minifry.app\/ro\/product\/marlenka-golyok-desszert-edesseg\/\" \/>\n<meta property=\"og:site_name\" content=\"minifry.app\" \/>\n<meta property=\"article:modified_time\" content=\"2025-07-30T13:27:49+00:00\" \/>\n<meta property=\"og:image\" content=\"https:\/\/minifry.app\/wp-content\/uploads\/2025\/03\/marlenka12.jpg\" \/>\n\t<meta property=\"og:image:width\" content=\"1500\" \/>\n\t<meta property=\"og:image:height\" content=\"1500\" \/>\n\t<meta property=\"og:image:type\" content=\"image\/jpeg\" \/>\n<meta name=\"twitter:card\" content=\"summary_large_image\" \/>\n<meta name=\"twitter:label1\" content=\"Timp estimat pentru citire\" \/>\n\t<meta name=\"twitter:data1\" content=\"1 minut\" \/>\n<script type=\"application\/ld+json\" class=\"yoast-schema-graph\">{\"@context\":\"https:\/\/schema.org\",\"@graph\":[{\"@type\":\"WebPage\",\"@id\":\"https:\/\/minifry.app\/product\/marlenka-golyok-desszert-edesseg\/\",\"url\":\"https:\/\/minifry.app\/product\/marlenka-golyok-desszert-edesseg\/\",\"name\":\"Marlenka goly\u00f3k - minifry.app\",\"isPartOf\":{\"@id\":\"https:\/\/minifry.app\/#website\"},\"primaryImageOfPage\":{\"@id\":\"https:\/\/minifry.app\/product\/marlenka-golyok-desszert-edesseg\/#primaryimage\"},\"image\":{\"@id\":\"https:\/\/minifry.app\/product\/marlenka-golyok-desszert-edesseg\/#primaryimage\"},\"thumbnailUrl\":\"https:\/\/minifry.app\/wp-content\/uploads\/2025\/03\/marlenka12.jpg\",\"datePublished\":\"2025-03-14T12:43:41+00:00\",\"dateModified\":\"2025-07-30T13:27:49+00:00\",\"description\":\"Marlenka goly\u00f3k, m\u00e9zes, di\u00f3s t\u00f6k\u00e9ly. \u00c9des, kr\u00e9mes, roppan\u00f3s, minden falat egy kis \u00e9lvezet. Kicsi, de hatalmas \u00edzekkel! Egyszer megk\u00f3stolod, rabj\u00e1v\u00e1 v\u00e1lsz!\",\"breadcrumb\":{\"@id\":\"https:\/\/minifry.app\/product\/marlenka-golyok-desszert-edesseg\/#breadcrumb\"},\"inLanguage\":\"ro-RO\",\"potentialAction\":[{\"@type\":\"ReadAction\",\"target\":[\"https:\/\/minifry.app\/product\/marlenka-golyok-desszert-edesseg\/\"]}]},{\"@type\":\"ImageObject\",\"inLanguage\":\"ro-RO\",\"@id\":\"https:\/\/minifry.app\/product\/marlenka-golyok-desszert-edesseg\/#primaryimage\",\"url\":\"https:\/\/minifry.app\/wp-content\/uploads\/2025\/03\/marlenka12.jpg\",\"contentUrl\":\"https:\/\/minifry.app\/wp-content\/uploads\/2025\/03\/marlenka12.jpg\",\"width\":1500,\"height\":1500,\"caption\":\"marlenka goly\u00f3k \u00e9des kr\u00e9mes desszert di\u00f3s m\u00e9zes csoda \u00e9dess\u00e9g ellen\u00e1llhatatlan minifry.app\"},{\"@type\":\"BreadcrumbList\",\"@id\":\"https:\/\/minifry.app\/product\/marlenka-golyok-desszert-edesseg\/#breadcrumb\",\"itemListElement\":[{\"@type\":\"ListItem\",\"position\":1,\"name\":\"Kezd\u0151lap\",\"item\":\"https:\/\/minifry.app\/\"},{\"@type\":\"ListItem\",\"position\":2,\"name\":\"K\u00edn\u00e1latunk\",\"item\":\"https:\/\/minifry.app\/shop\/\"},{\"@type\":\"ListItem\",\"position\":3,\"name\":\"Marlenka goly\u00f3k\"}]},{\"@type\":\"WebSite\",\"@id\":\"https:\/\/minifry.app\/#website\",\"url\":\"https:\/\/minifry.app\/\",\"name\":\"minifry.app\",\"description\":\"\",\"publisher\":{\"@id\":\"https:\/\/minifry.app\/#organization\"},\"potentialAction\":[{\"@type\":\"SearchAction\",\"target\":{\"@type\":\"EntryPoint\",\"urlTemplate\":\"https:\/\/minifry.app\/?s={search_term_string}\"},\"query-input\":{\"@type\":\"PropertyValueSpecification\",\"valueRequired\":true,\"valueName\":\"search_term_string\"}}],\"inLanguage\":\"ro-RO\"},{\"@type\":\"Organization\",\"@id\":\"https:\/\/minifry.app\/#organization\",\"name\":\"DBVCORP SRL\",\"url\":\"https:\/\/minifry.app\/\",\"logo\":{\"@type\":\"ImageObject\",\"inLanguage\":\"ro-RO\",\"@id\":\"https:\/\/minifry.app\/#\/schema\/logo\/image\/\",\"url\":\"https:\/\/minifry.app\/wp-content\/uploads\/2025\/03\/cropped-logo-uj-20-x-15-cm-20-x-10-cm-masolata_20250314_103645_0000.png\",\"contentUrl\":\"https:\/\/minifry.app\/wp-content\/uploads\/2025\/03\/cropped-logo-uj-20-x-15-cm-20-x-10-cm-masolata_20250314_103645_0000.png\",\"width\":1992,\"height\":674,\"caption\":\"DBVCORP SRL\"},\"image\":{\"@id\":\"https:\/\/minifry.app\/#\/schema\/logo\/image\/\"}}]}<\/script>\n<!-- \/ Yoast SEO plugin. -->","yoast_head_json":{"title":"Marlenka goly\u00f3k - minifry.app","description":"Marlenka goly\u00f3k, m\u00e9zes, di\u00f3s t\u00f6k\u00e9ly. \u00c9des, kr\u00e9mes, roppan\u00f3s, minden falat egy kis \u00e9lvezet. Kicsi, de hatalmas \u00edzekkel! Egyszer megk\u00f3stolod, rabj\u00e1v\u00e1 v\u00e1lsz!","robots":{"index":"index","follow":"follow","max-snippet":"max-snippet:-1","max-image-preview":"max-image-preview:large","max-video-preview":"max-video-preview:-1"},"canonical":"https:\/\/minifry.app\/ro\/product\/marlenka-golyok-desszert-edesseg\/","og_locale":"ro_RO","og_type":"article","og_title":"Marlenka goly\u00f3k - minifry.app","og_description":"Marlenka goly\u00f3k, m\u00e9zes, di\u00f3s t\u00f6k\u00e9ly. \u00c9des, kr\u00e9mes, roppan\u00f3s, minden falat egy kis \u00e9lvezet. Kicsi, de hatalmas \u00edzekkel! Egyszer megk\u00f3stolod, rabj\u00e1v\u00e1 v\u00e1lsz!","og_url":"https:\/\/minifry.app\/ro\/product\/marlenka-golyok-desszert-edesseg\/","og_site_name":"minifry.app","article_modified_time":"2025-07-30T13:27:49+00:00","og_image":[{"width":1500,"height":1500,"url":"https:\/\/minifry.app\/wp-content\/uploads\/2025\/03\/marlenka12.jpg","type":"image\/jpeg"}],"twitter_card":"summary_large_image","twitter_misc":{"Timp estimat pentru citire":"1 minut"},"schema":{"@context":"https:\/\/schema.org","@graph":[{"@type":"WebPage","@id":"https:\/\/minifry.app\/product\/marlenka-golyok-desszert-edesseg\/","url":"https:\/\/minifry.app\/product\/marlenka-golyok-desszert-edesseg\/","name":"Marlenka goly\u00f3k - minifry.app","isPartOf":{"@id":"https:\/\/minifry.app\/#website"},"primaryImageOfPage":{"@id":"https:\/\/minifry.app\/product\/marlenka-golyok-desszert-edesseg\/#primaryimage"},"image":{"@id":"https:\/\/minifry.app\/product\/marlenka-golyok-desszert-edesseg\/#primaryimage"},"thumbnailUrl":"https:\/\/minifry.app\/wp-content\/uploads\/2025\/03\/marlenka12.jpg","datePublished":"2025-03-14T12:43:41+00:00","dateModified":"2025-07-30T13:27:49+00:00","description":"Marlenka goly\u00f3k, m\u00e9zes, di\u00f3s t\u00f6k\u00e9ly. \u00c9des, kr\u00e9mes, roppan\u00f3s, minden falat egy kis \u00e9lvezet. Kicsi, de hatalmas \u00edzekkel! Egyszer megk\u00f3stolod, rabj\u00e1v\u00e1 v\u00e1lsz!","breadcrumb":{"@id":"https:\/\/minifry.app\/product\/marlenka-golyok-desszert-edesseg\/#breadcrumb"},"inLanguage":"ro-RO","potentialAction":[{"@type":"ReadAction","target":["https:\/\/minifry.app\/product\/marlenka-golyok-desszert-edesseg\/"]}]},{"@type":"ImageObject","inLanguage":"ro-RO","@id":"https:\/\/minifry.app\/product\/marlenka-golyok-desszert-edesseg\/#primaryimage","url":"https:\/\/minifry.app\/wp-content\/uploads\/2025\/03\/marlenka12.jpg","contentUrl":"https:\/\/minifry.app\/wp-content\/uploads\/2025\/03\/marlenka12.jpg","width":1500,"height":1500,"caption":"marlenka goly\u00f3k \u00e9des kr\u00e9mes desszert di\u00f3s m\u00e9zes csoda \u00e9dess\u00e9g ellen\u00e1llhatatlan minifry.app"},{"@type":"BreadcrumbList","@id":"https:\/\/minifry.app\/product\/marlenka-golyok-desszert-edesseg\/#breadcrumb","itemListElement":[{"@type":"ListItem","position":1,"name":"Kezd\u0151lap","item":"https:\/\/minifry.app\/"},{"@type":"ListItem","position":2,"name":"K\u00edn\u00e1latunk","item":"https:\/\/minifry.app\/shop\/"},{"@type":"ListItem","position":3,"name":"Marlenka goly\u00f3k"}]},{"@type":"WebSite","@id":"https:\/\/minifry.app\/#website","url":"https:\/\/minifry.app\/","name":"minifry.app","description":"","publisher":{"@id":"https:\/\/minifry.app\/#organization"},"potentialAction":[{"@type":"SearchAction","target":{"@type":"EntryPoint","urlTemplate":"https:\/\/minifry.app\/?s={search_term_string}"},"query-input":{"@type":"PropertyValueSpecification","valueRequired":true,"valueName":"search_term_string"}}],"inLanguage":"ro-RO"},{"@type":"Organization","@id":"https:\/\/minifry.app\/#organization","name":"DBVCORP SRL","url":"https:\/\/minifry.app\/","logo":{"@type":"ImageObject","inLanguage":"ro-RO","@id":"https:\/\/minifry.app\/#\/schema\/logo\/image\/","url":"https:\/\/minifry.app\/wp-content\/uploads\/2025\/03\/cropped-logo-uj-20-x-15-cm-20-x-10-cm-masolata_20250314_103645_0000.png","contentUrl":"https:\/\/minifry.app\/wp-content\/uploads\/2025\/03\/cropped-logo-uj-20-x-15-cm-20-x-10-cm-masolata_20250314_103645_0000.png","width":1992,"height":674,"caption":"DBVCORP SRL"},"image":{"@id":"https:\/\/minifry.app\/#\/schema\/logo\/image\/"}}]}},"_links":{"self":[{"href":"https:\/\/minifry.app\/ro\/wp-json\/wp\/v2\/product\/1401","targetHints":{"allow":["GET"]}}],"collection":[{"href":"https:\/\/minifry.app\/ro\/wp-json\/wp\/v2\/product"}],"about":[{"href":"https:\/\/minifry.app\/ro\/wp-json\/wp\/v2\/types\/product"}],"wp:featuredmedia":[{"embeddable":true,"href":"https:\/\/minifry.app\/ro\/wp-json\/wp\/v2\/media\/1402"}],"wp:attachment":[{"href":"https:\/\/minifry.app\/ro\/wp-json\/wp\/v2\/media?parent=1401"}],"wp:term":[{"taxonomy":"product_brand","embeddable":true,"href":"https:\/\/minifry.app\/ro\/wp-json\/wp\/v2\/product_brand?post=1401"},{"taxonomy":"product_cat","embeddable":true,"href":"https:\/\/minifry.app\/ro\/wp-json\/wp\/v2\/product_cat?post=1401"},{"taxonomy":"product_tag","embeddable":true,"href":"https:\/\/minifry.app\/ro\/wp-json\/wp\/v2\/product_tag?post=1401"}],"curies":[{"name":"wp","href":"https:\/\/api.w.org\/{rel}","templated":true}]}}