{"id":1168,"date":"2024-08-27T19:17:42","date_gmt":"2024-08-27T17:17:42","guid":{"rendered":"https:\/\/konyha.app\/?post_type=product&#038;p=1168"},"modified":"2025-07-30T15:31:38","modified_gmt":"2025-07-30T13:31:38","slug":"fuszeres-ropogos-sult-csirkeszarny","status":"publish","type":"product","link":"https:\/\/minifry.app\/ro\/product\/fuszeres-ropogos-sult-csirkeszarny\/","title":{"rendered":"Aripi de Pui Pr\u0103jite Crocante Picant"},"content":{"rendered":"<p data-start=\"138\" data-end=\"439\">Aripioare de pui pr\u0103jite crocante picant, care trosnesc exact a\u0219a cum trebuie. Picante acolo unde trebuie \u0219i cu o explozie de gust care te va l\u0103sa f\u0103r\u0103 cuvinte! Rumene, aurii \u0219i pline de arome \u00eembietoare, care te cheam\u0103 de la distan\u021b\u0103: \u201eMu\u0219c\u0103-m\u0103!\u201d Pielea lor este incredibil de crocant\u0103, dar imediat ce mu\u0219ti, miezul se tope\u0219te \u00een gur\u0103, ca un vis.<\/p>\n<p data-start=\"441\" data-end=\"729\">Boia de ardei afumat\u0103, usturoiul \u0219i chiliul iute atac\u0103 \u00een echip\u0103. Este m\u00e2ncarea care \u00ee\u021bi face gura ap\u0103 \u0219i nu te las\u0103 s\u0103 te opre\u0219ti \u2013 o \u00eembuc\u0103tur\u0103, apoi \u00eenc\u0103 una, iar apoi ajungi s\u0103 ron\u021b\u0103i oasele, pentru c\u0103 pur \u0219i simplu nu po\u021bi s\u0103 te opre\u0219ti.<\/p>\n<p>Urm\u0103torul este <strong>Aripi de Pui Barbecue<\/strong>!<\/p>","protected":false},"excerpt":{"rendered":"<p><strong data-start=\"91\" data-end=\"136\">\u201eAceasta nu sunt doar aripioare de pui, este un mod de via\u021b\u0103!\u201d<\/strong><\/p>\n<p>Aceasta este preparatul care face fiecare ocazie special\u0103. O cin\u0103 relaxant\u0103 al\u0103turi de un pahar de vin sau acompaniamentul perfect pentru o \u00eent\u00e2lnire exclusivist\u0103 \u2013 efectul este garantat. Fiecare mu\u0219c\u0103tur\u0103 con\u021bine grij\u0103, pasiune \u0219i acel plus care o face de neuitat.<\/p>","protected":false},"featured_media":1543,"template":"","meta":[],"product_brand":[],"product_cat":[38],"product_tag":[80,89,172,237,81,236],"class_list":{"0":"post-1168","1":"product","2":"type-product","3":"status-publish","4":"has-post-thumbnail","6":"product_cat-gyors-etelek-hu","7":"product_tag-csirkeszarny","8":"product_tag-finom","9":"product_tag-fuszeres","10":"product_tag-inycsiklandozo","11":"product_tag-ropogos","12":"product_tag-sult","14":"first","15":"instock","16":"shipping-taxable","17":"purchasable","18":"product-type-simple"},"yoast_head":"<!-- This site is optimized with the Yoast SEO plugin v24.5 - https:\/\/yoast.com\/wordpress\/plugins\/seo\/ -->\n<title>F\u0171szeres Ropog\u00f3s S\u00fclt Csirkesz\u00e1rny - minifry.app<\/title>\n<meta name=\"description\" content=\"F\u0171szeres ropog\u00f3s s\u00fclt csirkesz\u00e1rny, mely messze t\u00falmutat a h\u00e9tk\u00f6znapi fog\u00e1sokon \u2013 igazi kulin\u00e1ris \u00e9lvezet, amely egyszerre mag\u00e1val ragad\u00f3 \u00e9s kifinomult.\" \/>\n<meta name=\"robots\" content=\"index, follow, max-snippet:-1, max-image-preview:large, max-video-preview:-1\" \/>\n<link rel=\"canonical\" href=\"https:\/\/minifry.app\/ro\/product\/fuszeres-ropogos-sult-csirkeszarny\/\" \/>\n<meta property=\"og:locale\" content=\"ro_RO\" \/>\n<meta property=\"og:type\" content=\"article\" \/>\n<meta property=\"og:title\" content=\"F\u0171szeres Ropog\u00f3s S\u00fclt Csirkesz\u00e1rny - minifry.app\" \/>\n<meta property=\"og:description\" content=\"F\u0171szeres ropog\u00f3s s\u00fclt csirkesz\u00e1rny, mely messze t\u00falmutat a h\u00e9tk\u00f6znapi fog\u00e1sokon \u2013 igazi kulin\u00e1ris \u00e9lvezet, amely egyszerre mag\u00e1val ragad\u00f3 \u00e9s kifinomult.\" \/>\n<meta property=\"og:url\" content=\"https:\/\/minifry.app\/ro\/product\/fuszeres-ropogos-sult-csirkeszarny\/\" \/>\n<meta property=\"og:site_name\" content=\"minifry.app\" \/>\n<meta property=\"article:modified_time\" content=\"2025-07-30T13:31:38+00:00\" \/>\n<meta property=\"og:image\" content=\"https:\/\/minifry.app\/wp-content\/uploads\/2024\/08\/Screenshot_20250509-232147.Canva-1.png\" \/>\n\t<meta property=\"og:image:width\" content=\"985\" \/>\n\t<meta property=\"og:image:height\" content=\"676\" \/>\n\t<meta property=\"og:image:type\" content=\"image\/png\" \/>\n<meta name=\"twitter:card\" content=\"summary_large_image\" \/>\n<meta name=\"twitter:label1\" content=\"Timp estimat pentru citire\" \/>\n\t<meta name=\"twitter:data1\" content=\"1 minut\" \/>\n<script type=\"application\/ld+json\" class=\"yoast-schema-graph\">{\"@context\":\"https:\/\/schema.org\",\"@graph\":[{\"@type\":\"WebPage\",\"@id\":\"https:\/\/minifry.app\/product\/fuszeres-ropogos-sult-csirkeszarny\/\",\"url\":\"https:\/\/minifry.app\/product\/fuszeres-ropogos-sult-csirkeszarny\/\",\"name\":\"F\u0171szeres Ropog\u00f3s S\u00fclt Csirkesz\u00e1rny - minifry.app\",\"isPartOf\":{\"@id\":\"https:\/\/minifry.app\/#website\"},\"primaryImageOfPage\":{\"@id\":\"https:\/\/minifry.app\/product\/fuszeres-ropogos-sult-csirkeszarny\/#primaryimage\"},\"image\":{\"@id\":\"https:\/\/minifry.app\/product\/fuszeres-ropogos-sult-csirkeszarny\/#primaryimage\"},\"thumbnailUrl\":\"https:\/\/minifry.app\/wp-content\/uploads\/2024\/08\/Screenshot_20250509-232147.Canva-1.png\",\"datePublished\":\"2024-08-27T17:17:42+00:00\",\"dateModified\":\"2025-07-30T13:31:38+00:00\",\"description\":\"F\u0171szeres ropog\u00f3s s\u00fclt csirkesz\u00e1rny, mely messze t\u00falmutat a h\u00e9tk\u00f6znapi fog\u00e1sokon \u2013 igazi kulin\u00e1ris \u00e9lvezet, amely egyszerre mag\u00e1val ragad\u00f3 \u00e9s kifinomult.\",\"breadcrumb\":{\"@id\":\"https:\/\/minifry.app\/product\/fuszeres-ropogos-sult-csirkeszarny\/#breadcrumb\"},\"inLanguage\":\"ro-RO\",\"potentialAction\":[{\"@type\":\"ReadAction\",\"target\":[\"https:\/\/minifry.app\/product\/fuszeres-ropogos-sult-csirkeszarny\/\"]}]},{\"@type\":\"ImageObject\",\"inLanguage\":\"ro-RO\",\"@id\":\"https:\/\/minifry.app\/product\/fuszeres-ropogos-sult-csirkeszarny\/#primaryimage\",\"url\":\"https:\/\/minifry.app\/wp-content\/uploads\/2024\/08\/Screenshot_20250509-232147.Canva-1.png\",\"contentUrl\":\"https:\/\/minifry.app\/wp-content\/uploads\/2024\/08\/Screenshot_20250509-232147.Canva-1.png\",\"width\":985,\"height\":676},{\"@type\":\"BreadcrumbList\",\"@id\":\"https:\/\/minifry.app\/product\/fuszeres-ropogos-sult-csirkeszarny\/#breadcrumb\",\"itemListElement\":[{\"@type\":\"ListItem\",\"position\":1,\"name\":\"Kezd\u0151lap\",\"item\":\"https:\/\/minifry.app\/\"},{\"@type\":\"ListItem\",\"position\":2,\"name\":\"K\u00edn\u00e1latunk\",\"item\":\"https:\/\/minifry.app\/shop\/\"},{\"@type\":\"ListItem\",\"position\":3,\"name\":\"F\u0171szeres Ropog\u00f3s S\u00fclt Csirkesz\u00e1rny\"}]},{\"@type\":\"WebSite\",\"@id\":\"https:\/\/minifry.app\/#website\",\"url\":\"https:\/\/minifry.app\/\",\"name\":\"minifry.app\",\"description\":\"\",\"publisher\":{\"@id\":\"https:\/\/minifry.app\/#organization\"},\"potentialAction\":[{\"@type\":\"SearchAction\",\"target\":{\"@type\":\"EntryPoint\",\"urlTemplate\":\"https:\/\/minifry.app\/?s={search_term_string}\"},\"query-input\":{\"@type\":\"PropertyValueSpecification\",\"valueRequired\":true,\"valueName\":\"search_term_string\"}}],\"inLanguage\":\"ro-RO\"},{\"@type\":\"Organization\",\"@id\":\"https:\/\/minifry.app\/#organization\",\"name\":\"DBVCORP SRL\",\"url\":\"https:\/\/minifry.app\/\",\"logo\":{\"@type\":\"ImageObject\",\"inLanguage\":\"ro-RO\",\"@id\":\"https:\/\/minifry.app\/#\/schema\/logo\/image\/\",\"url\":\"https:\/\/minifry.app\/wp-content\/uploads\/2025\/03\/cropped-logo-uj-20-x-15-cm-20-x-10-cm-masolata_20250314_103645_0000.png\",\"contentUrl\":\"https:\/\/minifry.app\/wp-content\/uploads\/2025\/03\/cropped-logo-uj-20-x-15-cm-20-x-10-cm-masolata_20250314_103645_0000.png\",\"width\":1992,\"height\":674,\"caption\":\"DBVCORP SRL\"},\"image\":{\"@id\":\"https:\/\/minifry.app\/#\/schema\/logo\/image\/\"}}]}<\/script>\n<!-- \/ Yoast SEO plugin. -->","yoast_head_json":{"title":"F\u0171szeres Ropog\u00f3s S\u00fclt Csirkesz\u00e1rny - minifry.app","description":"F\u0171szeres ropog\u00f3s s\u00fclt csirkesz\u00e1rny, mely messze t\u00falmutat a h\u00e9tk\u00f6znapi fog\u00e1sokon \u2013 igazi kulin\u00e1ris \u00e9lvezet, amely egyszerre mag\u00e1val ragad\u00f3 \u00e9s kifinomult.","robots":{"index":"index","follow":"follow","max-snippet":"max-snippet:-1","max-image-preview":"max-image-preview:large","max-video-preview":"max-video-preview:-1"},"canonical":"https:\/\/minifry.app\/ro\/product\/fuszeres-ropogos-sult-csirkeszarny\/","og_locale":"ro_RO","og_type":"article","og_title":"F\u0171szeres Ropog\u00f3s S\u00fclt Csirkesz\u00e1rny - minifry.app","og_description":"F\u0171szeres ropog\u00f3s s\u00fclt csirkesz\u00e1rny, mely messze t\u00falmutat a h\u00e9tk\u00f6znapi fog\u00e1sokon \u2013 igazi kulin\u00e1ris \u00e9lvezet, amely egyszerre mag\u00e1val ragad\u00f3 \u00e9s kifinomult.","og_url":"https:\/\/minifry.app\/ro\/product\/fuszeres-ropogos-sult-csirkeszarny\/","og_site_name":"minifry.app","article_modified_time":"2025-07-30T13:31:38+00:00","og_image":[{"width":985,"height":676,"url":"https:\/\/minifry.app\/wp-content\/uploads\/2024\/08\/Screenshot_20250509-232147.Canva-1.png","type":"image\/png"}],"twitter_card":"summary_large_image","twitter_misc":{"Timp estimat pentru citire":"1 minut"},"schema":{"@context":"https:\/\/schema.org","@graph":[{"@type":"WebPage","@id":"https:\/\/minifry.app\/product\/fuszeres-ropogos-sult-csirkeszarny\/","url":"https:\/\/minifry.app\/product\/fuszeres-ropogos-sult-csirkeszarny\/","name":"F\u0171szeres Ropog\u00f3s S\u00fclt Csirkesz\u00e1rny - minifry.app","isPartOf":{"@id":"https:\/\/minifry.app\/#website"},"primaryImageOfPage":{"@id":"https:\/\/minifry.app\/product\/fuszeres-ropogos-sult-csirkeszarny\/#primaryimage"},"image":{"@id":"https:\/\/minifry.app\/product\/fuszeres-ropogos-sult-csirkeszarny\/#primaryimage"},"thumbnailUrl":"https:\/\/minifry.app\/wp-content\/uploads\/2024\/08\/Screenshot_20250509-232147.Canva-1.png","datePublished":"2024-08-27T17:17:42+00:00","dateModified":"2025-07-30T13:31:38+00:00","description":"F\u0171szeres ropog\u00f3s s\u00fclt csirkesz\u00e1rny, mely messze t\u00falmutat a h\u00e9tk\u00f6znapi fog\u00e1sokon \u2013 igazi kulin\u00e1ris \u00e9lvezet, amely egyszerre mag\u00e1val ragad\u00f3 \u00e9s kifinomult.","breadcrumb":{"@id":"https:\/\/minifry.app\/product\/fuszeres-ropogos-sult-csirkeszarny\/#breadcrumb"},"inLanguage":"ro-RO","potentialAction":[{"@type":"ReadAction","target":["https:\/\/minifry.app\/product\/fuszeres-ropogos-sult-csirkeszarny\/"]}]},{"@type":"ImageObject","inLanguage":"ro-RO","@id":"https:\/\/minifry.app\/product\/fuszeres-ropogos-sult-csirkeszarny\/#primaryimage","url":"https:\/\/minifry.app\/wp-content\/uploads\/2024\/08\/Screenshot_20250509-232147.Canva-1.png","contentUrl":"https:\/\/minifry.app\/wp-content\/uploads\/2024\/08\/Screenshot_20250509-232147.Canva-1.png","width":985,"height":676},{"@type":"BreadcrumbList","@id":"https:\/\/minifry.app\/product\/fuszeres-ropogos-sult-csirkeszarny\/#breadcrumb","itemListElement":[{"@type":"ListItem","position":1,"name":"Kezd\u0151lap","item":"https:\/\/minifry.app\/"},{"@type":"ListItem","position":2,"name":"K\u00edn\u00e1latunk","item":"https:\/\/minifry.app\/shop\/"},{"@type":"ListItem","position":3,"name":"F\u0171szeres Ropog\u00f3s S\u00fclt Csirkesz\u00e1rny"}]},{"@type":"WebSite","@id":"https:\/\/minifry.app\/#website","url":"https:\/\/minifry.app\/","name":"minifry.app","description":"","publisher":{"@id":"https:\/\/minifry.app\/#organization"},"potentialAction":[{"@type":"SearchAction","target":{"@type":"EntryPoint","urlTemplate":"https:\/\/minifry.app\/?s={search_term_string}"},"query-input":{"@type":"PropertyValueSpecification","valueRequired":true,"valueName":"search_term_string"}}],"inLanguage":"ro-RO"},{"@type":"Organization","@id":"https:\/\/minifry.app\/#organization","name":"DBVCORP SRL","url":"https:\/\/minifry.app\/","logo":{"@type":"ImageObject","inLanguage":"ro-RO","@id":"https:\/\/minifry.app\/#\/schema\/logo\/image\/","url":"https:\/\/minifry.app\/wp-content\/uploads\/2025\/03\/cropped-logo-uj-20-x-15-cm-20-x-10-cm-masolata_20250314_103645_0000.png","contentUrl":"https:\/\/minifry.app\/wp-content\/uploads\/2025\/03\/cropped-logo-uj-20-x-15-cm-20-x-10-cm-masolata_20250314_103645_0000.png","width":1992,"height":674,"caption":"DBVCORP SRL"},"image":{"@id":"https:\/\/minifry.app\/#\/schema\/logo\/image\/"}}]}},"_links":{"self":[{"href":"https:\/\/minifry.app\/ro\/wp-json\/wp\/v2\/product\/1168","targetHints":{"allow":["GET"]}}],"collection":[{"href":"https:\/\/minifry.app\/ro\/wp-json\/wp\/v2\/product"}],"about":[{"href":"https:\/\/minifry.app\/ro\/wp-json\/wp\/v2\/types\/product"}],"wp:featuredmedia":[{"embeddable":true,"href":"https:\/\/minifry.app\/ro\/wp-json\/wp\/v2\/media\/1543"}],"wp:attachment":[{"href":"https:\/\/minifry.app\/ro\/wp-json\/wp\/v2\/media?parent=1168"}],"wp:term":[{"taxonomy":"product_brand","embeddable":true,"href":"https:\/\/minifry.app\/ro\/wp-json\/wp\/v2\/product_brand?post=1168"},{"taxonomy":"product_cat","embeddable":true,"href":"https:\/\/minifry.app\/ro\/wp-json\/wp\/v2\/product_cat?post=1168"},{"taxonomy":"product_tag","embeddable":true,"href":"https:\/\/minifry.app\/ro\/wp-json\/wp\/v2\/product_tag?post=1168"}],"curies":[{"name":"wp","href":"https:\/\/api.w.org\/{rel}","templated":true}]}}