{"id":1120,"date":"2024-01-16T12:25:17","date_gmt":"2024-01-16T10:25:17","guid":{"rendered":"https:\/\/konyha.app\/?post_type=product&#038;p=1120"},"modified":"2025-07-30T15:10:38","modified_gmt":"2025-07-30T13:10:38","slug":"mini-box-elvitelre","status":"publish","type":"product","link":"https:\/\/minifry.app\/ro\/product\/mini-box-elvitelre\/","title":{"rendered":"Mini Box"},"content":{"rendered":"<p data-start=\"108\" data-end=\"429\">Mini Box este combina\u021bia perfect\u0103 de street food: s\u0103\u021bios, gustos \u0219i fiecare mu\u0219c\u0103tur\u0103 este o lovitur\u0103 sigur\u0103. Baza este format\u0103 din cartofi pr\u0103ji\u021bi aurii, crocan\u021bi la exterior \u0219i moi la interior, peste care se a\u0219az\u0103 o por\u021bie generoas\u0103 de carne d\u00f6ner feliat\u0103 fierbinte \u2013 suculent\u0103, condimentat\u0103 \u0219i pr\u0103jit\u0103 exact at\u00e2t c\u00e2t trebuie pentru ca fiecare mu\u0219c\u0103tur\u0103 s\u0103 \u00ee\u021bi ofere gustul autentic de grill.<\/p>\n<p data-start=\"108\" data-end=\"429\">\u0218i ce \u00eencununeaz\u0103 totul? Delicioasele sosuri f\u0103cute \u00een cas\u0103 \u2013 alege-l pe cel care se potrive\u0219te st\u0103rii tale de spirit \u0219i porne\u0219te \u00eentr-o adev\u0103rat\u0103 c\u0103l\u0103torie a gusturilor.<\/p>\n<p data-start=\"431\" data-end=\"696\">Urm\u0103torul este <strong>Doner Kebab<\/strong>!<\/p>","protected":false},"excerpt":{"rendered":"<p>Acest Mini Box nu doar c\u0103 arat\u0103 bine, dar cu siguran\u021b\u0103 te va s\u0103tura. Este compact, dar consistent, u\u0219or de \u021binut \u00een m\u00e2n\u0103 \u0219i \u00ee\u021bi permite s\u0103 duci experien\u021ba culinar\u0103 la un alt nivel oriunde \u0219i oric\u00e2nd.<\/p>\n<p>\u201eO cutie plin\u0103 de gust \u0219i energie.\u201d<\/p>","protected":false},"featured_media":1531,"template":"","meta":[],"product_brand":[],"product_cat":[38],"product_tag":[175,155,89,176,310],"class_list":{"0":"post-1120","1":"product","2":"type-product","3":"status-publish","4":"has-post-thumbnail","6":"product_cat-gyors-etelek-hu","7":"product_tag-box","8":"product_tag-fast-food","9":"product_tag-finom","10":"product_tag-izletes","11":"product_tag-mini-box","13":"first","14":"instock","15":"shipping-taxable","16":"purchasable","17":"product-type-simple"},"yoast_head":"<!-- This site is optimized with the Yoast SEO plugin v24.5 - https:\/\/yoast.com\/wordpress\/plugins\/seo\/ -->\n<title>Mini Box - minifry.app<\/title>\n<meta name=\"description\" content=\"Mini box: egyszer\u0171en nem lehet vele mell\u00e9ny\u00falni! Tartalmas, f\u0171szeres, laktat\u00f3. Pont, amire sz\u00fcks\u00e9ged van, ha gyorsan valami brut\u00e1l finomat enn\u00e9l.\" \/>\n<meta name=\"robots\" content=\"index, follow, max-snippet:-1, max-image-preview:large, max-video-preview:-1\" \/>\n<link rel=\"canonical\" href=\"https:\/\/minifry.app\/ro\/product\/mini-box-elvitelre\/\" \/>\n<meta property=\"og:locale\" content=\"ro_RO\" \/>\n<meta property=\"og:type\" content=\"article\" \/>\n<meta property=\"og:title\" content=\"Mini Box - minifry.app\" \/>\n<meta property=\"og:description\" content=\"Mini box: egyszer\u0171en nem lehet vele mell\u00e9ny\u00falni! Tartalmas, f\u0171szeres, laktat\u00f3. Pont, amire sz\u00fcks\u00e9ged van, ha gyorsan valami brut\u00e1l finomat enn\u00e9l.\" \/>\n<meta property=\"og:url\" content=\"https:\/\/minifry.app\/ro\/product\/mini-box-elvitelre\/\" \/>\n<meta property=\"og:site_name\" content=\"minifry.app\" \/>\n<meta property=\"article:modified_time\" content=\"2025-07-30T13:10:38+00:00\" \/>\n<meta property=\"og:image\" content=\"https:\/\/minifry.app\/wp-content\/uploads\/2024\/01\/doner-kebab-box.png\" \/>\n\t<meta property=\"og:image:width\" content=\"486\" \/>\n\t<meta property=\"og:image:height\" content=\"514\" \/>\n\t<meta property=\"og:image:type\" content=\"image\/png\" \/>\n<meta name=\"twitter:card\" content=\"summary_large_image\" \/>\n<meta name=\"twitter:label1\" content=\"Timp estimat pentru citire\" \/>\n\t<meta name=\"twitter:data1\" content=\"1 minut\" \/>\n<script type=\"application\/ld+json\" class=\"yoast-schema-graph\">{\"@context\":\"https:\/\/schema.org\",\"@graph\":[{\"@type\":\"WebPage\",\"@id\":\"https:\/\/minifry.app\/product\/mini-box-elvitelre\/\",\"url\":\"https:\/\/minifry.app\/product\/mini-box-elvitelre\/\",\"name\":\"Mini Box - minifry.app\",\"isPartOf\":{\"@id\":\"https:\/\/minifry.app\/#website\"},\"primaryImageOfPage\":{\"@id\":\"https:\/\/minifry.app\/product\/mini-box-elvitelre\/#primaryimage\"},\"image\":{\"@id\":\"https:\/\/minifry.app\/product\/mini-box-elvitelre\/#primaryimage\"},\"thumbnailUrl\":\"https:\/\/minifry.app\/wp-content\/uploads\/2024\/01\/doner-kebab-box.png\",\"datePublished\":\"2024-01-16T10:25:17+00:00\",\"dateModified\":\"2025-07-30T13:10:38+00:00\",\"description\":\"Mini box: egyszer\u0171en nem lehet vele mell\u00e9ny\u00falni! Tartalmas, f\u0171szeres, laktat\u00f3. Pont, amire sz\u00fcks\u00e9ged van, ha gyorsan valami brut\u00e1l finomat enn\u00e9l.\",\"breadcrumb\":{\"@id\":\"https:\/\/minifry.app\/product\/mini-box-elvitelre\/#breadcrumb\"},\"inLanguage\":\"ro-RO\",\"potentialAction\":[{\"@type\":\"ReadAction\",\"target\":[\"https:\/\/minifry.app\/product\/mini-box-elvitelre\/\"]}]},{\"@type\":\"ImageObject\",\"inLanguage\":\"ro-RO\",\"@id\":\"https:\/\/minifry.app\/product\/mini-box-elvitelre\/#primaryimage\",\"url\":\"https:\/\/minifry.app\/wp-content\/uploads\/2024\/01\/doner-kebab-box.png\",\"contentUrl\":\"https:\/\/minifry.app\/wp-content\/uploads\/2024\/01\/doner-kebab-box.png\",\"width\":486,\"height\":514,\"caption\":\"doner box finom \u00ednycsiklandoz\u00f3 laktat\u00f3 \u00e9tel fast food kir\u00e1lya minifry.app\"},{\"@type\":\"BreadcrumbList\",\"@id\":\"https:\/\/minifry.app\/product\/mini-box-elvitelre\/#breadcrumb\",\"itemListElement\":[{\"@type\":\"ListItem\",\"position\":1,\"name\":\"Kezd\u0151lap\",\"item\":\"https:\/\/minifry.app\/\"},{\"@type\":\"ListItem\",\"position\":2,\"name\":\"K\u00edn\u00e1latunk\",\"item\":\"https:\/\/minifry.app\/shop\/\"},{\"@type\":\"ListItem\",\"position\":3,\"name\":\"Mini Box\"}]},{\"@type\":\"WebSite\",\"@id\":\"https:\/\/minifry.app\/#website\",\"url\":\"https:\/\/minifry.app\/\",\"name\":\"minifry.app\",\"description\":\"\",\"publisher\":{\"@id\":\"https:\/\/minifry.app\/#organization\"},\"potentialAction\":[{\"@type\":\"SearchAction\",\"target\":{\"@type\":\"EntryPoint\",\"urlTemplate\":\"https:\/\/minifry.app\/?s={search_term_string}\"},\"query-input\":{\"@type\":\"PropertyValueSpecification\",\"valueRequired\":true,\"valueName\":\"search_term_string\"}}],\"inLanguage\":\"ro-RO\"},{\"@type\":\"Organization\",\"@id\":\"https:\/\/minifry.app\/#organization\",\"name\":\"DBVCORP SRL\",\"url\":\"https:\/\/minifry.app\/\",\"logo\":{\"@type\":\"ImageObject\",\"inLanguage\":\"ro-RO\",\"@id\":\"https:\/\/minifry.app\/#\/schema\/logo\/image\/\",\"url\":\"https:\/\/minifry.app\/wp-content\/uploads\/2025\/03\/cropped-logo-uj-20-x-15-cm-20-x-10-cm-masolata_20250314_103645_0000.png\",\"contentUrl\":\"https:\/\/minifry.app\/wp-content\/uploads\/2025\/03\/cropped-logo-uj-20-x-15-cm-20-x-10-cm-masolata_20250314_103645_0000.png\",\"width\":1992,\"height\":674,\"caption\":\"DBVCORP SRL\"},\"image\":{\"@id\":\"https:\/\/minifry.app\/#\/schema\/logo\/image\/\"}}]}<\/script>\n<!-- \/ Yoast SEO plugin. -->","yoast_head_json":{"title":"Mini Box - minifry.app","description":"Mini box: egyszer\u0171en nem lehet vele mell\u00e9ny\u00falni! Tartalmas, f\u0171szeres, laktat\u00f3. Pont, amire sz\u00fcks\u00e9ged van, ha gyorsan valami brut\u00e1l finomat enn\u00e9l.","robots":{"index":"index","follow":"follow","max-snippet":"max-snippet:-1","max-image-preview":"max-image-preview:large","max-video-preview":"max-video-preview:-1"},"canonical":"https:\/\/minifry.app\/ro\/product\/mini-box-elvitelre\/","og_locale":"ro_RO","og_type":"article","og_title":"Mini Box - minifry.app","og_description":"Mini box: egyszer\u0171en nem lehet vele mell\u00e9ny\u00falni! Tartalmas, f\u0171szeres, laktat\u00f3. Pont, amire sz\u00fcks\u00e9ged van, ha gyorsan valami brut\u00e1l finomat enn\u00e9l.","og_url":"https:\/\/minifry.app\/ro\/product\/mini-box-elvitelre\/","og_site_name":"minifry.app","article_modified_time":"2025-07-30T13:10:38+00:00","og_image":[{"width":486,"height":514,"url":"https:\/\/minifry.app\/wp-content\/uploads\/2024\/01\/doner-kebab-box.png","type":"image\/png"}],"twitter_card":"summary_large_image","twitter_misc":{"Timp estimat pentru citire":"1 minut"},"schema":{"@context":"https:\/\/schema.org","@graph":[{"@type":"WebPage","@id":"https:\/\/minifry.app\/product\/mini-box-elvitelre\/","url":"https:\/\/minifry.app\/product\/mini-box-elvitelre\/","name":"Mini Box - minifry.app","isPartOf":{"@id":"https:\/\/minifry.app\/#website"},"primaryImageOfPage":{"@id":"https:\/\/minifry.app\/product\/mini-box-elvitelre\/#primaryimage"},"image":{"@id":"https:\/\/minifry.app\/product\/mini-box-elvitelre\/#primaryimage"},"thumbnailUrl":"https:\/\/minifry.app\/wp-content\/uploads\/2024\/01\/doner-kebab-box.png","datePublished":"2024-01-16T10:25:17+00:00","dateModified":"2025-07-30T13:10:38+00:00","description":"Mini box: egyszer\u0171en nem lehet vele mell\u00e9ny\u00falni! Tartalmas, f\u0171szeres, laktat\u00f3. Pont, amire sz\u00fcks\u00e9ged van, ha gyorsan valami brut\u00e1l finomat enn\u00e9l.","breadcrumb":{"@id":"https:\/\/minifry.app\/product\/mini-box-elvitelre\/#breadcrumb"},"inLanguage":"ro-RO","potentialAction":[{"@type":"ReadAction","target":["https:\/\/minifry.app\/product\/mini-box-elvitelre\/"]}]},{"@type":"ImageObject","inLanguage":"ro-RO","@id":"https:\/\/minifry.app\/product\/mini-box-elvitelre\/#primaryimage","url":"https:\/\/minifry.app\/wp-content\/uploads\/2024\/01\/doner-kebab-box.png","contentUrl":"https:\/\/minifry.app\/wp-content\/uploads\/2024\/01\/doner-kebab-box.png","width":486,"height":514,"caption":"doner box finom \u00ednycsiklandoz\u00f3 laktat\u00f3 \u00e9tel fast food kir\u00e1lya minifry.app"},{"@type":"BreadcrumbList","@id":"https:\/\/minifry.app\/product\/mini-box-elvitelre\/#breadcrumb","itemListElement":[{"@type":"ListItem","position":1,"name":"Kezd\u0151lap","item":"https:\/\/minifry.app\/"},{"@type":"ListItem","position":2,"name":"K\u00edn\u00e1latunk","item":"https:\/\/minifry.app\/shop\/"},{"@type":"ListItem","position":3,"name":"Mini Box"}]},{"@type":"WebSite","@id":"https:\/\/minifry.app\/#website","url":"https:\/\/minifry.app\/","name":"minifry.app","description":"","publisher":{"@id":"https:\/\/minifry.app\/#organization"},"potentialAction":[{"@type":"SearchAction","target":{"@type":"EntryPoint","urlTemplate":"https:\/\/minifry.app\/?s={search_term_string}"},"query-input":{"@type":"PropertyValueSpecification","valueRequired":true,"valueName":"search_term_string"}}],"inLanguage":"ro-RO"},{"@type":"Organization","@id":"https:\/\/minifry.app\/#organization","name":"DBVCORP SRL","url":"https:\/\/minifry.app\/","logo":{"@type":"ImageObject","inLanguage":"ro-RO","@id":"https:\/\/minifry.app\/#\/schema\/logo\/image\/","url":"https:\/\/minifry.app\/wp-content\/uploads\/2025\/03\/cropped-logo-uj-20-x-15-cm-20-x-10-cm-masolata_20250314_103645_0000.png","contentUrl":"https:\/\/minifry.app\/wp-content\/uploads\/2025\/03\/cropped-logo-uj-20-x-15-cm-20-x-10-cm-masolata_20250314_103645_0000.png","width":1992,"height":674,"caption":"DBVCORP SRL"},"image":{"@id":"https:\/\/minifry.app\/#\/schema\/logo\/image\/"}}]}},"_links":{"self":[{"href":"https:\/\/minifry.app\/ro\/wp-json\/wp\/v2\/product\/1120","targetHints":{"allow":["GET"]}}],"collection":[{"href":"https:\/\/minifry.app\/ro\/wp-json\/wp\/v2\/product"}],"about":[{"href":"https:\/\/minifry.app\/ro\/wp-json\/wp\/v2\/types\/product"}],"wp:featuredmedia":[{"embeddable":true,"href":"https:\/\/minifry.app\/ro\/wp-json\/wp\/v2\/media\/1531"}],"wp:attachment":[{"href":"https:\/\/minifry.app\/ro\/wp-json\/wp\/v2\/media?parent=1120"}],"wp:term":[{"taxonomy":"product_brand","embeddable":true,"href":"https:\/\/minifry.app\/ro\/wp-json\/wp\/v2\/product_brand?post=1120"},{"taxonomy":"product_cat","embeddable":true,"href":"https:\/\/minifry.app\/ro\/wp-json\/wp\/v2\/product_cat?post=1120"},{"taxonomy":"product_tag","embeddable":true,"href":"https:\/\/minifry.app\/ro\/wp-json\/wp\/v2\/product_tag?post=1120"}],"curies":[{"name":"wp","href":"https:\/\/api.w.org\/{rel}","templated":true}]}}