{"id":1084,"date":"2025-03-14T13:58:34","date_gmt":"2025-03-14T11:58:34","guid":{"rendered":"https:\/\/konyha.app\/?post_type=product&#038;p=1084"},"modified":"2025-07-30T15:10:39","modified_gmt":"2025-07-30T13:10:39","slug":"marlenka-torta-desszert-edesseg","status":"publish","type":"product","link":"https:\/\/minifry.app\/ro\/product\/marlenka-torta-desszert-edesseg\/","title":{"rendered":"Tortul Marlenka"},"content":{"rendered":"<p data-start=\"145\" data-end=\"405\">Tortul Marlenka nu caut\u0103 s\u0103 impresioneze cu for\u021ba, \u0219i totu\u0219i cucere\u0219te pe toat\u0103 lumea: este \u00een acela\u0219i timp elegant, s\u0103\u021bios \u0219i reconfortant. O felie din acest tort este ca o clip\u0103 de \u00eentoarcere acas\u0103 \u2013 te lini\u0219te\u0219te, te umple de energie \u0219i \u00ee\u021bi aduce bucurie.<\/p>\n<p data-start=\"145\" data-end=\"405\">Aceast\u0103 tort\u0103 este \u00eens\u0103\u0219i tradi\u021bia \u0219i armonia gusturilor. Straturi moi de aluat cu miere se succed, fiind umplute cu o crem\u0103 fin\u0103 de cas\u0103. Fiecare mu\u0219c\u0103tur\u0103 aduce aroma aurie a mierii, croc\u0103nirea pl\u0103cut\u0103 a nucilor \u0219i acea dulcea\u021b\u0103 catifelat\u0103, care se tope\u0219te delicat \u00een gur\u0103.<\/p>\n<p data-start=\"145\" data-end=\"405\">Ai gustat <strong>Bilu\u021be Marlenka<\/strong>?<\/p>\n<p data-start=\"407\" data-end=\"612\">","protected":false},"excerpt":{"rendered":"<p><strong data-start=\"81\" data-end=\"143\">\u201eMarlenka \u2013 minunea cu miere, care r\u0103sfa\u021b\u0103 cu fiecare mu\u0219c\u0103tur\u0103.\u201d<\/strong><\/p>\n<p>Aluat moale cu miere, crem\u0103 de cas\u0103 bogat\u0103 \u0219i croc\u0103nirea nucilor \u00een fiecare mu\u0219c\u0103tur\u0103. Un adev\u0103rat clasic care face momentele tale cele mai dulci. Fiecare felie este o mic\u0103 bucurie.<\/p>","protected":false},"featured_media":1400,"template":"","meta":[],"product_brand":[],"product_cat":[39],"product_tag":[244,241,243,245,239,242,240],"class_list":{"0":"post-1084","1":"product","2":"type-product","3":"status-publish","4":"has-post-thumbnail","6":"product_cat-desszert-hu","7":"product_tag-desszert","8":"product_tag-dios","9":"product_tag-edesseg","10":"product_tag-fenomenalis","11":"product_tag-marlenka","12":"product_tag-mezes","13":"product_tag-torta","15":"first","16":"instock","17":"shipping-taxable","18":"purchasable","19":"product-type-simple"},"yoast_head":"<!-- This site is optimized with the Yoast SEO plugin v24.5 - https:\/\/yoast.com\/wordpress\/plugins\/seo\/ -->\n<title>Marlenka Torta - minifry.app<\/title>\n<meta name=\"description\" content=\"Marlenka Torta \u2013 a m\u00e9zes di\u00f3s csoda, ami minden falattal k\u00e9nyeztet. Egy szelet Marlenka igazi \u00e9des \u00e9lvezet, ami minden falattal rabul ejt.\" \/>\n<meta name=\"robots\" content=\"index, follow, max-snippet:-1, max-image-preview:large, max-video-preview:-1\" \/>\n<link rel=\"canonical\" href=\"https:\/\/minifry.app\/ro\/product\/marlenka-torta-desszert-edesseg\/\" \/>\n<meta property=\"og:locale\" content=\"ro_RO\" \/>\n<meta property=\"og:type\" content=\"article\" \/>\n<meta property=\"og:title\" content=\"Marlenka Torta - minifry.app\" \/>\n<meta property=\"og:description\" content=\"Marlenka Torta \u2013 a m\u00e9zes di\u00f3s csoda, ami minden falattal k\u00e9nyeztet. Egy szelet Marlenka igazi \u00e9des \u00e9lvezet, ami minden falattal rabul ejt.\" \/>\n<meta property=\"og:url\" content=\"https:\/\/minifry.app\/ro\/product\/marlenka-torta-desszert-edesseg\/\" \/>\n<meta property=\"og:site_name\" content=\"minifry.app\" \/>\n<meta property=\"article:modified_time\" content=\"2025-07-30T13:10:39+00:00\" \/>\n<meta property=\"og:image\" content=\"https:\/\/minifry.app\/wp-content\/uploads\/2023\/11\/marlenka-torta.png\" \/>\n\t<meta property=\"og:image:width\" content=\"2000\" \/>\n\t<meta property=\"og:image:height\" content=\"1500\" \/>\n\t<meta property=\"og:image:type\" content=\"image\/png\" \/>\n<meta name=\"twitter:card\" content=\"summary_large_image\" \/>\n<meta name=\"twitter:label1\" content=\"Timp estimat pentru citire\" \/>\n\t<meta name=\"twitter:data1\" content=\"1 minut\" \/>\n<script type=\"application\/ld+json\" class=\"yoast-schema-graph\">{\"@context\":\"https:\/\/schema.org\",\"@graph\":[{\"@type\":\"WebPage\",\"@id\":\"https:\/\/minifry.app\/product\/marlenka-torta-desszert-edesseg\/\",\"url\":\"https:\/\/minifry.app\/product\/marlenka-torta-desszert-edesseg\/\",\"name\":\"Marlenka Torta - minifry.app\",\"isPartOf\":{\"@id\":\"https:\/\/minifry.app\/#website\"},\"primaryImageOfPage\":{\"@id\":\"https:\/\/minifry.app\/product\/marlenka-torta-desszert-edesseg\/#primaryimage\"},\"image\":{\"@id\":\"https:\/\/minifry.app\/product\/marlenka-torta-desszert-edesseg\/#primaryimage\"},\"thumbnailUrl\":\"https:\/\/minifry.app\/wp-content\/uploads\/2023\/11\/marlenka-torta.png\",\"datePublished\":\"2025-03-14T11:58:34+00:00\",\"dateModified\":\"2025-07-30T13:10:39+00:00\",\"description\":\"Marlenka Torta \u2013 a m\u00e9zes di\u00f3s csoda, ami minden falattal k\u00e9nyeztet. Egy szelet Marlenka igazi \u00e9des \u00e9lvezet, ami minden falattal rabul ejt.\",\"breadcrumb\":{\"@id\":\"https:\/\/minifry.app\/product\/marlenka-torta-desszert-edesseg\/#breadcrumb\"},\"inLanguage\":\"ro-RO\",\"potentialAction\":[{\"@type\":\"ReadAction\",\"target\":[\"https:\/\/minifry.app\/product\/marlenka-torta-desszert-edesseg\/\"]}]},{\"@type\":\"ImageObject\",\"inLanguage\":\"ro-RO\",\"@id\":\"https:\/\/minifry.app\/product\/marlenka-torta-desszert-edesseg\/#primaryimage\",\"url\":\"https:\/\/minifry.app\/wp-content\/uploads\/2023\/11\/marlenka-torta.png\",\"contentUrl\":\"https:\/\/minifry.app\/wp-content\/uploads\/2023\/11\/marlenka-torta.png\",\"width\":2000,\"height\":1500,\"caption\":\"marlenka torta \u00ednycsiklandoz\u00f3 finom desszert di\u00f3s m\u00e9zes \u00e9dess\u00e9g\"},{\"@type\":\"BreadcrumbList\",\"@id\":\"https:\/\/minifry.app\/product\/marlenka-torta-desszert-edesseg\/#breadcrumb\",\"itemListElement\":[{\"@type\":\"ListItem\",\"position\":1,\"name\":\"Kezd\u0151lap\",\"item\":\"https:\/\/minifry.app\/\"},{\"@type\":\"ListItem\",\"position\":2,\"name\":\"K\u00edn\u00e1latunk\",\"item\":\"https:\/\/minifry.app\/shop\/\"},{\"@type\":\"ListItem\",\"position\":3,\"name\":\"Marlenka Torta\"}]},{\"@type\":\"WebSite\",\"@id\":\"https:\/\/minifry.app\/#website\",\"url\":\"https:\/\/minifry.app\/\",\"name\":\"minifry.app\",\"description\":\"\",\"publisher\":{\"@id\":\"https:\/\/minifry.app\/#organization\"},\"potentialAction\":[{\"@type\":\"SearchAction\",\"target\":{\"@type\":\"EntryPoint\",\"urlTemplate\":\"https:\/\/minifry.app\/?s={search_term_string}\"},\"query-input\":{\"@type\":\"PropertyValueSpecification\",\"valueRequired\":true,\"valueName\":\"search_term_string\"}}],\"inLanguage\":\"ro-RO\"},{\"@type\":\"Organization\",\"@id\":\"https:\/\/minifry.app\/#organization\",\"name\":\"DBVCORP SRL\",\"url\":\"https:\/\/minifry.app\/\",\"logo\":{\"@type\":\"ImageObject\",\"inLanguage\":\"ro-RO\",\"@id\":\"https:\/\/minifry.app\/#\/schema\/logo\/image\/\",\"url\":\"https:\/\/minifry.app\/wp-content\/uploads\/2025\/03\/cropped-logo-uj-20-x-15-cm-20-x-10-cm-masolata_20250314_103645_0000.png\",\"contentUrl\":\"https:\/\/minifry.app\/wp-content\/uploads\/2025\/03\/cropped-logo-uj-20-x-15-cm-20-x-10-cm-masolata_20250314_103645_0000.png\",\"width\":1992,\"height\":674,\"caption\":\"DBVCORP SRL\"},\"image\":{\"@id\":\"https:\/\/minifry.app\/#\/schema\/logo\/image\/\"}}]}<\/script>\n<!-- \/ Yoast SEO plugin. -->","yoast_head_json":{"title":"Marlenka Torta - minifry.app","description":"Marlenka Torta \u2013 a m\u00e9zes di\u00f3s csoda, ami minden falattal k\u00e9nyeztet. Egy szelet Marlenka igazi \u00e9des \u00e9lvezet, ami minden falattal rabul ejt.","robots":{"index":"index","follow":"follow","max-snippet":"max-snippet:-1","max-image-preview":"max-image-preview:large","max-video-preview":"max-video-preview:-1"},"canonical":"https:\/\/minifry.app\/ro\/product\/marlenka-torta-desszert-edesseg\/","og_locale":"ro_RO","og_type":"article","og_title":"Marlenka Torta - minifry.app","og_description":"Marlenka Torta \u2013 a m\u00e9zes di\u00f3s csoda, ami minden falattal k\u00e9nyeztet. Egy szelet Marlenka igazi \u00e9des \u00e9lvezet, ami minden falattal rabul ejt.","og_url":"https:\/\/minifry.app\/ro\/product\/marlenka-torta-desszert-edesseg\/","og_site_name":"minifry.app","article_modified_time":"2025-07-30T13:10:39+00:00","og_image":[{"width":2000,"height":1500,"url":"https:\/\/minifry.app\/wp-content\/uploads\/2023\/11\/marlenka-torta.png","type":"image\/png"}],"twitter_card":"summary_large_image","twitter_misc":{"Timp estimat pentru citire":"1 minut"},"schema":{"@context":"https:\/\/schema.org","@graph":[{"@type":"WebPage","@id":"https:\/\/minifry.app\/product\/marlenka-torta-desszert-edesseg\/","url":"https:\/\/minifry.app\/product\/marlenka-torta-desszert-edesseg\/","name":"Marlenka Torta - minifry.app","isPartOf":{"@id":"https:\/\/minifry.app\/#website"},"primaryImageOfPage":{"@id":"https:\/\/minifry.app\/product\/marlenka-torta-desszert-edesseg\/#primaryimage"},"image":{"@id":"https:\/\/minifry.app\/product\/marlenka-torta-desszert-edesseg\/#primaryimage"},"thumbnailUrl":"https:\/\/minifry.app\/wp-content\/uploads\/2023\/11\/marlenka-torta.png","datePublished":"2025-03-14T11:58:34+00:00","dateModified":"2025-07-30T13:10:39+00:00","description":"Marlenka Torta \u2013 a m\u00e9zes di\u00f3s csoda, ami minden falattal k\u00e9nyeztet. Egy szelet Marlenka igazi \u00e9des \u00e9lvezet, ami minden falattal rabul ejt.","breadcrumb":{"@id":"https:\/\/minifry.app\/product\/marlenka-torta-desszert-edesseg\/#breadcrumb"},"inLanguage":"ro-RO","potentialAction":[{"@type":"ReadAction","target":["https:\/\/minifry.app\/product\/marlenka-torta-desszert-edesseg\/"]}]},{"@type":"ImageObject","inLanguage":"ro-RO","@id":"https:\/\/minifry.app\/product\/marlenka-torta-desszert-edesseg\/#primaryimage","url":"https:\/\/minifry.app\/wp-content\/uploads\/2023\/11\/marlenka-torta.png","contentUrl":"https:\/\/minifry.app\/wp-content\/uploads\/2023\/11\/marlenka-torta.png","width":2000,"height":1500,"caption":"marlenka torta \u00ednycsiklandoz\u00f3 finom desszert di\u00f3s m\u00e9zes \u00e9dess\u00e9g"},{"@type":"BreadcrumbList","@id":"https:\/\/minifry.app\/product\/marlenka-torta-desszert-edesseg\/#breadcrumb","itemListElement":[{"@type":"ListItem","position":1,"name":"Kezd\u0151lap","item":"https:\/\/minifry.app\/"},{"@type":"ListItem","position":2,"name":"K\u00edn\u00e1latunk","item":"https:\/\/minifry.app\/shop\/"},{"@type":"ListItem","position":3,"name":"Marlenka Torta"}]},{"@type":"WebSite","@id":"https:\/\/minifry.app\/#website","url":"https:\/\/minifry.app\/","name":"minifry.app","description":"","publisher":{"@id":"https:\/\/minifry.app\/#organization"},"potentialAction":[{"@type":"SearchAction","target":{"@type":"EntryPoint","urlTemplate":"https:\/\/minifry.app\/?s={search_term_string}"},"query-input":{"@type":"PropertyValueSpecification","valueRequired":true,"valueName":"search_term_string"}}],"inLanguage":"ro-RO"},{"@type":"Organization","@id":"https:\/\/minifry.app\/#organization","name":"DBVCORP SRL","url":"https:\/\/minifry.app\/","logo":{"@type":"ImageObject","inLanguage":"ro-RO","@id":"https:\/\/minifry.app\/#\/schema\/logo\/image\/","url":"https:\/\/minifry.app\/wp-content\/uploads\/2025\/03\/cropped-logo-uj-20-x-15-cm-20-x-10-cm-masolata_20250314_103645_0000.png","contentUrl":"https:\/\/minifry.app\/wp-content\/uploads\/2025\/03\/cropped-logo-uj-20-x-15-cm-20-x-10-cm-masolata_20250314_103645_0000.png","width":1992,"height":674,"caption":"DBVCORP SRL"},"image":{"@id":"https:\/\/minifry.app\/#\/schema\/logo\/image\/"}}]}},"_links":{"self":[{"href":"https:\/\/minifry.app\/ro\/wp-json\/wp\/v2\/product\/1084","targetHints":{"allow":["GET"]}}],"collection":[{"href":"https:\/\/minifry.app\/ro\/wp-json\/wp\/v2\/product"}],"about":[{"href":"https:\/\/minifry.app\/ro\/wp-json\/wp\/v2\/types\/product"}],"wp:featuredmedia":[{"embeddable":true,"href":"https:\/\/minifry.app\/ro\/wp-json\/wp\/v2\/media\/1400"}],"wp:attachment":[{"href":"https:\/\/minifry.app\/ro\/wp-json\/wp\/v2\/media?parent=1084"}],"wp:term":[{"taxonomy":"product_brand","embeddable":true,"href":"https:\/\/minifry.app\/ro\/wp-json\/wp\/v2\/product_brand?post=1084"},{"taxonomy":"product_cat","embeddable":true,"href":"https:\/\/minifry.app\/ro\/wp-json\/wp\/v2\/product_cat?post=1084"},{"taxonomy":"product_tag","embeddable":true,"href":"https:\/\/minifry.app\/ro\/wp-json\/wp\/v2\/product_tag?post=1084"}],"curies":[{"name":"wp","href":"https:\/\/api.w.org\/{rel}","templated":true}]}}