{"id":1062,"date":"2023-10-09T11:38:50","date_gmt":"2023-10-09T09:38:50","guid":{"rendered":"https:\/\/konyha.app\/?post_type=product&#038;p=1062"},"modified":"2025-07-30T15:19:57","modified_gmt":"2025-07-30T13:19:57","slug":"sertes-marha-burger-friss-finom-szaftos","status":"publish","type":"product","link":"https:\/\/minifry.app\/ro\/product\/sertes-marha-burger-friss-finom-szaftos\/","title":{"rendered":"Burger din Porc \u0219i Vit\u0103"},"content":{"rendered":"<p>Un Burger de Porc \u0219i Vit\u0103 perfect suculent \u0219i gustos, gata de savurat pe loc. Fie c\u0103 \u00eel alegi pentru pr\u00e2nz sau cin\u0103, cu cartofi pr\u0103ji\u021bi sau salat\u0103, va fi cu siguran\u021b\u0103 un preparat s\u0103\u021bios.<\/p>\n<p>Urm\u0103torul este <strong>Burger de Pui<\/strong>!<\/p>","protected":false},"excerpt":{"rendered":"<p><strong>Burgerul poate fi preparat \u00een multe variante, iar condimentarea sa ofer\u0103 posibilit\u0103\u021bi aproape nelimitate.<\/strong><\/p>\n<p>Consumul Burgerului de porc \u0219i vit\u0103 este rapid \u0219i convenabil, iar acest preparat se reg\u0103se\u0219te \u00een restaurante \u0219i la v\u00e2nz\u0103torii stradali din numeroase \u021b\u0103ri ale lumii.<\/p>","protected":false},"featured_media":1063,"template":"","meta":[],"product_brand":[],"product_cat":[38],"product_tag":[302,93,89,84,126,125,90],"class_list":{"0":"post-1062","1":"product","2":"type-product","3":"status-publish","4":"has-post-thumbnail","6":"product_cat-gyors-etelek-hu","7":"product_tag-burger","8":"product_tag-fastfood","9":"product_tag-finom","10":"product_tag-friss","11":"product_tag-marha","12":"product_tag-sertes","13":"product_tag-szaftos","15":"first","16":"instock","17":"shipping-taxable","18":"purchasable","19":"product-type-simple"},"yoast_head":"<!-- This site is optimized with the Yoast SEO plugin v24.5 - https:\/\/yoast.com\/wordpress\/plugins\/seo\/ -->\n<title>Sert\u00e9s-Marha Burger - minifry.app<\/title>\n<meta name=\"description\" content=\"A sert\u00e9s-marha burger fogyaszt\u00e1sa gyors \u00e9s k\u00e9nyelmes, \u00e9s a vil\u00e1g sz\u00e1mos orsz\u00e1g\u00e1ban megtal\u00e1lhat\u00f3 \u00e9ttermek \u00e9s utcai \u00e1rusok k\u00edn\u00e1lat\u00e1ban is.\" \/>\n<meta name=\"robots\" content=\"index, follow, max-snippet:-1, max-image-preview:large, max-video-preview:-1\" \/>\n<link rel=\"canonical\" href=\"https:\/\/minifry.app\/ro\/product\/sertes-marha-burger-friss-finom-szaftos\/\" \/>\n<meta property=\"og:locale\" content=\"ro_RO\" \/>\n<meta property=\"og:type\" content=\"article\" \/>\n<meta property=\"og:title\" content=\"Sert\u00e9s-Marha Burger - minifry.app\" \/>\n<meta property=\"og:description\" content=\"A sert\u00e9s-marha burger fogyaszt\u00e1sa gyors \u00e9s k\u00e9nyelmes, \u00e9s a vil\u00e1g sz\u00e1mos orsz\u00e1g\u00e1ban megtal\u00e1lhat\u00f3 \u00e9ttermek \u00e9s utcai \u00e1rusok k\u00edn\u00e1lat\u00e1ban is.\" \/>\n<meta property=\"og:url\" content=\"https:\/\/minifry.app\/ro\/product\/sertes-marha-burger-friss-finom-szaftos\/\" \/>\n<meta property=\"og:site_name\" content=\"minifry.app\" \/>\n<meta property=\"article:modified_time\" content=\"2025-07-30T13:19:57+00:00\" \/>\n<meta property=\"og:image\" content=\"https:\/\/minifry.app\/wp-content\/uploads\/2023\/10\/hambi2.jpeg\" \/>\n\t<meta property=\"og:image:width\" content=\"1024\" \/>\n\t<meta property=\"og:image:height\" content=\"1024\" \/>\n\t<meta property=\"og:image:type\" content=\"image\/jpeg\" \/>\n<meta name=\"twitter:card\" content=\"summary_large_image\" \/>\n<meta name=\"twitter:label1\" content=\"Timp estimat pentru citire\" \/>\n\t<meta name=\"twitter:data1\" content=\"1 minut\" \/>\n<script type=\"application\/ld+json\" class=\"yoast-schema-graph\">{\"@context\":\"https:\/\/schema.org\",\"@graph\":[{\"@type\":\"WebPage\",\"@id\":\"https:\/\/minifry.app\/product\/sertes-marha-burger-friss-finom-szaftos\/\",\"url\":\"https:\/\/minifry.app\/product\/sertes-marha-burger-friss-finom-szaftos\/\",\"name\":\"Sert\u00e9s-Marha Burger - minifry.app\",\"isPartOf\":{\"@id\":\"https:\/\/minifry.app\/#website\"},\"primaryImageOfPage\":{\"@id\":\"https:\/\/minifry.app\/product\/sertes-marha-burger-friss-finom-szaftos\/#primaryimage\"},\"image\":{\"@id\":\"https:\/\/minifry.app\/product\/sertes-marha-burger-friss-finom-szaftos\/#primaryimage\"},\"thumbnailUrl\":\"https:\/\/minifry.app\/wp-content\/uploads\/2023\/10\/hambi2.jpeg\",\"datePublished\":\"2023-10-09T09:38:50+00:00\",\"dateModified\":\"2025-07-30T13:19:57+00:00\",\"description\":\"A sert\u00e9s-marha burger fogyaszt\u00e1sa gyors \u00e9s k\u00e9nyelmes, \u00e9s a vil\u00e1g sz\u00e1mos orsz\u00e1g\u00e1ban megtal\u00e1lhat\u00f3 \u00e9ttermek \u00e9s utcai \u00e1rusok k\u00edn\u00e1lat\u00e1ban is.\",\"breadcrumb\":{\"@id\":\"https:\/\/minifry.app\/product\/sertes-marha-burger-friss-finom-szaftos\/#breadcrumb\"},\"inLanguage\":\"ro-RO\",\"potentialAction\":[{\"@type\":\"ReadAction\",\"target\":[\"https:\/\/minifry.app\/product\/sertes-marha-burger-friss-finom-szaftos\/\"]}]},{\"@type\":\"ImageObject\",\"inLanguage\":\"ro-RO\",\"@id\":\"https:\/\/minifry.app\/product\/sertes-marha-burger-friss-finom-szaftos\/#primaryimage\",\"url\":\"https:\/\/minifry.app\/wp-content\/uploads\/2023\/10\/hambi2.jpeg\",\"contentUrl\":\"https:\/\/minifry.app\/wp-content\/uploads\/2023\/10\/hambi2.jpeg\",\"width\":1024,\"height\":1024,\"caption\":\"sert\u00e9s-marha hamburger friss finom szaftos \u00edzletes gyors kaja fast food konyha\"},{\"@type\":\"BreadcrumbList\",\"@id\":\"https:\/\/minifry.app\/product\/sertes-marha-burger-friss-finom-szaftos\/#breadcrumb\",\"itemListElement\":[{\"@type\":\"ListItem\",\"position\":1,\"name\":\"Kezd\u0151lap\",\"item\":\"https:\/\/minifry.app\/\"},{\"@type\":\"ListItem\",\"position\":2,\"name\":\"K\u00edn\u00e1latunk\",\"item\":\"https:\/\/minifry.app\/shop\/\"},{\"@type\":\"ListItem\",\"position\":3,\"name\":\"Sert\u00e9s-Marha Burger\"}]},{\"@type\":\"WebSite\",\"@id\":\"https:\/\/minifry.app\/#website\",\"url\":\"https:\/\/minifry.app\/\",\"name\":\"minifry.app\",\"description\":\"\",\"publisher\":{\"@id\":\"https:\/\/minifry.app\/#organization\"},\"potentialAction\":[{\"@type\":\"SearchAction\",\"target\":{\"@type\":\"EntryPoint\",\"urlTemplate\":\"https:\/\/minifry.app\/?s={search_term_string}\"},\"query-input\":{\"@type\":\"PropertyValueSpecification\",\"valueRequired\":true,\"valueName\":\"search_term_string\"}}],\"inLanguage\":\"ro-RO\"},{\"@type\":\"Organization\",\"@id\":\"https:\/\/minifry.app\/#organization\",\"name\":\"DBVCORP SRL\",\"url\":\"https:\/\/minifry.app\/\",\"logo\":{\"@type\":\"ImageObject\",\"inLanguage\":\"ro-RO\",\"@id\":\"https:\/\/minifry.app\/#\/schema\/logo\/image\/\",\"url\":\"https:\/\/minifry.app\/wp-content\/uploads\/2025\/03\/cropped-logo-uj-20-x-15-cm-20-x-10-cm-masolata_20250314_103645_0000.png\",\"contentUrl\":\"https:\/\/minifry.app\/wp-content\/uploads\/2025\/03\/cropped-logo-uj-20-x-15-cm-20-x-10-cm-masolata_20250314_103645_0000.png\",\"width\":1992,\"height\":674,\"caption\":\"DBVCORP SRL\"},\"image\":{\"@id\":\"https:\/\/minifry.app\/#\/schema\/logo\/image\/\"}}]}<\/script>\n<!-- \/ Yoast SEO plugin. -->","yoast_head_json":{"title":"Sert\u00e9s-Marha Burger - minifry.app","description":"A sert\u00e9s-marha burger fogyaszt\u00e1sa gyors \u00e9s k\u00e9nyelmes, \u00e9s a vil\u00e1g sz\u00e1mos orsz\u00e1g\u00e1ban megtal\u00e1lhat\u00f3 \u00e9ttermek \u00e9s utcai \u00e1rusok k\u00edn\u00e1lat\u00e1ban is.","robots":{"index":"index","follow":"follow","max-snippet":"max-snippet:-1","max-image-preview":"max-image-preview:large","max-video-preview":"max-video-preview:-1"},"canonical":"https:\/\/minifry.app\/ro\/product\/sertes-marha-burger-friss-finom-szaftos\/","og_locale":"ro_RO","og_type":"article","og_title":"Sert\u00e9s-Marha Burger - minifry.app","og_description":"A sert\u00e9s-marha burger fogyaszt\u00e1sa gyors \u00e9s k\u00e9nyelmes, \u00e9s a vil\u00e1g sz\u00e1mos orsz\u00e1g\u00e1ban megtal\u00e1lhat\u00f3 \u00e9ttermek \u00e9s utcai \u00e1rusok k\u00edn\u00e1lat\u00e1ban is.","og_url":"https:\/\/minifry.app\/ro\/product\/sertes-marha-burger-friss-finom-szaftos\/","og_site_name":"minifry.app","article_modified_time":"2025-07-30T13:19:57+00:00","og_image":[{"width":1024,"height":1024,"url":"https:\/\/minifry.app\/wp-content\/uploads\/2023\/10\/hambi2.jpeg","type":"image\/jpeg"}],"twitter_card":"summary_large_image","twitter_misc":{"Timp estimat pentru citire":"1 minut"},"schema":{"@context":"https:\/\/schema.org","@graph":[{"@type":"WebPage","@id":"https:\/\/minifry.app\/product\/sertes-marha-burger-friss-finom-szaftos\/","url":"https:\/\/minifry.app\/product\/sertes-marha-burger-friss-finom-szaftos\/","name":"Sert\u00e9s-Marha Burger - minifry.app","isPartOf":{"@id":"https:\/\/minifry.app\/#website"},"primaryImageOfPage":{"@id":"https:\/\/minifry.app\/product\/sertes-marha-burger-friss-finom-szaftos\/#primaryimage"},"image":{"@id":"https:\/\/minifry.app\/product\/sertes-marha-burger-friss-finom-szaftos\/#primaryimage"},"thumbnailUrl":"https:\/\/minifry.app\/wp-content\/uploads\/2023\/10\/hambi2.jpeg","datePublished":"2023-10-09T09:38:50+00:00","dateModified":"2025-07-30T13:19:57+00:00","description":"A sert\u00e9s-marha burger fogyaszt\u00e1sa gyors \u00e9s k\u00e9nyelmes, \u00e9s a vil\u00e1g sz\u00e1mos orsz\u00e1g\u00e1ban megtal\u00e1lhat\u00f3 \u00e9ttermek \u00e9s utcai \u00e1rusok k\u00edn\u00e1lat\u00e1ban is.","breadcrumb":{"@id":"https:\/\/minifry.app\/product\/sertes-marha-burger-friss-finom-szaftos\/#breadcrumb"},"inLanguage":"ro-RO","potentialAction":[{"@type":"ReadAction","target":["https:\/\/minifry.app\/product\/sertes-marha-burger-friss-finom-szaftos\/"]}]},{"@type":"ImageObject","inLanguage":"ro-RO","@id":"https:\/\/minifry.app\/product\/sertes-marha-burger-friss-finom-szaftos\/#primaryimage","url":"https:\/\/minifry.app\/wp-content\/uploads\/2023\/10\/hambi2.jpeg","contentUrl":"https:\/\/minifry.app\/wp-content\/uploads\/2023\/10\/hambi2.jpeg","width":1024,"height":1024,"caption":"sert\u00e9s-marha hamburger friss finom szaftos \u00edzletes gyors kaja fast food konyha"},{"@type":"BreadcrumbList","@id":"https:\/\/minifry.app\/product\/sertes-marha-burger-friss-finom-szaftos\/#breadcrumb","itemListElement":[{"@type":"ListItem","position":1,"name":"Kezd\u0151lap","item":"https:\/\/minifry.app\/"},{"@type":"ListItem","position":2,"name":"K\u00edn\u00e1latunk","item":"https:\/\/minifry.app\/shop\/"},{"@type":"ListItem","position":3,"name":"Sert\u00e9s-Marha Burger"}]},{"@type":"WebSite","@id":"https:\/\/minifry.app\/#website","url":"https:\/\/minifry.app\/","name":"minifry.app","description":"","publisher":{"@id":"https:\/\/minifry.app\/#organization"},"potentialAction":[{"@type":"SearchAction","target":{"@type":"EntryPoint","urlTemplate":"https:\/\/minifry.app\/?s={search_term_string}"},"query-input":{"@type":"PropertyValueSpecification","valueRequired":true,"valueName":"search_term_string"}}],"inLanguage":"ro-RO"},{"@type":"Organization","@id":"https:\/\/minifry.app\/#organization","name":"DBVCORP SRL","url":"https:\/\/minifry.app\/","logo":{"@type":"ImageObject","inLanguage":"ro-RO","@id":"https:\/\/minifry.app\/#\/schema\/logo\/image\/","url":"https:\/\/minifry.app\/wp-content\/uploads\/2025\/03\/cropped-logo-uj-20-x-15-cm-20-x-10-cm-masolata_20250314_103645_0000.png","contentUrl":"https:\/\/minifry.app\/wp-content\/uploads\/2025\/03\/cropped-logo-uj-20-x-15-cm-20-x-10-cm-masolata_20250314_103645_0000.png","width":1992,"height":674,"caption":"DBVCORP SRL"},"image":{"@id":"https:\/\/minifry.app\/#\/schema\/logo\/image\/"}}]}},"_links":{"self":[{"href":"https:\/\/minifry.app\/ro\/wp-json\/wp\/v2\/product\/1062","targetHints":{"allow":["GET"]}}],"collection":[{"href":"https:\/\/minifry.app\/ro\/wp-json\/wp\/v2\/product"}],"about":[{"href":"https:\/\/minifry.app\/ro\/wp-json\/wp\/v2\/types\/product"}],"wp:featuredmedia":[{"embeddable":true,"href":"https:\/\/minifry.app\/ro\/wp-json\/wp\/v2\/media\/1063"}],"wp:attachment":[{"href":"https:\/\/minifry.app\/ro\/wp-json\/wp\/v2\/media?parent=1062"}],"wp:term":[{"taxonomy":"product_brand","embeddable":true,"href":"https:\/\/minifry.app\/ro\/wp-json\/wp\/v2\/product_brand?post=1062"},{"taxonomy":"product_cat","embeddable":true,"href":"https:\/\/minifry.app\/ro\/wp-json\/wp\/v2\/product_cat?post=1062"},{"taxonomy":"product_tag","embeddable":true,"href":"https:\/\/minifry.app\/ro\/wp-json\/wp\/v2\/product_tag?post=1062"}],"curies":[{"name":"wp","href":"https:\/\/api.w.org\/{rel}","templated":true}]}}