{"id":1043,"date":"2023-02-08T11:06:52","date_gmt":"2023-02-08T09:06:52","guid":{"rendered":"https:\/\/konyha.app\/?post_type=product&#038;p=1043"},"modified":"2025-07-30T15:26:11","modified_gmt":"2025-07-30T13:26:11","slug":"szoszok-martogatos-kremes","status":"publish","type":"product","link":"https:\/\/minifry.app\/ro\/product\/szoszok-martogatos-kremes\/","title":{"rendered":"Sosuri"},"content":{"rendered":"<p data-start=\"88\" data-end=\"375\">Secretul sosurilor const\u0103 \u00een armonia perfect\u0103 a aromelor: picant, cremos, dulce sau iute \u2013 fiecare ofer\u0103 o experien\u021b\u0103 unic\u0103 de gust, transform\u00e2nd orice fel de m\u00e2ncare \u00eentr-o amintire de neuitat. O singur\u0103 mu\u0219c\u0103tur\u0103 \u0219i masa ta devine o adev\u0103rat\u0103 aventur\u0103 gastronomic\u0103!<\/p>\n<p><strong>Sos de br\u00e2nz\u0103 Cheddar<\/strong> \u2013 visul iubitorilor de br\u00e2nz\u0103.<\/p>\n<p><strong>Sos Ezersziget<\/strong> \u2013 minun\u0103\u021bia picant\u0103 \u0219i dulce.<\/p>\n<p><strong>Sos Tzatziki<\/strong> - minun\u0103\u021bia r\u0103coritoare cu iaurt.<\/p>\n<p><strong>Ketchup<\/strong> \u2013 sosul clasic etern, care transform\u0103 fiecare mu\u0219c\u0103tur\u0103 \u00eentr-o pl\u0103cere!<\/p>","protected":false},"excerpt":{"rendered":"<p><strong data-start=\"97\" data-end=\"157\">\u201eSosuri care fac fiecare mu\u0219c\u0103tur\u0103 \u0219i mai delicioas\u0103.\u201d<\/strong><br data-start=\"157\" data-end=\"160\" \/>Secretul sosurilor const\u0103 \u00een armonia perfect\u0103 a aromelor: picant, cremos, dulce sau iute \u2013 fiecare ofer\u0103 o experien\u021b\u0103 unic\u0103 de gust, transform\u00e2nd orice fel de m\u00e2ncare \u00eentr-o amintire de neuitat. O singur\u0103 mu\u0219c\u0103tur\u0103 \u0219i masa ta devine o adev\u0103rat\u0103 aventur\u0103 gastronomic\u0103!<\/p>","protected":false},"featured_media":1421,"template":"","meta":[],"product_brand":[],"product_cat":[120],"product_tag":[268,265,266,267,121,122,264],"class_list":{"0":"post-1043","1":"product","2":"type-product","3":"status-publish","4":"has-post-thumbnail","6":"product_cat-szosz-hu","7":"product_tag-cheddar-sajt-szosz","8":"product_tag-ezersziget-szosz","9":"product_tag-ketchup","10":"product_tag-majonez","11":"product_tag-szosz","12":"product_tag-tzatziki","13":"product_tag-tzatziki-szosz","15":"first","16":"instock","17":"shipping-taxable","18":"purchasable","19":"product-type-simple"},"yoast_head":"<!-- This site is optimized with the Yoast SEO plugin v24.5 - https:\/\/yoast.com\/wordpress\/plugins\/seo\/ -->\n<title>Sz\u00f3szok - minifry.app<\/title>\n<meta name=\"description\" content=\"Sz\u00f3szok \u2013 a titok, ami a legjobb \u00e9teleket var\u00e1zsolja el. Kiv\u00e1l\u00f3 k\u00eds\u00e9r\u0151k minden fog\u00e1shoz, t\u00f6k\u00e9letes kieg\u00e9sz\u00edt\u0151i a legfinomabb \u00e9teleknek!\" \/>\n<meta name=\"robots\" content=\"index, follow, max-snippet:-1, max-image-preview:large, max-video-preview:-1\" \/>\n<link rel=\"canonical\" href=\"https:\/\/minifry.app\/ro\/product\/szoszok-martogatos-kremes\/\" \/>\n<meta property=\"og:locale\" content=\"ro_RO\" \/>\n<meta property=\"og:type\" content=\"article\" \/>\n<meta property=\"og:title\" content=\"Sz\u00f3szok - minifry.app\" \/>\n<meta property=\"og:description\" content=\"Sz\u00f3szok \u2013 a titok, ami a legjobb \u00e9teleket var\u00e1zsolja el. Kiv\u00e1l\u00f3 k\u00eds\u00e9r\u0151k minden fog\u00e1shoz, t\u00f6k\u00e9letes kieg\u00e9sz\u00edt\u0151i a legfinomabb \u00e9teleknek!\" \/>\n<meta property=\"og:url\" content=\"https:\/\/minifry.app\/ro\/product\/szoszok-martogatos-kremes\/\" \/>\n<meta property=\"og:site_name\" content=\"minifry.app\" \/>\n<meta property=\"article:modified_time\" content=\"2025-07-30T13:26:11+00:00\" \/>\n<meta property=\"og:image\" content=\"https:\/\/minifry.app\/wp-content\/uploads\/2023\/02\/szoszok.png\" \/>\n\t<meta property=\"og:image:width\" content=\"441\" \/>\n\t<meta property=\"og:image:height\" content=\"435\" \/>\n\t<meta property=\"og:image:type\" content=\"image\/png\" \/>\n<meta name=\"twitter:card\" content=\"summary_large_image\" \/>\n<meta name=\"twitter:label1\" content=\"Timp estimat pentru citire\" \/>\n\t<meta name=\"twitter:data1\" content=\"1 minut\" \/>\n<script type=\"application\/ld+json\" class=\"yoast-schema-graph\">{\"@context\":\"https:\/\/schema.org\",\"@graph\":[{\"@type\":\"WebPage\",\"@id\":\"https:\/\/minifry.app\/product\/szoszok-martogatos-kremes\/\",\"url\":\"https:\/\/minifry.app\/product\/szoszok-martogatos-kremes\/\",\"name\":\"Sz\u00f3szok - minifry.app\",\"isPartOf\":{\"@id\":\"https:\/\/minifry.app\/#website\"},\"primaryImageOfPage\":{\"@id\":\"https:\/\/minifry.app\/product\/szoszok-martogatos-kremes\/#primaryimage\"},\"image\":{\"@id\":\"https:\/\/minifry.app\/product\/szoszok-martogatos-kremes\/#primaryimage\"},\"thumbnailUrl\":\"https:\/\/minifry.app\/wp-content\/uploads\/2023\/02\/szoszok.png\",\"datePublished\":\"2023-02-08T09:06:52+00:00\",\"dateModified\":\"2025-07-30T13:26:11+00:00\",\"description\":\"Sz\u00f3szok \u2013 a titok, ami a legjobb \u00e9teleket var\u00e1zsolja el. Kiv\u00e1l\u00f3 k\u00eds\u00e9r\u0151k minden fog\u00e1shoz, t\u00f6k\u00e9letes kieg\u00e9sz\u00edt\u0151i a legfinomabb \u00e9teleknek!\",\"breadcrumb\":{\"@id\":\"https:\/\/minifry.app\/product\/szoszok-martogatos-kremes\/#breadcrumb\"},\"inLanguage\":\"ro-RO\",\"potentialAction\":[{\"@type\":\"ReadAction\",\"target\":[\"https:\/\/minifry.app\/product\/szoszok-martogatos-kremes\/\"]}]},{\"@type\":\"ImageObject\",\"inLanguage\":\"ro-RO\",\"@id\":\"https:\/\/minifry.app\/product\/szoszok-martogatos-kremes\/#primaryimage\",\"url\":\"https:\/\/minifry.app\/wp-content\/uploads\/2023\/02\/szoszok.png\",\"contentUrl\":\"https:\/\/minifry.app\/wp-content\/uploads\/2023\/02\/szoszok.png\",\"width\":441,\"height\":435,\"caption\":\"sz\u00f3szok ketchup majon\u00e9z cheddar sajt sz\u00f3sz tzatziki sz\u00f3sz ezersziget sz\u00f3sz minifry.app\"},{\"@type\":\"BreadcrumbList\",\"@id\":\"https:\/\/minifry.app\/product\/szoszok-martogatos-kremes\/#breadcrumb\",\"itemListElement\":[{\"@type\":\"ListItem\",\"position\":1,\"name\":\"Kezd\u0151lap\",\"item\":\"https:\/\/minifry.app\/\"},{\"@type\":\"ListItem\",\"position\":2,\"name\":\"K\u00edn\u00e1latunk\",\"item\":\"https:\/\/minifry.app\/shop\/\"},{\"@type\":\"ListItem\",\"position\":3,\"name\":\"Sz\u00f3szok\"}]},{\"@type\":\"WebSite\",\"@id\":\"https:\/\/minifry.app\/#website\",\"url\":\"https:\/\/minifry.app\/\",\"name\":\"minifry.app\",\"description\":\"\",\"publisher\":{\"@id\":\"https:\/\/minifry.app\/#organization\"},\"potentialAction\":[{\"@type\":\"SearchAction\",\"target\":{\"@type\":\"EntryPoint\",\"urlTemplate\":\"https:\/\/minifry.app\/?s={search_term_string}\"},\"query-input\":{\"@type\":\"PropertyValueSpecification\",\"valueRequired\":true,\"valueName\":\"search_term_string\"}}],\"inLanguage\":\"ro-RO\"},{\"@type\":\"Organization\",\"@id\":\"https:\/\/minifry.app\/#organization\",\"name\":\"DBVCORP SRL\",\"url\":\"https:\/\/minifry.app\/\",\"logo\":{\"@type\":\"ImageObject\",\"inLanguage\":\"ro-RO\",\"@id\":\"https:\/\/minifry.app\/#\/schema\/logo\/image\/\",\"url\":\"https:\/\/minifry.app\/wp-content\/uploads\/2025\/03\/cropped-logo-uj-20-x-15-cm-20-x-10-cm-masolata_20250314_103645_0000.png\",\"contentUrl\":\"https:\/\/minifry.app\/wp-content\/uploads\/2025\/03\/cropped-logo-uj-20-x-15-cm-20-x-10-cm-masolata_20250314_103645_0000.png\",\"width\":1992,\"height\":674,\"caption\":\"DBVCORP SRL\"},\"image\":{\"@id\":\"https:\/\/minifry.app\/#\/schema\/logo\/image\/\"}}]}<\/script>\n<!-- \/ Yoast SEO plugin. -->","yoast_head_json":{"title":"Sz\u00f3szok - minifry.app","description":"Sz\u00f3szok \u2013 a titok, ami a legjobb \u00e9teleket var\u00e1zsolja el. Kiv\u00e1l\u00f3 k\u00eds\u00e9r\u0151k minden fog\u00e1shoz, t\u00f6k\u00e9letes kieg\u00e9sz\u00edt\u0151i a legfinomabb \u00e9teleknek!","robots":{"index":"index","follow":"follow","max-snippet":"max-snippet:-1","max-image-preview":"max-image-preview:large","max-video-preview":"max-video-preview:-1"},"canonical":"https:\/\/minifry.app\/ro\/product\/szoszok-martogatos-kremes\/","og_locale":"ro_RO","og_type":"article","og_title":"Sz\u00f3szok - minifry.app","og_description":"Sz\u00f3szok \u2013 a titok, ami a legjobb \u00e9teleket var\u00e1zsolja el. Kiv\u00e1l\u00f3 k\u00eds\u00e9r\u0151k minden fog\u00e1shoz, t\u00f6k\u00e9letes kieg\u00e9sz\u00edt\u0151i a legfinomabb \u00e9teleknek!","og_url":"https:\/\/minifry.app\/ro\/product\/szoszok-martogatos-kremes\/","og_site_name":"minifry.app","article_modified_time":"2025-07-30T13:26:11+00:00","og_image":[{"width":441,"height":435,"url":"https:\/\/minifry.app\/wp-content\/uploads\/2023\/02\/szoszok.png","type":"image\/png"}],"twitter_card":"summary_large_image","twitter_misc":{"Timp estimat pentru citire":"1 minut"},"schema":{"@context":"https:\/\/schema.org","@graph":[{"@type":"WebPage","@id":"https:\/\/minifry.app\/product\/szoszok-martogatos-kremes\/","url":"https:\/\/minifry.app\/product\/szoszok-martogatos-kremes\/","name":"Sz\u00f3szok - minifry.app","isPartOf":{"@id":"https:\/\/minifry.app\/#website"},"primaryImageOfPage":{"@id":"https:\/\/minifry.app\/product\/szoszok-martogatos-kremes\/#primaryimage"},"image":{"@id":"https:\/\/minifry.app\/product\/szoszok-martogatos-kremes\/#primaryimage"},"thumbnailUrl":"https:\/\/minifry.app\/wp-content\/uploads\/2023\/02\/szoszok.png","datePublished":"2023-02-08T09:06:52+00:00","dateModified":"2025-07-30T13:26:11+00:00","description":"Sz\u00f3szok \u2013 a titok, ami a legjobb \u00e9teleket var\u00e1zsolja el. Kiv\u00e1l\u00f3 k\u00eds\u00e9r\u0151k minden fog\u00e1shoz, t\u00f6k\u00e9letes kieg\u00e9sz\u00edt\u0151i a legfinomabb \u00e9teleknek!","breadcrumb":{"@id":"https:\/\/minifry.app\/product\/szoszok-martogatos-kremes\/#breadcrumb"},"inLanguage":"ro-RO","potentialAction":[{"@type":"ReadAction","target":["https:\/\/minifry.app\/product\/szoszok-martogatos-kremes\/"]}]},{"@type":"ImageObject","inLanguage":"ro-RO","@id":"https:\/\/minifry.app\/product\/szoszok-martogatos-kremes\/#primaryimage","url":"https:\/\/minifry.app\/wp-content\/uploads\/2023\/02\/szoszok.png","contentUrl":"https:\/\/minifry.app\/wp-content\/uploads\/2023\/02\/szoszok.png","width":441,"height":435,"caption":"sz\u00f3szok ketchup majon\u00e9z cheddar sajt sz\u00f3sz tzatziki sz\u00f3sz ezersziget sz\u00f3sz minifry.app"},{"@type":"BreadcrumbList","@id":"https:\/\/minifry.app\/product\/szoszok-martogatos-kremes\/#breadcrumb","itemListElement":[{"@type":"ListItem","position":1,"name":"Kezd\u0151lap","item":"https:\/\/minifry.app\/"},{"@type":"ListItem","position":2,"name":"K\u00edn\u00e1latunk","item":"https:\/\/minifry.app\/shop\/"},{"@type":"ListItem","position":3,"name":"Sz\u00f3szok"}]},{"@type":"WebSite","@id":"https:\/\/minifry.app\/#website","url":"https:\/\/minifry.app\/","name":"minifry.app","description":"","publisher":{"@id":"https:\/\/minifry.app\/#organization"},"potentialAction":[{"@type":"SearchAction","target":{"@type":"EntryPoint","urlTemplate":"https:\/\/minifry.app\/?s={search_term_string}"},"query-input":{"@type":"PropertyValueSpecification","valueRequired":true,"valueName":"search_term_string"}}],"inLanguage":"ro-RO"},{"@type":"Organization","@id":"https:\/\/minifry.app\/#organization","name":"DBVCORP SRL","url":"https:\/\/minifry.app\/","logo":{"@type":"ImageObject","inLanguage":"ro-RO","@id":"https:\/\/minifry.app\/#\/schema\/logo\/image\/","url":"https:\/\/minifry.app\/wp-content\/uploads\/2025\/03\/cropped-logo-uj-20-x-15-cm-20-x-10-cm-masolata_20250314_103645_0000.png","contentUrl":"https:\/\/minifry.app\/wp-content\/uploads\/2025\/03\/cropped-logo-uj-20-x-15-cm-20-x-10-cm-masolata_20250314_103645_0000.png","width":1992,"height":674,"caption":"DBVCORP SRL"},"image":{"@id":"https:\/\/minifry.app\/#\/schema\/logo\/image\/"}}]}},"_links":{"self":[{"href":"https:\/\/minifry.app\/ro\/wp-json\/wp\/v2\/product\/1043","targetHints":{"allow":["GET"]}}],"collection":[{"href":"https:\/\/minifry.app\/ro\/wp-json\/wp\/v2\/product"}],"about":[{"href":"https:\/\/minifry.app\/ro\/wp-json\/wp\/v2\/types\/product"}],"wp:featuredmedia":[{"embeddable":true,"href":"https:\/\/minifry.app\/ro\/wp-json\/wp\/v2\/media\/1421"}],"wp:attachment":[{"href":"https:\/\/minifry.app\/ro\/wp-json\/wp\/v2\/media?parent=1043"}],"wp:term":[{"taxonomy":"product_brand","embeddable":true,"href":"https:\/\/minifry.app\/ro\/wp-json\/wp\/v2\/product_brand?post=1043"},{"taxonomy":"product_cat","embeddable":true,"href":"https:\/\/minifry.app\/ro\/wp-json\/wp\/v2\/product_cat?post=1043"},{"taxonomy":"product_tag","embeddable":true,"href":"https:\/\/minifry.app\/ro\/wp-json\/wp\/v2\/product_tag?post=1043"}],"curies":[{"name":"wp","href":"https:\/\/api.w.org\/{rel}","templated":true}]}}