{"id":9,"date":"2022-03-04T07:48:40","date_gmt":"2022-03-04T07:48:40","guid":{"rendered":"https:\/\/konyha.app\/my-account\/"},"modified":"2022-03-04T10:51:18","modified_gmt":"2022-03-04T10:51:18","slug":"my-account","status":"publish","type":"page","link":"https:\/\/minifry.app\/ro\/my-account\/","title":{"rendered":"Fi\u00f3kom"},"content":{"rendered":"<div class=\"woocommerce\"><\/div>","protected":false},"excerpt":{"rendered":"","protected":false},"author":1,"featured_media":0,"parent":0,"menu_order":0,"comment_status":"closed","ping_status":"closed","template":"","meta":{"footnotes":""},"class_list":["post-9","page","type-page","status-publish","hentry"],"yoast_head":"<!-- This site is optimized with the Yoast SEO plugin v24.5 - https:\/\/yoast.com\/wordpress\/plugins\/seo\/ -->\n<title>Fi\u00f3kom - minifry.app<\/title>\n<meta name=\"description\" content=\"Konyha \u00c9rmih\u00e1lyfalva. Fast Food, H\u00e1zhozsz\u00e1ll\u00edt\u00e1s. Valea lui Mihai. \u00c9rmih\u00e1lyfalva \u00e9s K\u00f6rny\u00e9ke. Rendelj h\u00e1zhoz \u00c9rmih\u00e1lyfalv\u00e1n. Kebab, Gyors, \u00e9s Gyors \u00c9telek.\" \/>\n<meta name=\"robots\" content=\"index, follow, max-snippet:-1, max-image-preview:large, max-video-preview:-1\" \/>\n<link rel=\"canonical\" href=\"https:\/\/minifry.app\/ro\/my-account\/\" \/>\n<meta property=\"og:locale\" content=\"ro_RO\" \/>\n<meta property=\"og:type\" content=\"article\" \/>\n<meta property=\"og:title\" content=\"Fi\u00f3kom - minifry.app\" \/>\n<meta property=\"og:description\" content=\"Konyha \u00c9rmih\u00e1lyfalva. Fast Food, H\u00e1zhozsz\u00e1ll\u00edt\u00e1s. Valea lui Mihai. \u00c9rmih\u00e1lyfalva \u00e9s K\u00f6rny\u00e9ke. Rendelj h\u00e1zhoz \u00c9rmih\u00e1lyfalv\u00e1n. Kebab, Gyors, \u00e9s Gyors \u00c9telek.\" \/>\n<meta property=\"og:url\" content=\"https:\/\/minifry.app\/ro\/my-account\/\" \/>\n<meta property=\"og:site_name\" content=\"minifry.app\" \/>\n<meta property=\"article:modified_time\" content=\"2022-03-04T10:51:18+00:00\" \/>\n<meta name=\"twitter:card\" content=\"summary_large_image\" \/>\n<script type=\"application\/ld+json\" class=\"yoast-schema-graph\">{\"@context\":\"https:\/\/schema.org\",\"@graph\":[{\"@type\":\"WebPage\",\"@id\":\"https:\/\/minifry.app\/my-account\/\",\"url\":\"https:\/\/minifry.app\/my-account\/\",\"name\":\"Fi\u00f3kom - minifry.app\",\"isPartOf\":{\"@id\":\"https:\/\/minifry.app\/#website\"},\"datePublished\":\"2022-03-04T07:48:40+00:00\",\"dateModified\":\"2022-03-04T10:51:18+00:00\",\"description\":\"Konyha \u00c9rmih\u00e1lyfalva. Fast Food, H\u00e1zhozsz\u00e1ll\u00edt\u00e1s. Valea lui Mihai. \u00c9rmih\u00e1lyfalva \u00e9s K\u00f6rny\u00e9ke. Rendelj h\u00e1zhoz \u00c9rmih\u00e1lyfalv\u00e1n. Kebab, Gyors, \u00e9s Gyors \u00c9telek.\",\"breadcrumb\":{\"@id\":\"https:\/\/minifry.app\/my-account\/#breadcrumb\"},\"inLanguage\":\"ro-RO\",\"potentialAction\":[{\"@type\":\"ReadAction\",\"target\":[\"https:\/\/minifry.app\/my-account\/\"]}]},{\"@type\":\"BreadcrumbList\",\"@id\":\"https:\/\/minifry.app\/my-account\/#breadcrumb\",\"itemListElement\":[{\"@type\":\"ListItem\",\"position\":1,\"name\":\"Kezd\u0151lap\",\"item\":\"https:\/\/minifry.app\/\"},{\"@type\":\"ListItem\",\"position\":2,\"name\":\"Fi\u00f3kom\"}]},{\"@type\":\"WebSite\",\"@id\":\"https:\/\/minifry.app\/#website\",\"url\":\"https:\/\/minifry.app\/\",\"name\":\"minifry.app\",\"description\":\"\",\"publisher\":{\"@id\":\"https:\/\/minifry.app\/#organization\"},\"potentialAction\":[{\"@type\":\"SearchAction\",\"target\":{\"@type\":\"EntryPoint\",\"urlTemplate\":\"https:\/\/minifry.app\/?s={search_term_string}\"},\"query-input\":{\"@type\":\"PropertyValueSpecification\",\"valueRequired\":true,\"valueName\":\"search_term_string\"}}],\"inLanguage\":\"ro-RO\"},{\"@type\":\"Organization\",\"@id\":\"https:\/\/minifry.app\/#organization\",\"name\":\"DBVCORP SRL\",\"url\":\"https:\/\/minifry.app\/\",\"logo\":{\"@type\":\"ImageObject\",\"inLanguage\":\"ro-RO\",\"@id\":\"https:\/\/minifry.app\/#\/schema\/logo\/image\/\",\"url\":\"https:\/\/minifry.app\/wp-content\/uploads\/2025\/03\/cropped-logo-uj-20-x-15-cm-20-x-10-cm-masolata_20250314_103645_0000.png\",\"contentUrl\":\"https:\/\/minifry.app\/wp-content\/uploads\/2025\/03\/cropped-logo-uj-20-x-15-cm-20-x-10-cm-masolata_20250314_103645_0000.png\",\"width\":1992,\"height\":674,\"caption\":\"DBVCORP SRL\"},\"image\":{\"@id\":\"https:\/\/minifry.app\/#\/schema\/logo\/image\/\"}}]}<\/script>\n<!-- \/ Yoast SEO plugin. -->","yoast_head_json":{"title":"Fi\u00f3kom - minifry.app","description":"Konyha \u00c9rmih\u00e1lyfalva. Fast Food, H\u00e1zhozsz\u00e1ll\u00edt\u00e1s. Valea lui Mihai. \u00c9rmih\u00e1lyfalva \u00e9s K\u00f6rny\u00e9ke. Rendelj h\u00e1zhoz \u00c9rmih\u00e1lyfalv\u00e1n. Kebab, Gyors, \u00e9s Gyors \u00c9telek.","robots":{"index":"index","follow":"follow","max-snippet":"max-snippet:-1","max-image-preview":"max-image-preview:large","max-video-preview":"max-video-preview:-1"},"canonical":"https:\/\/minifry.app\/ro\/my-account\/","og_locale":"ro_RO","og_type":"article","og_title":"Fi\u00f3kom - minifry.app","og_description":"Konyha \u00c9rmih\u00e1lyfalva. Fast Food, H\u00e1zhozsz\u00e1ll\u00edt\u00e1s. Valea lui Mihai. \u00c9rmih\u00e1lyfalva \u00e9s K\u00f6rny\u00e9ke. Rendelj h\u00e1zhoz \u00c9rmih\u00e1lyfalv\u00e1n. Kebab, Gyors, \u00e9s Gyors \u00c9telek.","og_url":"https:\/\/minifry.app\/ro\/my-account\/","og_site_name":"minifry.app","article_modified_time":"2022-03-04T10:51:18+00:00","twitter_card":"summary_large_image","schema":{"@context":"https:\/\/schema.org","@graph":[{"@type":"WebPage","@id":"https:\/\/minifry.app\/my-account\/","url":"https:\/\/minifry.app\/my-account\/","name":"Fi\u00f3kom - minifry.app","isPartOf":{"@id":"https:\/\/minifry.app\/#website"},"datePublished":"2022-03-04T07:48:40+00:00","dateModified":"2022-03-04T10:51:18+00:00","description":"Konyha \u00c9rmih\u00e1lyfalva. Fast Food, H\u00e1zhozsz\u00e1ll\u00edt\u00e1s. Valea lui Mihai. \u00c9rmih\u00e1lyfalva \u00e9s K\u00f6rny\u00e9ke. Rendelj h\u00e1zhoz \u00c9rmih\u00e1lyfalv\u00e1n. Kebab, Gyors, \u00e9s Gyors \u00c9telek.","breadcrumb":{"@id":"https:\/\/minifry.app\/my-account\/#breadcrumb"},"inLanguage":"ro-RO","potentialAction":[{"@type":"ReadAction","target":["https:\/\/minifry.app\/my-account\/"]}]},{"@type":"BreadcrumbList","@id":"https:\/\/minifry.app\/my-account\/#breadcrumb","itemListElement":[{"@type":"ListItem","position":1,"name":"Kezd\u0151lap","item":"https:\/\/minifry.app\/"},{"@type":"ListItem","position":2,"name":"Fi\u00f3kom"}]},{"@type":"WebSite","@id":"https:\/\/minifry.app\/#website","url":"https:\/\/minifry.app\/","name":"minifry.app","description":"","publisher":{"@id":"https:\/\/minifry.app\/#organization"},"potentialAction":[{"@type":"SearchAction","target":{"@type":"EntryPoint","urlTemplate":"https:\/\/minifry.app\/?s={search_term_string}"},"query-input":{"@type":"PropertyValueSpecification","valueRequired":true,"valueName":"search_term_string"}}],"inLanguage":"ro-RO"},{"@type":"Organization","@id":"https:\/\/minifry.app\/#organization","name":"DBVCORP SRL","url":"https:\/\/minifry.app\/","logo":{"@type":"ImageObject","inLanguage":"ro-RO","@id":"https:\/\/minifry.app\/#\/schema\/logo\/image\/","url":"https:\/\/minifry.app\/wp-content\/uploads\/2025\/03\/cropped-logo-uj-20-x-15-cm-20-x-10-cm-masolata_20250314_103645_0000.png","contentUrl":"https:\/\/minifry.app\/wp-content\/uploads\/2025\/03\/cropped-logo-uj-20-x-15-cm-20-x-10-cm-masolata_20250314_103645_0000.png","width":1992,"height":674,"caption":"DBVCORP SRL"},"image":{"@id":"https:\/\/minifry.app\/#\/schema\/logo\/image\/"}}]}},"_links":{"self":[{"href":"https:\/\/minifry.app\/ro\/wp-json\/wp\/v2\/pages\/9","targetHints":{"allow":["GET"]}}],"collection":[{"href":"https:\/\/minifry.app\/ro\/wp-json\/wp\/v2\/pages"}],"about":[{"href":"https:\/\/minifry.app\/ro\/wp-json\/wp\/v2\/types\/page"}],"author":[{"embeddable":true,"href":"https:\/\/minifry.app\/ro\/wp-json\/wp\/v2\/users\/1"}],"replies":[{"embeddable":true,"href":"https:\/\/minifry.app\/ro\/wp-json\/wp\/v2\/comments?post=9"}],"version-history":[{"count":1,"href":"https:\/\/minifry.app\/ro\/wp-json\/wp\/v2\/pages\/9\/revisions"}],"predecessor-version":[{"id":775,"href":"https:\/\/minifry.app\/ro\/wp-json\/wp\/v2\/pages\/9\/revisions\/775"}],"wp:attachment":[{"href":"https:\/\/minifry.app\/ro\/wp-json\/wp\/v2\/media?parent=9"}],"curies":[{"name":"wp","href":"https:\/\/api.w.org\/{rel}","templated":true}]}}