{"id":770,"date":"2022-03-04T10:47:37","date_gmt":"2022-03-04T10:47:37","guid":{"rendered":"https:\/\/konyha.app\/?page_id=770"},"modified":"2025-05-27T14:55:37","modified_gmt":"2025-05-27T12:55:37","slug":"kapcsolat","status":"publish","type":"page","link":"https:\/\/minifry.app\/ro\/kapcsolat\/","title":{"rendered":"Contact"},"content":{"rendered":"<p><strong>Cum po\u021bi comanda simplu prin telefon de pe site-ul nostru?<\/strong><\/p><p><strong>Urmeaz\u0103 pa\u0219ii de mai jos:<\/strong><\/p><ul class=\"wp-block-list\"><li><strong>R\u0103sfoie\u0219te meniul<\/strong>.<\/li>\n\n<li><strong>Noteaz\u0103-\u021bi comanda<\/strong>.<\/li>\n\n<li><strong>Sun\u0103 la num\u0103rul de telefon indicat<\/strong>, <strong>spune-mi ce vrei s\u0103 m\u0103n\u00e2nci!<\/strong><\/li>\n\n<li><strong>\u0218i gata! At\u00e2t de simplu!<\/strong><\/li><\/ul><p><strong>Num\u0103r de telefon:<\/strong> <strong>+40771109125<\/strong><\/p><p><strong>Datele companiei:<\/strong><\/p><p><strong>Numele companiei: DBVCORP S.R.L.<\/strong><br><strong>Sediul: Valea lui Mihai, str. M\u00e1rton \u00c1ron, nr. 8, jude\u021bul Bihor, Rom\u00e2nia<\/strong><br><strong>Cod unic de \u00eenregistrare (CUI): 40325664<\/strong><br><strong>Num\u0103r de \u00eenregistrare la Registrul Comer\u021bului: J5\/3525\/2018<\/strong><br><strong>Activitatea principal\u0103 (CAEN): 5610 \u2013 Restaurante (FAST-FOOD)<br>Data \u00eenregistr\u0103rii: 18.12.2018<\/strong><\/p><p><strong>Contact:<\/strong><br><strong>E-mail: minifry.app@gmail.com<\/strong><br><\/p>","protected":false},"excerpt":{"rendered":"<p>Hogyan rendelhetsz egyszer\u0171en telefonon a weboldalunkr\u00f3l? K\u00f6vesd az al\u00e1bbi l\u00e9p\u00e9seket: Telefonsz\u00e1m: +40771109125 C\u00e9gadatok: C\u00e9gn\u00e9v: DBVCORP S.R.L.Sz\u00e9khely: \u00c9rmih\u00e1lyfalva, M\u00e1rton \u00c1ron utca, 8 sz\u00e1m, Bihar megye, Rom\u00e1niaAd\u00f3sz\u00e1m (CUI): 40325664C\u00e9gjegyz\u00e9ksz\u00e1m: J5\/3525\/2018F\u0151 tev\u00e9kenys\u00e9gi k\u00f6r (CAEN): 5610 &#8211; \u00c9ttermek (GYORS\u00c9TTEREM)Bejegyz\u00e9s d\u00e1tuma: 18.12.2018 Kapcsolat:E-mail: minifry.app@gmail.com<\/p>","protected":false},"author":1,"featured_media":0,"parent":0,"menu_order":0,"comment_status":"closed","ping_status":"closed","template":"","meta":{"footnotes":""},"class_list":["post-770","page","type-page","status-publish","hentry"],"yoast_head":"<!-- This site is optimized with the Yoast SEO plugin v24.5 - https:\/\/yoast.com\/wordpress\/plugins\/seo\/ -->\n<title>Kapcsolat - minifry.app<\/title>\n<meta name=\"description\" content=\"Konyha \u00c9rmih\u00e1lyfalva. Fast Food, H\u00e1zhozsz\u00e1ll\u00edt\u00e1s. Valea lui Mihai. \u00c9rmih\u00e1lyfalva \u00e9s K\u00f6rny\u00e9ke. Rendelj h\u00e1zhoz \u00c9rmih\u00e1lyfalv\u00e1n. Kebab, Gyors, \u00e9s Gyors \u00c9telek.\" \/>\n<meta name=\"robots\" content=\"index, follow, max-snippet:-1, max-image-preview:large, max-video-preview:-1\" \/>\n<link rel=\"canonical\" href=\"https:\/\/minifry.app\/ro\/kapcsolat\/\" \/>\n<meta property=\"og:locale\" content=\"ro_RO\" \/>\n<meta property=\"og:type\" content=\"article\" \/>\n<meta property=\"og:title\" content=\"Kapcsolat - minifry.app\" \/>\n<meta property=\"og:description\" content=\"Konyha \u00c9rmih\u00e1lyfalva. Fast Food, H\u00e1zhozsz\u00e1ll\u00edt\u00e1s. Valea lui Mihai. \u00c9rmih\u00e1lyfalva \u00e9s K\u00f6rny\u00e9ke. Rendelj h\u00e1zhoz \u00c9rmih\u00e1lyfalv\u00e1n. Kebab, Gyors, \u00e9s Gyors \u00c9telek.\" \/>\n<meta property=\"og:url\" content=\"https:\/\/minifry.app\/ro\/kapcsolat\/\" \/>\n<meta property=\"og:site_name\" content=\"minifry.app\" \/>\n<meta property=\"article:modified_time\" content=\"2025-05-27T12:55:37+00:00\" \/>\n<meta name=\"twitter:card\" content=\"summary_large_image\" \/>\n<meta name=\"twitter:label1\" content=\"Timp estimat pentru citire\" \/>\n\t<meta name=\"twitter:data1\" content=\"1 minut\" \/>\n<script type=\"application\/ld+json\" class=\"yoast-schema-graph\">{\"@context\":\"https:\/\/schema.org\",\"@graph\":[{\"@type\":\"WebPage\",\"@id\":\"https:\/\/minifry.app\/kapcsolat\/\",\"url\":\"https:\/\/minifry.app\/kapcsolat\/\",\"name\":\"Kapcsolat - minifry.app\",\"isPartOf\":{\"@id\":\"https:\/\/minifry.app\/#website\"},\"datePublished\":\"2022-03-04T10:47:37+00:00\",\"dateModified\":\"2025-05-27T12:55:37+00:00\",\"description\":\"Konyha \u00c9rmih\u00e1lyfalva. Fast Food, H\u00e1zhozsz\u00e1ll\u00edt\u00e1s. Valea lui Mihai. \u00c9rmih\u00e1lyfalva \u00e9s K\u00f6rny\u00e9ke. Rendelj h\u00e1zhoz \u00c9rmih\u00e1lyfalv\u00e1n. Kebab, Gyors, \u00e9s Gyors \u00c9telek.\",\"breadcrumb\":{\"@id\":\"https:\/\/minifry.app\/kapcsolat\/#breadcrumb\"},\"inLanguage\":\"ro-RO\",\"potentialAction\":[{\"@type\":\"ReadAction\",\"target\":[\"https:\/\/minifry.app\/kapcsolat\/\"]}]},{\"@type\":\"BreadcrumbList\",\"@id\":\"https:\/\/minifry.app\/kapcsolat\/#breadcrumb\",\"itemListElement\":[{\"@type\":\"ListItem\",\"position\":1,\"name\":\"Kezd\u0151lap\",\"item\":\"https:\/\/minifry.app\/\"},{\"@type\":\"ListItem\",\"position\":2,\"name\":\"Kapcsolat\"}]},{\"@type\":\"WebSite\",\"@id\":\"https:\/\/minifry.app\/#website\",\"url\":\"https:\/\/minifry.app\/\",\"name\":\"minifry.app\",\"description\":\"\",\"publisher\":{\"@id\":\"https:\/\/minifry.app\/#organization\"},\"potentialAction\":[{\"@type\":\"SearchAction\",\"target\":{\"@type\":\"EntryPoint\",\"urlTemplate\":\"https:\/\/minifry.app\/?s={search_term_string}\"},\"query-input\":{\"@type\":\"PropertyValueSpecification\",\"valueRequired\":true,\"valueName\":\"search_term_string\"}}],\"inLanguage\":\"ro-RO\"},{\"@type\":\"Organization\",\"@id\":\"https:\/\/minifry.app\/#organization\",\"name\":\"DBVCORP SRL\",\"url\":\"https:\/\/minifry.app\/\",\"logo\":{\"@type\":\"ImageObject\",\"inLanguage\":\"ro-RO\",\"@id\":\"https:\/\/minifry.app\/#\/schema\/logo\/image\/\",\"url\":\"https:\/\/minifry.app\/wp-content\/uploads\/2025\/03\/cropped-logo-uj-20-x-15-cm-20-x-10-cm-masolata_20250314_103645_0000.png\",\"contentUrl\":\"https:\/\/minifry.app\/wp-content\/uploads\/2025\/03\/cropped-logo-uj-20-x-15-cm-20-x-10-cm-masolata_20250314_103645_0000.png\",\"width\":1992,\"height\":674,\"caption\":\"DBVCORP SRL\"},\"image\":{\"@id\":\"https:\/\/minifry.app\/#\/schema\/logo\/image\/\"}}]}<\/script>\n<!-- \/ Yoast SEO plugin. -->","yoast_head_json":{"title":"Kapcsolat - minifry.app","description":"Konyha \u00c9rmih\u00e1lyfalva. Fast Food, H\u00e1zhozsz\u00e1ll\u00edt\u00e1s. Valea lui Mihai. \u00c9rmih\u00e1lyfalva \u00e9s K\u00f6rny\u00e9ke. Rendelj h\u00e1zhoz \u00c9rmih\u00e1lyfalv\u00e1n. Kebab, Gyors, \u00e9s Gyors \u00c9telek.","robots":{"index":"index","follow":"follow","max-snippet":"max-snippet:-1","max-image-preview":"max-image-preview:large","max-video-preview":"max-video-preview:-1"},"canonical":"https:\/\/minifry.app\/ro\/kapcsolat\/","og_locale":"ro_RO","og_type":"article","og_title":"Kapcsolat - minifry.app","og_description":"Konyha \u00c9rmih\u00e1lyfalva. Fast Food, H\u00e1zhozsz\u00e1ll\u00edt\u00e1s. Valea lui Mihai. \u00c9rmih\u00e1lyfalva \u00e9s K\u00f6rny\u00e9ke. Rendelj h\u00e1zhoz \u00c9rmih\u00e1lyfalv\u00e1n. Kebab, Gyors, \u00e9s Gyors \u00c9telek.","og_url":"https:\/\/minifry.app\/ro\/kapcsolat\/","og_site_name":"minifry.app","article_modified_time":"2025-05-27T12:55:37+00:00","twitter_card":"summary_large_image","twitter_misc":{"Timp estimat pentru citire":"1 minut"},"schema":{"@context":"https:\/\/schema.org","@graph":[{"@type":"WebPage","@id":"https:\/\/minifry.app\/kapcsolat\/","url":"https:\/\/minifry.app\/kapcsolat\/","name":"Kapcsolat - minifry.app","isPartOf":{"@id":"https:\/\/minifry.app\/#website"},"datePublished":"2022-03-04T10:47:37+00:00","dateModified":"2025-05-27T12:55:37+00:00","description":"Konyha \u00c9rmih\u00e1lyfalva. Fast Food, H\u00e1zhozsz\u00e1ll\u00edt\u00e1s. Valea lui Mihai. \u00c9rmih\u00e1lyfalva \u00e9s K\u00f6rny\u00e9ke. Rendelj h\u00e1zhoz \u00c9rmih\u00e1lyfalv\u00e1n. Kebab, Gyors, \u00e9s Gyors \u00c9telek.","breadcrumb":{"@id":"https:\/\/minifry.app\/kapcsolat\/#breadcrumb"},"inLanguage":"ro-RO","potentialAction":[{"@type":"ReadAction","target":["https:\/\/minifry.app\/kapcsolat\/"]}]},{"@type":"BreadcrumbList","@id":"https:\/\/minifry.app\/kapcsolat\/#breadcrumb","itemListElement":[{"@type":"ListItem","position":1,"name":"Kezd\u0151lap","item":"https:\/\/minifry.app\/"},{"@type":"ListItem","position":2,"name":"Kapcsolat"}]},{"@type":"WebSite","@id":"https:\/\/minifry.app\/#website","url":"https:\/\/minifry.app\/","name":"minifry.app","description":"","publisher":{"@id":"https:\/\/minifry.app\/#organization"},"potentialAction":[{"@type":"SearchAction","target":{"@type":"EntryPoint","urlTemplate":"https:\/\/minifry.app\/?s={search_term_string}"},"query-input":{"@type":"PropertyValueSpecification","valueRequired":true,"valueName":"search_term_string"}}],"inLanguage":"ro-RO"},{"@type":"Organization","@id":"https:\/\/minifry.app\/#organization","name":"DBVCORP SRL","url":"https:\/\/minifry.app\/","logo":{"@type":"ImageObject","inLanguage":"ro-RO","@id":"https:\/\/minifry.app\/#\/schema\/logo\/image\/","url":"https:\/\/minifry.app\/wp-content\/uploads\/2025\/03\/cropped-logo-uj-20-x-15-cm-20-x-10-cm-masolata_20250314_103645_0000.png","contentUrl":"https:\/\/minifry.app\/wp-content\/uploads\/2025\/03\/cropped-logo-uj-20-x-15-cm-20-x-10-cm-masolata_20250314_103645_0000.png","width":1992,"height":674,"caption":"DBVCORP SRL"},"image":{"@id":"https:\/\/minifry.app\/#\/schema\/logo\/image\/"}}]}},"_links":{"self":[{"href":"https:\/\/minifry.app\/ro\/wp-json\/wp\/v2\/pages\/770","targetHints":{"allow":["GET"]}}],"collection":[{"href":"https:\/\/minifry.app\/ro\/wp-json\/wp\/v2\/pages"}],"about":[{"href":"https:\/\/minifry.app\/ro\/wp-json\/wp\/v2\/types\/page"}],"author":[{"embeddable":true,"href":"https:\/\/minifry.app\/ro\/wp-json\/wp\/v2\/users\/1"}],"replies":[{"embeddable":true,"href":"https:\/\/minifry.app\/ro\/wp-json\/wp\/v2\/comments?post=770"}],"version-history":[{"count":12,"href":"https:\/\/minifry.app\/ro\/wp-json\/wp\/v2\/pages\/770\/revisions"}],"predecessor-version":[{"id":1551,"href":"https:\/\/minifry.app\/ro\/wp-json\/wp\/v2\/pages\/770\/revisions\/1551"}],"wp:attachment":[{"href":"https:\/\/minifry.app\/ro\/wp-json\/wp\/v2\/media?parent=770"}],"curies":[{"name":"wp","href":"https:\/\/api.w.org\/{rel}","templated":true}]}}