{"id":1534,"date":"2025-05-06T12:10:25","date_gmt":"2025-05-06T10:10:25","guid":{"rendered":"https:\/\/minifry.app\/?page_id=1534"},"modified":"2025-05-14T11:01:06","modified_gmt":"2025-05-14T09:01:06","slug":"alergeni","status":"publish","type":"page","link":"https:\/\/minifry.app\/ro\/alergeni\/","title":{"rendered":"Alergeni"},"content":{"rendered":"<h2 class=\"wp-block-heading\"><strong>Informa\u021bii despre alergeni \u2013 Minifry.app<\/strong><\/h2><p>Preparatele oferite de Minifry.app pot con\u021bine urm\u0103torii alergeni sau urme ale acestora.<\/p><blockquote class=\"wp-block-quote is-layout-flow wp-block-quote-is-layout-flow\"><p><strong>Cereale care con\u021bin gluten<\/strong> \u2013 ex. gr\u00e2u, orz, secar\u0103, ov\u0103z. Cel mai frecvent se g\u0103sesc \u00een chifle, preparate pane \u0219i paste.<\/p>\n\n<p><\/p>\n\n<p><strong>Crustacee<\/strong> \u2013 ex. creve\u021bi, crabi, homari. Se g\u0103sesc \u00een preparate cu pe\u0219te \u0219i fructe de mare.<\/p>\n\n<p><\/p>\n\n<p><strong>Ou<\/strong> \u2013 frecvent \u00eent\u00e2lnit \u00een paneuri, sosuri (ex. maionez\u0103), pr\u0103jituri.<\/p>\n\n<p><\/p>\n\n<p><strong>Pe\u0219te<\/strong> \u2013 preparate din pe\u0219te, sosuri \u0219i condimente care con\u021bin extract de pe\u0219te.<\/p>\n\n<p><\/p>\n\n<p><strong>Arahide<\/strong> \u2013 mai ales \u00een deserturi, sosuri \u0219i unele preparate asiatice.<\/p>\n\n<p><\/p>\n\n<p><strong>Fructe cu coaj\u0103 lemnoas\u0103<\/strong> \u2013 ex. migdale, nuci, caju, alune. Cel mai des \u00eent\u00e2lnite \u00een deserturi \u0219i sosuri.<\/p>\n\n<p><\/p>\n\n<p><strong>Lapte<\/strong> \u2013 inclusiv lactoza. Frecvent \u00eent\u00e2lnite \u00een br\u00e2nzeturi, sosuri \u0219i produse de panifica\u021bie cu lapte.<\/p>\n\n<p><\/p>\n\n<p><strong>Soia<\/strong> \u2013 \u00een sosuri pe baz\u0103 de soia, \u00een \u00eenlocuitori de carne \u0219i \u00een produse procesate.<\/p>\n\n<p><\/p>\n\n<p><strong>Sulfuri (dioxid de sulf)<\/strong> \u2013 se g\u0103sesc \u00een principal \u00een mur\u0103turi, sosuri \u0219i vinuri, fiind folosi\u021bi ca conservan\u021bi.<\/p>\n\n<p><\/p>\n\n<p><strong>\u021aelin\u0103<\/strong> \u2013 \u00een baze pentru supe, condimente \u0219i sosuri.<\/p>\n\n<p><\/p>\n\n<p><strong>Mu\u0219tar<\/strong> \u2013 \u00een sosuri, dressinguri \u0219i marinade.<\/p>\n\n<p><\/p>\n\n<p><strong>Semin\u021be de susan<\/strong> \u2013 pe chiflele pentru sandwichuri, \u00een salate \u0219i \u00een preparate orientale.<\/p>\n\n<p><\/p>\n\n<p><strong>Moluste<\/strong> \u2013 ex. scoici, calmar, caracati\u021b\u0103. Se g\u0103sesc \u00een preparate cu fructe de mare.<\/p>\n\n<p><\/p>\n\n<p><strong>Lupin<\/strong> \u2013 se folose\u0219te \u00een anumite produse de panifica\u021bie \u0219i \u00een produse f\u0103r\u0103 gluten.<\/p><\/blockquote><hr class=\"wp-block-separator has-alpha-channel-opacity\"\/><p><strong>Aten\u021bionare:<\/strong><br>\u00cen cazul \u00een care suferi de o alergie alimentar\u0103 sau de o intoleran\u021b\u0103, te rug\u0103m s\u0103 ne informezi \u00eenainte de fiecare comand\u0103!\nMinifry.app nu poate garanta excluderea complet\u0103 a alergenilor, astfel consumul se face pe propria r\u0103spundere.<\/p>","protected":false},"excerpt":{"rendered":"<p>Allerg\u00e9n t\u00e1j\u00e9koztat\u00f3 \u2013 Minifry.app A Minifry.app \u00e1ltal k\u00edn\u00e1lt \u00e9telek tartalmazhatj\u00e1k az al\u00e1bbi allerg\u00e9neket, vagy azok nyomokban el\u0151fordulhatnak. Glut\u00e9nt tartalmaz\u00f3 gabonaf\u00e9l\u00e9k \u2013 pl. b\u00faza, \u00e1rpa, rozs, zab. Leggyakrabban zseml\u00e9kben, pan\u00edrozott \u00e9telekben, t\u00e9szt\u00e1kban fordul el\u0151. R\u00e1kf\u00e9l\u00e9k \u2013 pl. garn\u00e9la, r\u00e1k, hom\u00e1r. Halas-tenger gy\u00fcm\u00f6lcsei fog\u00e1sokban. Toj\u00e1s \u2013 gyakori pan\u00edrokban, sz\u00f3szokban (pl. majon\u00e9z), s\u00fctem\u00e9nyekben. Hal \u2013 hal\u00e9telek, halkivonatot tartalmaz\u00f3<span class=\"read-more-faq\"><a href=\"https:\/\/minifry.app\/ro\/alergeni\/\">Read More<\/a><\/span><\/p>","protected":false},"author":1,"featured_media":0,"parent":0,"menu_order":0,"comment_status":"closed","ping_status":"closed","template":"","meta":{"footnotes":""},"class_list":["post-1534","page","type-page","status-publish","hentry"],"yoast_head":"<!-- This site is optimized with the Yoast SEO plugin v24.5 - https:\/\/yoast.com\/wordpress\/plugins\/seo\/ -->\n<title>Allerg\u00e9nek - minifry.app<\/title>\n<meta name=\"description\" content=\"Konyha \u00c9rmih\u00e1lyfalva. Fast Food, H\u00e1zhozsz\u00e1ll\u00edt\u00e1s. Valea lui Mihai. \u00c9rmih\u00e1lyfalva \u00e9s K\u00f6rny\u00e9ke. Rendelj h\u00e1zhoz \u00c9rmih\u00e1lyfalv\u00e1n. Kebab, Gyors, \u00e9s Gyors \u00c9telek.\" \/>\n<meta name=\"robots\" content=\"index, follow, max-snippet:-1, max-image-preview:large, max-video-preview:-1\" \/>\n<link rel=\"canonical\" href=\"https:\/\/minifry.app\/ro\/alergeni\/\" \/>\n<meta property=\"og:locale\" content=\"ro_RO\" \/>\n<meta property=\"og:type\" content=\"article\" \/>\n<meta property=\"og:title\" content=\"Allerg\u00e9nek - minifry.app\" \/>\n<meta property=\"og:description\" content=\"Konyha \u00c9rmih\u00e1lyfalva. Fast Food, H\u00e1zhozsz\u00e1ll\u00edt\u00e1s. Valea lui Mihai. \u00c9rmih\u00e1lyfalva \u00e9s K\u00f6rny\u00e9ke. Rendelj h\u00e1zhoz \u00c9rmih\u00e1lyfalv\u00e1n. Kebab, Gyors, \u00e9s Gyors \u00c9telek.\" \/>\n<meta property=\"og:url\" content=\"https:\/\/minifry.app\/ro\/alergeni\/\" \/>\n<meta property=\"og:site_name\" content=\"minifry.app\" \/>\n<meta property=\"article:modified_time\" content=\"2025-05-14T09:01:06+00:00\" \/>\n<meta name=\"twitter:card\" content=\"summary_large_image\" \/>\n<meta name=\"twitter:label1\" content=\"Timp estimat pentru citire\" \/>\n\t<meta name=\"twitter:data1\" content=\"1 minut\" \/>\n<script type=\"application\/ld+json\" class=\"yoast-schema-graph\">{\"@context\":\"https:\/\/schema.org\",\"@graph\":[{\"@type\":\"WebPage\",\"@id\":\"https:\/\/minifry.app\/alergeni\/\",\"url\":\"https:\/\/minifry.app\/alergeni\/\",\"name\":\"Allerg\u00e9nek - minifry.app\",\"isPartOf\":{\"@id\":\"https:\/\/minifry.app\/#website\"},\"datePublished\":\"2025-05-06T10:10:25+00:00\",\"dateModified\":\"2025-05-14T09:01:06+00:00\",\"description\":\"Konyha \u00c9rmih\u00e1lyfalva. Fast Food, H\u00e1zhozsz\u00e1ll\u00edt\u00e1s. Valea lui Mihai. \u00c9rmih\u00e1lyfalva \u00e9s K\u00f6rny\u00e9ke. Rendelj h\u00e1zhoz \u00c9rmih\u00e1lyfalv\u00e1n. Kebab, Gyors, \u00e9s Gyors \u00c9telek.\",\"breadcrumb\":{\"@id\":\"https:\/\/minifry.app\/alergeni\/#breadcrumb\"},\"inLanguage\":\"ro-RO\",\"potentialAction\":[{\"@type\":\"ReadAction\",\"target\":[\"https:\/\/minifry.app\/alergeni\/\"]}]},{\"@type\":\"BreadcrumbList\",\"@id\":\"https:\/\/minifry.app\/alergeni\/#breadcrumb\",\"itemListElement\":[{\"@type\":\"ListItem\",\"position\":1,\"name\":\"Kezd\u0151lap\",\"item\":\"https:\/\/minifry.app\/\"},{\"@type\":\"ListItem\",\"position\":2,\"name\":\"Allerg\u00e9nek\"}]},{\"@type\":\"WebSite\",\"@id\":\"https:\/\/minifry.app\/#website\",\"url\":\"https:\/\/minifry.app\/\",\"name\":\"minifry.app\",\"description\":\"\",\"publisher\":{\"@id\":\"https:\/\/minifry.app\/#organization\"},\"potentialAction\":[{\"@type\":\"SearchAction\",\"target\":{\"@type\":\"EntryPoint\",\"urlTemplate\":\"https:\/\/minifry.app\/?s={search_term_string}\"},\"query-input\":{\"@type\":\"PropertyValueSpecification\",\"valueRequired\":true,\"valueName\":\"search_term_string\"}}],\"inLanguage\":\"ro-RO\"},{\"@type\":\"Organization\",\"@id\":\"https:\/\/minifry.app\/#organization\",\"name\":\"DBVCORP SRL\",\"url\":\"https:\/\/minifry.app\/\",\"logo\":{\"@type\":\"ImageObject\",\"inLanguage\":\"ro-RO\",\"@id\":\"https:\/\/minifry.app\/#\/schema\/logo\/image\/\",\"url\":\"https:\/\/minifry.app\/wp-content\/uploads\/2025\/03\/cropped-logo-uj-20-x-15-cm-20-x-10-cm-masolata_20250314_103645_0000.png\",\"contentUrl\":\"https:\/\/minifry.app\/wp-content\/uploads\/2025\/03\/cropped-logo-uj-20-x-15-cm-20-x-10-cm-masolata_20250314_103645_0000.png\",\"width\":1992,\"height\":674,\"caption\":\"DBVCORP SRL\"},\"image\":{\"@id\":\"https:\/\/minifry.app\/#\/schema\/logo\/image\/\"}}]}<\/script>\n<!-- \/ Yoast SEO plugin. -->","yoast_head_json":{"title":"Allerg\u00e9nek - minifry.app","description":"Konyha \u00c9rmih\u00e1lyfalva. Fast Food, H\u00e1zhozsz\u00e1ll\u00edt\u00e1s. Valea lui Mihai. \u00c9rmih\u00e1lyfalva \u00e9s K\u00f6rny\u00e9ke. Rendelj h\u00e1zhoz \u00c9rmih\u00e1lyfalv\u00e1n. Kebab, Gyors, \u00e9s Gyors \u00c9telek.","robots":{"index":"index","follow":"follow","max-snippet":"max-snippet:-1","max-image-preview":"max-image-preview:large","max-video-preview":"max-video-preview:-1"},"canonical":"https:\/\/minifry.app\/ro\/alergeni\/","og_locale":"ro_RO","og_type":"article","og_title":"Allerg\u00e9nek - minifry.app","og_description":"Konyha \u00c9rmih\u00e1lyfalva. Fast Food, H\u00e1zhozsz\u00e1ll\u00edt\u00e1s. Valea lui Mihai. \u00c9rmih\u00e1lyfalva \u00e9s K\u00f6rny\u00e9ke. Rendelj h\u00e1zhoz \u00c9rmih\u00e1lyfalv\u00e1n. Kebab, Gyors, \u00e9s Gyors \u00c9telek.","og_url":"https:\/\/minifry.app\/ro\/alergeni\/","og_site_name":"minifry.app","article_modified_time":"2025-05-14T09:01:06+00:00","twitter_card":"summary_large_image","twitter_misc":{"Timp estimat pentru citire":"1 minut"},"schema":{"@context":"https:\/\/schema.org","@graph":[{"@type":"WebPage","@id":"https:\/\/minifry.app\/alergeni\/","url":"https:\/\/minifry.app\/alergeni\/","name":"Allerg\u00e9nek - minifry.app","isPartOf":{"@id":"https:\/\/minifry.app\/#website"},"datePublished":"2025-05-06T10:10:25+00:00","dateModified":"2025-05-14T09:01:06+00:00","description":"Konyha \u00c9rmih\u00e1lyfalva. Fast Food, H\u00e1zhozsz\u00e1ll\u00edt\u00e1s. Valea lui Mihai. \u00c9rmih\u00e1lyfalva \u00e9s K\u00f6rny\u00e9ke. Rendelj h\u00e1zhoz \u00c9rmih\u00e1lyfalv\u00e1n. Kebab, Gyors, \u00e9s Gyors \u00c9telek.","breadcrumb":{"@id":"https:\/\/minifry.app\/alergeni\/#breadcrumb"},"inLanguage":"ro-RO","potentialAction":[{"@type":"ReadAction","target":["https:\/\/minifry.app\/alergeni\/"]}]},{"@type":"BreadcrumbList","@id":"https:\/\/minifry.app\/alergeni\/#breadcrumb","itemListElement":[{"@type":"ListItem","position":1,"name":"Kezd\u0151lap","item":"https:\/\/minifry.app\/"},{"@type":"ListItem","position":2,"name":"Allerg\u00e9nek"}]},{"@type":"WebSite","@id":"https:\/\/minifry.app\/#website","url":"https:\/\/minifry.app\/","name":"minifry.app","description":"","publisher":{"@id":"https:\/\/minifry.app\/#organization"},"potentialAction":[{"@type":"SearchAction","target":{"@type":"EntryPoint","urlTemplate":"https:\/\/minifry.app\/?s={search_term_string}"},"query-input":{"@type":"PropertyValueSpecification","valueRequired":true,"valueName":"search_term_string"}}],"inLanguage":"ro-RO"},{"@type":"Organization","@id":"https:\/\/minifry.app\/#organization","name":"DBVCORP SRL","url":"https:\/\/minifry.app\/","logo":{"@type":"ImageObject","inLanguage":"ro-RO","@id":"https:\/\/minifry.app\/#\/schema\/logo\/image\/","url":"https:\/\/minifry.app\/wp-content\/uploads\/2025\/03\/cropped-logo-uj-20-x-15-cm-20-x-10-cm-masolata_20250314_103645_0000.png","contentUrl":"https:\/\/minifry.app\/wp-content\/uploads\/2025\/03\/cropped-logo-uj-20-x-15-cm-20-x-10-cm-masolata_20250314_103645_0000.png","width":1992,"height":674,"caption":"DBVCORP SRL"},"image":{"@id":"https:\/\/minifry.app\/#\/schema\/logo\/image\/"}}]}},"_links":{"self":[{"href":"https:\/\/minifry.app\/ro\/wp-json\/wp\/v2\/pages\/1534","targetHints":{"allow":["GET"]}}],"collection":[{"href":"https:\/\/minifry.app\/ro\/wp-json\/wp\/v2\/pages"}],"about":[{"href":"https:\/\/minifry.app\/ro\/wp-json\/wp\/v2\/types\/page"}],"author":[{"embeddable":true,"href":"https:\/\/minifry.app\/ro\/wp-json\/wp\/v2\/users\/1"}],"replies":[{"embeddable":true,"href":"https:\/\/minifry.app\/ro\/wp-json\/wp\/v2\/comments?post=1534"}],"version-history":[{"count":5,"href":"https:\/\/minifry.app\/ro\/wp-json\/wp\/v2\/pages\/1534\/revisions"}],"predecessor-version":[{"id":1547,"href":"https:\/\/minifry.app\/ro\/wp-json\/wp\/v2\/pages\/1534\/revisions\/1547"}],"wp:attachment":[{"href":"https:\/\/minifry.app\/ro\/wp-json\/wp\/v2\/media?parent=1534"}],"curies":[{"name":"wp","href":"https:\/\/api.w.org\/{rel}","templated":true}]}}